{"id":248,"date":"2023-02-09T18:36:48","date_gmt":"2023-02-09T18:36:48","guid":{"rendered":"https:\/\/ticamericas.net\/tic-jalisco\/?page_id=248"},"modified":"2023-02-09T18:37:41","modified_gmt":"2023-02-09T18:37:41","slug":"premios","status":"publish","type":"page","link":"https:\/\/ticamericas.net\/tic-jalisco\/reglas\/premios\/","title":{"rendered":"Premios"},"content":{"rendered":"\t\t<div data-elementor-type=\"wp-page\" data-elementor-id=\"248\" class=\"elementor elementor-248\">\n\t\t\t\t\t\t<section class=\"elementor-section elementor-top-section elementor-element elementor-element-fbb4158 elementor-section-boxed elementor-section-height-default elementor-section-height-default\" data-id=\"fbb4158\" data-element_type=\"section\" data-e-type=\"section\">\n\t\t\t\t\t\t<div class=\"elementor-container elementor-column-gap-default\">\n\t\t\t\t\t<div class=\"elementor-column elementor-col-100 elementor-top-column elementor-element elementor-element-849f209\" data-id=\"849f209\" data-element_type=\"column\" data-e-type=\"column\">\n\t\t\t<div class=\"elementor-widget-wrap elementor-element-populated\">\n\t\t\t\t\t\t<div class=\"elementor-element elementor-element-c4ada9b elementor-widget elementor-widget-text-editor\" data-id=\"c4ada9b\" data-element_type=\"widget\" data-e-type=\"widget\" data-widget_type=\"text-editor.default\">\n\t\t\t\t<div class=\"elementor-widget-container\">\n\t\t\t\t\t\t\t\t\t<p><strong>Finalistas:<\/strong><\/p><p style=\"padding-left: 40px;\">Los Finalistas tendr\u00e1n acceso a entrenamientos, tutor\u00edas y redes de apoyo con los socios de YABT de la regi\u00f3n, entre los que se encuentran representantes del sector privado, gobierno, medios de comunicaci\u00f3n internacionales, centros de emprendimiento, y una creciente comunidad de emprendedores en el Hemisferio Occidental.<\/p><p>\u00a0<\/p><p><strong>Ganadores:<\/strong><\/p><p style=\"padding-left: 40px;\">&#8211; Se seleccionar\u00e1n cuatro ganadores, uno para cada categor\u00eda, de entre los equipos Finalistas.<\/p><p style=\"padding-left: 40px;\">&#8211; Cada uno de los cuatro ganadores recibir\u00e1 un paquete de premios valorado en $ 15,000 USD, que incluye: USD 5,000 en capital semilla, seis meses de apoyo a la capacitaci\u00f3n empresarial de seguimiento y oportunidades promocionales en eventos de alto nivel, como las Asambleas Generales de la OEA, la Cumbres de las Am\u00e9ricas y otros espacios similares.<\/p><p style=\"padding-left: 40px;\">&#8211; Los ganadores deben presentar a YABT una propuesta sobre c\u00f3mo gastar\u00e1n el capital inicial junto con la identificaci\u00f3n de las \u00e1reas en las que necesitan apoyo adicional.<\/p><p style=\"padding-left: 40px;\">&#8211; Los organizadores tienen la discreci\u00f3n para anunciar m\u00e1s premios o reconocimientos especiales.<\/p>\t\t\t\t\t\t\t\t<\/div>\n\t\t\t\t<\/div>\n\t\t\t\t\t<\/div>\n\t\t<\/div>\n\t\t\t\t\t<\/div>\n\t\t<\/section>\n\t\t\t\t<\/div>\n\t\t","protected":false},"excerpt":{"rendered":"<p>Finalistas: Los Finalistas tendr\u00e1n acceso a entrenamientos, tutor\u00edas y redes de apoyo con los socios de YABT de la regi\u00f3n, entre los que se encuentran representantes del sector privado, gobierno, medios de comunicaci\u00f3n internacionales, centros de emprendimiento, y una creciente comunidad de emprendedores en el Hemisferio Occidental. \u00a0 Ganadores: &#8211; Se seleccionar\u00e1n cuatro ganadores, uno [&hellip;]<\/p>\n","protected":false},"author":1,"featured_media":0,"parent":146,"menu_order":0,"comment_status":"closed","ping_status":"closed","template":"","meta":{"footnotes":""},"class_list":["post-248","page","type-page","status-publish","hentry"],"_links":{"self":[{"href":"https:\/\/ticamericas.net\/tic-jalisco\/wp-json\/wp\/v2\/pages\/248","targetHints":{"allow":["GET"]}}],"collection":[{"href":"https:\/\/ticamericas.net\/tic-jalisco\/wp-json\/wp\/v2\/pages"}],"about":[{"href":"https:\/\/ticamericas.net\/tic-jalisco\/wp-json\/wp\/v2\/types\/page"}],"author":[{"embeddable":true,"href":"https:\/\/ticamericas.net\/tic-jalisco\/wp-json\/wp\/v2\/users\/1"}],"replies":[{"embeddable":true,"href":"https:\/\/ticamericas.net\/tic-jalisco\/wp-json\/wp\/v2\/comments?post=248"}],"version-history":[{"count":4,"href":"https:\/\/ticamericas.net\/tic-jalisco\/wp-json\/wp\/v2\/pages\/248\/revisions"}],"predecessor-version":[{"id":252,"href":"https:\/\/ticamericas.net\/tic-jalisco\/wp-json\/wp\/v2\/pages\/248\/revisions\/252"}],"up":[{"embeddable":true,"href":"https:\/\/ticamericas.net\/tic-jalisco\/wp-json\/wp\/v2\/pages\/146"}],"wp:attachment":[{"href":"https:\/\/ticamericas.net\/tic-jalisco\/wp-json\/wp\/v2\/media?parent=248"}],"curies":[{"name":"wp","href":"https:\/\/api.w.org\/{rel}","templated":true}]}}