{"id":243,"date":"2023-02-09T18:33:35","date_gmt":"2023-02-09T18:33:35","guid":{"rendered":"https:\/\/ticamericas.net\/tic-jalisco\/?page_id=243"},"modified":"2023-02-09T18:34:46","modified_gmt":"2023-02-09T18:34:46","slug":"criterios","status":"publish","type":"page","link":"https:\/\/ticamericas.net\/tic-jalisco\/reglas\/criterios\/","title":{"rendered":"Criterios de Evaluaci\u00f3n"},"content":{"rendered":"\t\t<div data-elementor-type=\"wp-page\" data-elementor-id=\"243\" class=\"elementor elementor-243\">\n\t\t\t\t\t\t<section class=\"elementor-section elementor-top-section elementor-element elementor-element-7c31f80 elementor-section-boxed elementor-section-height-default elementor-section-height-default\" data-id=\"7c31f80\" data-element_type=\"section\" data-e-type=\"section\">\n\t\t\t\t\t\t<div class=\"elementor-container elementor-column-gap-default\">\n\t\t\t\t\t<div class=\"elementor-column elementor-col-100 elementor-top-column elementor-element elementor-element-66e26ca\" data-id=\"66e26ca\" data-element_type=\"column\" data-e-type=\"column\">\n\t\t\t<div class=\"elementor-widget-wrap elementor-element-populated\">\n\t\t\t\t\t\t<div class=\"elementor-element elementor-element-a539b36 elementor-widget elementor-widget-text-editor\" data-id=\"a539b36\" data-element_type=\"widget\" data-e-type=\"widget\" data-widget_type=\"text-editor.default\">\n\t\t\t\t<div class=\"elementor-widget-container\">\n\t\t\t\t\t\t\t\t\t<div id=\"ticj\"><h2><strong>Calificaci\u00f3n de Semi-Finales &#8211; TIC Jalisco<\/strong><\/h2><table width=\"556\"><tbody><tr><td><p><strong>Elemento<\/strong><\/p><\/td><td><p><strong>Objetivo<\/strong><\/p><\/td><td><p><strong>Porcentaje<\/strong><\/p><\/td><\/tr><tr><td><p><strong>Plan de Negocio<\/strong><\/p><\/td><td><p>\u00a0<strong>Resumen T\u00e9cnico<\/strong><\/p><\/td><td><p><strong>65%<\/strong><\/p><\/td><\/tr><tr><td><p>1. Innovaci\u00f3n<\/p><\/td><td><p>Creatividad y Originalidad<\/p><\/td><td><p>15%<\/p><\/td><\/tr><tr><td><p>2. Factibilidad de Mercado<\/p><\/td><td><p>Respuesta a las necesidades y oportunidades de mercado<\/p><\/td><td><p>15%<\/p><\/td><\/tr><tr><td><p>3. Factibilidad Administrativa<\/p><\/td><td><p>Cultura organizacional, Recursos Humanos y T\u00e9cnicos<\/p><\/td><td><p>15%<\/p><\/td><\/tr><tr><td><p>4. Factibilidad Financiera<\/p><\/td><td><p>Estructura de ingresos y costos, indicadores financieros<\/p><\/td><td><p>15%<\/p><\/td><\/tr><tr><td><p>5. Presentaci\u00f3n general del Plan de Negocios<\/p><\/td><td><p>Presentaci\u00f3n t\u00e9cnica y estructurada<\/p><\/td><td>5%\u00a0<\/td><\/tr><tr><td><p>\u00a0<\/p><\/td><td>\u00a0<\/td><td>\u00a0<\/td><\/tr><tr><td><p><strong>Video, Website y Prototipo<\/strong><\/p><\/td><td><p>\u00a0<\/p><\/td><td><p><strong>35%<\/strong><\/p><\/td><\/tr><tr><td><p>Video Promocional<\/p><\/td><td><p>\u00a0<\/p><\/td><td><p>10%<\/p><\/td><\/tr><tr><td><p>Website o Presencia en l\u00ednea<\/p><\/td><td><p>\u00a0<\/p><\/td><td><p>10%<\/p><\/td><\/tr><tr><td><p>Prototipo<\/p><\/td><td><p>\u00a0<\/p><\/td><td><p>15%<\/p><\/td><\/tr><tr><td><p><strong>Porcentaje Total<\/strong><\/p><\/td><td><p>\u00a0<\/p><\/td><td><p><strong>100%<\/strong><\/p><\/td><\/tr><\/tbody><\/table><p>\u00a0\u00a0<\/p><p><strong>Escala\u00a0de\u00a0Evaluaci\u00f3n:<br \/><\/strong><\/p><p>Los Planes de Negocios ser\u00e1n evaluados seg\u00fan la siguiente escala de evaluaci\u00f3n:<\/p><table><tbody><tr><td><p>0<\/p><\/td><td><p>=\u00a0No cumple para nada con los criterios, ni lo intenta \u2013\u00a0<strong>Inaceptable<\/strong><\/p><\/td><\/tr><tr><td><p>1<\/p><\/td><td><p>= Cumple con alg\u00fan criterio,\u00a0de forma muy deficiente \u2013\u00a0<strong>Muy pobre<\/strong><\/p><\/td><\/tr><tr><td><p>2<\/p><\/td><td><p>= Cumple m\u00ednimamente con los criterios \u2013\u00a0<strong>Pobre<\/strong><\/p><\/td><\/tr><tr><td><p>3<\/p><\/td><td><p>= Cumple con los criterios, pero no los sobrepasa \u2013\u00a0<strong>Adecuado<\/strong><\/p><\/td><\/tr><tr><td><p>4<\/p><\/td><td><p>= Cumple con los criterios y los excede sustancialmente \u2013\u00a0<strong>Bien<\/strong>.<\/p><\/td><\/tr><tr><td><p>5<\/p><\/td><td><p>= Cumple con los criterios y demuestra la m\u00e1s alta excelencia y superioridad \u2013\u00a0<strong>Excelente<\/strong><\/p><\/td><\/tr><\/tbody><\/table><p>\u00a0<\/p><p><strong>A.\u00a0 Revisi\u00f3n T\u00e9cnica del Plan de Negocio<\/strong><\/p><p>M\u00e1ximo 65 puntos \u2013 M\u00e1ximo 5 punto por secci\u00f3n<strong><br \/><\/strong><\/p><table><tbody><tr><td><p><strong>a)\u00a0Revisi\u00f3n T\u00e9cnica<\/strong><\/p><\/td><\/tr><tr><td><p><strong>Innovaci\u00f3n<\/strong><\/p><\/td><\/tr><tr><td><p>\u2022\u00a0El producto\/servicio responde a uno o m\u00e1s de los Ejes Tem\u00e1ticos del TIC Jalisco<\/p><\/td><\/tr><tr><td><p>\u2022\u00a0Demuestra mejor\u00eda en el proceso de negocio<\/p><\/td><\/tr><tr><td><p>\u2022\u00a0La idea de negocio demuestra mejor\u00eda al introducir algo nuevo\/diferente<\/p><\/td><\/tr><tr><td><p><strong>Subtotal de Innovaci\u00f3n \u2013 Puntaje M\u00e1ximo = 15<\/strong><\/p><\/td><\/tr><tr><td>\u00a0<\/td><\/tr><tr><td><p><strong>Factibilidad de Mercado<br \/><\/strong><\/p><\/td><\/tr><tr><td><p>\u2022\u00a0Demuestra que existe un mercado para la compa\u00f1\u00eda.<\/p><\/td><\/tr><tr><td><p>\u2022\u00a0Comprende el mercado e identifica a clientes potenciales.<\/p><\/td><\/tr><tr><td><p>\u2022\u00a0Demuestra que el producto\/servicio es competitivo para alcanzar una posici\u00f3n de liderazgo en el mercado.<\/p><\/td><\/tr><tr><td><p><strong>Subtotal de Factibilidad de Mercado \u2013 Puntaje M\u00e1ximo = 15<\/strong><\/p><\/td><\/tr><tr><td>\u00a0<\/td><\/tr><tr><td><p><strong>Factibilidad Administrativa<br \/><\/strong><\/p><\/td><\/tr><tr><td><p>\u2022\u00a0Integra sus recursos con sus estrategias de desarrollo y cultura organizacional<\/p><\/td><\/tr><tr><td><p>\u2022\u00a0Define claramente la estructura organizacional<\/p><\/td><\/tr><tr><td><p>\u2022\u00a0Combina la tecnolog\u00eda con el proceso de producci\u00f3n<\/p><\/td><\/tr><tr><td><p><strong>Subtotal de Factibilidad Administrativa \u2013 Puntaje M\u00e1ximo = 15<\/strong><\/p><\/td><\/tr><tr><td>\u00a0<\/td><\/tr><tr><td><p><strong>Factibilidad Financiera<\/strong><\/p><\/td><\/tr><tr><td><p>\u2022\u00a0Demuestra su estrategia de financiaci\u00f3n<strong><br \/><\/strong><\/p><\/td><\/tr><tr><td><p>\u2022\u00a0Justifica el retorno de la inversi\u00f3n<\/p><\/td><\/tr><tr><td><p>\u2022\u00a0Analiza su estructura de costos\/proyecci\u00f3n financiera y de inversi\u00f3n.<\/p><\/td><\/tr><tr><td><p><strong>Subtotal de Factibilidad Financiera \u2013 Puntaje M\u00e1ximo = 15<\/strong><\/p><\/td><\/tr><tr><td>\u00a0<\/td><\/tr><tr><td><p><strong>Presentaci\u00f3n General del Negocio<\/strong><\/p><\/td><\/tr><tr><td><p>\u2022\u00a0Presentaci\u00f3n t\u00e9cnica y estructurada<\/p><\/td><\/tr><tr><td><p><strong>Presentaci\u00f3n general subtotal &#8211; Puntaje M\u00e1ximo = 5<\/strong><\/p><\/td><\/tr><tr><td>\u00a0<\/td><\/tr><\/tbody><\/table><p>\u00a0<\/p><p><strong>B. Video, Website and Prototipo<\/strong><\/p><p>35 puntos m\u00e1ximo \u2013 M\u00e1ximo 5 puntos por secci\u00f3n<strong><br \/><\/strong><\/p><table><tbody><tr><td><p><strong>Descripci\u00f3n<\/strong><\/p><\/td><\/tr><tr><td><p><strong>1.\u00a0Video Promocional<\/strong><\/p><\/td><\/tr><tr><td><p>\u2022\u00a0\u00bfCon qu\u00e9 eficacia ofrece el video promocional los beneficios del producto\/servicio en respuesta al eje tem\u00e1tico propuesto?<\/p><\/td><\/tr><tr><td><p>\u2022\u00a0\u00bfQu\u00e9 tan bien incorpora la imagen corporativa del negocio?<\/p><\/td><\/tr><tr><td><p><strong>Subtotal \u2013 Puntaje M\u00e1ximo del Video Promocional = 10<\/strong><\/p><\/td><\/tr><tr><td>\u00a0<\/td><\/tr><tr><td><p><strong>2.\u00a0Website\u00a0<\/strong><strong>o Presencia en l\u00ednea<\/strong><\/p><\/td><\/tr><tr><td><p>\u2022 \u00bfQu\u00e9 tan efectiva es la p\u00e1gina web para informar acerca del producto\/servicio?<\/p><\/td><\/tr><tr><td><p>\u2022\u00a0\u00bfQu\u00e9 tan creativa logra la p\u00e1gina web capturar a la audiencia meta?<\/p><\/td><\/tr><tr><td><p><strong>Subtotal P\u00e1gina Web \u2013 Puntaje M\u00e1ximo = 10<\/strong><\/p><\/td><\/tr><tr><td>\u00a0<\/td><\/tr><tr><td><p><strong>3.\u00a0Prototipo<\/strong><\/p><\/td><\/tr><tr><td><p>\u2022\u00a0El prototipo demuestra las caracter\u00edsticas del producto\/servicio y responde al Eje(s) Tem\u00e1tico(s) propuesto.<\/p><\/td><\/tr><tr><td><p>\u2022\u00a0\u00bfQu\u00e9 tan bien presenta el equipo un prototipo confiable y\/o funcional?<\/p><\/td><\/tr><tr><td><p>\u2022\u00a0\u00bfQu\u00e9 tan bien demuestra el prototipo un dise\u00f1o innovador\/funcional?<\/p><\/td><\/tr><tr><td><p><strong>Subtotal Prototipo \u2013 Puntaje M\u00e1ximo = 15<\/strong><\/p><\/td><\/tr><\/tbody><\/table><p>\u00a0<\/p><\/div><div class=\"finales\"><h2><strong>Calificaci\u00f3n de Finales<br \/><\/strong><\/h2><table><tbody><tr><td rowspan=\"2\"><p>\u00a0<\/p><\/td><td><p><strong>Elemento<\/strong><\/p><\/td><td><p><strong>Descripci\u00f3n<\/strong><\/p><\/td><td><p><strong>Porcentaje<\/strong><\/p><\/td><\/tr><tr><td><p><strong>A. Presentaci\u00f3n de Plan de Negocio<\/strong><\/p><\/td><td><p><strong>\u00a0<\/strong><\/p><\/td><td><p><strong>75%<\/strong><\/p><\/td><\/tr><tr><td><p>1<\/p><\/td><td><p>Plan de Negocio<\/p><\/td><td><p>Factibilidad\/Calidad<\/p><\/td><td><p>25%<\/p><\/td><\/tr><tr><td><p>2<\/p><\/td><td><p>Presentaci\u00f3n<\/p><\/td><td><p>Profesionalismo\/Trabajo en equipo<\/p><\/td><td><p>20%<\/p><\/td><\/tr><tr><td><p>3<\/p><\/td><td><p>Video Promocional<\/p><\/td><td><p>Originalidad\/Creatividad<\/p><\/td><td><p>10%<\/p><\/td><\/tr><tr><td><p>4<\/p><\/td><td><p>Prototipo<\/p><\/td><td><p>Funcional\/Realista<\/p><\/td><td><p>15%<\/p><\/td><\/tr><tr><td>5<\/td><td><p>Discurso del elevador<\/p><\/td><td><p>Convincente\/Corto y conciso<\/p><\/td><td>5%<\/td><\/tr><tr><td>\u00a0<\/td><td><p><strong>B. Factibilidad de Inversi\u00f3n y Financiera<\/strong><\/p><\/td><td><p>Potencial de crecimiento<\/p><\/td><td><strong>25%<\/strong><\/td><\/tr><tr><td>1\u00a0<\/td><td><p>Estrategia de financiaci\u00f3n<\/p><\/td><td>\u00a0<\/td><td>\u00a010%<\/td><\/tr><tr><td>2\u00a0<\/td><td><p>Justificaci\u00f3n del retorno de la inversi\u00f3n<\/p><\/td><td>\u00a0<\/td><td>5%\u00a0<\/td><\/tr><tr><td>3\u00a0<\/td><td>\u00a0Estructura financiera y de costos, y proyecciones de inversi\u00f3n<\/td><td><p>\u00a0<\/p><\/td><td>10%\u00a0<\/td><\/tr><tr><td>\u00a0<\/td><td><p><strong>Porcentaje total<\/strong><\/p><\/td><td>\u00a0<\/td><td><strong>100%<\/strong><\/td><\/tr><\/tbody><\/table><p>\u00a0<\/p><p><strong>Escala\u00a0de\u00a0Evaluaci\u00f3n:<br \/><\/strong><\/p><p>Los Planes de Negocios ser\u00e1n evaluados seg\u00fan la siguiente escala de evaluaci\u00f3n:<\/p><table><tbody><tr><td><p>0<\/p><\/td><td><p>=\u00a0No cumple para nada con los criterios, ni lo intenta \u2013\u00a0<strong>Inaceptable<\/strong><\/p><\/td><\/tr><tr><td><p>1<\/p><\/td><td><p>= Cumple con alg\u00fan criterio,\u00a0de forma muy deficiente \u2013\u00a0<strong>Muy pobre<\/strong><\/p><\/td><\/tr><tr><td><p>2<\/p><\/td><td><p>= Cumple m\u00ednimamente con los criterios \u2013\u00a0<strong>Pobre<\/strong><\/p><\/td><\/tr><tr><td><p>3<\/p><\/td><td><p>= Cumple con los criterios, pero no los sobrepasa \u2013\u00a0<strong>Adecuado<\/strong><\/p><\/td><\/tr><tr><td><p>4<\/p><\/td><td><p>= Cumple con los criterios y los excede sustancialmente \u2013\u00a0<strong>Bien<\/strong>.<\/p><\/td><\/tr><tr><td><p>5<\/p><\/td><td><p>= Cumple con los criterios y demuestra la m\u00e1s alta excelencia y superioridad \u2013\u00a0<strong>Excelente<\/strong><\/p><\/td><\/tr><\/tbody><\/table><p>\u00a0<\/p><p><strong>Presentaci\u00f3n Final Plan de Negocio (M\u00e1ximo 75 puntos)<br \/><\/strong><\/p><p><strong>1. Plan de Negocio \u2013 Puntaje M\u00e1ximo = 25 puntos, i.e. 5 puntos cada item<br \/><\/strong>\u00bfQu\u00e9 tan factible es la idea de negocio en condiciones reales de mercado?<br \/>\u00bfQu\u00e9 tan bien el plan de negocio presenta su idea y elementos?<br \/>\u00bfQu\u00e9 tan bien responde a\u00a0uno o m\u00e1s de los Ejes Tem\u00e1ticos \/ Categor\u00edas \/ Retos?<br \/>\u00bfQu\u00e9 tan clara es la estrategia de expansi\u00f3n?<br \/>\u00bfQu\u00e9 tan bien contemplan el manejo\/mitigaci\u00f3n de los riesgos?<\/p><p><strong><br \/>2. Presentaci\u00f3n \u2013 Puntaje M\u00e1ximo = 20 puntos, i.e. 5 puntos cada item<br \/><\/strong>\u00bfQu\u00e9 tan efectiva y convincentemente el equipo presenta el proyecto?<br \/>\u00bfQu\u00e9 tan bien la presentaci\u00f3n demuestra trabajo en equipo y cooperaci\u00f3n?<br \/>\u00bfQu\u00e9 tan clara es la presentaci\u00f3n verbal de la idea de negocio y actividades?\u00a0<br \/>\u00bfQu\u00e9 tan llamativa\u00a0es la presentaci\u00f3n visual al mostrar elementos gr\u00e1ficos para exponer la idea de negocio y actividades?\u00a0 \u00a0\u00a0<\/p><p><strong><br \/>3. Video Promocional \u2013 Puntaje M\u00e1ximo = 10 puntos, i.e. 5 puntos cada item<br \/><\/strong>\u00bfQu\u00e9 tan efectivo es el video en vender el producto\/servicio?<br \/>\u00bfQu\u00e9 tan bueno es el video en presentar una imagen de calidad para el negocio?<strong><br \/><\/strong><strong><br \/><br \/>4. Prototipo \u2013 Puntaje M\u00e1ximo = 15, i.e. 5 puntos cada item<br \/><\/strong>El prototipo demuestra las caracter\u00edsticas de producto\/servicio<br \/>\u00bfQu\u00e9 tan bien presenta el equipo un prototipo cre\u00edble y funcional?<br \/>\u00bfQu\u00e9 tan bien el prototipo demuestra un dise\u00f1o innovador y funcional?<strong><br \/><br \/>5. Discurso del Elevador \u2013 Puntaje M\u00e1ximo = 5 puntos total<br \/><\/strong>\u00bfQu\u00e9 tan bien el Discurso del Elevador resume la idea de negocio?<\/p><p><strong><br \/>6. Factibilidad de Inversi\u00f3n y Financiera (M\u00e1ximo 25 puntos)\u00a0<\/strong><\/p><p>Demuestra eficiencia en su estructura financiera y pron\u00f3sticos &#8211;\u00a0<strong>10 puntos total<\/strong><br \/>Demuestra una oportunidad de inversi\u00f3n para que la industria respalde el desarrollo de soluciones, proyectos o ideas futuras\u00a0&#8211;\u00a0<strong>10 puntos total<\/strong><br \/>Explica claramente las oportunidades de retorno de la inversi\u00f3n &#8211;\u00a0<strong>5\u00a0puntos total<\/strong><\/p><p><strong><br \/>Comentarios:<br \/><\/strong>Los jurados pueden incluir una breve descripci\u00f3n de sus observaciones y an\u00e1lisis.<\/p><\/div>\t\t\t\t\t\t\t\t<\/div>\n\t\t\t\t<\/div>\n\t\t\t\t\t<\/div>\n\t\t<\/div>\n\t\t\t\t\t<\/div>\n\t\t<\/section>\n\t\t\t\t<\/div>\n\t\t","protected":false},"excerpt":{"rendered":"<p>Calificaci\u00f3n de Semi-Finales &#8211; TIC Jalisco Elemento Objetivo Porcentaje Plan de Negocio \u00a0Resumen T\u00e9cnico 65% 1. Innovaci\u00f3n Creatividad y Originalidad 15% 2. Factibilidad de Mercado Respuesta a las necesidades y oportunidades de mercado 15% 3. Factibilidad Administrativa Cultura organizacional, Recursos Humanos y T\u00e9cnicos 15% 4. Factibilidad Financiera Estructura de ingresos y costos, indicadores financieros 15% [&hellip;]<\/p>\n","protected":false},"author":1,"featured_media":0,"parent":146,"menu_order":0,"comment_status":"closed","ping_status":"closed","template":"","meta":{"footnotes":""},"class_list":["post-243","page","type-page","status-publish","hentry"],"_links":{"self":[{"href":"https:\/\/ticamericas.net\/tic-jalisco\/wp-json\/wp\/v2\/pages\/243","targetHints":{"allow":["GET"]}}],"collection":[{"href":"https:\/\/ticamericas.net\/tic-jalisco\/wp-json\/wp\/v2\/pages"}],"about":[{"href":"https:\/\/ticamericas.net\/tic-jalisco\/wp-json\/wp\/v2\/types\/page"}],"author":[{"embeddable":true,"href":"https:\/\/ticamericas.net\/tic-jalisco\/wp-json\/wp\/v2\/users\/1"}],"replies":[{"embeddable":true,"href":"https:\/\/ticamericas.net\/tic-jalisco\/wp-json\/wp\/v2\/comments?post=243"}],"version-history":[{"count":4,"href":"https:\/\/ticamericas.net\/tic-jalisco\/wp-json\/wp\/v2\/pages\/243\/revisions"}],"predecessor-version":[{"id":247,"href":"https:\/\/ticamericas.net\/tic-jalisco\/wp-json\/wp\/v2\/pages\/243\/revisions\/247"}],"up":[{"embeddable":true,"href":"https:\/\/ticamericas.net\/tic-jalisco\/wp-json\/wp\/v2\/pages\/146"}],"wp:attachment":[{"href":"https:\/\/ticamericas.net\/tic-jalisco\/wp-json\/wp\/v2\/media?parent=243"}],"curies":[{"name":"wp","href":"https:\/\/api.w.org\/{rel}","templated":true}]}}