{"id":238,"date":"2023-02-09T18:31:34","date_gmt":"2023-02-09T18:31:34","guid":{"rendered":"https:\/\/ticamericas.net\/tic-jalisco\/?page_id=238"},"modified":"2023-02-09T18:32:12","modified_gmt":"2023-02-09T18:32:12","slug":"jueces","status":"publish","type":"page","link":"https:\/\/ticamericas.net\/tic-jalisco\/reglas\/jueces\/","title":{"rendered":"Jueces"},"content":{"rendered":"\t\t<div data-elementor-type=\"wp-page\" data-elementor-id=\"238\" class=\"elementor elementor-238\">\n\t\t\t\t\t\t<section class=\"elementor-section elementor-top-section elementor-element elementor-element-37d4f2e elementor-section-boxed elementor-section-height-default elementor-section-height-default\" data-id=\"37d4f2e\" data-element_type=\"section\" data-e-type=\"section\">\n\t\t\t\t\t\t<div class=\"elementor-container elementor-column-gap-default\">\n\t\t\t\t\t<div class=\"elementor-column elementor-col-100 elementor-top-column elementor-element elementor-element-5148c72\" data-id=\"5148c72\" data-element_type=\"column\" data-e-type=\"column\">\n\t\t\t<div class=\"elementor-widget-wrap elementor-element-populated\">\n\t\t\t\t\t\t<div class=\"elementor-element elementor-element-44e7d6e elementor-widget elementor-widget-text-editor\" data-id=\"44e7d6e\" data-element_type=\"widget\" data-e-type=\"widget\" data-widget_type=\"text-editor.default\">\n\t\t\t\t<div class=\"elementor-widget-container\">\n\t\t\t\t\t\t\t\t\t<p>Jueces de todo el mundo pueden ser miembros del Comit\u00e9 de Evaluaci\u00f3n de las semifinales y finales, sin embargo, al menos un juez Jalisciense se identificar\u00e1 para el comit\u00e9 de evaluaci\u00f3n de TIC Jalisco durante las Finales.<\/p><p>El jurado estar\u00e1 conformado por profesionales de distintas disciplinas con destacada trayectoria en su campo, profesionales biling\u00fces o pol\u00edglotas (ingl\u00e9s\/espa\u00f1ol\/portugu\u00e9s\/franc\u00e9s), altamente calificados para realizar las funciones de evaluaci\u00f3n de proyectos y planes de negocios, y otros entregables por los equipos.<\/p><p>El jurado evaluar\u00e1 y calificar\u00e1 los proyectos de acuerdo con los criterios y modelos de evaluaci\u00f3n en los T\u00e9rminos y Condiciones de estas Reglas.<\/p><p>El jurado proporcionar\u00e1 retroalimentaci\u00f3n a los participantes seleccionados en las semifinales y finales para ayudar a identificar \u00e1reas de mejora.<\/p><p>El jurado evaluar\u00e1 los equipos de manera imparcial, en funci\u00f3n de la calidad t\u00e9cnica y la presentaci\u00f3n del plan de negocio\/proyecto, as\u00ed como del desempe\u00f1o del equipo durante la competencia, sin discriminaci\u00f3n de nacionalidad, edad, educaci\u00f3n o cualquier otro factor.<\/p><p>Todos los jueces aceptan la pol\u00edtica de confidencialidad, los T\u00e9rminos y Condiciones de estas Reglas, establecidas y publicadas por YABT y SICyT.<\/p><p>En ninguna circunstancia, alg\u00fan mentor de los equipos participantes podr\u00e1 fungir como juez. Los mentores y los jueces no podr\u00e1n representar a la misma instituci\u00f3n u organizaci\u00f3n.<\/p><p>YABT y SICyT nombrar\u00e1 un Comit\u00e9 de Evaluaci\u00f3n Virtual para coordinar el trabajo del jurado y los procesos de revisi\u00f3n durante las semifinales y finales.<\/p>\t\t\t\t\t\t\t\t<\/div>\n\t\t\t\t<\/div>\n\t\t\t\t\t<\/div>\n\t\t<\/div>\n\t\t\t\t\t<\/div>\n\t\t<\/section>\n\t\t\t\t<\/div>\n\t\t","protected":false},"excerpt":{"rendered":"<p>Jueces de todo el mundo pueden ser miembros del Comit\u00e9 de Evaluaci\u00f3n de las semifinales y finales, sin embargo, al menos un juez Jalisciense se identificar\u00e1 para el comit\u00e9 de evaluaci\u00f3n de TIC Jalisco durante las Finales. El jurado estar\u00e1 conformado por profesionales de distintas disciplinas con destacada trayectoria en su campo, profesionales biling\u00fces o [&hellip;]<\/p>\n","protected":false},"author":1,"featured_media":0,"parent":146,"menu_order":0,"comment_status":"closed","ping_status":"closed","template":"","meta":{"footnotes":""},"class_list":["post-238","page","type-page","status-publish","hentry"],"_links":{"self":[{"href":"https:\/\/ticamericas.net\/tic-jalisco\/wp-json\/wp\/v2\/pages\/238","targetHints":{"allow":["GET"]}}],"collection":[{"href":"https:\/\/ticamericas.net\/tic-jalisco\/wp-json\/wp\/v2\/pages"}],"about":[{"href":"https:\/\/ticamericas.net\/tic-jalisco\/wp-json\/wp\/v2\/types\/page"}],"author":[{"embeddable":true,"href":"https:\/\/ticamericas.net\/tic-jalisco\/wp-json\/wp\/v2\/users\/1"}],"replies":[{"embeddable":true,"href":"https:\/\/ticamericas.net\/tic-jalisco\/wp-json\/wp\/v2\/comments?post=238"}],"version-history":[{"count":4,"href":"https:\/\/ticamericas.net\/tic-jalisco\/wp-json\/wp\/v2\/pages\/238\/revisions"}],"predecessor-version":[{"id":242,"href":"https:\/\/ticamericas.net\/tic-jalisco\/wp-json\/wp\/v2\/pages\/238\/revisions\/242"}],"up":[{"embeddable":true,"href":"https:\/\/ticamericas.net\/tic-jalisco\/wp-json\/wp\/v2\/pages\/146"}],"wp:attachment":[{"href":"https:\/\/ticamericas.net\/tic-jalisco\/wp-json\/wp\/v2\/media?parent=238"}],"curies":[{"name":"wp","href":"https:\/\/api.w.org\/{rel}","templated":true}]}}