{"id":233,"date":"2023-02-09T18:29:43","date_gmt":"2023-02-09T18:29:43","guid":{"rendered":"https:\/\/ticamericas.net\/tic-jalisco\/?page_id=233"},"modified":"2023-02-09T18:30:03","modified_gmt":"2023-02-09T18:30:03","slug":"mentores","status":"publish","type":"page","link":"https:\/\/ticamericas.net\/tic-jalisco\/reglas\/mentores\/","title":{"rendered":"Mentores"},"content":{"rendered":"\t\t<div data-elementor-type=\"wp-page\" data-elementor-id=\"233\" class=\"elementor elementor-233\">\n\t\t\t\t\t\t<section class=\"elementor-section elementor-top-section elementor-element elementor-element-8de341b elementor-section-boxed elementor-section-height-default elementor-section-height-default\" data-id=\"8de341b\" data-element_type=\"section\" data-e-type=\"section\">\n\t\t\t\t\t\t<div class=\"elementor-container elementor-column-gap-default\">\n\t\t\t\t\t<div class=\"elementor-column elementor-col-100 elementor-top-column elementor-element elementor-element-207e5e0\" data-id=\"207e5e0\" data-element_type=\"column\" data-e-type=\"column\">\n\t\t\t<div class=\"elementor-widget-wrap elementor-element-populated\">\n\t\t\t\t\t\t<div class=\"elementor-element elementor-element-b26c4d9 elementor-widget elementor-widget-text-editor\" data-id=\"b26c4d9\" data-element_type=\"widget\" data-e-type=\"widget\" data-widget_type=\"text-editor.default\">\n\t\t\t\t<div class=\"elementor-widget-container\">\n\t\t\t\t\t\t\t\t\t<p>Todos los equipos tienen la opci\u00f3n de trabajar con uno o m\u00e1s mentores sin restricciones de edad, nacionalidad, experiencia o educaci\u00f3n de estos.<\/p><p>Los mentores participar\u00e1n de manera voluntaria y en consecuencia no recibir\u00e1n remuneraci\u00f3n alguna por el equipo, YABT, la SICyT u otros patrocinadores o socios de la competencia.<\/p>\t\t\t\t\t\t\t\t<\/div>\n\t\t\t\t<\/div>\n\t\t\t\t\t<\/div>\n\t\t<\/div>\n\t\t\t\t\t<\/div>\n\t\t<\/section>\n\t\t\t\t<\/div>\n\t\t","protected":false},"excerpt":{"rendered":"<p>Todos los equipos tienen la opci\u00f3n de trabajar con uno o m\u00e1s mentores sin restricciones de edad, nacionalidad, experiencia o educaci\u00f3n de estos. Los mentores participar\u00e1n de manera voluntaria y en consecuencia no recibir\u00e1n remuneraci\u00f3n alguna por el equipo, YABT, la SICyT u otros patrocinadores o socios de la competencia.<\/p>\n","protected":false},"author":1,"featured_media":0,"parent":146,"menu_order":0,"comment_status":"closed","ping_status":"closed","template":"","meta":{"footnotes":""},"class_list":["post-233","page","type-page","status-publish","hentry"],"_links":{"self":[{"href":"https:\/\/ticamericas.net\/tic-jalisco\/wp-json\/wp\/v2\/pages\/233","targetHints":{"allow":["GET"]}}],"collection":[{"href":"https:\/\/ticamericas.net\/tic-jalisco\/wp-json\/wp\/v2\/pages"}],"about":[{"href":"https:\/\/ticamericas.net\/tic-jalisco\/wp-json\/wp\/v2\/types\/page"}],"author":[{"embeddable":true,"href":"https:\/\/ticamericas.net\/tic-jalisco\/wp-json\/wp\/v2\/users\/1"}],"replies":[{"embeddable":true,"href":"https:\/\/ticamericas.net\/tic-jalisco\/wp-json\/wp\/v2\/comments?post=233"}],"version-history":[{"count":4,"href":"https:\/\/ticamericas.net\/tic-jalisco\/wp-json\/wp\/v2\/pages\/233\/revisions"}],"predecessor-version":[{"id":237,"href":"https:\/\/ticamericas.net\/tic-jalisco\/wp-json\/wp\/v2\/pages\/233\/revisions\/237"}],"up":[{"embeddable":true,"href":"https:\/\/ticamericas.net\/tic-jalisco\/wp-json\/wp\/v2\/pages\/146"}],"wp:attachment":[{"href":"https:\/\/ticamericas.net\/tic-jalisco\/wp-json\/wp\/v2\/media?parent=233"}],"curies":[{"name":"wp","href":"https:\/\/api.w.org\/{rel}","templated":true}]}}