{"id":215,"date":"2023-02-09T18:04:03","date_gmt":"2023-02-09T18:04:03","guid":{"rendered":"https:\/\/ticamericas.net\/tic-jalisco\/?page_id=215"},"modified":"2023-02-09T18:05:14","modified_gmt":"2023-02-09T18:05:14","slug":"equipos-elegibilidad","status":"publish","type":"page","link":"https:\/\/ticamericas.net\/tic-jalisco\/reglas\/equipos-elegibilidad\/","title":{"rendered":"Equipos \/ Elegibilidad"},"content":{"rendered":"\t\t<div data-elementor-type=\"wp-page\" data-elementor-id=\"215\" class=\"elementor elementor-215\">\n\t\t\t\t\t\t<section class=\"elementor-section elementor-top-section elementor-element elementor-element-a0ec871 elementor-section-boxed elementor-section-height-default elementor-section-height-default\" data-id=\"a0ec871\" data-element_type=\"section\" data-e-type=\"section\">\n\t\t\t\t\t\t<div class=\"elementor-container elementor-column-gap-default\">\n\t\t\t\t\t<div class=\"elementor-column elementor-col-100 elementor-top-column elementor-element elementor-element-37e63e4\" data-id=\"37e63e4\" data-element_type=\"column\" data-e-type=\"column\">\n\t\t\t<div class=\"elementor-widget-wrap elementor-element-populated\">\n\t\t\t\t\t\t<div class=\"elementor-element elementor-element-59c65d7 elementor-widget elementor-widget-text-editor\" data-id=\"59c65d7\" data-element_type=\"widget\" data-e-type=\"widget\" data-widget_type=\"text-editor.default\">\n\t\t\t\t<div class=\"elementor-widget-container\">\n\t\t\t\t\t\t\t\t\t<p>Los equipos pueden estar compuestos por m\u00ednimo uno (1) y m\u00e1ximo diez (10) miembros, incluyendo hasta dos (2) mentores. El miembro l\u00edder del equipo deber\u00e1 tener entre 18 y 34 a\u00f1os de edad, mientras que el resto de los miembros no deber\u00e1n exceder la edad de los 45 a\u00f1os, excepto los dos (2) mentores registrados por el equipo. Para ambos casos, cumplidos antes del 1 de marzo de 2021. Incumplir este requisito ser\u00e1 causal de descalificaci\u00f3n. Una prueba de edad ser\u00e1 solicitada a los finalistas.<\/p><p>Los integrantes del equipo ser\u00e1n personas nacidas en el Estado de Jalisco, ya sea que residan dentro o fuera del mismo. Los organizadores podr\u00e1n solicitar un documento de identidad personal para certificar el lugar de nacimiento.<\/p><p>El proyecto registrado deber\u00e1 ser implementado y generar beneficios para la regi\u00f3n de Jalisco. En el caso de concursar con una empresa, negocio o iniciativa, debe estar debidamente registrada o elegible para iniciar y operar un negocio en el Estado de Jalisco, o contemplar abrir operaciones en el mismo.<\/p><p>El integrante l\u00edder ser\u00e1 la persona que represente al equipo y mantendr\u00e1 la comunicaci\u00f3n con los organizadores de la competencia. En el caso de los equipos Finalistas, el integrante l\u00edder ser\u00e1 una de las dos personas a cargo de la presentaci\u00f3n del proyecto ante el Comit\u00e9 del Jurado Calificador.<\/p><p>Dado que gran parte de la competencia y la comunicaci\u00f3n se realizar\u00e1n a trav\u00e9s de Internet, se recomienda el acceso a internet durante la competencia para garantizar la plena participaci\u00f3n.<\/p><p>En el caso que el equipo tenga m\u00e1s de un miembro, los integrantes ser\u00e1n distribuidos seg\u00fan las siguientes posiciones:<\/p><p>Director Ejecutivo<br \/>Director Financiero<br \/>Director T\u00e9cnico<\/p><p>Notas:<\/p><p>Si el equipo consta de un solo miembro, este deber\u00e1 ser el Director Ejecutivo.<br \/>El Personal de YABT, los Cap\u00edtulos Nacionales, la Junta Directiva, los funcionarios de la SICyT y otras dependencias de la Gobernaci\u00f3n de Jalisco, otros patrocinadores, as\u00ed como sus familiares directos, no son elegibles para participar.<\/p>\t\t\t\t\t\t\t\t<\/div>\n\t\t\t\t<\/div>\n\t\t\t\t\t<\/div>\n\t\t<\/div>\n\t\t\t\t\t<\/div>\n\t\t<\/section>\n\t\t\t\t<\/div>\n\t\t","protected":false},"excerpt":{"rendered":"<p>Los equipos pueden estar compuestos por m\u00ednimo uno (1) y m\u00e1ximo diez (10) miembros, incluyendo hasta dos (2) mentores. El miembro l\u00edder del equipo deber\u00e1 tener entre 18 y 34 a\u00f1os de edad, mientras que el resto de los miembros no deber\u00e1n exceder la edad de los 45 a\u00f1os, excepto los dos (2) mentores registrados [&hellip;]<\/p>\n","protected":false},"author":1,"featured_media":0,"parent":146,"menu_order":0,"comment_status":"closed","ping_status":"closed","template":"","meta":{"footnotes":""},"class_list":["post-215","page","type-page","status-publish","hentry"],"_links":{"self":[{"href":"https:\/\/ticamericas.net\/tic-jalisco\/wp-json\/wp\/v2\/pages\/215","targetHints":{"allow":["GET"]}}],"collection":[{"href":"https:\/\/ticamericas.net\/tic-jalisco\/wp-json\/wp\/v2\/pages"}],"about":[{"href":"https:\/\/ticamericas.net\/tic-jalisco\/wp-json\/wp\/v2\/types\/page"}],"author":[{"embeddable":true,"href":"https:\/\/ticamericas.net\/tic-jalisco\/wp-json\/wp\/v2\/users\/1"}],"replies":[{"embeddable":true,"href":"https:\/\/ticamericas.net\/tic-jalisco\/wp-json\/wp\/v2\/comments?post=215"}],"version-history":[{"count":5,"href":"https:\/\/ticamericas.net\/tic-jalisco\/wp-json\/wp\/v2\/pages\/215\/revisions"}],"predecessor-version":[{"id":220,"href":"https:\/\/ticamericas.net\/tic-jalisco\/wp-json\/wp\/v2\/pages\/215\/revisions\/220"}],"up":[{"embeddable":true,"href":"https:\/\/ticamericas.net\/tic-jalisco\/wp-json\/wp\/v2\/pages\/146"}],"wp:attachment":[{"href":"https:\/\/ticamericas.net\/tic-jalisco\/wp-json\/wp\/v2\/media?parent=215"}],"curies":[{"name":"wp","href":"https:\/\/api.w.org\/{rel}","templated":true}]}}