{"id":210,"date":"2023-02-09T18:00:32","date_gmt":"2023-02-09T18:00:32","guid":{"rendered":"https:\/\/ticamericas.net\/tic-jalisco\/?page_id=210"},"modified":"2023-02-09T18:49:37","modified_gmt":"2023-02-09T18:49:37","slug":"requisitos","status":"publish","type":"page","link":"https:\/\/ticamericas.net\/tic-jalisco\/reglas\/requisitos\/","title":{"rendered":"Requisitos"},"content":{"rendered":"\t\t<div data-elementor-type=\"wp-page\" data-elementor-id=\"210\" class=\"elementor elementor-210\">\n\t\t\t\t\t\t<section class=\"elementor-section elementor-top-section elementor-element elementor-element-efd807a elementor-section-boxed elementor-section-height-default elementor-section-height-default\" data-id=\"efd807a\" data-element_type=\"section\" data-e-type=\"section\">\n\t\t\t\t\t\t<div class=\"elementor-container elementor-column-gap-default\">\n\t\t\t\t\t<div class=\"elementor-column elementor-col-100 elementor-top-column elementor-element elementor-element-390a6a6\" data-id=\"390a6a6\" data-element_type=\"column\" data-e-type=\"column\">\n\t\t\t<div class=\"elementor-widget-wrap elementor-element-populated\">\n\t\t\t\t\t\t<div class=\"elementor-element elementor-element-460f0ab elementor-widget elementor-widget-text-editor\" data-id=\"460f0ab\" data-element_type=\"widget\" data-e-type=\"widget\" data-widget_type=\"text-editor.default\">\n\t\t\t\t<div class=\"elementor-widget-container\">\n\t\t\t\t\t\t\t\t\t<p><strong>Requisitos de TIC Jalisco<\/strong><\/p><p>1. Crear Cuenta: Las personas crear\u00e1n la cuenta insertando los datos generales en el formulario corto que estar\u00e1 disponible en la p\u00e1gina principal del portal: www.ticamericas.net\/tic-jalisco<\/p><p>2. Registro: Luego de crear la cuenta las personas recibir\u00e1n el mensaje autom\u00e1tico en el correo electr\u00f3nico con el enlace para completar el registro, insertando el resto de los datos e im\u00e1genes dentro de su perfil en la plataforma tecnol\u00f3gica del TIC Americas.<\/p><p>3. Entregables: Los equipos registrados deber\u00e1n completar el formulario del concepto de negocio y subir los siguientes documentos\/materiales en la plataforma tecnol\u00f3gica del TIC Americas:<\/p><p style=\"padding-left: 40px;\">&#8211; <a href=\"https:\/\/ticamericas.net\/download\/TIC-Jalisco-Lineamientos-para-el-Plan-de-Negocio.pdf\" target=\"_blank\" rel=\"noopener\">Plan de Negocios<\/a> con su <a href=\"https:\/\/ticamericas.net\/download\/TIC-Jalisco-Estudio-de-Mercado.pdf\" target=\"_blank\" rel=\"noopener\">estudio de mercado\/prototipo<\/a> y proyecciones de crecimiento.<br \/>&#8211; <a href=\"https:\/\/ticamericas.net\/download\/TIC-Jalisco-Lineamientos-de-Video-Promocional.pdf\" target=\"_blank\" rel=\"noopener\">Video Promocional<\/a><br \/>&#8211; <a href=\"https:\/\/ticamericas.net\/download\/TIC-Jalisco-Lineamientos-Website.pdf\" target=\"_blank\" rel=\"noopener\">Sitio Web<\/a> u otro tipo de presencia en Internet (Blog, Facebook page, Instagram, etc.)<br \/>&#8211; <a href=\"https:\/\/ticamericas.net\/download\/TIC-Jalisco-Business_Model_Canvas_ESP.pdf\" target=\"_blank\" rel=\"noopener\">Modelo de Negocios Canvas<\/a> que resuma el &#8211; Plan de Negocios en una p\u00e1gina<br \/>&#8211; <a href=\"https:\/\/ticamericas.net\/download\/TIC-Jalisco-Perfil-de-Inversion.pdf\" target=\"_blank\" rel=\"noopener\">Perfil de Inversi\u00f3n<\/a><\/p><p>YABT provee formatos estandarizados para estos entregables.<\/p><p><strong>Los participantes tambi\u00e9n deber\u00e1n revisar los criterios de calificaci\u00f3n de los planes de negocios para garantizar que todos los puntos relevantes est\u00e9n cubiertos en sus presentaciones.<\/strong> Los planes de negocios que aborden m\u00e1s de cerca estos puntos tendr\u00e1n una ventaja competitiva.<\/p><p>El Plan de Negocios, as\u00ed como los otros documentos que se listan arriba, ser\u00e1n obligatorios para ser considerado participante de la competencia. Adem\u00e1s, deber\u00e1n presentarse en tiempo y forma antes de avanzar a la etapa de Semifinales de la competencia.<\/p><p>El Plan de Negocios deber\u00e1 responder a uno o m\u00e1s de los ejes tem\u00e1ticos del TIC Jalisco, descritos en la secci\u00f3n II de estas Reglas.<\/p>\t\t\t\t\t\t\t\t<\/div>\n\t\t\t\t<\/div>\n\t\t\t\t\t<\/div>\n\t\t<\/div>\n\t\t\t\t\t<\/div>\n\t\t<\/section>\n\t\t\t\t<\/div>\n\t\t","protected":false},"excerpt":{"rendered":"<p>Requisitos de TIC Jalisco 1. Crear Cuenta: Las personas crear\u00e1n la cuenta insertando los datos generales en el formulario corto que estar\u00e1 disponible en la p\u00e1gina principal del portal: www.ticamericas.net\/tic-jalisco 2. Registro: Luego de crear la cuenta las personas recibir\u00e1n el mensaje autom\u00e1tico en el correo electr\u00f3nico con el enlace para completar el registro, insertando [&hellip;]<\/p>\n","protected":false},"author":1,"featured_media":0,"parent":146,"menu_order":0,"comment_status":"closed","ping_status":"closed","template":"","meta":{"footnotes":""},"class_list":["post-210","page","type-page","status-publish","hentry"],"_links":{"self":[{"href":"https:\/\/ticamericas.net\/tic-jalisco\/wp-json\/wp\/v2\/pages\/210","targetHints":{"allow":["GET"]}}],"collection":[{"href":"https:\/\/ticamericas.net\/tic-jalisco\/wp-json\/wp\/v2\/pages"}],"about":[{"href":"https:\/\/ticamericas.net\/tic-jalisco\/wp-json\/wp\/v2\/types\/page"}],"author":[{"embeddable":true,"href":"https:\/\/ticamericas.net\/tic-jalisco\/wp-json\/wp\/v2\/users\/1"}],"replies":[{"embeddable":true,"href":"https:\/\/ticamericas.net\/tic-jalisco\/wp-json\/wp\/v2\/comments?post=210"}],"version-history":[{"count":8,"href":"https:\/\/ticamericas.net\/tic-jalisco\/wp-json\/wp\/v2\/pages\/210\/revisions"}],"predecessor-version":[{"id":267,"href":"https:\/\/ticamericas.net\/tic-jalisco\/wp-json\/wp\/v2\/pages\/210\/revisions\/267"}],"up":[{"embeddable":true,"href":"https:\/\/ticamericas.net\/tic-jalisco\/wp-json\/wp\/v2\/pages\/146"}],"wp:attachment":[{"href":"https:\/\/ticamericas.net\/tic-jalisco\/wp-json\/wp\/v2\/media?parent=210"}],"curies":[{"name":"wp","href":"https:\/\/api.w.org\/{rel}","templated":true}]}}