{"id":198,"date":"2023-02-09T17:55:12","date_gmt":"2023-02-09T17:55:12","guid":{"rendered":"https:\/\/ticamericas.net\/tic-jalisco\/?page_id=198"},"modified":"2023-02-09T17:56:37","modified_gmt":"2023-02-09T17:56:37","slug":"categorias","status":"publish","type":"page","link":"https:\/\/ticamericas.net\/tic-jalisco\/reglas\/categorias\/","title":{"rendered":"Categor\u00edas"},"content":{"rendered":"\t\t<div data-elementor-type=\"wp-page\" data-elementor-id=\"198\" class=\"elementor elementor-198\">\n\t\t\t\t\t\t<section class=\"elementor-section elementor-top-section elementor-element elementor-element-0e81ceb elementor-section-boxed elementor-section-height-default elementor-section-height-default\" data-id=\"0e81ceb\" data-element_type=\"section\" data-e-type=\"section\">\n\t\t\t\t\t\t<div class=\"elementor-container elementor-column-gap-default\">\n\t\t\t\t\t<div class=\"elementor-column elementor-col-100 elementor-top-column elementor-element elementor-element-3c5298d\" data-id=\"3c5298d\" data-element_type=\"column\" data-e-type=\"column\">\n\t\t\t<div class=\"elementor-widget-wrap elementor-element-populated\">\n\t\t\t\t\t\t<div class=\"elementor-element elementor-element-bd22ea5 elementor-widget elementor-widget-text-editor\" data-id=\"bd22ea5\" data-element_type=\"widget\" data-e-type=\"widget\" data-widget_type=\"text-editor.default\">\n\t\t\t\t<div class=\"elementor-widget-container\">\n\t\t\t\t\t\t\t\t\t<p>Los participantes podr\u00e1n postular soluciones innovadoras que permitan un crecimiento inclusivo, promover la equidad de g\u00e9nero y la oportunidades para distintos grupos de la poblaci\u00f3n, registr\u00e1ndose en uno o m\u00e1s de los siguientes sectores:<\/p><ol><li dir=\"ltr\"><p dir=\"ltr\"><strong>Biomedicina y Salud<\/strong><br \/><br \/>Innovaciones en productos, procesos o servicios enfocados al sector de la salud y accesibles a la poblaci\u00f3n en general, as\u00ed como la generaci\u00f3n de data en Investigaci\u00f3n y Desarrollo empleada en la biolog\u00eda y en sus disciplinas, gen\u00e9tica, nanotecnolog\u00eda, y el uso de la tecnolog\u00eda para mejorar las vidas de personas que padecen de alguna discapacidad. Los proyectos tambi\u00e9n promover\u00e1n la comercializaci\u00f3n de activos de propiedad intelectual desarrollada en laboratorios de investigaci\u00f3n m\u00e9dica.<\/p><\/li><\/ol><ol start=\"2\"><li dir=\"ltr\"><p dir=\"ltr\"><strong>Biotecnolog\u00eda Agroindustrial<\/strong><br \/><br \/>Desarrollo de modelos que promuevan la producci\u00f3n sostenible, las propiedades nutricionales y las t\u00e9cnicas o m\u00e9todos para generar valor a nivel de producto y servicio en el sector agro, creando oportunidades de mercado y capitalizaci\u00f3n de la agroindustria a trav\u00e9s de: nuevas y accesibles tecnolog\u00edas, modelos de negocios con responsabilidad social, cadenas productivas que incentiven a la peque\u00f1a empresa y el comercio justo, y otras actividades econ\u00f3micas para la transformaci\u00f3n productiva, y la diversificaci\u00f3n de la econom\u00eda local y regional.<\/p><\/li><\/ol><ol start=\"3\"><li dir=\"ltr\"><p dir=\"ltr\"><strong>Energ\u00edas Renovables<\/strong><br \/><br \/>Modelos de negocios enfocados a la identificaci\u00f3n, comercializaci\u00f3n, expansi\u00f3n, y\/o creaci\u00f3n de fuentes de energ\u00edas renovables que se reponen naturalmente y que son diferentes a la combusti\u00f3n de hidrocarburos; incluyendo energ\u00eda e\u00f3lica, solar, geot\u00e9rmica, h\u00eddrica, oleaje de oc\u00e9anos y otras. Estas energ\u00edas alternativas incentivar\u00e1n el ahorro energ\u00e9tico, la reducci\u00f3n de los niveles de contaminaci\u00f3n y concientizar\u00e1n sobre su uso tanto en la industria como en los hogares.<\/p><\/li><\/ol><ol start=\"4\"><li dir=\"ltr\"><p dir=\"ltr\"><strong>Industrias Creativas<\/strong><br \/><br \/>A trav\u00e9s de la producci\u00f3n de bienes, servicios y\/o actividades productivas basadas en la generaci\u00f3n y transferencia del conocimiento, los negocios digitales, el dise\u00f1o creativo,\u00a0 las tradiciones locales, la ideaci\u00f3n, la promoci\u00f3n de la marca Jalisco, entre otras actividades econ\u00f3micas enmarcadas en las industrias creativas y que promuevan modelos de negocios basados en la econom\u00eda colaborativa.\u00a0<\/p><\/li><\/ol><ol start=\"5\"><li dir=\"ltr\"><p dir=\"ltr\"><strong>Innovaci\u00f3n Educativa<\/strong><br \/><br \/>Desarrollo de proyectos, plataformas o mecanismos innovadores que incentiven la colaboraci\u00f3n multisectorial para mejorar los procesos de ense\u00f1anza-aprendizaje, facilitando que el sector educativo se beneficie de la generaci\u00f3n del conocimiento a nivel global, a trav\u00e9s de programas de formaci\u00f3n docente, formaci\u00f3n dual y alianzas interuniversitarias y con organizaciones multisectoriales para desarrollar herramientas pr\u00e1cticas m\u00e1s eficaces en el aprendizaje, docencia y\/o formaci\u00f3n continua. Adem\u00e1s, atraer propuestas que desarrollen habilidades transversales destinadas a cerrar la brecha entre educaci\u00f3n y la oferta laboral, reducir la brecha de g\u00e9nero y evitar la deserci\u00f3n; esencial para mejorar y diversificar la oferta de formaci\u00f3n formal y no formal.<\/p><\/li><\/ol><ol start=\"6\"><li dir=\"ltr\"><p dir=\"ltr\"><strong>Tecnolog\u00edas de Informaci\u00f3n y Exponenciales\u00a0<br \/><br \/><\/strong>Incentivar el desarrollo o mejora de prometedoras tecnolog\u00edas que contribuyan con la reducci\u00f3n de la brecha digital, la educaci\u00f3n a distancia, la digitalizaci\u00f3n de servicios a la ciudadan\u00eda y al sector empresarial y emprendimiento, entre otras soluciones de base tecnol\u00f3gica que combinen la innovaci\u00f3n, la inclusi\u00f3n y la apropiaci\u00f3n tecnol\u00f3gica como fuentes de conocimientos y oportunidades econ\u00f3micas y de formaci\u00f3n para los distintos grupos de la poblaci\u00f3n.<\/p><\/li><\/ol>\t\t\t\t\t\t\t\t<\/div>\n\t\t\t\t<\/div>\n\t\t\t\t\t<\/div>\n\t\t<\/div>\n\t\t\t\t\t<\/div>\n\t\t<\/section>\n\t\t\t\t<\/div>\n\t\t","protected":false},"excerpt":{"rendered":"<p>Los participantes podr\u00e1n postular soluciones innovadoras que permitan un crecimiento inclusivo, promover la equidad de g\u00e9nero y la oportunidades para distintos grupos de la poblaci\u00f3n, registr\u00e1ndose en uno o m\u00e1s de los siguientes sectores: Biomedicina y Salud Innovaciones en productos, procesos o servicios enfocados al sector de la salud y accesibles a la poblaci\u00f3n en [&hellip;]<\/p>\n","protected":false},"author":1,"featured_media":0,"parent":146,"menu_order":0,"comment_status":"closed","ping_status":"closed","template":"","meta":{"footnotes":""},"class_list":["post-198","page","type-page","status-publish","hentry"],"_links":{"self":[{"href":"https:\/\/ticamericas.net\/tic-jalisco\/wp-json\/wp\/v2\/pages\/198","targetHints":{"allow":["GET"]}}],"collection":[{"href":"https:\/\/ticamericas.net\/tic-jalisco\/wp-json\/wp\/v2\/pages"}],"about":[{"href":"https:\/\/ticamericas.net\/tic-jalisco\/wp-json\/wp\/v2\/types\/page"}],"author":[{"embeddable":true,"href":"https:\/\/ticamericas.net\/tic-jalisco\/wp-json\/wp\/v2\/users\/1"}],"replies":[{"embeddable":true,"href":"https:\/\/ticamericas.net\/tic-jalisco\/wp-json\/wp\/v2\/comments?post=198"}],"version-history":[{"count":4,"href":"https:\/\/ticamericas.net\/tic-jalisco\/wp-json\/wp\/v2\/pages\/198\/revisions"}],"predecessor-version":[{"id":202,"href":"https:\/\/ticamericas.net\/tic-jalisco\/wp-json\/wp\/v2\/pages\/198\/revisions\/202"}],"up":[{"embeddable":true,"href":"https:\/\/ticamericas.net\/tic-jalisco\/wp-json\/wp\/v2\/pages\/146"}],"wp:attachment":[{"href":"https:\/\/ticamericas.net\/tic-jalisco\/wp-json\/wp\/v2\/media?parent=198"}],"curies":[{"name":"wp","href":"https:\/\/api.w.org\/{rel}","templated":true}]}}