{"id":134,"date":"2023-02-07T22:13:15","date_gmt":"2023-02-07T22:13:15","guid":{"rendered":"https:\/\/ticamericas.net\/tic-jalisco\/?page_id=134"},"modified":"2023-02-07T22:34:20","modified_gmt":"2023-02-07T22:34:20","slug":"acerca","status":"publish","type":"page","link":"https:\/\/ticamericas.net\/tic-jalisco\/reglas\/acerca\/","title":{"rendered":"Acerca"},"content":{"rendered":"\t\t<div data-elementor-type=\"wp-page\" data-elementor-id=\"134\" class=\"elementor elementor-134\">\n\t\t\t\t\t\t<section class=\"elementor-section elementor-top-section elementor-element elementor-element-1e58c69 elementor-section-boxed elementor-section-height-default elementor-section-height-default\" data-id=\"1e58c69\" data-element_type=\"section\" data-e-type=\"section\">\n\t\t\t\t\t\t<div class=\"elementor-container elementor-column-gap-default\">\n\t\t\t\t\t<div class=\"elementor-column elementor-col-100 elementor-top-column elementor-element elementor-element-8f112d1\" data-id=\"8f112d1\" data-element_type=\"column\" data-e-type=\"column\">\n\t\t\t<div class=\"elementor-widget-wrap elementor-element-populated\">\n\t\t\t\t\t\t<div class=\"elementor-element elementor-element-9d7f885 elementor-widget elementor-widget-text-editor\" data-id=\"9d7f885\" data-element_type=\"widget\" data-e-type=\"widget\" data-widget_type=\"text-editor.default\">\n\t\t\t\t<div class=\"elementor-widget-container\">\n\t\t\t\t\t\t\t\t\t<p>La Competencia Talento e Innovaci\u00f3n para Jalisco (TIC Jalisco) es organizada por el Young Americas Business Trust (YABT) bajo un acuerdo de cooperaci\u00f3n internacional con la Secretar\u00eda de Innovaci\u00f3n, Ciencia y Tecnolog\u00eda del Estado de Jalisco &#8211; SICyT, y como categor\u00eda especial de la Competencia Talento e Innovaci\u00f3n de las Am\u00e9ricas (TIC Americas).<\/p><p>TIC Jalisco es una plataforma de apoyo, formaci\u00f3n, reconocimiento y premiaci\u00f3n para j\u00f3venes emprendedores(as) con proyectos de negocios y sociales, y startups con alto potencial de crecimiento e inversi\u00f3n, listas para ingresar a mercados globales y\/o en etapas de expansi\u00f3n. El programa proporciona capacitaci\u00f3n y tutor\u00eda, seguimiento, v\u00ednculos para inversi\u00f3n, acceso a una creciente red internacional de impulso al emprendimiento, entre otros beneficios. El objetivo es identificar y potenciar soluciones innovadoras y sostenibles, a trav\u00e9s de la validaci\u00f3n internacional, la visibilidad y la creaci\u00f3n de redes de contactos.<\/p><p>Las Finales de TIC Jalisco se desarrollar\u00e1n de la mano con las de TIC Americas, las cuales han demostrado ser un espacio en el que los j\u00f3venes incursionando en el mundo de los negocios, puedan consolidar sus propuestas de valor y conectarse con l\u00edderes internacionales. TIC Americas tiene como objetivo promover el progreso hacia una mayor inclusi\u00f3n social y econ\u00f3mica, en donde los j\u00f3venes est\u00e9n en la capacidad de adaptarse a las tendencias y la transformaci\u00f3n productiva que se origina en los mercados de la regi\u00f3n.<\/p><p>TIC Jalisco es un programa Integral y del Ecosistema de Emprendimiento de Jalisco, el cual:<\/p><p style=\"padding-left: 40px;\">&#8211; Impulsa a los j\u00f3venes emprendedores(as) de Jalisco para que sus propuestas de negocios sean sostenibles y atractivas para la inversi\u00f3n privada local e internacional.<\/p><p style=\"padding-left: 40px;\">&#8211; Promueve el acceso a mercados globales, exportaci\u00f3n de servicios o productos, la comercializaci\u00f3n de las nuevas tecnolog\u00edas, y la visibilidad del talento jalisciense a nivel internacional.<\/p><p style=\"padding-left: 40px;\">&#8211; Incluye e incentiva la participaci\u00f3n del sector privado como mentores, socios y patrocinadores.<\/p><p style=\"padding-left: 40px;\">&#8211; Facilita oportunidades de formaci\u00f3n en negocios a trav\u00e9s de entrenamiento en habilidades emprendedoras, seguimiento y captaci\u00f3n de recursos t\u00e9cnicos y financieros.<\/p><p style=\"padding-left: 40px;\">&#8211; Promueve e inspira la innovaci\u00f3n y el desarrollo sostenible en temas y prioridades del Estado de Jalisco, fortaleciendo y expandiendo sus aportes a la econom\u00eda del resto del pa\u00eds y la integraci\u00f3n econ\u00f3mica regional.<\/p><p style=\"padding-left: 40px;\">&#8211; Provee el aprendizaje din\u00e1mico promoviendo relaciones interpersonales, el intercambio de experiencias y retos de autosuperaci\u00f3n.<\/p><p style=\"padding-left: 40px;\">&#8211; Aumenta el n\u00famero de emprendedores(as) creando empleos tanto para s\u00ed mismos como para otros, contribuyendo con el bienestar, la actividad econ\u00f3mica y la igualdad de oportunidades para las distintas poblaciones del Estado de Jalisco.<\/p><p style=\"padding-left: 40px;\">&#8211; Crea nuevas oportunidades de asociaci\u00f3n y negocios entre mentores y emprendedores(as).<\/p><p style=\"padding-left: 40px;\">&#8211; Provee oportunidades de visibilidad, exposici\u00f3n en los medios y apertura de mercados internacionales.<\/p><p style=\"padding-left: 40px;\">&#8211; Conecta a los emprendedores(as) con representantes de instituciones de apoyo empresarial, organismos internacionales, Estados Miembros de la Organizaci\u00f3n de los Estados Americanos (OEA) y del Sector Privado de las Am\u00e9ricas.<\/p><p>La participaci\u00f3n en TIC Jalisco es gratuita, gracias a la alianza estrat\u00e9gica entre el YABT y el Gobierno de Jalisco. Todos los equipos registrados tendr\u00e1n la oportunidad de acceder al Business Opportunity Online Training Camp &#8211; BOOTCamp, una plataforma de capacitaci\u00f3n virtual para conectar j\u00f3venes emprendedores(as) con expertos de la industria y otros sectores. El BOOTCamp busca apoyar a los equipos en el proceso de la elaboraci\u00f3n del plan de negocios y el resto de los entregables de la competencia.<\/p>\t\t\t\t\t\t\t\t<\/div>\n\t\t\t\t<\/div>\n\t\t\t\t\t<\/div>\n\t\t<\/div>\n\t\t\t\t\t<\/div>\n\t\t<\/section>\n\t\t\t\t<\/div>\n\t\t","protected":false},"excerpt":{"rendered":"<p>La Competencia Talento e Innovaci\u00f3n para Jalisco (TIC Jalisco) es organizada por el Young Americas Business Trust (YABT) bajo un acuerdo de cooperaci\u00f3n internacional con la Secretar\u00eda de Innovaci\u00f3n, Ciencia y Tecnolog\u00eda del Estado de Jalisco &#8211; SICyT, y como categor\u00eda especial de la Competencia Talento e Innovaci\u00f3n de las Am\u00e9ricas (TIC Americas). TIC Jalisco [&hellip;]<\/p>\n","protected":false},"author":1,"featured_media":0,"parent":146,"menu_order":0,"comment_status":"closed","ping_status":"closed","template":"","meta":{"footnotes":""},"class_list":["post-134","page","type-page","status-publish","hentry"],"_links":{"self":[{"href":"https:\/\/ticamericas.net\/tic-jalisco\/wp-json\/wp\/v2\/pages\/134","targetHints":{"allow":["GET"]}}],"collection":[{"href":"https:\/\/ticamericas.net\/tic-jalisco\/wp-json\/wp\/v2\/pages"}],"about":[{"href":"https:\/\/ticamericas.net\/tic-jalisco\/wp-json\/wp\/v2\/types\/page"}],"author":[{"embeddable":true,"href":"https:\/\/ticamericas.net\/tic-jalisco\/wp-json\/wp\/v2\/users\/1"}],"replies":[{"embeddable":true,"href":"https:\/\/ticamericas.net\/tic-jalisco\/wp-json\/wp\/v2\/comments?post=134"}],"version-history":[{"count":9,"href":"https:\/\/ticamericas.net\/tic-jalisco\/wp-json\/wp\/v2\/pages\/134\/revisions"}],"predecessor-version":[{"id":197,"href":"https:\/\/ticamericas.net\/tic-jalisco\/wp-json\/wp\/v2\/pages\/134\/revisions\/197"}],"up":[{"embeddable":true,"href":"https:\/\/ticamericas.net\/tic-jalisco\/wp-json\/wp\/v2\/pages\/146"}],"wp:attachment":[{"href":"https:\/\/ticamericas.net\/tic-jalisco\/wp-json\/wp\/v2\/media?parent=134"}],"curies":[{"name":"wp","href":"https:\/\/api.w.org\/{rel}","templated":true}]}}