{"id":70,"date":"2024-12-10T23:38:58","date_gmt":"2024-12-10T23:38:58","guid":{"rendered":"https:\/\/ticamericas.net\/startup\/?page_id=70"},"modified":"2025-01-23T04:01:35","modified_gmt":"2025-01-23T04:01:35","slug":"organizadores","status":"publish","type":"page","link":"https:\/\/ticamericas.net\/startup\/es\/organizadores\/","title":{"rendered":"Organizadores"},"content":{"rendered":"\t\t<div data-elementor-type=\"wp-page\" data-elementor-id=\"70\" class=\"elementor elementor-70\">\n\t\t\t\t\t\t<section class=\"elementor-section elementor-top-section elementor-element elementor-element-3627488 elementor-section-full_width content_startup elementor-section-height-default elementor-section-height-default\" data-id=\"3627488\" data-element_type=\"section\" data-e-type=\"section\">\n\t\t\t\t\t\t<div class=\"elementor-container elementor-column-gap-default\">\n\t\t\t\t\t<div class=\"elementor-column elementor-col-100 elementor-top-column elementor-element elementor-element-9bf6bc3\" data-id=\"9bf6bc3\" data-element_type=\"column\" data-e-type=\"column\">\n\t\t\t<div class=\"elementor-widget-wrap elementor-element-populated\">\n\t\t\t\t\t\t<div class=\"elementor-element elementor-element-3eb3d12 elementor-widget elementor-widget-spacer\" data-id=\"3eb3d12\" data-element_type=\"widget\" data-e-type=\"widget\" data-widget_type=\"spacer.default\">\n\t\t\t\t<div class=\"elementor-widget-container\">\n\t\t\t\t\t\t\t<div class=\"elementor-spacer\">\n\t\t\t<div class=\"elementor-spacer-inner\"><\/div>\n\t\t<\/div>\n\t\t\t\t\t\t<\/div>\n\t\t\t\t<\/div>\n\t\t\t\t<div class=\"elementor-element elementor-element-93dfb26 elementor-widget elementor-widget-heading\" data-id=\"93dfb26\" data-element_type=\"widget\" data-e-type=\"widget\" data-widget_type=\"heading.default\">\n\t\t\t\t<div class=\"elementor-widget-container\">\n\t\t\t\t\t<h2 class=\"elementor-heading-title elementor-size-default\">Socios de Start-Up Challenge<\/h2>\t\t\t\t<\/div>\n\t\t\t\t<\/div>\n\t\t\t\t<section class=\"elementor-section elementor-inner-section elementor-element elementor-element-0115cb5 content_startup elementor-section-boxed elementor-section-height-default elementor-section-height-default\" data-id=\"0115cb5\" data-element_type=\"section\" data-e-type=\"section\">\n\t\t\t\t\t\t<div class=\"elementor-container elementor-column-gap-default\">\n\t\t\t\t\t<div class=\"elementor-column elementor-col-50 elementor-inner-column elementor-element elementor-element-b543ae4 elementor-invisible\" data-id=\"b543ae4\" data-element_type=\"column\" data-e-type=\"column\" data-settings=\"{&quot;animation&quot;:&quot;fadeInLeft&quot;}\">\n\t\t\t<div class=\"elementor-widget-wrap elementor-element-populated\">\n\t\t\t\t\t\t<div class=\"elementor-element elementor-element-a2b76e2 elementor-widget elementor-widget-image\" data-id=\"a2b76e2\" data-element_type=\"widget\" data-e-type=\"widget\" data-widget_type=\"image.default\">\n\t\t\t\t<div class=\"elementor-widget-container\">\n\t\t\t\t\t\t\t\t\t\t\t\t\t\t\t\t<a href=\"https:\/\/yabt.net\/es\/\" target=\"_blank\">\n\t\t\t\t\t\t\t<img decoding=\"async\" src=\"https:\/\/ticamericas.net\/startup\/wp-content\/uploads\/sites\/12\/elementor\/thumbs\/yabtlogo2-qybp09juh640elwofnmb8sr7ulm3qul3creo4fcnb4.png\" title=\"yabtlogo2.png\" alt=\"yabtlogo2.png\" loading=\"lazy\" \/>\t\t\t\t\t\t\t\t<\/a>\n\t\t\t\t\t\t\t\t\t\t\t\t\t\t\t<\/div>\n\t\t\t\t<\/div>\n\t\t\t\t<div class=\"elementor-element elementor-element-bfe5455 elementor-widget elementor-widget-heading\" data-id=\"bfe5455\" data-element_type=\"widget\" data-e-type=\"widget\" data-widget_type=\"heading.default\">\n\t\t\t\t<div class=\"elementor-widget-container\">\n\t\t\t\t\t<h3 class=\"elementor-heading-title elementor-size-default\">Young Americas Business Trust <\/h3>\t\t\t\t<\/div>\n\t\t\t\t<\/div>\n\t\t\t\t<div class=\"elementor-element elementor-element-3abcac4 elementor-widget elementor-widget-text-editor\" data-id=\"3abcac4\" data-element_type=\"widget\" data-e-type=\"widget\" data-widget_type=\"text-editor.default\">\n\t\t\t\t<div class=\"elementor-widget-container\">\n\t\t\t\t\t\t\t\t\t<p><span style=\"font-weight: 400;\">El <a href=\"https:\/\/yabt.net\/es\/\" target=\"_blank\" rel=\"noopener\">Young Americas Business Trust (YABT)<\/a> es una organizaci\u00f3n internacional sin fines de lucro que trabaja en cooperaci\u00f3n con la <a href=\"https:\/\/www.oas.org\/es\/default.asp\" target=\"_blank\" rel=\"noopener\">Organizaci\u00f3n de los Estados Americanos (OEA)<\/a>, incorporada en el Distrito de Columbia en los Estados Unidos de Am\u00e9rica, y reconocida por el Internal Revenue Service (IRS) en la categor\u00eda de organizaci\u00f3n 501 (c) 3.<\/span><\/p><p><span style=\"font-weight: 400;\">YABT promueve el desarrollo econ\u00f3mico y social de los j\u00f3venes en el Hemisferio Occidental y el resto del mundo, mediante la formulaci\u00f3n de proyectos y programas que apuntan a convertir el emprendimiento en una herramienta para mejorar la calidad de vida y el entorno productivo e inclusivo de las comunidades, especialmente aquellas m\u00e1s afectadas por la pobreza.\u00a0<\/span><\/p><p><span style=\"font-weight: 400;\">La organizaci\u00f3n apoya la definici\u00f3n e implementaci\u00f3n de los mandatos de la Cumbre de Presidentes de las Am\u00e9ricas y la Asamblea General de la OEA, como tambi\u00e9n los Objetivos de Desarrollo Sostenible de las Naciones Unidas, empoderando a los j\u00f3venes a trav\u00e9s del emprendimiento, la innovaci\u00f3n, los conocimientos y liderazgo, convirti\u00e9ndolos en agentes de cambios con una visi\u00f3n global.\u00a0<\/span><\/p><p><span style=\"font-weight: 400;\">Desde su creaci\u00f3n en 1999, YABT ha apoyado a m\u00e1s de 100,000 j\u00f3venes provenientes de 75 pa\u00edses alrededor del mundo. Es reconocida como una organizaci\u00f3n de j\u00f3venes para j\u00f3venes.\u00a0<\/span><\/p><p><span style=\"font-weight: 400;\">Mayor informaci\u00f3n disponible en la p\u00e1gina web: <\/span><a href=\"https:\/\/yabt.net\/es\/\" target=\"_blank\" rel=\"noopener\"><span style=\"font-weight: 400;\">www.yabt.net<\/span><\/a><\/p>\t\t\t\t\t\t\t\t<\/div>\n\t\t\t\t<\/div>\n\t\t\t\t\t<\/div>\n\t\t<\/div>\n\t\t\t\t<div class=\"elementor-column elementor-col-50 elementor-inner-column elementor-element elementor-element-858f960 elementor-invisible\" data-id=\"858f960\" data-element_type=\"column\" data-e-type=\"column\" data-settings=\"{&quot;animation&quot;:&quot;fadeInRight&quot;}\">\n\t\t\t<div class=\"elementor-widget-wrap elementor-element-populated\">\n\t\t\t\t\t\t<div class=\"elementor-element elementor-element-f4089e9 elementor-widget elementor-widget-image\" data-id=\"f4089e9\" data-element_type=\"widget\" data-e-type=\"widget\" data-widget_type=\"image.default\">\n\t\t\t\t<div class=\"elementor-widget-container\">\n\t\t\t\t\t\t\t\t\t\t\t\t\t\t\t<img decoding=\"async\" src=\"https:\/\/ticamericas.net\/startup\/wp-content\/uploads\/sites\/12\/elementor\/thumbs\/banreservas-qybp0bfiuu6j063ip2kbj2p4zzif1nlfro5uvomd4w.png\" title=\"banreservas.png\" alt=\"banreservas.png\" loading=\"lazy\" \/>\t\t\t\t\t\t\t\t\t\t\t\t\t\t\t<\/div>\n\t\t\t\t<\/div>\n\t\t\t\t<div class=\"elementor-element elementor-element-ea0cff3 elementor-widget elementor-widget-heading\" data-id=\"ea0cff3\" data-element_type=\"widget\" data-e-type=\"widget\" data-widget_type=\"heading.default\">\n\t\t\t\t<div class=\"elementor-widget-container\">\n\t\t\t\t\t<h3 class=\"elementor-heading-title elementor-size-default\">Banco de Reservas de Rep\u00fablica Dominicana (Banreservas)<\/h3>\t\t\t\t<\/div>\n\t\t\t\t<\/div>\n\t\t\t\t<div class=\"elementor-element elementor-element-845ca33 elementor-widget elementor-widget-text-editor\" data-id=\"845ca33\" data-element_type=\"widget\" data-e-type=\"widget\" data-widget_type=\"text-editor.default\">\n\t\t\t\t<div class=\"elementor-widget-container\">\n\t\t\t\t\t\t\t\t\t<p><span style=\"font-weight: 400;\">El Banco de Reservas de la Rep\u00fablica Dominicana (Banreservas) es la principal instituci\u00f3n financiera estatal de la Rep\u00fablica Dominicana, fundada en 1941. Su misi\u00f3n es contribuir al desarrollo econ\u00f3mico y social del pa\u00eds mediante el financiamiento de sectores productivos, el fomento del ahorro y la inversi\u00f3n, y la provisi\u00f3n de servicios financieros inclusivos a individuos, empresas y comunidades.<\/span><span style=\"font-weight: 400;\"><br \/><\/span><span style=\"font-weight: 400;\"><br \/><\/span><span style=\"font-weight: 400;\">En el camino hacia la D\u00e9cima Cumbre de las Am\u00e9ricas, que se celebrar\u00e1 en Rep\u00fablica Dominicana en 2025, Banreservas a trav\u00e9s de su Programa Emprendedores Cree, ha fortalecido su rol como aliado estrat\u00e9gico en la promoci\u00f3n de la integraci\u00f3n econ\u00f3mica y el desarrollo sostenible en la regi\u00f3n.\u00a0<\/span><\/p>\t\t\t\t\t\t\t\t<\/div>\n\t\t\t\t<\/div>\n\t\t\t\t<div class=\"elementor-element elementor-element-f1b9c7f elementor-widget elementor-widget-image\" data-id=\"f1b9c7f\" data-element_type=\"widget\" data-e-type=\"widget\" data-widget_type=\"image.default\">\n\t\t\t\t<div class=\"elementor-widget-container\">\n\t\t\t\t\t\t\t\t\t\t\t\t\t\t\t<img decoding=\"async\" src=\"https:\/\/ticamericas.net\/startup\/wp-content\/uploads\/sites\/12\/elementor\/thumbs\/Start-Up_Enero21-2025_Logo-de-Cree_518x198_ESP-r0ev194tocmfb8k97kswfr0k3ltzc12v0qkfbhk4cg.png\" title=\"\" alt=\"\" loading=\"lazy\" \/>\t\t\t\t\t\t\t\t\t\t\t\t\t\t\t<\/div>\n\t\t\t\t<\/div>\n\t\t\t\t<div class=\"elementor-element elementor-element-793f715 elementor-widget elementor-widget-text-editor\" data-id=\"793f715\" data-element_type=\"widget\" data-e-type=\"widget\" data-widget_type=\"text-editor.default\">\n\t\t\t\t<div class=\"elementor-widget-container\">\n\t\t\t\t\t\t\t\t\t<p><span style=\"font-weight: 400;\">Cree Banreservas es una iniciativa dedicada a apoyar a emprendedores con proyectos innovadores de alto potencial de crecimiento, ofreciendo inversi\u00f3n de capital, acompa\u00f1amiento y mentor\u00edas t\u00e9cnicas especializadas.<\/span><span style=\"font-weight: 400;\"><br \/><\/span><span style=\"font-weight: 400;\"><br \/><\/span><span style=\"font-weight: 400;\">La instituci\u00f3n respalda iniciativas y proyectos orientados a mejorar la inclusi\u00f3n financiera, apoyar a emprendedores locales, y fomentar la sostenibilidad y responsabilidad social, aline\u00e1ndose con los objetivos de la cumbre.<\/span><\/p><p><span style=\"font-weight: 400;\">Mayor informaci\u00f3n disponible en la p\u00e1gina web: <a href=\"https:\/\/www.banreservas.com\/\" target=\"_blank\" rel=\"noopener\">www.banreservas.com<\/a><\/span><\/p>\t\t\t\t\t\t\t\t<\/div>\n\t\t\t\t<\/div>\n\t\t\t\t\t<\/div>\n\t\t<\/div>\n\t\t\t\t\t<\/div>\n\t\t<\/section>\n\t\t\t\t\t<\/div>\n\t\t<\/div>\n\t\t\t\t\t<\/div>\n\t\t<\/section>\n\t\t\t\t<\/div>\n\t\t","protected":false},"excerpt":{"rendered":"<p>Socios de Start-Up Challenge Young Americas Business Trust El Young Americas Business Trust (YABT) es una organizaci\u00f3n internacional sin fines de lucro que trabaja en cooperaci\u00f3n con la Organizaci\u00f3n de los Estados Americanos (OEA), incorporada en el Distrito de Columbia en los Estados Unidos de Am\u00e9rica, y reconocida por el Internal Revenue Service (IRS) en [&hellip;]<\/p>\n","protected":false},"author":1,"featured_media":0,"parent":31,"menu_order":0,"comment_status":"closed","ping_status":"closed","template":"elementor_header_footer","meta":{"footnotes":""},"class_list":["post-70","page","type-page","status-publish","hentry"],"_links":{"self":[{"href":"https:\/\/ticamericas.net\/startup\/wp-json\/wp\/v2\/pages\/70","targetHints":{"allow":["GET"]}}],"collection":[{"href":"https:\/\/ticamericas.net\/startup\/wp-json\/wp\/v2\/pages"}],"about":[{"href":"https:\/\/ticamericas.net\/startup\/wp-json\/wp\/v2\/types\/page"}],"author":[{"embeddable":true,"href":"https:\/\/ticamericas.net\/startup\/wp-json\/wp\/v2\/users\/1"}],"replies":[{"embeddable":true,"href":"https:\/\/ticamericas.net\/startup\/wp-json\/wp\/v2\/comments?post=70"}],"version-history":[{"count":22,"href":"https:\/\/ticamericas.net\/startup\/wp-json\/wp\/v2\/pages\/70\/revisions"}],"predecessor-version":[{"id":706,"href":"https:\/\/ticamericas.net\/startup\/wp-json\/wp\/v2\/pages\/70\/revisions\/706"}],"up":[{"embeddable":true,"href":"https:\/\/ticamericas.net\/startup\/wp-json\/wp\/v2\/pages\/31"}],"wp:attachment":[{"href":"https:\/\/ticamericas.net\/startup\/wp-json\/wp\/v2\/media?parent=70"}],"curies":[{"name":"wp","href":"https:\/\/api.w.org\/{rel}","templated":true}]}}