{"id":64,"date":"2024-12-10T23:36:54","date_gmt":"2024-12-10T23:36:54","guid":{"rendered":"https:\/\/ticamericas.net\/startup\/?page_id=64"},"modified":"2025-01-29T02:32:52","modified_gmt":"2025-01-29T02:32:52","slug":"acerca","status":"publish","type":"page","link":"https:\/\/ticamericas.net\/startup\/es\/acerca\/","title":{"rendered":"Acerca"},"content":{"rendered":"\t\t<div data-elementor-type=\"wp-page\" data-elementor-id=\"64\" class=\"elementor elementor-64\">\n\t\t\t\t\t\t<section class=\"elementor-section elementor-top-section elementor-element elementor-element-403fd96 content_startup elementor-section-boxed elementor-section-height-default elementor-section-height-default elementor-invisible\" data-id=\"403fd96\" data-element_type=\"section\" data-e-type=\"section\" data-settings=\"{&quot;animation&quot;:&quot;fadeInLeft&quot;}\">\n\t\t\t\t\t\t<div class=\"elementor-container elementor-column-gap-default\">\n\t\t\t\t\t<div class=\"elementor-column elementor-col-100 elementor-top-column elementor-element elementor-element-656ca32\" data-id=\"656ca32\" data-element_type=\"column\" data-e-type=\"column\">\n\t\t\t<div class=\"elementor-widget-wrap elementor-element-populated\">\n\t\t\t\t\t\t<div class=\"elementor-element elementor-element-55fff8e elementor-widget elementor-widget-spacer\" data-id=\"55fff8e\" data-element_type=\"widget\" data-e-type=\"widget\" data-widget_type=\"spacer.default\">\n\t\t\t\t<div class=\"elementor-widget-container\">\n\t\t\t\t\t\t\t<div class=\"elementor-spacer\">\n\t\t\t<div class=\"elementor-spacer-inner\"><\/div>\n\t\t<\/div>\n\t\t\t\t\t\t<\/div>\n\t\t\t\t<\/div>\n\t\t\t\t<div class=\"elementor-element elementor-element-321a8a0 elementor-widget__width-auto elementor-widget elementor-widget-image\" data-id=\"321a8a0\" data-element_type=\"widget\" data-e-type=\"widget\" data-widget_type=\"image.default\">\n\t\t\t\t<div class=\"elementor-widget-container\">\n\t\t\t\t\t\t\t\t\t\t\t\t\t\t\t<img decoding=\"async\" src=\"https:\/\/ticamericas.net\/startup\/wp-content\/uploads\/sites\/12\/elementor\/thumbs\/icono-para-menus-qybpwoze9ehqmonx1f68an2pdgv1esxvztt8r0p7uo.png\" title=\"icono-para-menus.png\" alt=\"icono-para-menus.png\" loading=\"lazy\" \/>\t\t\t\t\t\t\t\t\t\t\t\t\t\t\t<\/div>\n\t\t\t\t<\/div>\n\t\t\t\t<div class=\"elementor-element elementor-element-c0a88f4 elementor-widget__width-auto elementor-widget elementor-widget-heading\" data-id=\"c0a88f4\" data-element_type=\"widget\" data-e-type=\"widget\" data-widget_type=\"heading.default\">\n\t\t\t\t<div class=\"elementor-widget-container\">\n\t\t\t\t\t<h2 class=\"elementor-heading-title elementor-size-default\">\u00bfQu\u00e9 es el TIC Americas?<\/h2>\t\t\t\t<\/div>\n\t\t\t\t<\/div>\n\t\t\t\t<div class=\"elementor-element elementor-element-a523a2a elementor-widget elementor-widget-spacer\" data-id=\"a523a2a\" data-element_type=\"widget\" data-e-type=\"widget\" data-widget_type=\"spacer.default\">\n\t\t\t\t<div class=\"elementor-widget-container\">\n\t\t\t\t\t\t\t<div class=\"elementor-spacer\">\n\t\t\t<div class=\"elementor-spacer-inner\"><\/div>\n\t\t<\/div>\n\t\t\t\t\t\t<\/div>\n\t\t\t\t<\/div>\n\t\t\t\t<div class=\"elementor-element elementor-element-0a8b38d elementor-widget elementor-widget-text-editor\" data-id=\"0a8b38d\" data-element_type=\"widget\" data-e-type=\"widget\" data-widget_type=\"text-editor.default\">\n\t\t\t\t<div class=\"elementor-widget-container\">\n\t\t\t\t\t\t\t\t\t<p><span style=\"font-weight: 400;\">Las <a href=\"https:\/\/ticamericas.net\/\" target=\"_blank\" rel=\"noopener\">Competencias Talento e Innovaci\u00f3n de las Am\u00e9ricas (TIC Americas)<\/a>, es un programa hemisf\u00e9rico desarrollado por el <a href=\"https:\/\/yabt.net\/es\/\" target=\"_blank\" rel=\"noopener\">Young Americas Business Trust (YABT)<\/a>, con el apoyo de la <a href=\"https:\/\/www.oas.org\/es\/default.asp\" target=\"_blank\" rel=\"noopener\">Secretar\u00eda General de la Organizaci\u00f3n de los Estados Americanos (OEA)<\/a> y en cooperaci\u00f3n con organizaciones p\u00fablicas y privadas nacionales, regionales y hemisf\u00e9ricas. TIC Americas se consolida como una plataforma de apoyo y fomento emprendedor m\u00e1s importante del hemisferio occidental, acelerando propuestas de negocios innovadoras y escalables que permitan solucionar los retos y las necesidades del hemisferio.<\/span><\/p>\t\t\t\t\t\t\t\t<\/div>\n\t\t\t\t<\/div>\n\t\t\t\t<div class=\"elementor-element elementor-element-a226ba1 elementor-widget elementor-widget-spacer\" data-id=\"a226ba1\" data-element_type=\"widget\" data-e-type=\"widget\" data-widget_type=\"spacer.default\">\n\t\t\t\t<div class=\"elementor-widget-container\">\n\t\t\t\t\t\t\t<div class=\"elementor-spacer\">\n\t\t\t<div class=\"elementor-spacer-inner\"><\/div>\n\t\t<\/div>\n\t\t\t\t\t\t<\/div>\n\t\t\t\t<\/div>\n\t\t\t\t<div class=\"elementor-element elementor-element-0cab7f4 elementor-widget-divider--view-line elementor-widget elementor-widget-divider\" data-id=\"0cab7f4\" data-element_type=\"widget\" data-e-type=\"widget\" data-widget_type=\"divider.default\">\n\t\t\t\t<div class=\"elementor-widget-container\">\n\t\t\t\t\t\t\t<div class=\"elementor-divider\">\n\t\t\t<span class=\"elementor-divider-separator\">\n\t\t\t\t\t\t<\/span>\n\t\t<\/div>\n\t\t\t\t\t\t<\/div>\n\t\t\t\t<\/div>\n\t\t\t\t<div class=\"elementor-element elementor-element-a8fd660 elementor-widget elementor-widget-spacer\" data-id=\"a8fd660\" data-element_type=\"widget\" data-e-type=\"widget\" data-widget_type=\"spacer.default\">\n\t\t\t\t<div class=\"elementor-widget-container\">\n\t\t\t\t\t\t\t<div class=\"elementor-spacer\">\n\t\t\t<div class=\"elementor-spacer-inner\"><\/div>\n\t\t<\/div>\n\t\t\t\t\t\t<\/div>\n\t\t\t\t<\/div>\n\t\t\t\t\t<\/div>\n\t\t<\/div>\n\t\t\t\t\t<\/div>\n\t\t<\/section>\n\t\t\t\t<section class=\"elementor-section elementor-top-section elementor-element elementor-element-2f27275 content_startup elementor-section-boxed elementor-section-height-default elementor-section-height-default elementor-invisible\" data-id=\"2f27275\" data-element_type=\"section\" data-e-type=\"section\" data-settings=\"{&quot;animation&quot;:&quot;fadeInRight&quot;}\">\n\t\t\t\t\t\t<div class=\"elementor-container elementor-column-gap-default\">\n\t\t\t\t\t<div class=\"elementor-column elementor-col-100 elementor-top-column elementor-element elementor-element-f69395e\" data-id=\"f69395e\" data-element_type=\"column\" data-e-type=\"column\">\n\t\t\t<div class=\"elementor-widget-wrap elementor-element-populated\">\n\t\t\t\t\t\t<div class=\"elementor-element elementor-element-cd670a2 elementor-widget__width-auto elementor-widget elementor-widget-image\" data-id=\"cd670a2\" data-element_type=\"widget\" data-e-type=\"widget\" data-widget_type=\"image.default\">\n\t\t\t\t<div class=\"elementor-widget-container\">\n\t\t\t\t\t\t\t\t\t\t\t\t\t\t\t<img decoding=\"async\" src=\"https:\/\/ticamericas.net\/startup\/wp-content\/uploads\/sites\/12\/elementor\/thumbs\/icono-para-menus-qybpwoze9ehqmonx1f68an2pdgv1esxvztt8r0p7uo.png\" title=\"icono-para-menus.png\" alt=\"icono-para-menus.png\" loading=\"lazy\" \/>\t\t\t\t\t\t\t\t\t\t\t\t\t\t\t<\/div>\n\t\t\t\t<\/div>\n\t\t\t\t<div class=\"elementor-element elementor-element-c509edf elementor-widget__width-initial elementor-widget elementor-widget-heading\" data-id=\"c509edf\" data-element_type=\"widget\" data-e-type=\"widget\" data-widget_type=\"heading.default\">\n\t\t\t\t<div class=\"elementor-widget-container\">\n\t\t\t\t\t<h2 class=\"elementor-heading-title elementor-size-default\">\u00bfQu\u00e9 es el Start-Up Challenge?<\/h2>\t\t\t\t<\/div>\n\t\t\t\t<\/div>\n\t\t\t\t<div class=\"elementor-element elementor-element-b10f517 elementor-widget elementor-widget-spacer\" data-id=\"b10f517\" data-element_type=\"widget\" data-e-type=\"widget\" data-widget_type=\"spacer.default\">\n\t\t\t\t<div class=\"elementor-widget-container\">\n\t\t\t\t\t\t\t<div class=\"elementor-spacer\">\n\t\t\t<div class=\"elementor-spacer-inner\"><\/div>\n\t\t<\/div>\n\t\t\t\t\t\t<\/div>\n\t\t\t\t<\/div>\n\t\t\t\t<div class=\"elementor-element elementor-element-9f4a59d elementor-widget elementor-widget-text-editor\" data-id=\"9f4a59d\" data-element_type=\"widget\" data-e-type=\"widget\" data-widget_type=\"text-editor.default\">\n\t\t\t\t<div class=\"elementor-widget-container\">\n\t\t\t\t\t\t\t\t\t<p><span style=\"font-weight: 400;\">El Start-Up Challenge forma parte de las\u00a0<\/span><a href=\"https:\/\/ticamericas.net\/\" target=\"_blank\" rel=\"noopener\"><span style=\"font-weight: 400;\">Competencias de Talento e Innovaci\u00f3n de las Am\u00e9ricas (TIC Americas)<\/span><\/a><span style=\"font-weight: 400;\">, programa pionero de innovaci\u00f3n juvenil desde el 2007. Start-Up Challenge identifica, apoya y premia soluciones innovadoras y nuevos modelos de negocios escalables que generen un impacto positivo a trav\u00e9s de la innovaci\u00f3n, el desarrollo sostenible y la econom\u00eda digital.\u00a0<\/span><\/p>\t\t\t\t\t\t\t\t<\/div>\n\t\t\t\t<\/div>\n\t\t\t\t<div class=\"elementor-element elementor-element-a85a510 elementor-widget elementor-widget-spacer\" data-id=\"a85a510\" data-element_type=\"widget\" data-e-type=\"widget\" data-widget_type=\"spacer.default\">\n\t\t\t\t<div class=\"elementor-widget-container\">\n\t\t\t\t\t\t\t<div class=\"elementor-spacer\">\n\t\t\t<div class=\"elementor-spacer-inner\"><\/div>\n\t\t<\/div>\n\t\t\t\t\t\t<\/div>\n\t\t\t\t<\/div>\n\t\t\t\t<div class=\"elementor-element elementor-element-614256a elementor-widget-divider--view-line elementor-widget elementor-widget-divider\" data-id=\"614256a\" data-element_type=\"widget\" data-e-type=\"widget\" data-widget_type=\"divider.default\">\n\t\t\t\t<div class=\"elementor-widget-container\">\n\t\t\t\t\t\t\t<div class=\"elementor-divider\">\n\t\t\t<span class=\"elementor-divider-separator\">\n\t\t\t\t\t\t<\/span>\n\t\t<\/div>\n\t\t\t\t\t\t<\/div>\n\t\t\t\t<\/div>\n\t\t\t\t<div class=\"elementor-element elementor-element-1a5e6fa elementor-widget elementor-widget-spacer\" data-id=\"1a5e6fa\" data-element_type=\"widget\" data-e-type=\"widget\" data-widget_type=\"spacer.default\">\n\t\t\t\t<div class=\"elementor-widget-container\">\n\t\t\t\t\t\t\t<div class=\"elementor-spacer\">\n\t\t\t<div class=\"elementor-spacer-inner\"><\/div>\n\t\t<\/div>\n\t\t\t\t\t\t<\/div>\n\t\t\t\t<\/div>\n\t\t\t\t\t<\/div>\n\t\t<\/div>\n\t\t\t\t\t<\/div>\n\t\t<\/section>\n\t\t\t\t<\/div>\n\t\t","protected":false},"excerpt":{"rendered":"<p>\u00bfQu\u00e9 es el TIC Americas? Las Competencias Talento e Innovaci\u00f3n de las Am\u00e9ricas (TIC Americas), es un programa hemisf\u00e9rico desarrollado por el Young Americas Business Trust (YABT), con el apoyo de la Secretar\u00eda General de la Organizaci\u00f3n de los Estados Americanos (OEA) y en cooperaci\u00f3n con organizaciones p\u00fablicas y privadas nacionales, regionales y hemisf\u00e9ricas. TIC [&hellip;]<\/p>\n","protected":false},"author":1,"featured_media":0,"parent":31,"menu_order":0,"comment_status":"closed","ping_status":"closed","template":"elementor_header_footer","meta":{"footnotes":""},"class_list":["post-64","page","type-page","status-publish","hentry"],"_links":{"self":[{"href":"https:\/\/ticamericas.net\/startup\/wp-json\/wp\/v2\/pages\/64","targetHints":{"allow":["GET"]}}],"collection":[{"href":"https:\/\/ticamericas.net\/startup\/wp-json\/wp\/v2\/pages"}],"about":[{"href":"https:\/\/ticamericas.net\/startup\/wp-json\/wp\/v2\/types\/page"}],"author":[{"embeddable":true,"href":"https:\/\/ticamericas.net\/startup\/wp-json\/wp\/v2\/users\/1"}],"replies":[{"embeddable":true,"href":"https:\/\/ticamericas.net\/startup\/wp-json\/wp\/v2\/comments?post=64"}],"version-history":[{"count":13,"href":"https:\/\/ticamericas.net\/startup\/wp-json\/wp\/v2\/pages\/64\/revisions"}],"predecessor-version":[{"id":742,"href":"https:\/\/ticamericas.net\/startup\/wp-json\/wp\/v2\/pages\/64\/revisions\/742"}],"up":[{"embeddable":true,"href":"https:\/\/ticamericas.net\/startup\/wp-json\/wp\/v2\/pages\/31"}],"wp:attachment":[{"href":"https:\/\/ticamericas.net\/startup\/wp-json\/wp\/v2\/media?parent=64"}],"curies":[{"name":"wp","href":"https:\/\/api.w.org\/{rel}","templated":true}]}}