{"id":315,"date":"2025-01-10T04:05:54","date_gmt":"2025-01-10T04:05:54","guid":{"rendered":"https:\/\/ticamericas.net\/startup\/?page_id=315"},"modified":"2025-01-10T05:04:53","modified_gmt":"2025-01-10T05:04:53","slug":"terminos-y-condiciones","status":"publish","type":"page","link":"https:\/\/ticamericas.net\/startup\/es\/reglas\/terminos-y-condiciones\/","title":{"rendered":"T\u00e9rminos y Condiciones"},"content":{"rendered":"\t\t<div data-elementor-type=\"wp-page\" data-elementor-id=\"315\" class=\"elementor elementor-315\">\n\t\t\t\t\t\t<section class=\"elementor-section elementor-top-section elementor-element elementor-element-feb19ce elementor-section-boxed elementor-section-height-default elementor-section-height-default\" data-id=\"feb19ce\" data-element_type=\"section\" data-e-type=\"section\">\n\t\t\t\t\t\t<div class=\"elementor-container elementor-column-gap-default\">\n\t\t\t\t\t<div class=\"elementor-column elementor-col-100 elementor-top-column elementor-element elementor-element-1233939\" data-id=\"1233939\" data-element_type=\"column\" data-e-type=\"column\">\n\t\t\t<div class=\"elementor-widget-wrap elementor-element-populated\">\n\t\t\t\t\t\t<div class=\"elementor-element elementor-element-f352312 elementor-widget elementor-widget-text-editor\" data-id=\"f352312\" data-element_type=\"widget\" data-e-type=\"widget\" data-widget_type=\"text-editor.default\">\n\t\t\t\t<div class=\"elementor-widget-container\">\n\t\t\t\t\t\t\t\t\t<p><strong>A. Organizador y Co-organizador<\/strong><\/p><p>Organizador de Start-Up Challenge: Young Americas Business Trust, 1889 F Street NW, Washington, DC, 20006, Estados Unidos.<\/p><p>Co-Organizador de Start-Up Challenge: Banco de Reservas de la Rep\u00fablica Dominicana, Banco M\u00faltiple (Banreservas), Avenida Winston Churchill, esquina Porfirio Herrera, Piantini, Santo Domingo, Distrito Nacional, Rep\u00fablica Dominicana.<\/p><p><strong>B. Ley Aplicable<\/strong><\/p><p>Estos t\u00e9rminos se regir\u00e1n y se interpretar\u00e1n de acuerdo con las leyes de los Estados Unidos de Am\u00e9rica.<\/p><p><strong>C. Confidencialidad<\/strong><\/p><p>Principio de Confidencialidad<\/p><p>El Organizador, Young Americas Business Trust (YABT), los jueces y cualquier otra persona involucrada en TIC Americas y Start-Up Challenge mantendr\u00e1n el fiel cumplimiento del Principio de Confidencialidad de los proyectos presentados por los equipos para TIC Americas de acuerdo con las Reglas, T\u00e9rminos y Condiciones.<\/p><p>Toda la informaci\u00f3n presentada por los Equipos durante las Semifinales en l\u00ednea se considera confidencial por parte de YABT. Se pedir\u00e1 a los Equipos que proporcionen un resumen del proyecto que estar\u00e1 disponible para el p\u00fablico a trav\u00e9s de los sitios web de YABT, Banreservas, TIC Americas e Start-Up Challenge, boletines informativos y revistas. Los sitios web mencionados por los Equipos en el Perfil de Equipo y las cuentas de redes sociales se considerar\u00e1n informaci\u00f3n p\u00fablica. Durante las Semifinales en l\u00ednea y las Finales Virtuales, los Planes de Proyecto ser\u00e1n revisados por los jueces, quienes previamente han acordado mantener la confidencialidad de los Planes de Negocios\/Proyectos.<\/p><p>Es responsabilidad de los Equipos decidir qu\u00e9 informaci\u00f3n y cu\u00e1nta debe divulgarse en cualquier momento durante su participaci\u00f3n en TIC Americas y Start-Up Challenge. YABT y Banreservas no son responsables de ning\u00fan tipo de quejas o demandas de un tercero que afirme que un proyecto o trabajo presentado y presentado a TIC Americas e Start-Up Challenge contiene trabajo propio que consideran como propio.<\/p><p>YABT se compromete a proteger la privacidad y confidencialidad de los Equipos.<\/p><p><strong>1. Materiales de la Competencia<\/strong><\/p><p>Debido a la naturaleza de Start-Up Challenge, el Organizador y los Jueces tendr\u00e1n acceso a Informaci\u00f3n Empresarial Confidencial. &#8220;Informaci\u00f3n Empresarial Confidencial&#8221; significa cualquier informaci\u00f3n divulgada a trav\u00e9s de los Materiales de la Competencia u otro material presentado por los Equipos sobre sus tecnolog\u00edas, planes de negocios, documentos estrat\u00e9gicos o financieros, proyecciones, datos de investigaci\u00f3n de mercado sobre productos y servicios, secretos comerciales y planes de producci\u00f3n, etc., que forman parte de su negocio y no son de conocimiento p\u00fablico.<\/p><p>La Informaci\u00f3n Empresarial Confidencial no incluye ninguna informaci\u00f3n que (i) est\u00e9 ahora en el dominio p\u00fablico o ingrese m\u00e1s tarde en el dominio p\u00fablico sin ning\u00fan acto indebido de un tercero, (ii) estuviera en posesi\u00f3n de YABT, un Juez, Mentor, Patrocinadores u otro socio antes de que el Equipo entregara la informaci\u00f3n, (iii) sea o haya sido desarrollada de manera independiente por un tercero, (iv) se haya difundido con la autorizaci\u00f3n de un miembro del Equipo para divulgar la informaci\u00f3n a un tercero o (v) deba divulgarse de acuerdo con los requisitos de la ley o un proceso legal, siempre que se notifique al equipo con anticipaci\u00f3n sobre la necesidad de dicha divulgaci\u00f3n. Los sitios web, cuentas de redes sociales y otras presencias en l\u00ednea enumerados por los Equipos durante el registro se considerar\u00e1n de conocimiento p\u00fablico.<\/p><p>Al enviar los Materiales de la Competencia, los Equipos aceptan que los Materiales de la Competencia y su correspondiente Informaci\u00f3n Empresarial Confidencial se recopilar\u00e1n y guardar\u00e1n en la base de datos de Start-Up Challenge. No se utilizar\u00e1 dichos materiales o informaci\u00f3n para ning\u00fan prop\u00f3sito que no sea evaluar o proporcionar apoyo a los Equipos, al menos que lo exija la ley o una orden judicial.<\/p><p><strong>2. Perfiles de Equipos<\/strong><\/p><p>Los Perfiles de Equipos, incluyendo, entre otros, el resumen del plan de negocios y las fotograf\u00edas de los Miembros del Equipo, se consideran p\u00fablicos y pueden ser compartidos en parte o en su totalidad por el Organizador y el Coorganizador a trav\u00e9s de sus sitios web, boletines informativos y revistas. YABT y Banreservas tienen autorizados los derechos de uso gratuito, reproducci\u00f3n y difusi\u00f3n del Perfil del Equipo y las Fotograf\u00edas con fines de TIC Americas y Start-Up Challenge.<\/p><p>Los Datos Personales contenidos en el Perfil del Equipo permanecer\u00e1 confidencial y ser\u00e1 retenida por YABT, quien cumplir\u00e1 con las leyes de privacidad aplicables de los pa\u00edses participantes para proteger adecuadamente la informaci\u00f3n personal y empresarial de los solicitantes.<\/p><p>YABT recopilar\u00e1 y almacenar\u00e1 el Perfil del Equipo, incluyendo, entre otros, informaci\u00f3n personal como correo electr\u00f3nico, tel\u00e9fono, g\u00e9nero, direcci\u00f3n, edad y nivel de educaci\u00f3n, en parte para dirigir comunicaciones sobre nuevos programas, competencias, eventos, promociones y nuevos productos al Equipo. Si en alg\u00fan momento el Equipo desea dejar de recibir comunicaciones y\/o eliminar sus datos, el Equipo puede enviar la solicitud por correo electr\u00f3nico directamente a YABT.<\/p><p>Se entiende y se acuerda que esta condici\u00f3n de uso del Perfil, informaci\u00f3n personal y fotograf\u00edas de los Equipos no viola el Principio de Confidencialidad descrito anteriormente ni genera en ning\u00fan momento una obligaci\u00f3n de pago u otra remuneraci\u00f3n como actividad lucrativa a favor del Equipo por dicho uso.<\/p><p><strong>D. Propiedad Intelectual<\/strong><\/p><p>Los Equipos conservan los Derechos de Propiedad Intelectual sobre todos los materiales presentados, incluyendo, entre otros, sus Materiales de la Competencia individuales y Perfiles de Equipos.<\/p><p>Es responsabilidad de los Equipos decidir qu\u00e9 informaci\u00f3n se divulgar\u00e1 durante su participaci\u00f3n en TIC Americas y Start-Up Challenge. YABT y los Patrocinadores no son responsables de ning\u00fan tipo de quejas o demandas de un tercero que afirme que un proyecto o trabajo presentado en TIC Americas contiene trabajo patentado o que consideran un trabajo suyo.<\/p><p><strong>1. Materiales de la Competencia<\/strong><\/p><p>Los Equipos conservar\u00e1n los Derechos de Autor de los Materiales de la Competencia. Todos los Equipos que se registren se consideran autores de los Materiales de la Competencia que presentan. El Organizador y el Co-organizador no retienen ning\u00fan inter\u00e9s en los Derechos de Autor. Si los Equipos tienen derechos de propiedad intelectual, derechos de autor o marcas registradas sobre el contenido presentado como parte de los Materiales de la Competencia, los Miembros del Equipo conservar\u00e1n una licencia no exclusiva, irrevocable, transferible, sublicenciable, libre de regal\u00edas, mundial y perpetua de sus materiales.<\/p><p>Al enviar los Materiales de la Competencia, aceptas que no hay derechos de propiedad intelectual, derechos de autor, marcas registradas u otras restricciones impuestas por ti o por otras partes que impidan que se comparta cualquier contenido de los Materiales de la Competencia. El Organizador y el Co-organizador no son responsables de ning\u00fan tipo de quejas o demandas de un tercero que afirme que los Materiales de la Competencia u otros materiales presentados en Start-Up Challenge contienen trabajo patentado o que consideran un trabajo suyo.<\/p><p><strong>2. Perfiles de Equipos<\/strong><\/p><p>Al enviar un Perfil de Equipo, los Equipos otorgan de manera irrevocable al Organizador y al Co-organizador y a sus agentes una licencia perpetua, incondicional, no exclusiva, transferible, sublicenciable, libre de regal\u00edas, a nivel mundial para el uso, publicaci\u00f3n, adaptaci\u00f3n, edici\u00f3n y\/o modificaci\u00f3n de dichas fotograf\u00edas e informaci\u00f3n, incluyendo el resumen del plan de negocios, pero excluyendo la informaci\u00f3n de datos personales, ya sea solo o acompa\u00f1ado de otros materiales, en su totalidad o en parte, en un formato editado, modificado o alterado, de cualquier manera y en cualquier medio, con cualquier prop\u00f3sito, en cualquier momento en adelante, sin limitaci\u00f3n, a discreci\u00f3n exclusiva del Organizador y el Coorganizador y sin examen previo, aprobaci\u00f3n o consideraci\u00f3n a Equipos y miembros del Equipo. El Organizador y el Co-organizador incluir\u00e1n cr\u00e9ditos por escrito al Equipo en cualquier material publicado que utilice datos proporcionados en el Perfil del Equipo.<\/p><p>Los Equipos no tienen derecho a compensaci\u00f3n en relaci\u00f3n con los derechos otorgados anteriormente y liberan y eximen al Organizador y al Co-organizador de cualquier reclamo y responsabilidad relacionados con dichas fotograf\u00edas o informaci\u00f3n, incluyendo, entre otros, cualquier reclamo basado en difamaci\u00f3n, derecho a la publicidad, derecho a la privacidad o apropiaci\u00f3n comercial o uso de nombre o imagen.<\/p><p>Todos los Equipos acuerdan adem\u00e1s liberar e indemnizar y eximir de responsabilidad al Organizador, Co-organizador, Patrocinadores, Jueces u otros socios y empleados, incluyendo honorarios de abogados y p\u00e9rdidas por reclamos de infracci\u00f3n, de cualquier y todos los reclamos de que cualquier material comercial, publicitario, de presentaci\u00f3n, contenido web o cualquier otro material posteriormente producido, presentado y\/o preparado por o en nombre del Organizador y el Co-organizador infringe los derechos de la obra de los Equipos contenidos en cualquier Material de la Competencia.<\/p><p><strong>E. Descalificaci\u00f3n<\/strong><\/p><p>YABT puede descalificar a cualquier Equipo si:<\/p><ul><li>Existe una conducta ilegal, alegada o publicitada de cualquier Miembro del Equipo o Mentor registrado, ya sea identificada por el Equipo o por YABT;<\/li><li>El comportamiento de cualquier Miembro del Equipo registrado se considera ofensivo o viola los est\u00e1ndares de comportamiento generalmente aceptados en la comunidad, incluyendo, entre otros, el uso de drogas il\u00edcitas o intoxicaci\u00f3n p\u00fablica; acoso o intimidaci\u00f3n de otros Equipos; otro comportamiento obsceno; violaci\u00f3n de derechos de propiedad intelectual, derechos de autor o marcas registradas; o cualquier acci\u00f3n que demuestre una falta extrema de colegialidad y esp\u00edritu deportivo.<\/li><\/ul><p>Los Equipos descalificados y cada Miembro del Equipo ya no ser\u00e1n elegibles para competir en futuras ediciones del Programa TIC Americas.<\/p><p><strong>F. Consideraciones fiscales y legales<\/strong><\/p><p>El premio en efectivo puede tener implicaciones legales o fiscales para el Estado tributario nacional del Equipo en su pa\u00eds de origen y los pagos de impuestos ser\u00e1n responsabilidad exclusiva del Equipo ganador. El Organizador y el Co-organizador no tienen ninguna responsabilidad fiscal ni obligaciones legales relacionadas con los Equipos, ni representa ni pretende representar a los Equipos como tal.<\/p><p>La participaci\u00f3n en cualquiera o todas las actividades relacionadas con Start-Up Challenge es voluntaria.<\/p><p>Los Equipos, Jueces o Mentores no recibir\u00e1n compensaci\u00f3n a cambio de su participaci\u00f3n m\u00e1s all\u00e1 de las oportunidades de capacitaci\u00f3n y los premios establecidos en las Reglas.<\/p><p><strong>G. Aceptaci\u00f3n de los T\u00e9rminos y Condiciones<\/strong><\/p><p>El registro en Start-Up Challenge constituye la aceptaci\u00f3n, en nombre de todas las personas que se registran como parte del Equipo, de todas las Reglas, T\u00e9rminos y Condiciones, incluidos en este documento. Adem\u00e1s, al registrarse, todos los Equipos y Miembros del Equipo acuerdan que:<\/p><p style=\"padding-left: 40px;\">A. Cualquier disputa, reclamo y causa de acci\u00f3n que surja de su participaci\u00f3n se resolver\u00e1 de manera individual, sin recurrir a ninguna forma de acci\u00f3n colectiva;<br \/>B. Cualquier y todos los reclamos, fallos y premios se limitar\u00e1n a los costos reales de terceros, excluyendo cualquier costo de bolsillo, pero en ning\u00fan caso se otorgar\u00e1n ni ser\u00e1n recuperables los honorarios de abogados del Organizador y el Coorganizador;<br \/>C. El Equipo renuncia consciente y expresamente a todos los derechos para buscar da\u00f1os punitivos, da\u00f1os incidentales, consecuentes o especiales, lucro cesante y\/o cualquier otro da\u00f1o;<br \/>D. Renuncian irrevocablemente a cualquier derecho a buscar medidas cautelares o equitativas.<\/p><p><strong>I. Limitaciones de responsabilidad y liberaci\u00f3n<\/strong><\/p><p>El Organizador, Co-organizador, Jueces o Patrocinadores no asumen responsabilidad ni obligaci\u00f3n alguna derivada de la participaci\u00f3n de los usuarios en Start-Up Challenge ni de su intento de participaci\u00f3n, ni de su capacidad o incapacidad para cargar o descargar informaci\u00f3n en relaci\u00f3n con la participaci\u00f3n en Start-Up Challenge. No se asume responsabilidad ni obligaci\u00f3n alguna por problemas t\u00e9cnicos o mal funcionamiento t\u00e9cnico que surja en relaci\u00f3n con cualquiera de las siguientes circunstancias u otras circunstancias que puedan afectar el funcionamiento de Start-Up Challenge: errores de hardware o software; fallas de computadoras, tel\u00e9fonos, cables, sat\u00e9lites, redes, comunicaciones electr\u00f3nicas, inal\u00e1mbricas o en l\u00ednea u otros problemas de comunicaci\u00f3n en l\u00ednea; errores o limitaciones de los proveedores de servicios de Internet, servidores, anfitriones o proveedores; transmisiones de datos defectuosas, confusas o defectuosas; fallos en el env\u00edo o recepci\u00f3n de transmisiones de correo electr\u00f3nico; fallos en el env\u00edo o la recepci\u00f3n de transmisiones de correo electr\u00f3nico perdidas, tard\u00edas, demoradas o interceptadas; falta de acceso al Sitio web, en su totalidad o en parte, por cualquier motivo; congesti\u00f3n de tr\u00e1fico en Internet o en el Sitio web; intervenci\u00f3n no autorizada de seres humanos o no humanos en la operaci\u00f3n de Start-Up Challenge, incluyendo, sin limitaci\u00f3n, manipulaci\u00f3n no autorizada, pirater\u00eda, robo, virus, errores, gusanos inform\u00e1tico; o destrucci\u00f3n de cualquier aspecto de Start-Up Challenge, o p\u00e9rdida, recuento incorrecto, desviaci\u00f3n, falta de acceso o no disponibilidad de una cuenta de correo electr\u00f3nico utilizada en relaci\u00f3n con Start-Up Challenge.<\/p><p>El Organizador, el Co-organizador, los Jueces y los Patrocinadores no son responsables de lesiones personales, da\u00f1os materiales o p\u00e9rdidas de cualquier tipo que puedan sufrir el equipo o cualquier otra persona en su equipo debido a su participaci\u00f3n en Start-Up Challenge, al uso del Sitio web o a la descarga de cualquier informaci\u00f3n del Sitio web. Al participar en Start-Up Challenge, el Equipo libera al Organizador, al Co-organizador, a los Jueces o a los Patrocinadores de cualquier reclamaci\u00f3n, da\u00f1o o responsabilidad derivada de su participaci\u00f3n en Start-Up Challenge. Al aceptar un premio en Start-Up Challenge, cada Equipo acuerda que el Organizador, el Co-organizador, los Jueces o los Patrocinadores no ser\u00e1n responsables de ninguna p\u00e9rdida o lesi\u00f3n derivada de su participaci\u00f3n, aceptaci\u00f3n o uso de cualquier premio, o de cualquier viaje relacionado con el mismo. El Organizador, el Coorganizador, los Jueces o los Patrocinadores no ser\u00e1n responsables en caso de que alguna parte de Start-Up Challenge, el evento o la transmisi\u00f3n del evento sea cancelada debido a condiciones clim\u00e1ticas, incendios, huelgas, actos de guerra o terrorismo, o cualquier otra condici\u00f3n que est\u00e9 fuera de su control (un &#8220;Evento de Fuerza Mayor&#8221;).<\/p><p>Los Equipos aceptan que el Organizador y el Co-organizador tienen el derecho exclusivo de decidir sobre todos los asuntos y disputas que surjan en Start-Up Challenge y que todas las decisiones del Organizador y el Co-organizador son definitivas y vinculantes. Al aceptar un premio, los Equipos acuerdan liberar, indemnizar y eximir de responsabilidad al Organizador, al Coorganizador, a los Jueces o a los Patrocinadores, as\u00ed como a cada una de sus respectivas empresas matrices y organizaciones afiliadas, y a cada uno de sus empleados, representantes, contratistas, anunciantes, de cualquier responsabilidad, p\u00e9rdida, da\u00f1o, costo o reclamo relacionado con cualquier alegaci\u00f3n relacionada con la aceptaci\u00f3n o el uso de su premio, incluyendo, pero no limitado a, la emisi\u00f3n del plan de negocios comercial.<\/p><p><strong>J. Modificaci\u00f3n de las Reglas, T\u00e9rminos y Condiciones<\/strong><\/p><p>El Organizador y el Co-organizador pueden modificar las Reglas, T\u00e9rminos y Condiciones, incluyendo aumentar, disminuir o eliminar Premios. El Organizador y el Co-organizador tambi\u00e9n pueden modificar las fechas de Start-Up Challenge o suspender temporal o definitivamente la ejecuci\u00f3n de Start-Up Challenge, seg\u00fan lo consideren apropiado.<\/p><p>Todas las modificaciones a los T\u00e9rminos y Condiciones actuales se publicar\u00e1n en el Sitio web del programa. La versi\u00f3n actual publicada en el Sitio web se considera la versi\u00f3n aplicable y final.<\/p>\t\t\t\t\t\t\t\t<\/div>\n\t\t\t\t<\/div>\n\t\t\t\t\t<\/div>\n\t\t<\/div>\n\t\t\t\t\t<\/div>\n\t\t<\/section>\n\t\t\t\t<\/div>\n\t\t","protected":false},"excerpt":{"rendered":"<p>A. Organizador y Co-organizador Organizador de Start-Up Challenge: Young Americas Business Trust, 1889 F Street NW, Washington, DC, 20006, Estados Unidos. Co-Organizador de Start-Up Challenge: Banco de Reservas de la Rep\u00fablica Dominicana, Banco M\u00faltiple (Banreservas), Avenida Winston Churchill, esquina Porfirio Herrera, Piantini, Santo Domingo, Distrito Nacional, Rep\u00fablica Dominicana. B. Ley Aplicable Estos t\u00e9rminos se regir\u00e1n [&hellip;]<\/p>\n","protected":false},"author":1,"featured_media":0,"parent":106,"menu_order":0,"comment_status":"closed","ping_status":"closed","template":"","meta":{"footnotes":""},"class_list":["post-315","page","type-page","status-publish","hentry"],"_links":{"self":[{"href":"https:\/\/ticamericas.net\/startup\/wp-json\/wp\/v2\/pages\/315","targetHints":{"allow":["GET"]}}],"collection":[{"href":"https:\/\/ticamericas.net\/startup\/wp-json\/wp\/v2\/pages"}],"about":[{"href":"https:\/\/ticamericas.net\/startup\/wp-json\/wp\/v2\/types\/page"}],"author":[{"embeddable":true,"href":"https:\/\/ticamericas.net\/startup\/wp-json\/wp\/v2\/users\/1"}],"replies":[{"embeddable":true,"href":"https:\/\/ticamericas.net\/startup\/wp-json\/wp\/v2\/comments?post=315"}],"version-history":[{"count":7,"href":"https:\/\/ticamericas.net\/startup\/wp-json\/wp\/v2\/pages\/315\/revisions"}],"predecessor-version":[{"id":336,"href":"https:\/\/ticamericas.net\/startup\/wp-json\/wp\/v2\/pages\/315\/revisions\/336"}],"up":[{"embeddable":true,"href":"https:\/\/ticamericas.net\/startup\/wp-json\/wp\/v2\/pages\/106"}],"wp:attachment":[{"href":"https:\/\/ticamericas.net\/startup\/wp-json\/wp\/v2\/media?parent=315"}],"curies":[{"name":"wp","href":"https:\/\/api.w.org\/{rel}","templated":true}]}}