{"id":292,"date":"2025-01-10T03:51:01","date_gmt":"2025-01-10T03:51:01","guid":{"rendered":"https:\/\/ticamericas.net\/startup\/?page_id=292"},"modified":"2025-01-14T23:04:52","modified_gmt":"2025-01-14T23:04:52","slug":"jueces","status":"publish","type":"page","link":"https:\/\/ticamericas.net\/startup\/es\/reglas\/jueces\/","title":{"rendered":"Jueces"},"content":{"rendered":"\t\t<div data-elementor-type=\"wp-page\" data-elementor-id=\"292\" class=\"elementor elementor-292\">\n\t\t\t\t\t\t<section class=\"elementor-section elementor-top-section elementor-element elementor-element-2bf5dec elementor-section-boxed elementor-section-height-default elementor-section-height-default\" data-id=\"2bf5dec\" data-element_type=\"section\" data-e-type=\"section\">\n\t\t\t\t\t\t<div class=\"elementor-container elementor-column-gap-default\">\n\t\t\t\t\t<div class=\"elementor-column elementor-col-100 elementor-top-column elementor-element elementor-element-ca5acd9\" data-id=\"ca5acd9\" data-element_type=\"column\" data-e-type=\"column\">\n\t\t\t<div class=\"elementor-widget-wrap elementor-element-populated\">\n\t\t\t\t\t\t<div class=\"elementor-element elementor-element-195b3d1 elementor-widget elementor-widget-text-editor\" data-id=\"195b3d1\" data-element_type=\"widget\" data-e-type=\"widget\" data-widget_type=\"text-editor.default\">\n\t\t\t\t<div class=\"elementor-widget-container\">\n\t\t\t\t\t\t\t\t\t<p>Los Jueces eval\u00faan los Materiales de la Competencia, califican a los Equipos y seleccionan, junto con los organizadores, a los ganadores de Start-Up Challenge. Los Jueces son seleccionados en funci\u00f3n de los siguientes criterios:<\/p><ul><li>Experiencia profesional en sectores como el desarrollo de microempresas y\/o negocios, organizaci\u00f3n comunitaria, academia, c\u00e1maras de comercio y \u00e1reas t\u00e9cnicas relacionadas con el desarrollo sostenible.<\/li><li>Dominio del ingl\u00e9s y\/o espa\u00f1ol.<\/li><li>Experiencia previa como jueces en competencias de TIC Americas, cuando sea aplicable.<\/li><\/ul><p>Las siguientes personas no son elegibles para participar como Jueces:<\/p><ul><li style=\"font-weight: 400;\" aria-level=\"1\"><span style=\"font-weight: 400;\">Personal de YABT, miembros de su Junta Directiva y cap\u00edtulos nacionales.<\/span><\/li><li style=\"font-weight: 400;\" aria-level=\"1\"><span style=\"font-weight: 400;\">Mentores del Programa TIC Americas.<\/span><\/li><li style=\"font-weight: 400;\" aria-level=\"1\"><span style=\"font-weight: 400;\">Personal de la Secretar\u00eda General de la Organizaci\u00f3n de los Estados Americanos; y<\/span><\/li><li style=\"font-weight: 400;\" aria-level=\"1\"><span style=\"font-weight: 400;\">Familiares directos de cualquier persona mencionada anteriormente.<\/span><\/li><\/ul><p>Los Jueces aceptan un acuerdo de confidencialidad, manifestando no tener conflictos de inter\u00e9s y que cumplen con las Reglas, T\u00e9rminos y Condiciones del programa para poder participar. Los Jueces acordar\u00e1n calificar a los equipos de manera completa e imparcial en funci\u00f3n de la calidad t\u00e9cnica y la presentaci\u00f3n de los Materiales\/Entregables y del desempe\u00f1o del equipo durante Start-Up Challenge, sin tener en cuenta el g\u00e9nero, la nacionalidad, la edad, el nivel de educaci\u00f3n, la etnia, la orientaci\u00f3n sexual, la religi\u00f3n u otros factores discriminatorios. Los Jueces participan de manera voluntaria y no ser\u00e1n remunerados por el equipo, por YABT, Banreservas, los Patrocinadores, TIC Americas, Start-Up Challenge u otros socios.<\/p><p>YABT proporcionar\u00e1 capacitaci\u00f3n y seguimiento a los Jueces para garantizar la aplicaci\u00f3n coherente y apropiada de los Criterios de Evaluaci\u00f3n (ver \u201cCriterios de Evaluaci\u00f3n\u201d) y el proceso de selecci\u00f3n.<\/p>\t\t\t\t\t\t\t\t<\/div>\n\t\t\t\t<\/div>\n\t\t\t\t\t<\/div>\n\t\t<\/div>\n\t\t\t\t\t<\/div>\n\t\t<\/section>\n\t\t\t\t<\/div>\n\t\t","protected":false},"excerpt":{"rendered":"<p>Los Jueces eval\u00faan los Materiales de la Competencia, califican a los Equipos y seleccionan, junto con los organizadores, a los ganadores de Start-Up Challenge. Los Jueces son seleccionados en funci\u00f3n de los siguientes criterios: Experiencia profesional en sectores como el desarrollo de microempresas y\/o negocios, organizaci\u00f3n comunitaria, academia, c\u00e1maras de comercio y \u00e1reas t\u00e9cnicas relacionadas [&hellip;]<\/p>\n","protected":false},"author":1,"featured_media":0,"parent":106,"menu_order":0,"comment_status":"closed","ping_status":"closed","template":"","meta":{"footnotes":""},"class_list":["post-292","page","type-page","status-publish","hentry"],"_links":{"self":[{"href":"https:\/\/ticamericas.net\/startup\/wp-json\/wp\/v2\/pages\/292","targetHints":{"allow":["GET"]}}],"collection":[{"href":"https:\/\/ticamericas.net\/startup\/wp-json\/wp\/v2\/pages"}],"about":[{"href":"https:\/\/ticamericas.net\/startup\/wp-json\/wp\/v2\/types\/page"}],"author":[{"embeddable":true,"href":"https:\/\/ticamericas.net\/startup\/wp-json\/wp\/v2\/users\/1"}],"replies":[{"embeddable":true,"href":"https:\/\/ticamericas.net\/startup\/wp-json\/wp\/v2\/comments?post=292"}],"version-history":[{"count":7,"href":"https:\/\/ticamericas.net\/startup\/wp-json\/wp\/v2\/pages\/292\/revisions"}],"predecessor-version":[{"id":442,"href":"https:\/\/ticamericas.net\/startup\/wp-json\/wp\/v2\/pages\/292\/revisions\/442"}],"up":[{"embeddable":true,"href":"https:\/\/ticamericas.net\/startup\/wp-json\/wp\/v2\/pages\/106"}],"wp:attachment":[{"href":"https:\/\/ticamericas.net\/startup\/wp-json\/wp\/v2\/media?parent=292"}],"curies":[{"name":"wp","href":"https:\/\/api.w.org\/{rel}","templated":true}]}}