{"id":276,"date":"2025-01-10T03:45:32","date_gmt":"2025-01-10T03:45:32","guid":{"rendered":"https:\/\/ticamericas.net\/startup\/?page_id=276"},"modified":"2025-01-10T05:03:41","modified_gmt":"2025-01-10T05:03:41","slug":"rondas-de-competencia-seleccion-y-premiacion-de-ganadores","status":"publish","type":"page","link":"https:\/\/ticamericas.net\/startup\/es\/reglas\/rondas-de-competencia-seleccion-y-premiacion-de-ganadores\/","title":{"rendered":"Rondas de Competencia, Selecci\u00f3n y Premiaci\u00f3n de Ganadores"},"content":{"rendered":"\t\t<div data-elementor-type=\"wp-page\" data-elementor-id=\"276\" class=\"elementor elementor-276\">\n\t\t\t\t\t\t<section class=\"elementor-section elementor-top-section elementor-element elementor-element-9d507bd elementor-section-boxed elementor-section-height-default elementor-section-height-default\" data-id=\"9d507bd\" data-element_type=\"section\" data-e-type=\"section\">\n\t\t\t\t\t\t<div class=\"elementor-container elementor-column-gap-default\">\n\t\t\t\t\t<div class=\"elementor-column elementor-col-100 elementor-top-column elementor-element elementor-element-6c8723e\" data-id=\"6c8723e\" data-element_type=\"column\" data-e-type=\"column\">\n\t\t\t<div class=\"elementor-widget-wrap elementor-element-populated\">\n\t\t\t\t\t\t<div class=\"elementor-element elementor-element-2856a52 elementor-widget elementor-widget-text-editor\" data-id=\"2856a52\" data-element_type=\"widget\" data-e-type=\"widget\" data-widget_type=\"text-editor.default\">\n\t\t\t\t<div class=\"elementor-widget-container\">\n\t\t\t\t\t\t\t\t\t<p>Start-Up Challenge se llevar\u00e1 a cabo en tres rondas de competencia: Elegibilidad, Semifinales y Finales.<\/p><p><strong>Ronda de Elegibilidad<\/strong><\/p><p>Durante la Ronda de Elegibilidad, los organizadores revisar\u00e1n los Perfiles de Equipos y Materiales de la Competencia para verificar el cumplimiento de los criterios de elegibilidad establecidos en las Reglas. Los equipos que cumplan con todos los requisitos de elegibilidad ser\u00e1n asignados a jueces y pasar\u00e1n a la ronda de Semifinales. YABT se reserva, a su exclusivo criterio, el derecho de eliminar una Categor\u00eda o Categor\u00edas si los Equipos y Materiales de la Competencia en esa Categor\u00eda no alcanzan un nivel adecuado de calidad.<\/p><p><strong>Ronda de Semifinales<\/strong><\/p><p>Durante la ronda de Semifinales, los Materiales de la Competencia de cada Equipo ser\u00e1n evaluados y calificados por los Jueces de acuerdo con los Criterios de Evaluaci\u00f3n (ver \u201cCriterios de Evaluaci\u00f3n\u201d).<\/p><p>Cada Equipo recibir\u00e1 una calificaci\u00f3n, que se obtendr\u00e1 a partir de la suma de las puntuaciones individuales de los jueces. YABT tambi\u00e9n tendr\u00e1 en cuenta la representaci\u00f3n geogr\u00e1fica, sectorial, de g\u00e9nero, entre otros, para asegurarse de que los Equipos con las calificaciones m\u00e1s altas est\u00e9n igualmente representados. Los cinco Equipos en cada Categor\u00eda con la calificaci\u00f3n m\u00e1s alta son considerados Finalistas (&#8220;Finalistas&#8221;) y avanzan a la Ronda de Finales; los Finalistas ser\u00e1n notificados en la direcci\u00f3n de correo electr\u00f3nico proporcionada en el momento de la inscripci\u00f3n. El listado de Finalistas tambi\u00e9n se publicar\u00e1 en el Sitio web.<\/p><p>Antes de la Ronda de Finales, los Finalistas tienen la oportunidad de revisar, actualizar y volver a enviar los Materiales de la Competencia.<\/p><p><strong>Ronda de Finales<\/strong><\/p><p>La Ronda de Finales se llevar\u00e1 a cabo en l\u00ednea. YABT establecer\u00e1 un panel de jueces (&#8220;Panel de Jueces&#8221;) para cada Categor\u00eda. Los Finalistas proporcionar\u00e1n una presentaci\u00f3n al Panel de Jueces asignado a su Categor\u00eda.<\/p><p>Cada Panel de Jueces evaluar\u00e1 y calificar\u00e1 de manera independiente a los Finalistas en su Categor\u00eda asignada de acuerdo con los Criterios de Evaluaci\u00f3n (ver \u201cCriterios de Evaluaci\u00f3n\u201d).<\/p><p>Las decisiones de los Paneles de Jueces ser\u00e1n finales y no estar\u00e1n sujetas a apelaci\u00f3n. YABT se reserva el derecho de resolver cualquier discrepancia en las Reglas, T\u00e9rminos y Condiciones a su exclusivo criterio y comunicar la determinaci\u00f3n a los Paneles de Jueces para su aplicaci\u00f3n.<\/p><p><strong>Selecci\u00f3n y Premiaci\u00f3n de los Ganadores<\/strong><\/p><p>YABT y Banreservas establecer\u00e1n un &#8220;Comit\u00e9 de Evaluaci\u00f3n de las Finales&#8221; para seleccionar a los Ganadores de la Competencia. La decisi\u00f3n final alcanzada por el Comit\u00e9 es definitiva.<\/p><p>El mejor equipo de cada Categor\u00eda (\u201cGanadores\u201d) recibir\u00e1 un paquete de premiaci\u00f3n (&#8220;Premio&#8221;) valorado en 10,000 d\u00f3lares estadounidenses cada uno, que incluye:<\/p><ul><li>Un premio en efectivo de 5,000 d\u00f3lares estadounidenses para ser utilizado como capital semilla y destinados al desarrollo\/crecimiento del negocio.<\/li><li>Tres (3) meses de apoyo adicional en formaci\u00f3n empresarial.<\/li><li>Oportunidades promocionales en eventos de alto nivel, como las Asambleas Generales de la OEA, las Cumbres de las Am\u00e9ricas y otros espacios similares.<\/li><\/ul><p>El Organizador y el Coorganizador pueden anunciar premios adicionales o reconocimientos especiales a su exclusivo criterio, que pueden o no, incluir los elementos del Paquete de Premiaci\u00f3n descritos arriba.<\/p>\t\t\t\t\t\t\t\t<\/div>\n\t\t\t\t<\/div>\n\t\t\t\t\t<\/div>\n\t\t<\/div>\n\t\t\t\t\t<\/div>\n\t\t<\/section>\n\t\t\t\t<\/div>\n\t\t","protected":false},"excerpt":{"rendered":"<p>Start-Up Challenge se llevar\u00e1 a cabo en tres rondas de competencia: Elegibilidad, Semifinales y Finales. Ronda de Elegibilidad Durante la Ronda de Elegibilidad, los organizadores revisar\u00e1n los Perfiles de Equipos y Materiales de la Competencia para verificar el cumplimiento de los criterios de elegibilidad establecidos en las Reglas. Los equipos que cumplan con todos los [&hellip;]<\/p>\n","protected":false},"author":1,"featured_media":0,"parent":106,"menu_order":0,"comment_status":"closed","ping_status":"closed","template":"","meta":{"footnotes":""},"class_list":["post-276","page","type-page","status-publish","hentry"],"_links":{"self":[{"href":"https:\/\/ticamericas.net\/startup\/wp-json\/wp\/v2\/pages\/276","targetHints":{"allow":["GET"]}}],"collection":[{"href":"https:\/\/ticamericas.net\/startup\/wp-json\/wp\/v2\/pages"}],"about":[{"href":"https:\/\/ticamericas.net\/startup\/wp-json\/wp\/v2\/types\/page"}],"author":[{"embeddable":true,"href":"https:\/\/ticamericas.net\/startup\/wp-json\/wp\/v2\/users\/1"}],"replies":[{"embeddable":true,"href":"https:\/\/ticamericas.net\/startup\/wp-json\/wp\/v2\/comments?post=276"}],"version-history":[{"count":7,"href":"https:\/\/ticamericas.net\/startup\/wp-json\/wp\/v2\/pages\/276\/revisions"}],"predecessor-version":[{"id":333,"href":"https:\/\/ticamericas.net\/startup\/wp-json\/wp\/v2\/pages\/276\/revisions\/333"}],"up":[{"embeddable":true,"href":"https:\/\/ticamericas.net\/startup\/wp-json\/wp\/v2\/pages\/106"}],"wp:attachment":[{"href":"https:\/\/ticamericas.net\/startup\/wp-json\/wp\/v2\/media?parent=276"}],"curies":[{"name":"wp","href":"https:\/\/api.w.org\/{rel}","templated":true}]}}