{"id":237,"date":"2025-01-09T06:59:04","date_gmt":"2025-01-09T06:59:04","guid":{"rendered":"https:\/\/ticamericas.net\/startup\/?page_id=237"},"modified":"2025-01-16T04:57:22","modified_gmt":"2025-01-16T04:57:22","slug":"criterios-de-elegibilidad","status":"publish","type":"page","link":"https:\/\/ticamericas.net\/startup\/es\/reglas\/criterios-de-elegibilidad\/","title":{"rendered":"Criterios de Elegibilidad"},"content":{"rendered":"\t\t<div data-elementor-type=\"wp-page\" data-elementor-id=\"237\" class=\"elementor elementor-237\">\n\t\t\t\t\t\t<section class=\"elementor-section elementor-top-section elementor-element elementor-element-cc0a7a2 elementor-section-boxed elementor-section-height-default elementor-section-height-default\" data-id=\"cc0a7a2\" data-element_type=\"section\" data-e-type=\"section\">\n\t\t\t\t\t\t<div class=\"elementor-container elementor-column-gap-default\">\n\t\t\t\t\t<div class=\"elementor-column elementor-col-100 elementor-top-column elementor-element elementor-element-7444e05\" data-id=\"7444e05\" data-element_type=\"column\" data-e-type=\"column\">\n\t\t\t<div class=\"elementor-widget-wrap elementor-element-populated\">\n\t\t\t\t\t\t<div class=\"elementor-element elementor-element-67b4dc4 elementor-widget elementor-widget-text-editor\" data-id=\"67b4dc4\" data-element_type=\"widget\" data-e-type=\"widget\" data-widget_type=\"text-editor.default\">\n\t\t\t\t<div class=\"elementor-widget-container\">\n\t\t\t\t\t\t\t\t\tLa participaci\u00f3n en el Start-Up Challenge, categor\u00eda especial de TIC Americas 2025, se encuentra abierta a equipos que cumplan con los siguientes requisitos:\n<ol>\n \t<li>Estar compuestos por un m\u00ednimo de una (1) persona y un m\u00e1ximo de cinco (5) personas en la edad comprendida de 18 a 34 a\u00f1os, con experiencia en diferentes \u00e1reas de su emprendimiento.<\/li>\n \t<li>Ser ciudadanos(as) o residentes legales de los <span style=\"text-decoration: underline;\"><a href=\"https:\/\/www.oas.org\/es\/estados_miembros\/default.asp\" target=\"_blank\" rel=\"noopener\">Estados Miembros de la OEA<\/a><\/span>. Los Equipos internacionales, es decir, compuestos por personas de m\u00e1s de un pa\u00eds, pueden competir y ser\u00e1n registrados con el pa\u00eds de la nacionalidad o pa\u00eds de residencia permanente del Director(a) Ejecutivo(a).<\/li>\n \t<li>Operar o planificar operar un negocio en un <span style=\"text-decoration: underline;\"><a href=\"https:\/\/www.oas.org\/es\/estados_miembros\/default.asp\" target=\"_blank\" rel=\"noopener\">Estado Miembro de la OEA<\/a><\/span> y ser capaces de registrar formalmente el negocio en ese pa\u00eds.<\/li>\n \t<li>Cada equipo podr\u00e1 registrar hasta dos Mentores Voluntarios a cargo de orientar al equipo a trav\u00e9s de su experticia (Opcional). (Ver &#8220;Mentores&#8221;).<\/li>\n<\/ol>\nLas siguientes personas no son elegibles para registrarse ni competir en Start-Up Challenge:\n<ul>\n \t<li style=\"font-weight: 400;\" aria-level=\"1\"><span style=\"font-weight: 400;\">Personal de YABT, miembros de su Junta Directiva y cap\u00edtulos nacionales.<\/span><\/li>\n \t<li style=\"font-weight: 400;\" aria-level=\"1\"><span style=\"font-weight: 400;\">Jueces del Programa TIC Americas.<\/span><\/li>\n \t<li style=\"font-weight: 400;\" aria-level=\"1\"><span style=\"font-weight: 400;\">Personal de Banreservas, contratistas y miembros de su Junta Directiva y Consejo Asesor.<\/span><\/li>\n \t<li style=\"font-weight: 400;\" aria-level=\"1\"><span style=\"font-weight: 400;\">Emprendedores que ya han recibido inversi\u00f3n de capital y\/o financiamiento por parte de Cree Banreservas.<sup>1<\/sup><\/span><\/li>\n \t<li style=\"font-weight: 400;\" aria-level=\"1\"><span style=\"font-weight: 400;\">Personal de la Secretar\u00eda General de la Organizaci\u00f3n de los Estados Americanos; y<\/span><\/li>\n \t<li style=\"font-weight: 400;\" aria-level=\"1\"><span style=\"font-weight: 400;\">Familiares directos de cualquier persona mencionada anteriormente.<\/span><\/li>\n<\/ul>\n<span style=\"font-weight: 400;\"><sup>1<\/sup> <\/span><span style=\"font-weight: 400;\">Todos los interesados en formar parte del Start Up Challenge que hayan recibido inversi\u00f3n de capital a trav\u00e9s del Programa de Emprendimiento Cree Banreservas no podr\u00e1n participar en esta competencia.<\/span>\t\t\t\t\t\t\t\t<\/div>\n\t\t\t\t<\/div>\n\t\t\t\t\t<\/div>\n\t\t<\/div>\n\t\t\t\t\t<\/div>\n\t\t<\/section>\n\t\t\t\t<\/div>\n\t\t","protected":false},"excerpt":{"rendered":"<p>La participaci\u00f3n en el Start-Up Challenge, categor\u00eda especial de TIC Americas 2025, se encuentra abierta a equipos que cumplan con los siguientes requisitos: Estar compuestos por un m\u00ednimo de una (1) persona y un m\u00e1ximo de cinco (5) personas en la edad comprendida de 18 a 34 a\u00f1os, con experiencia en diferentes \u00e1reas de su [&hellip;]<\/p>\n","protected":false},"author":1,"featured_media":0,"parent":106,"menu_order":0,"comment_status":"closed","ping_status":"closed","template":"","meta":{"footnotes":""},"class_list":["post-237","page","type-page","status-publish","hentry"],"_links":{"self":[{"href":"https:\/\/ticamericas.net\/startup\/wp-json\/wp\/v2\/pages\/237","targetHints":{"allow":["GET"]}}],"collection":[{"href":"https:\/\/ticamericas.net\/startup\/wp-json\/wp\/v2\/pages"}],"about":[{"href":"https:\/\/ticamericas.net\/startup\/wp-json\/wp\/v2\/types\/page"}],"author":[{"embeddable":true,"href":"https:\/\/ticamericas.net\/startup\/wp-json\/wp\/v2\/users\/1"}],"replies":[{"embeddable":true,"href":"https:\/\/ticamericas.net\/startup\/wp-json\/wp\/v2\/comments?post=237"}],"version-history":[{"count":13,"href":"https:\/\/ticamericas.net\/startup\/wp-json\/wp\/v2\/pages\/237\/revisions"}],"predecessor-version":[{"id":511,"href":"https:\/\/ticamericas.net\/startup\/wp-json\/wp\/v2\/pages\/237\/revisions\/511"}],"up":[{"embeddable":true,"href":"https:\/\/ticamericas.net\/startup\/wp-json\/wp\/v2\/pages\/106"}],"wp:attachment":[{"href":"https:\/\/ticamericas.net\/startup\/wp-json\/wp\/v2\/media?parent=237"}],"curies":[{"name":"wp","href":"https:\/\/api.w.org\/{rel}","templated":true}]}}