{"id":225,"date":"2025-01-09T06:52:16","date_gmt":"2025-01-09T06:52:16","guid":{"rendered":"https:\/\/ticamericas.net\/startup\/?page_id=225"},"modified":"2025-01-10T03:48:13","modified_gmt":"2025-01-10T03:48:13","slug":"categorias","status":"publish","type":"page","link":"https:\/\/ticamericas.net\/startup\/es\/reglas\/categorias\/","title":{"rendered":"Categor\u00edas"},"content":{"rendered":"\t\t<div data-elementor-type=\"wp-page\" data-elementor-id=\"225\" class=\"elementor elementor-225\">\n\t\t\t\t\t\t<section class=\"elementor-section elementor-top-section elementor-element elementor-element-30626a9 elementor-section-boxed elementor-section-height-default elementor-section-height-default\" data-id=\"30626a9\" data-element_type=\"section\" data-e-type=\"section\">\n\t\t\t\t\t\t<div class=\"elementor-container elementor-column-gap-default\">\n\t\t\t\t\t<div class=\"elementor-column elementor-col-100 elementor-top-column elementor-element elementor-element-675e64f\" data-id=\"675e64f\" data-element_type=\"column\" data-e-type=\"column\">\n\t\t\t<div class=\"elementor-widget-wrap elementor-element-populated\">\n\t\t\t\t\t\t<div class=\"elementor-element elementor-element-30fb530 elementor-widget elementor-widget-text-editor\" data-id=\"30fb530\" data-element_type=\"widget\" data-e-type=\"widget\" data-widget_type=\"text-editor.default\">\n\t\t\t\t<div class=\"elementor-widget-container\">\n\t\t\t\t\t\t\t\t\t<ol><li><strong>Innovaci\u00f3n y Desarrollo<\/strong><br \/>Modelos de negocios que respondan al fortalecimiento de los sectores productivos utilizando la innovaci\u00f3n como veh\u00edculo para lograr el crecimiento socioecon\u00f3mico, por medio de la inclusi\u00f3n financiera, el capital humano y pr\u00e1cticas de negocios sostenibles que promueven la igualdad de oportunidades y el acceso equitativo a recursos.<\/li><li><strong>Transformaci\u00f3n Digital, Conectividad y Tecnolog\u00edas Emergentes<\/strong><br \/>Modelos de negocios capaces de acelerar y adoptar la transformaci\u00f3n digital, desarrollando soluciones seguras basadas en la Inteligencia Artificial, tecnolog\u00edas emergentes y sostenibles, as\u00ed como el uso eficiente de las herramientas de innovaci\u00f3n digital en el crecimiento de las econom\u00edas locales.<\/li><\/ol><h3>Ejes Transversales:<\/h3><ul><li><strong>Connacionales en el exterior<\/strong>: Involucrar a connacionales emprendedores(as) en el exterior para potenciar el capital humano, las plataformas de negocios e inversi\u00f3n para generar innovaci\u00f3n y capital emprendedor en el hemisferio.<\/li><li><strong>Desarrollo Sostenible<\/strong>: Soluciones innovadoras que tengan un impacto directo en la implementaci\u00f3n de los Objetivos de Desarrollo Sostenible (ODS) y el Pacto para el Futuro de las Naciones Unidas.<\/li><li><strong>Equidad de G\u00e9nero<\/strong>: Emprendimientos comprometidos en reducir la brecha de g\u00e9nero para la plena e igualitaria participaci\u00f3n y liderazgo de las mujeres, que les permitan lograr su autonom\u00eda y m\u00e1ximo potencial.<\/li><\/ul>\t\t\t\t\t\t\t\t<\/div>\n\t\t\t\t<\/div>\n\t\t\t\t\t<\/div>\n\t\t<\/div>\n\t\t\t\t\t<\/div>\n\t\t<\/section>\n\t\t\t\t<\/div>\n\t\t","protected":false},"excerpt":{"rendered":"<p>Innovaci\u00f3n y DesarrolloModelos de negocios que respondan al fortalecimiento de los sectores productivos utilizando la innovaci\u00f3n como veh\u00edculo para lograr el crecimiento socioecon\u00f3mico, por medio de la inclusi\u00f3n financiera, el capital humano y pr\u00e1cticas de negocios sostenibles que promueven la igualdad de oportunidades y el acceso equitativo a recursos. Transformaci\u00f3n Digital, Conectividad y Tecnolog\u00edas EmergentesModelos [&hellip;]<\/p>\n","protected":false},"author":1,"featured_media":0,"parent":106,"menu_order":0,"comment_status":"closed","ping_status":"closed","template":"","meta":{"footnotes":""},"class_list":["post-225","page","type-page","status-publish","hentry"],"_links":{"self":[{"href":"https:\/\/ticamericas.net\/startup\/wp-json\/wp\/v2\/pages\/225","targetHints":{"allow":["GET"]}}],"collection":[{"href":"https:\/\/ticamericas.net\/startup\/wp-json\/wp\/v2\/pages"}],"about":[{"href":"https:\/\/ticamericas.net\/startup\/wp-json\/wp\/v2\/types\/page"}],"author":[{"embeddable":true,"href":"https:\/\/ticamericas.net\/startup\/wp-json\/wp\/v2\/users\/1"}],"replies":[{"embeddable":true,"href":"https:\/\/ticamericas.net\/startup\/wp-json\/wp\/v2\/comments?post=225"}],"version-history":[{"count":7,"href":"https:\/\/ticamericas.net\/startup\/wp-json\/wp\/v2\/pages\/225\/revisions"}],"predecessor-version":[{"id":285,"href":"https:\/\/ticamericas.net\/startup\/wp-json\/wp\/v2\/pages\/225\/revisions\/285"}],"up":[{"embeddable":true,"href":"https:\/\/ticamericas.net\/startup\/wp-json\/wp\/v2\/pages\/106"}],"wp:attachment":[{"href":"https:\/\/ticamericas.net\/startup\/wp-json\/wp\/v2\/media?parent=225"}],"curies":[{"name":"wp","href":"https:\/\/api.w.org\/{rel}","templated":true}]}}