{"id":92,"date":"2023-02-16T19:52:32","date_gmt":"2023-02-16T19:52:32","guid":{"rendered":"https:\/\/ticamericas.net\/startup-challenge\/?page_id=92"},"modified":"2023-02-16T19:55:51","modified_gmt":"2023-02-16T19:55:51","slug":"requisitos","status":"publish","type":"page","link":"https:\/\/ticamericas.net\/startup-challenge\/edicion-2020\/reglas\/requisitos\/","title":{"rendered":"Requisitos"},"content":{"rendered":"\t\t<div data-elementor-type=\"wp-page\" data-elementor-id=\"92\" class=\"elementor elementor-92\">\n\t\t\t\t\t\t<section class=\"elementor-section elementor-top-section elementor-element elementor-element-90f15d4 elementor-section-boxed elementor-section-height-default elementor-section-height-default\" data-id=\"90f15d4\" data-element_type=\"section\" data-e-type=\"section\">\n\t\t\t\t\t\t<div class=\"elementor-container elementor-column-gap-default\">\n\t\t\t\t\t<div class=\"elementor-column elementor-col-100 elementor-top-column elementor-element elementor-element-bf155c1\" data-id=\"bf155c1\" data-element_type=\"column\" data-e-type=\"column\">\n\t\t\t<div class=\"elementor-widget-wrap elementor-element-populated\">\n\t\t\t\t\t\t<div class=\"elementor-element elementor-element-cec09c6 elementor-widget elementor-widget-text-editor\" data-id=\"cec09c6\" data-element_type=\"widget\" data-e-type=\"widget\" data-widget_type=\"text-editor.default\">\n\t\t\t\t<div class=\"elementor-widget-container\">\n\t\t\t\t\t\t\t\t\t<p>Cada equipo que participe en el Reto InnovAcci\u00f3n deber\u00e1 presentar lo siguiente:<\/p><p><strong>1.\u00a0<a href=\"http:\/\/ticamericas.net\/download\/Innovaccion_Lineamientos_Plan.pdf\" target=\"_blank\" rel=\"noopener\">Plan de negocios<\/a><\/strong>\u00a0que propone una soluci\u00f3n en una de las categor\u00edas de Competencia, que incluya a las comunidades marginadas y que demuestre un compromiso directo con las comunidades de base.<\/p><p><strong>2.\u00a0<a href=\"http:\/\/ticamericas.net\/download\/Innovaccion_Lineamientos_Portafolio_Visual.pdf\" target=\"_blank\" rel=\"noopener\">Portafolio Visual<\/a><\/strong>\u00a0que evidencia actividades o iniciativas que se est\u00e1n llevando a cabo, por ejemplo, fotos, videos, boletines, canciones, c\u00f3mics o expresiones art\u00edsticas.<\/p><p><strong>3.\u00a0<a href=\"http:\/\/ticamericas.net\/download\/Innovaccion_Lineamientos_presencia_en_linea.pdf\" target=\"_blank\" rel=\"noopener\">Sitio web o presencia en l\u00ednea<\/a><\/strong>\u00a0(Blog, p\u00e1gina de Facebook, Instagram, canal \/ video de YouTube, etc.).<\/p><p>Los equipos participantes en InnovAcci\u00f3n que presenten su Plan de Negocios en un formato diferente al indicado ser\u00e1n descalificados, por lo que no ser\u00e1n evaluados. Los equipos de InnovAcci\u00f3n tambi\u00e9n deben revisar los criterios sobre c\u00f3mo se evaluar\u00e1 el Plan de Negocios para asegurarse de que todos los puntos relevantes est\u00e9n cubiertos en sus presentaciones. Aquellos Planes de Negocios que aborden m\u00e1s de cerca estos puntos tendr\u00e1n una ventaja competitiva, y aquellos que no lo hagan, pueden no ser elegibles.<\/p><p>Los planes de negocio deben responder a una o m\u00e1s de las cuatro categor\u00edas de InnovAcci\u00f3n.<\/p>\t\t\t\t\t\t\t\t<\/div>\n\t\t\t\t<\/div>\n\t\t\t\t\t<\/div>\n\t\t<\/div>\n\t\t\t\t\t<\/div>\n\t\t<\/section>\n\t\t\t\t<\/div>\n\t\t","protected":false},"excerpt":{"rendered":"<p>Cada equipo que participe en el Reto InnovAcci\u00f3n deber\u00e1 presentar lo siguiente: 1.\u00a0Plan de negocios\u00a0que propone una soluci\u00f3n en una de las categor\u00edas de Competencia, que incluya a las comunidades marginadas y que demuestre un compromiso directo con las comunidades de base. 2.\u00a0Portafolio Visual\u00a0que evidencia actividades o iniciativas que se est\u00e1n llevando a cabo, por [&hellip;]<\/p>\n","protected":false},"author":1,"featured_media":0,"parent":51,"menu_order":0,"comment_status":"closed","ping_status":"closed","template":"","meta":{"footnotes":""},"class_list":["post-92","page","type-page","status-publish","hentry"],"_links":{"self":[{"href":"https:\/\/ticamericas.net\/startup-challenge\/wp-json\/wp\/v2\/pages\/92","targetHints":{"allow":["GET"]}}],"collection":[{"href":"https:\/\/ticamericas.net\/startup-challenge\/wp-json\/wp\/v2\/pages"}],"about":[{"href":"https:\/\/ticamericas.net\/startup-challenge\/wp-json\/wp\/v2\/types\/page"}],"author":[{"embeddable":true,"href":"https:\/\/ticamericas.net\/startup-challenge\/wp-json\/wp\/v2\/users\/1"}],"replies":[{"embeddable":true,"href":"https:\/\/ticamericas.net\/startup-challenge\/wp-json\/wp\/v2\/comments?post=92"}],"version-history":[{"count":10,"href":"https:\/\/ticamericas.net\/startup-challenge\/wp-json\/wp\/v2\/pages\/92\/revisions"}],"predecessor-version":[{"id":102,"href":"https:\/\/ticamericas.net\/startup-challenge\/wp-json\/wp\/v2\/pages\/92\/revisions\/102"}],"up":[{"embeddable":true,"href":"https:\/\/ticamericas.net\/startup-challenge\/wp-json\/wp\/v2\/pages\/51"}],"wp:attachment":[{"href":"https:\/\/ticamericas.net\/startup-challenge\/wp-json\/wp\/v2\/media?parent=92"}],"curies":[{"name":"wp","href":"https:\/\/api.w.org\/{rel}","templated":true}]}}