{"id":76,"date":"2023-02-16T19:45:17","date_gmt":"2023-02-16T19:45:17","guid":{"rendered":"https:\/\/ticamericas.net\/startup-challenge\/?page_id=76"},"modified":"2023-02-16T19:45:48","modified_gmt":"2023-02-16T19:45:48","slug":"etapas","status":"publish","type":"page","link":"https:\/\/ticamericas.net\/startup-challenge\/edicion-2020\/reglas\/etapas\/","title":{"rendered":"Etapas"},"content":{"rendered":"\t\t<div data-elementor-type=\"wp-page\" data-elementor-id=\"76\" class=\"elementor elementor-76\">\n\t\t\t\t\t\t<section class=\"elementor-section elementor-top-section elementor-element elementor-element-6c090b5 elementor-section-boxed elementor-section-height-default elementor-section-height-default\" data-id=\"6c090b5\" data-element_type=\"section\" data-e-type=\"section\">\n\t\t\t\t\t\t<div class=\"elementor-container elementor-column-gap-default\">\n\t\t\t\t\t<div class=\"elementor-column elementor-col-100 elementor-top-column elementor-element elementor-element-011ef31\" data-id=\"011ef31\" data-element_type=\"column\" data-e-type=\"column\">\n\t\t\t<div class=\"elementor-widget-wrap elementor-element-populated\">\n\t\t\t\t\t\t<div class=\"elementor-element elementor-element-46ba283 elementor-widget elementor-widget-text-editor\" data-id=\"46ba283\" data-element_type=\"widget\" data-e-type=\"widget\" data-widget_type=\"text-editor.default\">\n\t\t\t\t<div class=\"elementor-widget-container\">\n\t\t\t\t\t\t\t\t\t<div id=\"ticgeneral\"><p><strong>TIC Americas tiene dos etapas:<\/strong><\/p><p><strong>1. Semi-finales<\/strong><\/p><p>Al completar con \u00e9xito el proceso de solicitud, y de acuerdo con los t\u00e9rminos y condiciones establecidos en la Competencia, todos los equipos registrados ingresar\u00e1n a una fase de evaluaci\u00f3n en l\u00ednea donde un Comit\u00e9 Internacional de Jueces evaluar\u00e1 a los equipos seg\u00fan los criterios de evaluaci\u00f3n establecidos en estas Reglas.<\/p><p>S\u00f3lo los equipos participantes que hayan completado todos los requerimientos recibir\u00e1n retroalimentaci\u00f3n por parte de los organizadores.<\/p><p>Los equipos considerados Finalistas ser\u00e1n aquellos dictaminados seg\u00fan las calificaciones emitidas por el Comit\u00e9 Internacional de Jueces, y que hayan cumplido con todos los requisitos de la Competencia. Dichos equipos Finalistas recibir\u00e1n una notificaci\u00f3n por parte de los organizadores.<\/p><p>Debido a la gran cantidad de participantes, YABT y sus socios anunciar\u00e1n p\u00fablicamente a los finalistas en sus sitios web oficiales. S\u00f3lo los equipos finalistas ser\u00e1n contactados por un representante de YABT.<\/p><p><strong>2. Finales<\/strong><\/p><p>Para esta edici\u00f3n, las Finales de TIC Americas se realizar\u00e1n en un Formato Virtual. Durante las Finales, el Comit\u00e9 Internacional de Jueces y los Finalistas tendr\u00e1n la opci\u00f3n de interactuar por medio de una plataforma online desarrollada por el YABT.\u00a0 Previo a las Finales, los Finalistas y los jurados internacionales recibir\u00e1n, una capacitaci\u00f3n virtual sobre el uso correcto de la plataforma y otros medios digitales a ser usados durante las evaluaciones. Sin embargo, la estructura de la presentaci\u00f3n de los Finalistas mantendr\u00e1 su formato original.<\/p><p>Los Finalistas tendr\u00e1n la oportunidad de mostrar sus productos y servicios por medio de la plataforma online de las Finales. Cada uno contar\u00e1 con su propia \u201cLanding Page\u201d, la cual mostrar\u00e1 contenido relevante sobre sus emprendimientos a todas las audiencias asistentes del evento.<\/p><p>Las Finales de TIC Americas ser\u00e1n presentadas en el Formato Virtual este a\u00f1o debido al estricto compromiso de acatar las medidas de protecci\u00f3n y seguridad recomendadas por la Organizaci\u00f3n Mundial de la Salud (OMS) dada a la emergencia de salud p\u00fablica internacional causada por la enfermedad COVID-19.<\/p><\/div><div id=\"innova\"><p>InnovAcci\u00f3n se llevar\u00e1 a cabo a trav\u00e9s de tres rondas de competencia: la Ronda de Elegibilidad, las Semi-Finales y las Finales.<\/p><p>\u00a0<\/p><p><strong>Ronda de Elegibilidad<\/strong><\/p><p>Durante la Ronda de Elegibilidad, YABT revisar\u00e1 todos los Perfiles de los Equipos y los Materiales de la Competencia para el cumplimiento de los criterios de elegibilidad establecidos en las Reglas. Los Equipos que cumplan con todos los requisitos de elegibilidad ser\u00e1n asignados a los jueces y pasar\u00e1n a la Ronda de Semi-Finales. YABT, a su entera discreci\u00f3n, se reserva el derecho de eliminar una Categor\u00eda o Categor\u00edas si los Equipos y los Materiales de la Competencia en esa Categor\u00eda no alcanzan un nivel adecuado de calidad.\u00a0<\/p><p>\u00a0<\/p><p><strong>Ronda de Semi-Finales<\/strong><\/p><p>Durante la ronda de Semi-Finales, los Materiales de la Competencia de cada Equipo recibir\u00e1n una evaluaci\u00f3n y puntuaci\u00f3n de cinco jueces seg\u00fan los Criterios de Evaluaci\u00f3n (ver F. Criterios de Evaluaci\u00f3n). Todos los Equipos que participen en la Ronda de Semi-Finales recibir\u00e1n comentarios y recomendaciones por escrito de los jueces que evaluaron sus Materiales de la Competencia.<\/p><p>\u00a0<\/p><p>Cada Equipo recibir\u00e1 una puntuaci\u00f3n, obtenida de la suma de las puntuaciones individuales de los cinco jueces. YABT tambi\u00e9n tomar\u00e1 en consideraci\u00f3n la representaci\u00f3n geogr\u00e1fica, sectorial y de g\u00e9nero para asegurarse de que los Equipos con los puntajes m\u00e1s altos est\u00e9n igualmente representados. Los cinco Equipos de cada categor\u00eda con la puntuaci\u00f3n m\u00e1s alta se consideran finalistas (&#8220;Finalistas&#8221;) y pasan a la Ronda Final; Los Finalistas ser\u00e1n notificados a la direcci\u00f3n de correo electr\u00f3nico proporcionada en el momento del registro. La lista de Finalistas tambi\u00e9n se publicar\u00e1 en el sitio web.<\/p><p>\u00a0<\/p><p>Antes de la Ronda Final, los Finalistas podr\u00e1n revisar, actualizar y volver a presentar los Materiales de la Competencia.<\/p><p>\u00a0<\/p><p><strong>La Ronda Final<\/strong><\/p><p>La Ronda Final se llevar\u00e1 a cabo en l\u00ednea. YABT establecer\u00e1 un panel de cinco jueces (&#8220;Panel de Jueces&#8221;) para cada Categor\u00eda. Cada uno de los Finalistas har\u00e1 una presentaci\u00f3n oral ante el Panel de Jueces asignado a su Categor\u00eda, estructurada de la siguiente manera: \u00a0<\/p><ul><li>5 Mins &#8211; Preparaci\u00f3n y ajustes de los Equipos<\/li><li>20 Mins &#8211; Presentaci\u00f3n oral de los Materiales de la Competencia, incluyendo presentaciones multimedia, material promocional, y\/o discurso de presentaci\u00f3n<\/li><li>25 Mins &#8211; Sesi\u00f3n de preguntas y respuestas con el Panel de Jueces.<\/li><\/ul><p>\u00a0<\/p><p>Cada Panel de Jueces evaluar\u00e1 y puntuar\u00e1 independientemente a los finalistas en su Categor\u00eda asignada de acuerdo con los Criterios de Evaluaci\u00f3n (v\u00e9ase F. Criterios de Evaluaci\u00f3n). Todos los finalistas recibir\u00e1n comentarios y recomendaciones por escrito de los jueces que evaluaron los Materiales de la Competencia.<\/p><p>\u00a0<\/p><p>Las decisiones del Panel de Jueces ser\u00e1n definitivas e inapelables. YABT se reserva el derecho de resolver cualquier discrepancia en las Reglas, T\u00e9rminos y Condiciones a su entera discreci\u00f3n y transmitir la determinaci\u00f3n al Panel de Jueces para su aplicaci\u00f3n.<\/p><p>\u00a0<\/p><p><strong>Selecci\u00f3n y Premiaci\u00f3n de Ganadores<\/strong><\/p><p>El Finalista con la puntuaci\u00f3n m\u00e1s alta (basada en la suma de la puntuaci\u00f3n de cada uno de los jueces) de la categor\u00eda, ser\u00e1 nombrado ganador de la categor\u00eda (&#8220;Ganador&#8221;). Cada uno de los cuatro Ganadores recibir\u00e1 un paquete de premios (Premio) valorado en $ 15,000 USD, que incluye:<\/p><ul><li>$5,000 USD premio en efectivo como en capital semilla;<a href=\"http:\/\/www.ticamericas.net\/startup-challenge\/reglas.php?l=etapas#_ftn1\"><sup>[1]<\/sup><\/a><\/li><li>Seis meses de apoyo a la capacitaci\u00f3n empresarial de seguimiento;<\/li><li>Oportunidades promocionales en eventos de alto nivel, como las Asambleas Generales de la OEA, la Cumbres de las Am\u00e9ricas y otros espacios similares.<\/li><\/ul><p>\u00a0<\/p><p>Para recibir el premio en efectivo, los Ganadores deben:<\/p><ul><li>Registrar formalmente su negocio en su pa\u00eds de operaci\u00f3n, si a\u00fan no lo han hecho;<\/li><li>Presentar a YABT informaci\u00f3n financiera y una propuesta para la inversi\u00f3n de capital semilla.<\/li><\/ul><p>\u00a0<\/p><p>YABT puede anunciar premios adicionales o reconocimientos especiales a su entera discreci\u00f3n.<\/p><p>\u00a0<\/p><p><a href=\"http:\/\/www.ticamericas.net\/startup-challenge\/reglas.php?l=etapas#_ftnref1\"><sup>[1]<\/sup><\/a>Para los residentes argentinos, cualquier deducci\u00f3n, cargo o dep\u00f3sito obligatorio exigido por la Administraci\u00f3n Federal de Ingresos P\u00fablicos y\/o el Banco Central de la Rep\u00fablica Argentina en relaci\u00f3n con el premio estar\u00e1 a cargo de los respectivos ganadores. Los participantes tambi\u00e9n reconocen expresamente que existen restricciones que se aplican a los ingresos de divisas en Argentina, asumen todos los gastos conexos y se comprometen a someterse a cualquier organismo p\u00fablico o privado que requiera alguna documentaci\u00f3n para tales fines.<\/p><\/div>\t\t\t\t\t\t\t\t<\/div>\n\t\t\t\t<\/div>\n\t\t\t\t\t<\/div>\n\t\t<\/div>\n\t\t\t\t\t<\/div>\n\t\t<\/section>\n\t\t\t\t<\/div>\n\t\t","protected":false},"excerpt":{"rendered":"<p>TIC Americas tiene dos etapas: 1. Semi-finales Al completar con \u00e9xito el proceso de solicitud, y de acuerdo con los t\u00e9rminos y condiciones establecidos en la Competencia, todos los equipos registrados ingresar\u00e1n a una fase de evaluaci\u00f3n en l\u00ednea donde un Comit\u00e9 Internacional de Jueces evaluar\u00e1 a los equipos seg\u00fan los criterios de evaluaci\u00f3n establecidos [&hellip;]<\/p>\n","protected":false},"author":1,"featured_media":0,"parent":51,"menu_order":0,"comment_status":"closed","ping_status":"closed","template":"","meta":{"footnotes":""},"class_list":["post-76","page","type-page","status-publish","hentry"],"_links":{"self":[{"href":"https:\/\/ticamericas.net\/startup-challenge\/wp-json\/wp\/v2\/pages\/76","targetHints":{"allow":["GET"]}}],"collection":[{"href":"https:\/\/ticamericas.net\/startup-challenge\/wp-json\/wp\/v2\/pages"}],"about":[{"href":"https:\/\/ticamericas.net\/startup-challenge\/wp-json\/wp\/v2\/types\/page"}],"author":[{"embeddable":true,"href":"https:\/\/ticamericas.net\/startup-challenge\/wp-json\/wp\/v2\/users\/1"}],"replies":[{"embeddable":true,"href":"https:\/\/ticamericas.net\/startup-challenge\/wp-json\/wp\/v2\/comments?post=76"}],"version-history":[{"count":4,"href":"https:\/\/ticamericas.net\/startup-challenge\/wp-json\/wp\/v2\/pages\/76\/revisions"}],"predecessor-version":[{"id":80,"href":"https:\/\/ticamericas.net\/startup-challenge\/wp-json\/wp\/v2\/pages\/76\/revisions\/80"}],"up":[{"embeddable":true,"href":"https:\/\/ticamericas.net\/startup-challenge\/wp-json\/wp\/v2\/pages\/51"}],"wp:attachment":[{"href":"https:\/\/ticamericas.net\/startup-challenge\/wp-json\/wp\/v2\/media?parent=76"}],"curies":[{"name":"wp","href":"https:\/\/api.w.org\/{rel}","templated":true}]}}