{"id":71,"date":"2023-02-16T19:43:39","date_gmt":"2023-02-16T19:43:39","guid":{"rendered":"https:\/\/ticamericas.net\/startup-challenge\/?page_id=71"},"modified":"2023-02-16T19:50:22","modified_gmt":"2023-02-16T19:50:22","slug":"categorias","status":"publish","type":"page","link":"https:\/\/ticamericas.net\/startup-challenge\/edicion-2020\/reglas\/categorias\/","title":{"rendered":"Categor\u00edas"},"content":{"rendered":"\t\t<div data-elementor-type=\"wp-page\" data-elementor-id=\"71\" class=\"elementor elementor-71\">\n\t\t\t\t\t\t<section class=\"elementor-section elementor-top-section elementor-element elementor-element-899b32f elementor-section-boxed elementor-section-height-default elementor-section-height-default\" data-id=\"899b32f\" data-element_type=\"section\" data-e-type=\"section\">\n\t\t\t\t\t\t<div class=\"elementor-container elementor-column-gap-default\">\n\t\t\t\t\t<div class=\"elementor-column elementor-col-100 elementor-top-column elementor-element elementor-element-c2c7de1\" data-id=\"c2c7de1\" data-element_type=\"column\" data-e-type=\"column\">\n\t\t\t<div class=\"elementor-widget-wrap elementor-element-populated\">\n\t\t\t\t\t\t<div class=\"elementor-element elementor-element-f9f7e51 elementor-widget elementor-widget-text-editor\" data-id=\"f9f7e51\" data-element_type=\"widget\" data-e-type=\"widget\" data-widget_type=\"text-editor.default\">\n\t\t\t\t<div class=\"elementor-widget-container\">\n\t\t\t\t\t\t\t\t\t<p>InnovAcci\u00f3n presenta cuatro categor\u00edas de Competencia (&#8220;Categor\u00edas&#8221;) dentro de las cuales competir\u00e1n los Equipos. Una vez presentados los Materiales de la Competencia, los Equipos designan su presentaci\u00f3n como dirigida a una de las siguientes categor\u00edas:<\/p><ol><li><strong>Desigualdad Social \u00a0<\/strong><\/li><\/ol><p>La pandemia del COVID-19 ha exacerbado los ya altos niveles de desigualdad en Am\u00e9rica Latina, en particular entre los j\u00f3venes y las poblaciones marginadas, restringiendo a\u00fan m\u00e1s el acceso a la educaci\u00f3n, la atenci\u00f3n de la salud, el empleo y otros bienes sociales. Esta categor\u00eda se centrar\u00e1 en soluciones e iniciativas innovadoras que aborden la desigualdad estructural y promuevan el acceso equitativo a las oportunidades para las personas, independientemente de su edad, origen, raza u otras caracter\u00edsticas, mediante la promoci\u00f3n de medidas que apoyen a las personas y las comunidades durante la pandemia y proporcionen una mayor capacidad de recuperaci\u00f3n en crisis futuras.<\/p><ol start=\"2\"><li><strong>Equidad de G\u00e9nero<\/strong><\/li><\/ol><p>Seg\u00fan la Comisi\u00f3n Interamericana de Mujeres de la Organizaci\u00f3n de los Estados Americanos, el COVID-19 ha profundizado las desigualdades de g\u00e9nero: las mujeres est\u00e1n saliendo de la fuerza de trabajo en mayor proporci\u00f3n que los hombres debido a las disparidades salariales y de ingresos preexistentes. Las mujeres empleadas fuera del hogar y las que trabajan en el hogar se enfrentan a una mayor carga de trabajo, ya que asumen de manera desproporcionada responsabilidades no remuneradas como cuidadoras de ni\u00f1os y ancianos. Esta categor\u00eda se centrar\u00e1 en soluciones innovadoras que apoyen la inclusi\u00f3n social m\u00e1s amplia de la mujer, mediante su mayor empoderamiento econ\u00f3mico, una mayor equidad en la prestaci\u00f3n de cuidados y otras responsabilidades dom\u00e9sticas, un mayor acceso a las oportunidades de liderazgo y\/o de iniciativa empresarial, entre otras.<\/p><ol start=\"3\"><li><strong>Participaci\u00f3n Ciudadana Juvenil<\/strong><\/li><\/ol><p>El COVID-19 supone una amenaza para el progreso democr\u00e1tico al aumentar la dificultad y el riesgo para los ciudadanos interesados en participar en los procesos y deberes c\u00edvicos. Esta categor\u00eda se centrar\u00e1 en soluciones innovadoras que apoyen el compromiso c\u00edvico y la participaci\u00f3n de la comunidad en el \u00e1mbito social y pol\u00edtico, as\u00ed como en las que promuevan una mayor participaci\u00f3n e inclusi\u00f3n de los j\u00f3venes y otros grupos desatendidos en los procesos pol\u00edticos y de toma\u00a0 de decisiones.<\/p><p>\u00a0<\/p><ol start=\"4\"><li><strong>Reactivaci\u00f3n de Industrias<\/strong><\/li><\/ol><p>Muchas micro, peque\u00f1as y medianas empresas (MIPyMES) han cerrado como resultado de la pandemia, y algunas industrias como la agricultura, el turismo, el comercio minorista, las industrias creativas y otras MIPyMES se han visto particularmente afectadas. Esta categor\u00eda se centrar\u00e1 en soluciones innovadoras que aceleren la reactivaci\u00f3n de MIPyMES\u00a0 en los sectores m\u00e1s afectados, proporcionando herramientas, redes y servicios de apoyo que les permitan adaptarse a las nuevas realidades y reforzar su participaci\u00f3n en los mercados.<\/p>\t\t\t\t\t\t\t\t<\/div>\n\t\t\t\t<\/div>\n\t\t\t\t\t<\/div>\n\t\t<\/div>\n\t\t\t\t\t<\/div>\n\t\t<\/section>\n\t\t\t\t<\/div>\n\t\t","protected":false},"excerpt":{"rendered":"<p>InnovAcci\u00f3n presenta cuatro categor\u00edas de Competencia (&#8220;Categor\u00edas&#8221;) dentro de las cuales competir\u00e1n los Equipos. Una vez presentados los Materiales de la Competencia, los Equipos designan su presentaci\u00f3n como dirigida a una de las siguientes categor\u00edas: Desigualdad Social \u00a0 La pandemia del COVID-19 ha exacerbado los ya altos niveles de desigualdad en Am\u00e9rica Latina, en particular [&hellip;]<\/p>\n","protected":false},"author":1,"featured_media":0,"parent":51,"menu_order":0,"comment_status":"closed","ping_status":"closed","template":"","meta":{"footnotes":""},"class_list":["post-71","page","type-page","status-publish","hentry"],"_links":{"self":[{"href":"https:\/\/ticamericas.net\/startup-challenge\/wp-json\/wp\/v2\/pages\/71","targetHints":{"allow":["GET"]}}],"collection":[{"href":"https:\/\/ticamericas.net\/startup-challenge\/wp-json\/wp\/v2\/pages"}],"about":[{"href":"https:\/\/ticamericas.net\/startup-challenge\/wp-json\/wp\/v2\/types\/page"}],"author":[{"embeddable":true,"href":"https:\/\/ticamericas.net\/startup-challenge\/wp-json\/wp\/v2\/users\/1"}],"replies":[{"embeddable":true,"href":"https:\/\/ticamericas.net\/startup-challenge\/wp-json\/wp\/v2\/comments?post=71"}],"version-history":[{"count":7,"href":"https:\/\/ticamericas.net\/startup-challenge\/wp-json\/wp\/v2\/pages\/71\/revisions"}],"predecessor-version":[{"id":89,"href":"https:\/\/ticamericas.net\/startup-challenge\/wp-json\/wp\/v2\/pages\/71\/revisions\/89"}],"up":[{"embeddable":true,"href":"https:\/\/ticamericas.net\/startup-challenge\/wp-json\/wp\/v2\/pages\/51"}],"wp:attachment":[{"href":"https:\/\/ticamericas.net\/startup-challenge\/wp-json\/wp\/v2\/media?parent=71"}],"curies":[{"name":"wp","href":"https:\/\/api.w.org\/{rel}","templated":true}]}}