{"id":142,"date":"2023-02-16T20:11:22","date_gmt":"2023-02-16T20:11:22","guid":{"rendered":"https:\/\/ticamericas.net\/startup-challenge\/?page_id=142"},"modified":"2023-02-16T20:11:54","modified_gmt":"2023-02-16T20:11:54","slug":"premios","status":"publish","type":"page","link":"https:\/\/ticamericas.net\/startup-challenge\/edicion-2020\/reglas\/premios\/","title":{"rendered":"Premios"},"content":{"rendered":"\t\t<div data-elementor-type=\"wp-page\" data-elementor-id=\"142\" class=\"elementor elementor-142\">\n\t\t\t\t\t\t<section class=\"elementor-section elementor-top-section elementor-element elementor-element-db3e09a elementor-section-boxed elementor-section-height-default elementor-section-height-default\" data-id=\"db3e09a\" data-element_type=\"section\" data-e-type=\"section\">\n\t\t\t\t\t\t<div class=\"elementor-container elementor-column-gap-default\">\n\t\t\t\t\t<div class=\"elementor-column elementor-col-100 elementor-top-column elementor-element elementor-element-265f54a\" data-id=\"265f54a\" data-element_type=\"column\" data-e-type=\"column\">\n\t\t\t<div class=\"elementor-widget-wrap elementor-element-populated\">\n\t\t\t\t\t\t<div class=\"elementor-element elementor-element-d4a79de elementor-widget elementor-widget-text-editor\" data-id=\"d4a79de\" data-element_type=\"widget\" data-e-type=\"widget\" data-widget_type=\"text-editor.default\">\n\t\t\t\t<div class=\"elementor-widget-container\">\n\t\t\t\t\t\t\t\t\t<div id=\"ticgeneral\"><p><strong>Finalistas:<\/strong><\/p><ul><li>Los finalistas tambi\u00e9n tendr\u00e1n acceso a entrenamientos, tutor\u00edas y redes de emprendimiento en a regi\u00f3n, entre los que se encuentran representantes del sector privado, gobierno, medios internacionales, centros de emprendimiento, y una creciente comunidad de emprendedores y empresarios l\u00edderes en el Hemisferio Occidental.<\/li><\/ul><p><strong>Ganadores:<\/strong><\/p><ul><li>Los dos (2) ganadores de la categor\u00eda especial de Eco-Reto, recibir\u00e1n un premio en efectivo de US $ 5,000 destinado a capital semilla.<\/li><li>La categor\u00eda Startup Challenge entregar\u00e1 un (1) premio en efectivo de US $ 5,000 destinado a capital semilla.<\/li><li>La categor\u00eda Caribbean Innovation Competition entregar\u00e1 un (1) premio en efectivo de US $ 5,000 destinado a capital semilla.<\/li><li>El reconocimiento del Favorito de la Audiencia recibir\u00e1 una menci\u00f3n especial, no incluye premio en efectivo.<\/li><li>Los organizadores tienen la discreci\u00f3n para anunciar m\u00e1s premios o reconocimientos especiales en las finales de TIC Americas.<\/li><\/ul><p>Nota:<\/p><p>*Para residentes de la Rep\u00fablica Argentina, respecto de los reconocimientos que correspondan a residentes argentinos, cualquier retenci\u00f3n, percepci\u00f3n o dep\u00f3sito obligatorio requerido por la Administraci\u00f3n Federal de Ingresos P\u00fablicos y\/o el Banco Central de la Rep\u00fablica Argentina ser\u00e1 a cargo de los ganadores correspondientes. Asimismo, los participantes reconocen expresamente que existen restricciones vigentes al ingreso de divisas extranjeras en la Rep\u00fablica Argentina, con lo cual asumen todos los costos derivados y se comprometen a presentar a cualquier organismo p\u00fablico y o privado que lo requiera, cualquier documentaci\u00f3n solicitada al efecto.<\/p><\/div><div id=\"innova\"><p><strong>Finalistas:<\/strong><\/p><ul><li>Los Finalistas tendr\u00e1n acceso a entrenamientos, tutor\u00edas y redes de apoyo con los socios de YABT de la regi\u00f3n, entre los que se encuentran representantes del sector privado, gobierno, medios de comunicaci\u00f3n internacionales, centros de emprendimiento, y una creciente comunidad de emprendedores en el Hemisferio Occidental.<\/li><\/ul><p><strong>Ganadores:<\/strong><\/p><ul><li>Se seleccionar\u00e1n cuatro ganadores, uno para cada categor\u00eda, de entre los equipos Finalistas.<\/li><li>Cada uno de los cuatro ganadores recibir\u00e1 un paquete de premios valorado en $ 15,000 USD, que incluye: USD 5,000 en capital semilla, seis meses de apoyo a la capacitaci\u00f3n empresarial de seguimiento y oportunidades promocionales en eventos de alto nivel, como las Asambleas Generales de la OEA, la Cumbres de las Am\u00e9ricas y otros espacios similares.<\/li><li>Los ganadores deben presentar a YABT una propuesta sobre c\u00f3mo gastar\u00e1n el capital inicial junto con la identificaci\u00f3n de las \u00e1reas en las que necesitan apoyo adicional.<\/li><li>Los organizadores tienen la discreci\u00f3n para anunciar m\u00e1s premios o reconocimientos especiales.<\/li><\/ul><p><strong>Nota:<\/strong><\/p><p>*Para residentes de la Rep\u00fablica Argentina, respecto de los reconocimientos que correspondan a residentes argentinos, cualquier retenci\u00f3n, percepci\u00f3n o dep\u00f3sito obligatorio requerido por la Administraci\u00f3n Federal de Ingresos P\u00fablicos y\/o el Banco Central de la Rep\u00fablica Argentina ser\u00e1 a cargo de los ganadores correspondientes. Asimismo, los participantes reconocen expresamente que existen restricciones vigentes al ingreso de divisas extranjeras en la Rep\u00fablica Argentina, con lo cual asumen todos los costos derivados y se comprometen a presentar a cualquier organismo p\u00fablico y o privado que lo requiera, cualquier documentaci\u00f3n solicitada al efecto.<\/p><\/div>\t\t\t\t\t\t\t\t<\/div>\n\t\t\t\t<\/div>\n\t\t\t\t\t<\/div>\n\t\t<\/div>\n\t\t\t\t\t<\/div>\n\t\t<\/section>\n\t\t\t\t<\/div>\n\t\t","protected":false},"excerpt":{"rendered":"<p>Finalistas: Los finalistas tambi\u00e9n tendr\u00e1n acceso a entrenamientos, tutor\u00edas y redes de emprendimiento en a regi\u00f3n, entre los que se encuentran representantes del sector privado, gobierno, medios internacionales, centros de emprendimiento, y una creciente comunidad de emprendedores y empresarios l\u00edderes en el Hemisferio Occidental. Ganadores: Los dos (2) ganadores de la categor\u00eda especial de Eco-Reto, [&hellip;]<\/p>\n","protected":false},"author":1,"featured_media":0,"parent":51,"menu_order":0,"comment_status":"closed","ping_status":"closed","template":"","meta":{"footnotes":""},"class_list":["post-142","page","type-page","status-publish","hentry"],"_links":{"self":[{"href":"https:\/\/ticamericas.net\/startup-challenge\/wp-json\/wp\/v2\/pages\/142","targetHints":{"allow":["GET"]}}],"collection":[{"href":"https:\/\/ticamericas.net\/startup-challenge\/wp-json\/wp\/v2\/pages"}],"about":[{"href":"https:\/\/ticamericas.net\/startup-challenge\/wp-json\/wp\/v2\/types\/page"}],"author":[{"embeddable":true,"href":"https:\/\/ticamericas.net\/startup-challenge\/wp-json\/wp\/v2\/users\/1"}],"replies":[{"embeddable":true,"href":"https:\/\/ticamericas.net\/startup-challenge\/wp-json\/wp\/v2\/comments?post=142"}],"version-history":[{"count":4,"href":"https:\/\/ticamericas.net\/startup-challenge\/wp-json\/wp\/v2\/pages\/142\/revisions"}],"predecessor-version":[{"id":146,"href":"https:\/\/ticamericas.net\/startup-challenge\/wp-json\/wp\/v2\/pages\/142\/revisions\/146"}],"up":[{"embeddable":true,"href":"https:\/\/ticamericas.net\/startup-challenge\/wp-json\/wp\/v2\/pages\/51"}],"wp:attachment":[{"href":"https:\/\/ticamericas.net\/startup-challenge\/wp-json\/wp\/v2\/media?parent=142"}],"curies":[{"name":"wp","href":"https:\/\/api.w.org\/{rel}","templated":true}]}}