{"id":135,"date":"2023-02-16T20:09:43","date_gmt":"2023-02-16T20:09:43","guid":{"rendered":"https:\/\/ticamericas.net\/startup-challenge\/?page_id=135"},"modified":"2023-02-16T20:10:14","modified_gmt":"2023-02-16T20:10:14","slug":"calendario-de-actividades","status":"publish","type":"page","link":"https:\/\/ticamericas.net\/startup-challenge\/edicion-2020\/reglas\/calendario-de-actividades\/","title":{"rendered":"Calendario de Actividades"},"content":{"rendered":"\t\t<div data-elementor-type=\"wp-page\" data-elementor-id=\"135\" class=\"elementor elementor-135\">\n\t\t\t\t\t\t<section class=\"elementor-section elementor-top-section elementor-element elementor-element-082dbf7 elementor-section-boxed elementor-section-height-default elementor-section-height-default\" data-id=\"082dbf7\" data-element_type=\"section\" data-e-type=\"section\">\n\t\t\t\t\t\t<div class=\"elementor-container elementor-column-gap-default\">\n\t\t\t\t\t<div class=\"elementor-column elementor-col-100 elementor-top-column elementor-element elementor-element-627587f\" data-id=\"627587f\" data-element_type=\"column\" data-e-type=\"column\">\n\t\t\t<div class=\"elementor-widget-wrap elementor-element-populated\">\n\t\t\t\t\t\t<div class=\"elementor-element elementor-element-9dcfb23 elementor-widget elementor-widget-text-editor\" data-id=\"9dcfb23\" data-element_type=\"widget\" data-e-type=\"widget\" data-widget_type=\"text-editor.default\">\n\t\t\t\t<div class=\"elementor-widget-container\">\n\t\t\t\t\t\t\t\t\t<div id=\"ticgeneral\"><p><strong>A)\u00a0\u00a0\u00a0\u00a0<\/strong><strong>Anuncio oficial: 28 de septiembre de 2020.<\/strong><\/p><p><strong>B)\u00a0\u00a0\u00a0\u00a0<\/strong><strong>Convocatoria y registros abiertos &#8211; Desde el 28 de septiembre del 2020 y hasta el\u00a028 de Febrero de 2021.<\/strong><\/p><p><strong>El registro y la participaci\u00f3n en la Competencia no tienen ning\u00fan costo.<\/strong><\/p><ul><li>Todos los equipos deben registrarse en el sitio web de TIC Americas:\u00a0<a href=\"http:\/\/www.ticamericas.net\/startup-challenge\/www.ticamericas.net%20\">www.ticamericas.net<\/a>\u00a0o Eco Reto:\u00a0<a href=\"http:\/\/ticamericas.net\/eco-reto\/\">http:\/\/ticamericas.net\/eco-reto\/<\/a>\u00a0para poder competir en TIC Americas. YABT podr\u00e1 anunciar pr\u00f3ximamente nuevas categor\u00edas o premios especiales, con las indicaciones para el registro.<\/li><li>Los equipos participantes que hayan enviado sus documentos entregables a trav\u00e9s de la plataforma web de TIC Americas, tienen la opci\u00f3n de hacer cambios en ellos hasta antes del 28 de febrero de 2021. No se podr\u00e1 hacer ning\u00fan cambio en los documentos entregables despu\u00e9s de esta fecha.<\/li><li>Toda la informaci\u00f3n sobre TIC Americas se enviar\u00e1 a la direcci\u00f3n de correo electr\u00f3nico usada para el registro en la Competencia. Los equipos son responsables de garantizar que el correo electr\u00f3nico registrado funcione y sea revisado con regularidad.<\/li><li>La presentaci\u00f3n del Plan de Negocios deber\u00e1 seguir la plantilla presentada por YABT de acuerdo con la categor\u00eda correspondiente.<\/li><\/ul><p><strong>C)\u00a0\u00a0\u00a0\u00a0\u00a0<\/strong><strong>Fecha l\u00edmite para la presentaci\u00f3n de planes de negocios\/proyectos &#8211;\u00a031 de diciembre de 2021.<\/strong><\/p><ul><li>Los equipos deben presentar un plan de negocio\/proyecto dependiendo de la categor\u00eda en la que participen.<\/li><li>El Plan de Proyecto, as\u00ed como el resto de documentos a presentar, son obligatorios para completar la inscripci\u00f3n. Adem\u00e1s, deben ser presentados antes de avanzar a la siguiente etapa del concurso.<\/li><li>El Plan de Proyecto para todas las categor\u00edas de TIC Am\u00e9ricas debe responder a las preguntas\/desaf\u00edos presentados para cada categor\u00eda que el equipo desee aplicar.<\/li><li>El Plan de Proyecto puede ser entregado a trav\u00e9s de la plataforma en l\u00ednea, en espa\u00f1ol, ingl\u00e9s, franc\u00e9s o portugu\u00e9s.<\/li><\/ul><p><strong>D)\u00a0\u00a0\u00a0\u00a0<\/strong><strong>BOOT Camp &#8211; Abierto permanentemente<\/strong><\/p><ul><li>Todos los participantes inscritos tendr\u00e1n la oportunidad de acceder al BOOT Camp al inscribirse en la Competencia. Cuanto antes se registren, m\u00e1s oportunidades de tutor\u00eda tendr\u00e1n.<\/li><li>Los equipos participantes tambi\u00e9n pueden participar en los talleres de Business Labs y otros entrenamientos presenciales que est\u00e1n disponibles en el calendario del YABT.<\/li><\/ul><p><strong>E)\u00a0\u00a0\u00a0\u00a0\u00a0<\/strong><strong>Evaluaci\u00f3n de las Semifinales &#8211; Marzo &#8211; Abril, 2021<\/strong><\/p><ul><li>Los jueces internacionales identificados por YABT y PepsiCo evaluar\u00e1n a todos los equipos registrados que cumplan exitosamente con los requisitos y entregas solicitadas en las reglas de TIC Americas.\u00a0 Con el fin de fortalecer su desarrollo comercial y el crecimiento continuo, todos los equipos evaluados recibir\u00e1n un reporte con la retroalimentaci\u00f3n y recomendaciones proporcionadas por los jueces internacionales.<\/li><\/ul><p><strong>F)\u00a0\u00a0\u00a0\u00a0\u00a0<\/strong><strong>Anuncio de Finalistas &#8211; 3 de mayo de 2021<\/strong><\/p><p><strong>G)\u00a0\u00a0\u00a0\u00a0<\/strong><strong>Final &#8211; Junio, 2021<\/strong><\/p><ul><li>Los equipos que califiquen para las Finales Virtuales podr\u00e1n presentar copias actualizadas de los res\u00famenes ejecutivos de sus Planes de Negocios en ingl\u00e9s, espa\u00f1ol, franc\u00e9s o portugu\u00e9s.<\/li><\/ul><\/div><div id=\"innova\"><br \/><ol><li><strong>Lanzamiento Oficial \u2013 Octubre 26, 2020.<br \/><br \/><\/strong><\/li><li><strong>Periodo de Registro y BOOT Camp \u2013 Hasta el\u00a028 de Febrero de 2021.<br \/><br \/><\/strong>Los Equipos crean su Perfil de Equipo en el sitio web y participan en las sesiones de entrenamiento en l\u00ednea a trav\u00e9s del Business Opportunity Online Training Camp (BOOT Camp). El Boot Camp ayuda a los participantes a transformar las ideas innovadoras en proyectos, planes de negocios y empresas sociales m\u00e1s s\u00f3lidas y estructuradas. El BOOT Camp es un centro de recursos para que los j\u00f3venes emprendedores accedan a contenidos de desarrollo empresarial, consejos, herramientas, formaci\u00f3n en l\u00ednea y otros materiales relevantes para el desarrollo de proyectos, Start-ups y negocios dirigidos por j\u00f3venes<strong><br \/><br \/><br \/><\/strong><\/li><li><strong>Fecha l\u00edmite para la presentaci\u00f3n de los Materiales de la Competencia \u201328 de Febrero, 2021.<br \/><br \/><\/strong>Los Equipos pueden presentar o hacer cambios en los Materiales de la Competencia y su Perfil de Equipo hasta la fecha l\u00edmite.\u00a0<br \/><strong><br \/><br \/><\/strong><\/li><li><strong>Anuncio de los Equipos Finalistas \u2013 3 de mayo, 2021.<br \/><br \/><\/strong>Debido al alto n\u00famero de participantes, YABT y sus socios anunciar\u00e1n los Equipos Finalistas a trav\u00e9s de la p\u00e1gina web. S\u00f3lo los Equipos Finalistas ser\u00e1n contactados directamente por correo electr\u00f3nico.<p>\u00a0<\/p><p>En preparaci\u00f3n para las Finales, los Finalistas reciben la siguiente asistencia t\u00e9cnica:<\/p><ul><li><strong><em>Informe de evaluaci\u00f3n\u00a0<\/em><\/strong>&#8211; YABT recopila la informaci\u00f3n y la puntuaci\u00f3n que los equipos recibieron de los jueces durante la fase de Semi-Finales. Este informe resultante ayuda a los equipos a comprender las \u00e1reas que necesitan ser trabajadas y mejoradas.<\/li><li><strong><em>Mentor\u00eda<\/em><\/strong>\u00a0&#8211; A cada equipo finalista se le asignar\u00e1n hasta dos mentores para mejorar la estrategia de negocios en la preparaci\u00f3n de las Finales, y en la etapa de seguimiento. Los mentores provienen de conocidas empresas multinacionales, universidades, incubadoras, etc. que asignan tiempo y recursos para apoyar a los Finalistas a mejorar sus proyectos.<\/li><li><strong><em>Seminarios en l\u00ednea<\/em><\/strong>\u00a0&#8211; se organizan una serie de seminarios en l\u00ednea, adaptados a los finalistas y centrados en los componentes de evaluaci\u00f3n de las Finales.<\/li><li><strong><em>Campa\u00f1a \u201cConozca a los Finalistas\u201d\u00a0<\/em><\/strong>&#8211; YABT lleva a cabo una campa\u00f1a hemisf\u00e9rica de medios sociales para proporcionar una amplia visibilidad y posibles asociaciones a los Finalistas, incluyendo entrevistas en vivo y en la web, presentaciones, etc.<\/li><\/ul><strong><br \/><br \/><br \/><\/strong><\/li><li><strong>Finales y Anuncio de los Ganadores\u2013 Junio, 2021<br \/><br \/><\/strong>YABT anunciar\u00e1 los ganadores durante el segundo d\u00eda del evento. Adem\u00e1s, el evento incluir\u00e1 sesiones en l\u00ednea a disposici\u00f3n del p\u00fablico y contenidos como:<br \/><br \/><strong>D\u00eda de demostraci\u00f3n y p\u00e1ginas web de los finalistas:\u00a0<\/strong>Los finalistas mostrar\u00e1n sus productos y servicios p\u00fablicamente durante las sesiones en l\u00ednea y a trav\u00e9s de una p\u00e1gina web en el sitio web.<br \/><br \/><strong>Sesiones sobre innovaci\u00f3n, inclusi\u00f3n y desarrollo dirigido por la comunidad:\u00a0<\/strong>Se invita a expertos internacionales y a oradores de alto nivel a participar en las Finales y a compartir el contenido en los siguientes formatos: Paneles y Conferencias.<\/li><\/ol><\/div>\t\t\t\t\t\t\t\t<\/div>\n\t\t\t\t<\/div>\n\t\t\t\t\t<\/div>\n\t\t<\/div>\n\t\t\t\t\t<\/div>\n\t\t<\/section>\n\t\t\t\t<\/div>\n\t\t","protected":false},"excerpt":{"rendered":"<p>A)\u00a0\u00a0\u00a0\u00a0Anuncio oficial: 28 de septiembre de 2020. B)\u00a0\u00a0\u00a0\u00a0Convocatoria y registros abiertos &#8211; Desde el 28 de septiembre del 2020 y hasta el\u00a028 de Febrero de 2021. El registro y la participaci\u00f3n en la Competencia no tienen ning\u00fan costo. Todos los equipos deben registrarse en el sitio web de TIC Americas:\u00a0www.ticamericas.net\u00a0o Eco Reto:\u00a0http:\/\/ticamericas.net\/eco-reto\/\u00a0para poder competir en [&hellip;]<\/p>\n","protected":false},"author":1,"featured_media":0,"parent":51,"menu_order":0,"comment_status":"closed","ping_status":"closed","template":"","meta":{"footnotes":""},"class_list":["post-135","page","type-page","status-publish","hentry"],"_links":{"self":[{"href":"https:\/\/ticamericas.net\/startup-challenge\/wp-json\/wp\/v2\/pages\/135","targetHints":{"allow":["GET"]}}],"collection":[{"href":"https:\/\/ticamericas.net\/startup-challenge\/wp-json\/wp\/v2\/pages"}],"about":[{"href":"https:\/\/ticamericas.net\/startup-challenge\/wp-json\/wp\/v2\/types\/page"}],"author":[{"embeddable":true,"href":"https:\/\/ticamericas.net\/startup-challenge\/wp-json\/wp\/v2\/users\/1"}],"replies":[{"embeddable":true,"href":"https:\/\/ticamericas.net\/startup-challenge\/wp-json\/wp\/v2\/comments?post=135"}],"version-history":[{"count":4,"href":"https:\/\/ticamericas.net\/startup-challenge\/wp-json\/wp\/v2\/pages\/135\/revisions"}],"predecessor-version":[{"id":139,"href":"https:\/\/ticamericas.net\/startup-challenge\/wp-json\/wp\/v2\/pages\/135\/revisions\/139"}],"up":[{"embeddable":true,"href":"https:\/\/ticamericas.net\/startup-challenge\/wp-json\/wp\/v2\/pages\/51"}],"wp:attachment":[{"href":"https:\/\/ticamericas.net\/startup-challenge\/wp-json\/wp\/v2\/media?parent=135"}],"curies":[{"name":"wp","href":"https:\/\/api.w.org\/{rel}","templated":true}]}}