{"id":124,"date":"2023-02-16T20:05:38","date_gmt":"2023-02-16T20:05:38","guid":{"rendered":"https:\/\/ticamericas.net\/startup-challenge\/?page_id=124"},"modified":"2023-02-16T20:06:21","modified_gmt":"2023-02-16T20:06:21","slug":"jueces","status":"publish","type":"page","link":"https:\/\/ticamericas.net\/startup-challenge\/edicion-2020\/reglas\/jueces\/","title":{"rendered":"Jueces"},"content":{"rendered":"\t\t<div data-elementor-type=\"wp-page\" data-elementor-id=\"124\" class=\"elementor elementor-124\">\n\t\t\t\t\t\t<section class=\"elementor-section elementor-top-section elementor-element elementor-element-293ac82 elementor-section-boxed elementor-section-height-default elementor-section-height-default\" data-id=\"293ac82\" data-element_type=\"section\" data-e-type=\"section\">\n\t\t\t\t\t\t<div class=\"elementor-container elementor-column-gap-default\">\n\t\t\t\t\t<div class=\"elementor-column elementor-col-100 elementor-top-column elementor-element elementor-element-d0cccf0\" data-id=\"d0cccf0\" data-element_type=\"column\" data-e-type=\"column\">\n\t\t\t<div class=\"elementor-widget-wrap elementor-element-populated\">\n\t\t\t\t\t\t<div class=\"elementor-element elementor-element-9b16ce9 elementor-widget elementor-widget-text-editor\" data-id=\"9b16ce9\" data-element_type=\"widget\" data-e-type=\"widget\" data-widget_type=\"text-editor.default\">\n\t\t\t\t<div class=\"elementor-widget-container\">\n\t\t\t\t\t\t\t\t\t<div id=\"ticgeneral\"><p>Jueces de todo el mundo pueden ser miembros del Comit\u00e9 de Evaluaci\u00f3n de las semifinales y finales de TIC Americas.<\/p><p>El jurado estar\u00e1 conformado por profesionales de distintas disciplinas con destacada trayectoria en su campo, profesionales biling\u00fces o pol\u00edglotas (ingl\u00e9s\/espa\u00f1ol\/portugu\u00e9s\/franc\u00e9s), altamente calificados para realizar las tareas de evaluaci\u00f3n de proyectos y planes de negocios, y otros entregables por los equipos de TIC Americas.<\/p><p>El jurado evaluar\u00e1 y calificar\u00e1 los proyectos de acuerdo con los criterios y modelos de evaluaci\u00f3n en los T\u00e9rminos y Condiciones de estas Reglas.<\/p><p>El jurado proporcionar\u00e1 retroalimentaci\u00f3n a los participantes seleccionados en las semifinales y finales para ayudar a identificar \u00e1reas de mejora.<\/p><p>El jurado evaluar\u00e1 los equipos de manera imparcial, en funci\u00f3n de la calidad t\u00e9cnica y la presentaci\u00f3n del plan de negocio\/proyecto, as\u00ed como del desempe\u00f1o del equipo durante la competencia, sin discriminaci\u00f3n de nacionalidad, edad, educaci\u00f3n o cualquier otro factor.<\/p><p>Todos los jueces aceptan la pol\u00edtica de confidencialidad, los T\u00e9rminos y Condiciones de estas Reglas, establecidas y publicadas por YABT y PepsiCo.<\/p><p>Bajo ninguna circunstancia, alg\u00fan mentor de los equipos participantes podr\u00e1 fungir como juez. Los mentores y los jueces no podr\u00e1n representar a la misma instituci\u00f3n u organizaci\u00f3n.<\/p><p>YABT y PepsiCo nombrar\u00e1 un Comit\u00e9 de Evaluaci\u00f3n Virtual para coordinar el trabajo del jurado y los procesos de revisi\u00f3n durante las semifinales y finales.<\/p><p>Los miembros del jurado participar\u00e1n de forma voluntaria, por lo que no ser\u00e1n pagados por el equipo, YABT, PepsiCo o por alg\u00fan otro patrocinador.<\/p><p>Los jueces eval\u00faan los Materiales de la Competencia, califican a los Equipos y seleccionan a los ganadores de InnovAcci\u00f3n. Las personas interesadas en evaluar a InnovAcci\u00f3n pueden solicitarlo a trav\u00e9s del sitio web de TIC Americas <a href=\"http:\/\/www.ticamericas.net\/reg\/Juez.php\">www.ticamericas.net\/reg\/Juez.php<\/a>. Los jueces son seleccionados con base a los siguientes criterios:<\/p><\/div><div id=\"innova\"><ol><li>Experiencia profesional en sectores como el desarrollo de microempresas y\/o negocios, organizaciones de base, el mundo acad\u00e9mico, las c\u00e1maras de comercio y otras \u00e1reas t\u00e9cnicas;<\/li><li>Biling\u00fce o multiling\u00fce en Ingl\u00e9s, Espa\u00f1ol, Portugu\u00e9s y\/o Franc\u00e9s;<\/li><li>Experiencia previa evaluando una competencia de TIC Americas, cuando sea aplicable<\/li><\/ol><p>La lista de Jueces reflejar\u00e1 el equilibrio de g\u00e9nero y ser\u00e1 ampliamente representativa de los grupos minoritarios. Los siguientes individuos no son elegibles para participar como Jueces:<\/p><ul><li>Mentores del InnovAcci\u00f3n;<\/li><li>Personal del YABT;<\/li><li>Oficiales de YABT y miembros de su Junta Directiva;<\/li><li>Personal de IAF, contratistas y miembros de su Junta Directiva y Consejo Consultivo;<\/li><li>Personal de la Secretar\u00eda General de la Organizaci\u00f3n de los Estados Americanos; y<\/li><li>Familiares directos o miembros de los hogares de las personas mencionadas anteriormente.\u00a0<\/li><\/ul><p>Los jueces firmar\u00e1n un acuerdo de confidencialidad, revelar\u00e1n todos los posibles conflictos de intereses y se comprometer\u00e1n a respetar las Reglas, T\u00e9rminos y Condiciones de InnovAcci\u00f3n para poder participar. Los jueces acordar\u00e1n evaluar a los Equipos de forma completa e imparcial, bas\u00e1ndose en la calidad t\u00e9cnica y la presentaci\u00f3n de los Materiales de la Competencia y el rendimiento del Equipo durante InnovAcci\u00f3n, y sin tener en cuenta el g\u00e9nero, la nacionalidad, la edad, la educaci\u00f3n, la raza, la orientaci\u00f3n sexual u otros factores discriminatorios. Los jueces participan de forma voluntaria y no ser\u00e1n pagados por el Equipo, por YABT, IAF, los Patrocinadores, InnovAcci\u00f3n u otros socios.<\/p><p>YABT proporcionar\u00e1 entrenamiento y supervisi\u00f3n a los jueces para asegurar que la aplicaci\u00f3n de los criterios de evaluaci\u00f3n (ver F. Criterios de Evaluaci\u00f3n) y el proceso de selecci\u00f3n sea consistente y apropiado.<\/p><\/div>\t\t\t\t\t\t\t\t<\/div>\n\t\t\t\t<\/div>\n\t\t\t\t\t<\/div>\n\t\t<\/div>\n\t\t\t\t\t<\/div>\n\t\t<\/section>\n\t\t\t\t<\/div>\n\t\t","protected":false},"excerpt":{"rendered":"<p>Jueces de todo el mundo pueden ser miembros del Comit\u00e9 de Evaluaci\u00f3n de las semifinales y finales de TIC Americas. El jurado estar\u00e1 conformado por profesionales de distintas disciplinas con destacada trayectoria en su campo, profesionales biling\u00fces o pol\u00edglotas (ingl\u00e9s\/espa\u00f1ol\/portugu\u00e9s\/franc\u00e9s), altamente calificados para realizar las tareas de evaluaci\u00f3n de proyectos y planes de negocios, y [&hellip;]<\/p>\n","protected":false},"author":1,"featured_media":0,"parent":51,"menu_order":0,"comment_status":"closed","ping_status":"closed","template":"","meta":{"footnotes":""},"class_list":["post-124","page","type-page","status-publish","hentry"],"_links":{"self":[{"href":"https:\/\/ticamericas.net\/startup-challenge\/wp-json\/wp\/v2\/pages\/124","targetHints":{"allow":["GET"]}}],"collection":[{"href":"https:\/\/ticamericas.net\/startup-challenge\/wp-json\/wp\/v2\/pages"}],"about":[{"href":"https:\/\/ticamericas.net\/startup-challenge\/wp-json\/wp\/v2\/types\/page"}],"author":[{"embeddable":true,"href":"https:\/\/ticamericas.net\/startup-challenge\/wp-json\/wp\/v2\/users\/1"}],"replies":[{"embeddable":true,"href":"https:\/\/ticamericas.net\/startup-challenge\/wp-json\/wp\/v2\/comments?post=124"}],"version-history":[{"count":4,"href":"https:\/\/ticamericas.net\/startup-challenge\/wp-json\/wp\/v2\/pages\/124\/revisions"}],"predecessor-version":[{"id":128,"href":"https:\/\/ticamericas.net\/startup-challenge\/wp-json\/wp\/v2\/pages\/124\/revisions\/128"}],"up":[{"embeddable":true,"href":"https:\/\/ticamericas.net\/startup-challenge\/wp-json\/wp\/v2\/pages\/51"}],"wp:attachment":[{"href":"https:\/\/ticamericas.net\/startup-challenge\/wp-json\/wp\/v2\/media?parent=124"}],"curies":[{"name":"wp","href":"https:\/\/api.w.org\/{rel}","templated":true}]}}