{"id":118,"date":"2023-02-16T20:03:54","date_gmt":"2023-02-16T20:03:54","guid":{"rendered":"https:\/\/ticamericas.net\/startup-challenge\/?page_id=118"},"modified":"2023-02-16T20:04:22","modified_gmt":"2023-02-16T20:04:22","slug":"mentores","status":"publish","type":"page","link":"https:\/\/ticamericas.net\/startup-challenge\/edicion-2020\/reglas\/mentores\/","title":{"rendered":"Mentores"},"content":{"rendered":"\t\t<div data-elementor-type=\"wp-page\" data-elementor-id=\"118\" class=\"elementor elementor-118\">\n\t\t\t\t\t\t<section class=\"elementor-section elementor-top-section elementor-element elementor-element-5689d23 elementor-section-boxed elementor-section-height-default elementor-section-height-default\" data-id=\"5689d23\" data-element_type=\"section\" data-e-type=\"section\">\n\t\t\t\t\t\t<div class=\"elementor-container elementor-column-gap-default\">\n\t\t\t\t\t<div class=\"elementor-column elementor-col-100 elementor-top-column elementor-element elementor-element-bdd38fd\" data-id=\"bdd38fd\" data-element_type=\"column\" data-e-type=\"column\">\n\t\t\t<div class=\"elementor-widget-wrap elementor-element-populated\">\n\t\t\t\t\t\t<div class=\"elementor-element elementor-element-795a545 elementor-widget elementor-widget-text-editor\" data-id=\"795a545\" data-element_type=\"widget\" data-e-type=\"widget\" data-widget_type=\"text-editor.default\">\n\t\t\t\t<div class=\"elementor-widget-container\">\n\t\t\t\t\t\t\t\t\t<div id=\"ticgeneral\"><p>Todos los equipos tienen la opci\u00f3n de trabajar con uno o m\u00e1s mentores sin restricciones de edad, nacionalidad, experiencia o educaci\u00f3n de estos. Los mentores deber\u00e1n registrarse en la plataforma. Las personas mentoras no podr\u00e1n ser jueces de la Competencia.<\/p><p>Los mentores pueden ayudar a miembros del equipo en la preparaci\u00f3n del proyecto respondiendo preguntas, compartiendo asesoramiento\/experiencia t\u00e9cnica y de la industria, ayudando con estrategias organizacionales, editando planes de negocios\/proyectos, evaluando presentaciones del equipo y facilitando las redes necesarias para el \u00e9xito a largo plazo del proyecto.<\/p><p>Los Mentores proporcionan apoyo voluntario y orientaci\u00f3n<a href=\"https:\/\/ticamericas.net\/startup-challenge\/reglas.php?l=mentores#_ftn1\"><sup>[1]<\/sup><\/a>\u00a0a los Equipos durante el InnovAcci\u00f3n. Los Mentores son opcionales, y los Equipos no est\u00e1n obligados a incluir un mentor en el Perfil de su Equipo para poder competir en InnovAcci\u00f3n. Los equipos pueden seleccionar sus propios Mentores o pedir que YABT les asigne un Mentor. Los Mentores se registran en el momento de la inscripci\u00f3n del Equipo. Los mentores no pueden participar o estar presentes en las presentaciones del Equipo durante las Finales (ver E. Rondas de la Competencia, Selecci\u00f3n y Premiaci\u00f3n de Ganadores). No hay restricciones con respecto a la edad, nacionalidad, experiencia o educaci\u00f3n de los Mentores.<\/p><\/div><div id=\"innova\"><p>Las siguientes personas no son elegibles para participar como mentores:<\/p><ul><li>Jueces de la Competencia;<\/li><li>Personal del YABT y miembros de los cap\u00edtulos nacionales;<\/li><li>Oficiales de YABT y miembros de su Junta Directiva;<\/li><li>Personal de IAF, contratistas y miembros de su Junta Directiva y Consejo Consultivo;<\/li><li>Personal de la Secretar\u00eda General de la Organizaci\u00f3n de los Estados Americanos; y<\/li><li>Familiares directos o miembros de los hogares de las personas mencionadas anteriormente. \u00a0<\/li><\/ul><p>Los mentores participan de forma voluntaria y no ser\u00e1n pagados por el Equipo, por YABT, IAF, patrocinadores, InnovAcci\u00f3n u otros socios.<\/p><p><a href=\"https:\/\/ticamericas.net\/startup-challenge\/reglas.php?l=mentores#_ftnref1\"><sup>[1]<\/sup><\/a>Algunos ejemplos de la asistencia que los Mentores proveen, incluyen responder preguntas, proveer consejos de la industria y t\u00e9cnicos, ayudar con estrategias organizacionales, editar Planes de Negocios, evaluar presentaciones de equipos y facilitar las redes necesarias para el \u00e9xito de la iniciativa a largo plazo.<\/p><\/div>\t\t\t\t\t\t\t\t<\/div>\n\t\t\t\t<\/div>\n\t\t\t\t\t<\/div>\n\t\t<\/div>\n\t\t\t\t\t<\/div>\n\t\t<\/section>\n\t\t\t\t<\/div>\n\t\t","protected":false},"excerpt":{"rendered":"<p>Todos los equipos tienen la opci\u00f3n de trabajar con uno o m\u00e1s mentores sin restricciones de edad, nacionalidad, experiencia o educaci\u00f3n de estos. Los mentores deber\u00e1n registrarse en la plataforma. Las personas mentoras no podr\u00e1n ser jueces de la Competencia. Los mentores pueden ayudar a miembros del equipo en la preparaci\u00f3n del proyecto respondiendo preguntas, [&hellip;]<\/p>\n","protected":false},"author":1,"featured_media":0,"parent":51,"menu_order":0,"comment_status":"closed","ping_status":"closed","template":"","meta":{"footnotes":""},"class_list":["post-118","page","type-page","status-publish","hentry"],"_links":{"self":[{"href":"https:\/\/ticamericas.net\/startup-challenge\/wp-json\/wp\/v2\/pages\/118","targetHints":{"allow":["GET"]}}],"collection":[{"href":"https:\/\/ticamericas.net\/startup-challenge\/wp-json\/wp\/v2\/pages"}],"about":[{"href":"https:\/\/ticamericas.net\/startup-challenge\/wp-json\/wp\/v2\/types\/page"}],"author":[{"embeddable":true,"href":"https:\/\/ticamericas.net\/startup-challenge\/wp-json\/wp\/v2\/users\/1"}],"replies":[{"embeddable":true,"href":"https:\/\/ticamericas.net\/startup-challenge\/wp-json\/wp\/v2\/comments?post=118"}],"version-history":[{"count":4,"href":"https:\/\/ticamericas.net\/startup-challenge\/wp-json\/wp\/v2\/pages\/118\/revisions"}],"predecessor-version":[{"id":122,"href":"https:\/\/ticamericas.net\/startup-challenge\/wp-json\/wp\/v2\/pages\/118\/revisions\/122"}],"up":[{"embeddable":true,"href":"https:\/\/ticamericas.net\/startup-challenge\/wp-json\/wp\/v2\/pages\/51"}],"wp:attachment":[{"href":"https:\/\/ticamericas.net\/startup-challenge\/wp-json\/wp\/v2\/media?parent=118"}],"curies":[{"name":"wp","href":"https:\/\/api.w.org\/{rel}","templated":true}]}}