{"id":104,"date":"2023-02-16T19:58:05","date_gmt":"2023-02-16T19:58:05","guid":{"rendered":"https:\/\/ticamericas.net\/startup-challenge\/?page_id=104"},"modified":"2023-02-16T19:58:43","modified_gmt":"2023-02-16T19:58:43","slug":"equipos-elegibilidad","status":"publish","type":"page","link":"https:\/\/ticamericas.net\/startup-challenge\/edicion-2020\/reglas\/equipos-elegibilidad\/","title":{"rendered":"Equipos \/ Elegibilidad"},"content":{"rendered":"\t\t<div data-elementor-type=\"wp-page\" data-elementor-id=\"104\" class=\"elementor elementor-104\">\n\t\t\t\t\t\t<section class=\"elementor-section elementor-top-section elementor-element elementor-element-da0ee35 elementor-section-boxed elementor-section-height-default elementor-section-height-default\" data-id=\"da0ee35\" data-element_type=\"section\" data-e-type=\"section\">\n\t\t\t\t\t\t<div class=\"elementor-container elementor-column-gap-default\">\n\t\t\t\t\t<div class=\"elementor-column elementor-col-100 elementor-top-column elementor-element elementor-element-260e378\" data-id=\"260e378\" data-element_type=\"column\" data-e-type=\"column\">\n\t\t\t<div class=\"elementor-widget-wrap elementor-element-populated\">\n\t\t\t\t\t\t<div class=\"elementor-element elementor-element-cf6d251 elementor-widget elementor-widget-text-editor\" data-id=\"cf6d251\" data-element_type=\"widget\" data-e-type=\"widget\" data-widget_type=\"text-editor.default\">\n\t\t\t\t<div class=\"elementor-widget-container\">\n\t\t\t\t\t\t\t\t\t<p>El registro y la participaci\u00f3n en los componentes de capacitaci\u00f3n empresarial de InnovAcci\u00f3n, incluido el BOOT Camp, est\u00e1 disponible para todos sin costo alguno. Para poder competir en InnovAcci\u00f3n y ser elegibles para ganar, los equipos competidores (&#8220;Equipos&#8221;) deben cumplir los siguientes criterios:<\/p><ol><li>Estar compuesto por un m\u00ednimo de uno y un m\u00e1ximo de diez j\u00f3venes.<br \/><br \/><\/li><li>Registrar un perfil (&#8220;Perfil del Equipo&#8221;) en el sitio web,\u00a0<a href=\"http:\/\/www.ticamericas.net\/innova\">www.ticamericas.net\/innova<\/a>\u00a0(&#8220;Sitio web&#8221;) antes del 28\u00a0de febrero de 2021, que incluya la siguiente informaci\u00f3n:<ul><li>Nombres, informaci\u00f3n detallada y fotos de todos los miembros del Equipo (&#8220;Miembros del Equipo&#8221;).<\/li><li>Nombre del Equipo.<\/li><li>Resumen del plan de negocios &#8211; que se pondr\u00e1 a disposici\u00f3n del p\u00fablico.<\/li><li>Informaci\u00f3n de contacto.<\/li><li>Sitio web y cuentas de redes sociales, si est\u00e1n disponibles.<br \/><br \/><\/li><\/ul><\/li><li>Establecer\/asignar roles de liderazgo<a href=\"http:\/\/www.ticamericas.net\/startup-challenge\/reglas.php?l=equipos#_ftn1\"><sup>[1]<\/sup><\/a>, incluyendo:<br \/><ul><li>Presidente Ejecutivo &#8211; L\u00edder de Equipo y principal tomador de decisiones y contacto para InnovAcci\u00f3n. \u00a0Si un Equipo consiste en un solo miembro del Equipo, \u00e9l\/ella debe ser el Director Ejecutivo.<\/li><li>Director Financiero- Responsable del presupuesto y de todas las operaciones financieras.<\/li><li>Director T\u00e9cnico- Gestiona las operaciones y las actividades cotidianas del negocio.<\/li><li>Mentor(es) voluntario(s) (Opcional) &#8211; Proporcionar orientaci\u00f3n y asesoramiento al Equipo. Ver &#8220;Mentores&#8221;.<br \/><br \/><\/li><\/ul><\/li><li>Representar a los ciudadanos o residentes legales de los miembros activos con derecho a voto de la OEA<a href=\"http:\/\/www.ticamericas.net\/startup-challenge\/reglas.php?l=equipos#_ftn2\"><sup>[2]<\/sup><\/a>. Los Equipos multinacionales pueden competir. Los Equipos multinacionales se registrar\u00e1n bajo el pa\u00eds de nacionalidad o el pa\u00eds de residencia permanente del Presidente Ejecutivo.<br \/><br \/><\/li><li>Operar o planear operar un negocio en uno de los miembros activos con derecho a voto de la OEA y ser capaz de registrar formalmente el negocio en ese pa\u00eds<a href=\"http:\/\/www.ticamericas.net\/startup-challenge\/reglas.php?l=equipos#_ftn3\"><sup>[3]<\/sup><\/a>. El registro formal de la empresa en el momento de la competencia no es un requisito de elegibilidad y no afecta a la puntuaci\u00f3n. \u00a0<br \/><br \/><\/li><li>Enviar los materiales de la competencia (&#8220;Materiales de la Competencia&#8221;), en Ingl\u00e9s, Espa\u00f1ol, Franc\u00e9s o Portugu\u00e9s, a una de las categor\u00edas del concurso (v\u00e9ase B. Categor\u00edas) antes del 28 de febrero de 2021. Los Materiales de la Competencia incluyen los siguientes tres componentes:<br \/><ol><li>Un\u00a0<a href=\"http:\/\/www.ticamericas.net\/Download\/Innovaccion_Lineamientos_Plan.pdf\">formulario de plan de negocios<\/a>\u00a0completo (&#8220;Plan de Negocios&#8221;) como se provee en el sitio web. Los Equipos que presenten su Plan de Negocios en cualquier otro formato ser\u00e1n descalificados.<\/li><li>Un\u00a0<a href=\"http:\/\/www.ticamericas.net\/Download\/Innovaccion_Lineamientos_Portafolio_Visual.pdf\">portafolio visual<\/a>\u00a0(&#8220;Portafolio&#8221;), que incluya evidencia de actividad o iniciativas como fotos, videos, boletines, canciones, historietas o expresiones art\u00edsticas.<\/li><li>Una\u00a0<a href=\"http:\/\/www.ticamericas.net\/Download\/Innovaccion_Lineamientos_presencia_en_linea.pdf\">presencia en l\u00ednea<\/a>\u00a0(&#8220;Presencia en la web&#8221;), como un sitio web, un blog, una p\u00e1gina de Facebook, un canal de Instagram, un canal\/v\u00eddeo de YouTube, etc.<\/li><\/ol><\/li><\/ol><p>Las siguientes personas no pueden registrarse ni competir en InnovAcci\u00f3n:<\/p><ul><li>Personal del YABT y miembros de los cap\u00edtulos nacionales;<\/li><li>Oficiales de YABT y miembros de su Junta Directiva;<\/li><li>Jueces de la Competencia;<\/li><li>Personal de IAF, contratistas y miembros de su Junta Directiva y Consejo Consultivo;<\/li><li>Personal de la Secretar\u00eda General de la Organizaci\u00f3n de los Estados Americanos; y<\/li><li>Familiares directos o miembros de los hogares de las personas mencionadas anteriormente.<\/li><\/ul><p><a href=\"http:\/\/www.ticamericas.net\/startup-challenge\/reglas.php?l=equipos#_ftnref1\"><sup>[1]<\/sup><\/a>Un miembro del equipo puede tener m\u00faltiples posiciones de liderazgo.<\/p><p><a href=\"http:\/\/www.ticamericas.net\/startup-challenge\/reglas.php?l=equipos#_ftnref2\"><sup>[2]<\/sup><\/a>Estados miembros de la OEA:\u00a0<a href=\"http:\/\/www.oas.org\/en\/member_states\/default.asp\">http:\/\/www.oas.org\/en\/member_states\/default.asp<\/a>. \u00a0<\/p><p><a href=\"http:\/\/www.ticamericas.net\/startup-challenge\/reglas.php?l=equipos#_ftnref3\"><sup>[3]<\/sup><\/a>La financiaci\u00f3n no se dirigir\u00e1 a empresas que operen en Venezuela o Cuba.<\/p>\t\t\t\t\t\t\t\t<\/div>\n\t\t\t\t<\/div>\n\t\t\t\t\t<\/div>\n\t\t<\/div>\n\t\t\t\t\t<\/div>\n\t\t<\/section>\n\t\t\t\t<\/div>\n\t\t","protected":false},"excerpt":{"rendered":"<p>El registro y la participaci\u00f3n en los componentes de capacitaci\u00f3n empresarial de InnovAcci\u00f3n, incluido el BOOT Camp, est\u00e1 disponible para todos sin costo alguno. Para poder competir en InnovAcci\u00f3n y ser elegibles para ganar, los equipos competidores (&#8220;Equipos&#8221;) deben cumplir los siguientes criterios: Estar compuesto por un m\u00ednimo de uno y un m\u00e1ximo de diez [&hellip;]<\/p>\n","protected":false},"author":1,"featured_media":0,"parent":51,"menu_order":0,"comment_status":"closed","ping_status":"closed","template":"","meta":{"footnotes":""},"class_list":["post-104","page","type-page","status-publish","hentry"],"_links":{"self":[{"href":"https:\/\/ticamericas.net\/startup-challenge\/wp-json\/wp\/v2\/pages\/104","targetHints":{"allow":["GET"]}}],"collection":[{"href":"https:\/\/ticamericas.net\/startup-challenge\/wp-json\/wp\/v2\/pages"}],"about":[{"href":"https:\/\/ticamericas.net\/startup-challenge\/wp-json\/wp\/v2\/types\/page"}],"author":[{"embeddable":true,"href":"https:\/\/ticamericas.net\/startup-challenge\/wp-json\/wp\/v2\/users\/1"}],"replies":[{"embeddable":true,"href":"https:\/\/ticamericas.net\/startup-challenge\/wp-json\/wp\/v2\/comments?post=104"}],"version-history":[{"count":4,"href":"https:\/\/ticamericas.net\/startup-challenge\/wp-json\/wp\/v2\/pages\/104\/revisions"}],"predecessor-version":[{"id":108,"href":"https:\/\/ticamericas.net\/startup-challenge\/wp-json\/wp\/v2\/pages\/104\/revisions\/108"}],"up":[{"embeddable":true,"href":"https:\/\/ticamericas.net\/startup-challenge\/wp-json\/wp\/v2\/pages\/51"}],"wp:attachment":[{"href":"https:\/\/ticamericas.net\/startup-challenge\/wp-json\/wp\/v2\/media?parent=104"}],"curies":[{"name":"wp","href":"https:\/\/api.w.org\/{rel}","templated":true}]}}