{"id":98,"date":"2023-09-28T00:22:39","date_gmt":"2023-09-28T00:22:39","guid":{"rendered":"https:\/\/ticamericas.net\/innovacion\/?page_id=98"},"modified":"2023-11-09T08:02:52","modified_gmt":"2023-11-09T08:02:52","slug":"idiomas","status":"publish","type":"page","link":"https:\/\/ticamericas.net\/migracion\/2023-24\/reglas\/idiomas\/","title":{"rendered":"Idiomas"},"content":{"rendered":"\t\t<div data-elementor-type=\"wp-page\" data-elementor-id=\"98\" class=\"elementor elementor-98\">\n\t\t\t\t\t\t<section class=\"elementor-section elementor-top-section elementor-element elementor-element-5c27fa9 elementor-section-boxed elementor-section-height-default elementor-section-height-default\" data-id=\"5c27fa9\" data-element_type=\"section\" data-e-type=\"section\">\n\t\t\t\t\t\t<div class=\"elementor-container elementor-column-gap-default\">\n\t\t\t\t\t<div class=\"elementor-column elementor-col-100 elementor-top-column elementor-element elementor-element-727d812\" data-id=\"727d812\" data-element_type=\"column\" data-e-type=\"column\">\n\t\t\t<div class=\"elementor-widget-wrap elementor-element-populated\">\n\t\t\t\t\t\t<div class=\"elementor-element elementor-element-2ea30a0 elementor-widget elementor-widget-text-editor\" data-id=\"2ea30a0\" data-element_type=\"widget\" data-e-type=\"widget\" data-widget_type=\"text-editor.default\">\n\t\t\t\t<div class=\"elementor-widget-container\">\n\t\t\t\t\t\t\t\t\t<p><span style=\"font-weight: 400;\">El Espa\u00f1ol es el idioma establecido para este Reto de Innovaci\u00f3n, por ser el idioma oficial de los tres pa\u00edses beneficiarios. Por lo tanto, toda documentaci\u00f3n y materiales relacionados con los Entregables, deber\u00e1n presentarse en el idioma espa\u00f1ol.\u00a0<\/span><\/p><p><span style=\"font-weight: 400;\">Los equipos Finalistas presentar\u00e1n sus proyectos en el idioma espa\u00f1ol ante el Comit\u00e9 del Jurado Calificador de las Finales. No se aceptar\u00e1n int\u00e9rpretes en ninguna de las etapas del programa.\u00a0<\/span><\/p>\t\t\t\t\t\t\t\t<\/div>\n\t\t\t\t<\/div>\n\t\t\t\t\t<\/div>\n\t\t<\/div>\n\t\t\t\t\t<\/div>\n\t\t<\/section>\n\t\t\t\t<\/div>\n\t\t","protected":false},"excerpt":{"rendered":"<p>El Espa\u00f1ol es el idioma establecido para este Reto de Innovaci\u00f3n, por ser el idioma oficial de los tres pa\u00edses beneficiarios. Por lo tanto, toda documentaci\u00f3n y materiales relacionados con los Entregables, deber\u00e1n presentarse en el idioma espa\u00f1ol.\u00a0 Los equipos Finalistas presentar\u00e1n sus proyectos en el idioma espa\u00f1ol ante el Comit\u00e9 del Jurado Calificador de [&hellip;]<\/p>\n","protected":false},"author":1,"featured_media":0,"parent":84,"menu_order":0,"comment_status":"closed","ping_status":"closed","template":"","meta":{"footnotes":""},"class_list":["post-98","page","type-page","status-publish","hentry"],"_links":{"self":[{"href":"https:\/\/ticamericas.net\/migracion\/wp-json\/wp\/v2\/pages\/98","targetHints":{"allow":["GET"]}}],"collection":[{"href":"https:\/\/ticamericas.net\/migracion\/wp-json\/wp\/v2\/pages"}],"about":[{"href":"https:\/\/ticamericas.net\/migracion\/wp-json\/wp\/v2\/types\/page"}],"author":[{"embeddable":true,"href":"https:\/\/ticamericas.net\/migracion\/wp-json\/wp\/v2\/users\/1"}],"replies":[{"embeddable":true,"href":"https:\/\/ticamericas.net\/migracion\/wp-json\/wp\/v2\/comments?post=98"}],"version-history":[{"count":7,"href":"https:\/\/ticamericas.net\/migracion\/wp-json\/wp\/v2\/pages\/98\/revisions"}],"predecessor-version":[{"id":596,"href":"https:\/\/ticamericas.net\/migracion\/wp-json\/wp\/v2\/pages\/98\/revisions\/596"}],"up":[{"embeddable":true,"href":"https:\/\/ticamericas.net\/migracion\/wp-json\/wp\/v2\/pages\/84"}],"wp:attachment":[{"href":"https:\/\/ticamericas.net\/migracion\/wp-json\/wp\/v2\/media?parent=98"}],"curies":[{"name":"wp","href":"https:\/\/api.w.org\/{rel}","templated":true}]}}