{"id":96,"date":"2023-09-28T00:22:19","date_gmt":"2023-09-28T00:22:19","guid":{"rendered":"https:\/\/ticamericas.net\/innovacion\/?page_id=96"},"modified":"2023-11-09T08:00:40","modified_gmt":"2023-11-09T08:00:40","slug":"equipos-elegibilidad","status":"publish","type":"page","link":"https:\/\/ticamericas.net\/migracion\/2023-24\/reglas\/equipos-elegibilidad\/","title":{"rendered":"Elegibilidad"},"content":{"rendered":"\t\t<div data-elementor-type=\"wp-page\" data-elementor-id=\"96\" class=\"elementor elementor-96\">\n\t\t\t\t\t\t<section class=\"elementor-section elementor-top-section elementor-element elementor-element-62b25ec elementor-section-boxed elementor-section-height-default elementor-section-height-default\" data-id=\"62b25ec\" data-element_type=\"section\" data-e-type=\"section\">\n\t\t\t\t\t\t<div class=\"elementor-container elementor-column-gap-default\">\n\t\t\t\t\t<div class=\"elementor-column elementor-col-100 elementor-top-column elementor-element elementor-element-21ec9ec\" data-id=\"21ec9ec\" data-element_type=\"column\" data-e-type=\"column\">\n\t\t\t<div class=\"elementor-widget-wrap elementor-element-populated\">\n\t\t\t\t\t\t<div class=\"elementor-element elementor-element-050ce39 elementor-widget elementor-widget-text-editor\" data-id=\"050ce39\" data-element_type=\"widget\" data-e-type=\"widget\" data-widget_type=\"text-editor.default\">\n\t\t\t\t<div class=\"elementor-widget-container\">\n\t\t\t\t\t\t\t\t\t<p>Esta primera edici\u00f3n del Reto de Innovaci\u00f3n se encuentra abierto a emprendimientos que se encuentren primordialmente en la etapa de Ideaci\u00f3n, Prototipado, Producto M\u00ednimo Viable (MVP), Tracci\u00f3n o Crecimiento, y alineadas con las prioridades mencionadas anteriormente.<\/p><p>Abierto a j\u00f3venes emprendedores(as) de 18 a 34 a\u00f1os, nacidos o con estatus de personas migrantes, refugiadas o desplazadas exclusivamente de nacionalidad venezolana, que residan en Ecuador, Per\u00fa y la Rep\u00fablica Dominicana. Los organizadores podr\u00e1n solicitar un documento de identidad personal para certificar lo antes expuesto.<\/p><p>Los equipos pueden estar compuestos por m\u00ednimo uno (1) y m\u00e1ximo diez (10) miembros. Tambi\u00e9n se puede incluir en el equipo hasta dos (2) mentores, los cuales no tendr\u00e1n l\u00edmite de edad. <br \/>Si el equipo se compone de una sola persona, la misma se registrar\u00e1 como Director Ejecutivo.<br \/>En el caso que el equipo tenga m\u00e1s de un miembro, los integrantes ser\u00e1n distribuidos seg\u00fan las siguientes posiciones: Director Ejecutivo, Director Financiero y Director T\u00e9cnico<\/p><p>Los equipos multinacionales pueden competir. Un equipo multinacional para efectos de este Reto de Innovaci\u00f3n, se entiende que est\u00e1 compuesto por las personas elegibles mencionadas anteriormente, las cuales residen en dos o tres de los pa\u00edses elegibles. Para estos casos, el equipo ser\u00e1 registrado seg\u00fan el domicilio del emprendimiento o la residencia permanente de su Director Ejecutivo.<\/p><p>El proyecto registrado deber\u00e1 ser implementado y generar beneficios para uno o m\u00e1s de los pa\u00edses elegibles.<\/p><p>El integrante l\u00edder ser\u00e1 la persona que represente al equipo y mantendr\u00e1 la comunicaci\u00f3n con los organizadores de la competencia. Adem\u00e1s, ser\u00e1 una de las dos personas a cargo de la presentaci\u00f3n del proyecto ante el Comit\u00e9 del Jurado Calificador en la Etapa de las Finales, en caso de resultar Finalista.<\/p><p><strong>Nota Importante:<\/strong><br \/>El Personal de YABT, los Cap\u00edtulos Nacionales, la Junta Directiva, proveedores de servicios para el programa, el personal de USA for IOM, otros patrocinadores de TIC Americas, as\u00ed como sus familiares directos, no son elegibles para participar en el programa.<\/p>\t\t\t\t\t\t\t\t<\/div>\n\t\t\t\t<\/div>\n\t\t\t\t\t<\/div>\n\t\t<\/div>\n\t\t\t\t\t<\/div>\n\t\t<\/section>\n\t\t\t\t<\/div>\n\t\t","protected":false},"excerpt":{"rendered":"<p>Esta primera edici\u00f3n del Reto de Innovaci\u00f3n se encuentra abierto a emprendimientos que se encuentren primordialmente en la etapa de Ideaci\u00f3n, Prototipado, Producto M\u00ednimo Viable (MVP), Tracci\u00f3n o Crecimiento, y alineadas con las prioridades mencionadas anteriormente. Abierto a j\u00f3venes emprendedores(as) de 18 a 34 a\u00f1os, nacidos o con estatus de personas migrantes, refugiadas o desplazadas [&hellip;]<\/p>\n","protected":false},"author":1,"featured_media":0,"parent":84,"menu_order":0,"comment_status":"closed","ping_status":"closed","template":"","meta":{"footnotes":""},"class_list":["post-96","page","type-page","status-publish","hentry"],"_links":{"self":[{"href":"https:\/\/ticamericas.net\/migracion\/wp-json\/wp\/v2\/pages\/96","targetHints":{"allow":["GET"]}}],"collection":[{"href":"https:\/\/ticamericas.net\/migracion\/wp-json\/wp\/v2\/pages"}],"about":[{"href":"https:\/\/ticamericas.net\/migracion\/wp-json\/wp\/v2\/types\/page"}],"author":[{"embeddable":true,"href":"https:\/\/ticamericas.net\/migracion\/wp-json\/wp\/v2\/users\/1"}],"replies":[{"embeddable":true,"href":"https:\/\/ticamericas.net\/migracion\/wp-json\/wp\/v2\/comments?post=96"}],"version-history":[{"count":8,"href":"https:\/\/ticamericas.net\/migracion\/wp-json\/wp\/v2\/pages\/96\/revisions"}],"predecessor-version":[{"id":587,"href":"https:\/\/ticamericas.net\/migracion\/wp-json\/wp\/v2\/pages\/96\/revisions\/587"}],"up":[{"embeddable":true,"href":"https:\/\/ticamericas.net\/migracion\/wp-json\/wp\/v2\/pages\/84"}],"wp:attachment":[{"href":"https:\/\/ticamericas.net\/migracion\/wp-json\/wp\/v2\/media?parent=96"}],"curies":[{"name":"wp","href":"https:\/\/api.w.org\/{rel}","templated":true}]}}