{"id":94,"date":"2023-09-28T00:21:55","date_gmt":"2023-09-28T00:21:55","guid":{"rendered":"https:\/\/ticamericas.net\/innovacion\/?page_id=94"},"modified":"2023-11-09T08:02:12","modified_gmt":"2023-11-09T08:02:12","slug":"entregables","status":"publish","type":"page","link":"https:\/\/ticamericas.net\/migracion\/2023-24\/reglas\/entregables\/","title":{"rendered":"Entregables"},"content":{"rendered":"\t\t<div data-elementor-type=\"wp-page\" data-elementor-id=\"94\" class=\"elementor elementor-94\">\n\t\t\t\t\t\t<section class=\"elementor-section elementor-top-section elementor-element elementor-element-3a92ecf elementor-section-boxed elementor-section-height-default elementor-section-height-default\" data-id=\"3a92ecf\" data-element_type=\"section\" data-e-type=\"section\">\n\t\t\t\t\t\t<div class=\"elementor-container elementor-column-gap-default\">\n\t\t\t\t\t<div class=\"elementor-column elementor-col-100 elementor-top-column elementor-element elementor-element-5e88ffc\" data-id=\"5e88ffc\" data-element_type=\"column\" data-e-type=\"column\">\n\t\t\t<div class=\"elementor-widget-wrap elementor-element-populated\">\n\t\t\t\t\t\t<div class=\"elementor-element elementor-element-8cfc568 elementor-widget elementor-widget-text-editor\" data-id=\"8cfc568\" data-element_type=\"widget\" data-e-type=\"widget\" data-widget_type=\"text-editor.default\">\n\t\t\t\t<div class=\"elementor-widget-container\">\n\t\t\t\t\t\t\t\t\t<p><span style=\"font-weight: 400;\">Documentaci\u00f3n requeridos para clasificar a las Semifinales y ser evaluados por el Comit\u00e9 del Jurado Calificador\u00a0<\/span><\/p><p><span style=\"font-weight: 400;\">Es imperativo que cada equipo participante presente los siguientes entregables:<\/span><\/p><ol><li style=\"font-weight: 400;\" aria-level=\"1\"><a href=\"https:\/\/yabt.net\/Download\/Proyecto_del_negocio.pdf\" target=\"_blank\" rel=\"noopener\"><span style=\"font-weight: 400;\"><strong>Un Proyecto de Negocio<\/strong><\/span><\/a><span style=\"font-weight: 400;\"> que proponga una soluci\u00f3n a una de las prioridades del Reto.<\/span><\/li><li style=\"font-weight: 400;\" aria-level=\"1\"><strong><a href=\"https:\/\/ticamericas.net\/download\/modelo_de_negocio_2023.pdf\" target=\"_blank\" rel=\"noopener\">Un Modelo de Negocio en formato Canvas<\/a><\/strong><span style=\"font-weight: 400;\"> que resuma el Proyecto de Negocio en una sola p\u00e1gina.<\/span><\/li><li style=\"font-weight: 400;\" aria-level=\"1\"><span style=\"font-weight: 400;\">Presencia en l\u00ednea a trav\u00e9s de un sitio web, blog o perfiles en redes sociales (p\u00e1gina de Facebook, Instagram, etc.).<\/span><\/li><\/ol><p><span style=\"font-weight: 400;\">Se exhorta a los equipos seguir los respectivos formatos establecidos para este Reto de Innovaci\u00f3n. Formatos diferentes no ser\u00e1n considerados para ser evaluados por el Jurado Calificador, y por ende, ser\u00e1n descalificados para continuar con los pr\u00f3ximos pasos del proceso.<\/span><\/p><p><span style=\"font-weight: 400;\">En la Secci\u00f3n \u201cCriterios de Evaluaci\u00f3n \/ Semifinales\u201d de las presentes Reglas, los equipos encontrar\u00e1n los detalles a ser evaluados por el Jurado Calificador, lo que les permitir\u00e1 ajustar sus propuestas para tener una ventaja competitiva a la hora de ser evaluados. Adem\u00e1s, alinear claramente sus propuestas con el Eje Tem\u00e1tico seleccionado durante su registro en el programa. <\/span><\/p>\t\t\t\t\t\t\t\t<\/div>\n\t\t\t\t<\/div>\n\t\t\t\t\t<\/div>\n\t\t<\/div>\n\t\t\t\t\t<\/div>\n\t\t<\/section>\n\t\t\t\t<\/div>\n\t\t","protected":false},"excerpt":{"rendered":"<p>Documentaci\u00f3n requeridos para clasificar a las Semifinales y ser evaluados por el Comit\u00e9 del Jurado Calificador\u00a0 Es imperativo que cada equipo participante presente los siguientes entregables: Un Proyecto de Negocio que proponga una soluci\u00f3n a una de las prioridades del Reto. Un Modelo de Negocio en formato Canvas que resuma el Proyecto de Negocio en [&hellip;]<\/p>\n","protected":false},"author":1,"featured_media":0,"parent":84,"menu_order":0,"comment_status":"closed","ping_status":"closed","template":"","meta":{"footnotes":""},"class_list":["post-94","page","type-page","status-publish","hentry"],"_links":{"self":[{"href":"https:\/\/ticamericas.net\/migracion\/wp-json\/wp\/v2\/pages\/94","targetHints":{"allow":["GET"]}}],"collection":[{"href":"https:\/\/ticamericas.net\/migracion\/wp-json\/wp\/v2\/pages"}],"about":[{"href":"https:\/\/ticamericas.net\/migracion\/wp-json\/wp\/v2\/types\/page"}],"author":[{"embeddable":true,"href":"https:\/\/ticamericas.net\/migracion\/wp-json\/wp\/v2\/users\/1"}],"replies":[{"embeddable":true,"href":"https:\/\/ticamericas.net\/migracion\/wp-json\/wp\/v2\/comments?post=94"}],"version-history":[{"count":10,"href":"https:\/\/ticamericas.net\/migracion\/wp-json\/wp\/v2\/pages\/94\/revisions"}],"predecessor-version":[{"id":593,"href":"https:\/\/ticamericas.net\/migracion\/wp-json\/wp\/v2\/pages\/94\/revisions\/593"}],"up":[{"embeddable":true,"href":"https:\/\/ticamericas.net\/migracion\/wp-json\/wp\/v2\/pages\/84"}],"wp:attachment":[{"href":"https:\/\/ticamericas.net\/migracion\/wp-json\/wp\/v2\/media?parent=94"}],"curies":[{"name":"wp","href":"https:\/\/api.w.org\/{rel}","templated":true}]}}