{"id":92,"date":"2023-09-28T00:21:35","date_gmt":"2023-09-28T00:21:35","guid":{"rendered":"https:\/\/ticamericas.net\/innovacion\/?page_id=92"},"modified":"2023-11-09T08:01:23","modified_gmt":"2023-11-09T08:01:23","slug":"etapas","status":"publish","type":"page","link":"https:\/\/ticamericas.net\/migracion\/2023-24\/reglas\/etapas\/","title":{"rendered":"Etapas"},"content":{"rendered":"\t\t<div data-elementor-type=\"wp-page\" data-elementor-id=\"92\" class=\"elementor elementor-92\">\n\t\t\t\t\t\t<section class=\"elementor-section elementor-top-section elementor-element elementor-element-8b5de4c elementor-section-boxed elementor-section-height-default elementor-section-height-default\" data-id=\"8b5de4c\" data-element_type=\"section\" data-e-type=\"section\">\n\t\t\t\t\t\t<div class=\"elementor-container elementor-column-gap-default\">\n\t\t\t\t\t<div class=\"elementor-column elementor-col-100 elementor-top-column elementor-element elementor-element-419d09d\" data-id=\"419d09d\" data-element_type=\"column\" data-e-type=\"column\">\n\t\t\t<div class=\"elementor-widget-wrap elementor-element-populated\">\n\t\t\t\t\t\t<div class=\"elementor-element elementor-element-0d4d004 elementor-widget elementor-widget-text-editor\" data-id=\"0d4d004\" data-element_type=\"widget\" data-e-type=\"widget\" data-widget_type=\"text-editor.default\">\n\t\t\t\t<div class=\"elementor-widget-container\">\n\t\t\t\t\t\t\t\t\t<p><b>Convocatoria de Propuestas y Desarrollo de Capacidades<\/b><\/p><p><span style=\"font-weight: 400;\">Una vez registrado el equipo, su participaci\u00f3n se regir\u00e1 mediante las presentes reglas, t\u00e9rminos y condiciones. Desde entonces, comenzar\u00e1 a recibir los beneficios y mantener comunicaci\u00f3n con los organizadores para asegurar su exitosa participaci\u00f3n en el programa. La comunicaci\u00f3n se mantiene con el l\u00edder del proyecto, quien estar\u00e1 a cargo de mantener informado al resto de integrantes del proyecto.\u00a0<\/span><\/p><p><span style=\"font-weight: 400;\">Los equipos registrados ser\u00e1n invitados para unirse a las sesiones de capacitaci\u00f3n a trav\u00e9s del YABT BOOTCamp, con la finalidad de acceder a contenidos de alto valor impartidos por profesionales de distintas disciplinas y sectores, lo que les ayudar\u00e1 en el proceso de formulaci\u00f3n y mejora de sus proyectos. Adem\u00e1s, desarrollar capacidades que les permitan gestionar la evoluci\u00f3n de su proyecto y aprovechar al m\u00e1ximo la experiencia de ser participante de TIC Americas.\u00a0<\/span><\/p><p><b>Semifinales<\/b><\/p><p><span style=\"font-weight: 400;\">Los equipos que presenten a tiempo sus entregables\/requisitos a trav\u00e9s de la plataforma tecnol\u00f3gica (Ver Secci\u00f3n V, Entregables), ser\u00e1n revisados para confirmar que cumplen con los requisitos para pasar a ser evaluados por el Comit\u00e9 del Jurado Calificador de las Semifinales, seg\u00fan los Criterios de Evaluaci\u00f3n pertenecientes a este Reto de Innovaci\u00f3n.\u00a0<\/span><\/p><p><span style=\"font-weight: 400;\">Los proyectos evaluados recibir\u00e1n posteriormente el Informe de Retroalimentaci\u00f3n compuesto por los comentarios y sugerencias del Jurado Calificador, como parte de los beneficios de su participaci\u00f3n y para la mejora de su estrategia y modelo de negocio.\u00a0<\/span><\/p><p><b>Finales\u00a0<\/b><\/p><p><span style=\"font-weight: 400;\">Las Finales se llevar\u00e1n a cabo en formato virtual a trav\u00e9s de una plataforma tecnol\u00f3gica que ser\u00e1 proporcionada por los organizadores. Los equipos Finalistas deber\u00e1n atender el programa completo de las Finales, como parte de su participaci\u00f3n en el proceso del programa.\u00a0<\/span><\/p><ul><li style=\"font-weight: 400;\" aria-level=\"1\"><b>Periodo de Reforzamiento <\/b><span style=\"font-weight: 400;\">durante el cual los equipos Finalistas tendr\u00e1n acceso a capacitaciones a la medida, mentor\u00eda individual, visibilidad en la campa\u00f1a #ConoceALosFinalistas, Informe de Retroalimentaci\u00f3n del Jurado de las Semifinales y presentaci\u00f3n del plan de negocios y resto de entregables actualizados, para efectos de evaluaci\u00f3n en las Finales.\u00a0<\/span><\/li><li style=\"font-weight: 400;\" aria-level=\"1\"><b>Presentaci\u00f3n al Jurado Calificador <\/b><span style=\"font-weight: 400;\">en una sesi\u00f3n privada, donde hasta dos miembros del equipo podr\u00e1n sustentar su proyecto seg\u00fan los criterios de evaluaci\u00f3n de la etapa de las Finales. El Director Ejecutivo ser\u00e1 una de las dos personas a cargo de la exposici\u00f3n al Jurado Calificador.\u00a0<\/span><\/li><li style=\"font-weight: 400;\" aria-level=\"1\"><b>Conferencias, paneles y conversatorios<\/b><span style=\"font-weight: 400;\">, reuniendo a l\u00edderes internacionales, representantes del sector privado, p\u00fablico y acad\u00e9mico, abordando tem\u00e1ticas relacionadas con las categor\u00edas de premiaci\u00f3n de TIC Americas 2024, y otras prioridades y tendencias desde la industria, el sector del desarrollo internacional y el mundo del emprendimiento innovador.\u00a0<\/span><\/li><\/ul><p><b>Ceremonia de Clausura y Premiaci\u00f3n<\/b><span style=\"font-weight: 400;\">,<\/span> <span style=\"font-weight: 400;\">con la presencia de autoridades y directivos de los organizadores, aliados y socios\/patrocinadores de TIC Americas, a cargo del anuncio oficial del equipo ganador del Reto de Innovaci\u00f3n. <\/span><\/p>\t\t\t\t\t\t\t\t<\/div>\n\t\t\t\t<\/div>\n\t\t\t\t\t<\/div>\n\t\t<\/div>\n\t\t\t\t\t<\/div>\n\t\t<\/section>\n\t\t\t\t<\/div>\n\t\t","protected":false},"excerpt":{"rendered":"<p>Convocatoria de Propuestas y Desarrollo de Capacidades Una vez registrado el equipo, su participaci\u00f3n se regir\u00e1 mediante las presentes reglas, t\u00e9rminos y condiciones. Desde entonces, comenzar\u00e1 a recibir los beneficios y mantener comunicaci\u00f3n con los organizadores para asegurar su exitosa participaci\u00f3n en el programa. La comunicaci\u00f3n se mantiene con el l\u00edder del proyecto, quien estar\u00e1 [&hellip;]<\/p>\n","protected":false},"author":1,"featured_media":0,"parent":84,"menu_order":0,"comment_status":"closed","ping_status":"closed","template":"","meta":{"footnotes":""},"class_list":["post-92","page","type-page","status-publish","hentry"],"_links":{"self":[{"href":"https:\/\/ticamericas.net\/migracion\/wp-json\/wp\/v2\/pages\/92","targetHints":{"allow":["GET"]}}],"collection":[{"href":"https:\/\/ticamericas.net\/migracion\/wp-json\/wp\/v2\/pages"}],"about":[{"href":"https:\/\/ticamericas.net\/migracion\/wp-json\/wp\/v2\/types\/page"}],"author":[{"embeddable":true,"href":"https:\/\/ticamericas.net\/migracion\/wp-json\/wp\/v2\/users\/1"}],"replies":[{"embeddable":true,"href":"https:\/\/ticamericas.net\/migracion\/wp-json\/wp\/v2\/comments?post=92"}],"version-history":[{"count":7,"href":"https:\/\/ticamericas.net\/migracion\/wp-json\/wp\/v2\/pages\/92\/revisions"}],"predecessor-version":[{"id":590,"href":"https:\/\/ticamericas.net\/migracion\/wp-json\/wp\/v2\/pages\/92\/revisions\/590"}],"up":[{"embeddable":true,"href":"https:\/\/ticamericas.net\/migracion\/wp-json\/wp\/v2\/pages\/84"}],"wp:attachment":[{"href":"https:\/\/ticamericas.net\/migracion\/wp-json\/wp\/v2\/media?parent=92"}],"curies":[{"name":"wp","href":"https:\/\/api.w.org\/{rel}","templated":true}]}}