{"id":90,"date":"2023-09-28T00:21:07","date_gmt":"2023-09-28T00:21:07","guid":{"rendered":"https:\/\/ticamericas.net\/innovacion\/?page_id=90"},"modified":"2023-11-09T07:59:50","modified_gmt":"2023-11-09T07:59:50","slug":"prioridades","status":"publish","type":"page","link":"https:\/\/ticamericas.net\/migracion\/2023-24\/reglas\/prioridades\/","title":{"rendered":"Prioridades"},"content":{"rendered":"\t\t<div data-elementor-type=\"wp-page\" data-elementor-id=\"90\" class=\"elementor elementor-90\">\n\t\t\t\t\t\t<section class=\"elementor-section elementor-top-section elementor-element elementor-element-ab970ce elementor-section-boxed elementor-section-height-default elementor-section-height-default\" data-id=\"ab970ce\" data-element_type=\"section\" data-e-type=\"section\">\n\t\t\t\t\t\t<div class=\"elementor-container elementor-column-gap-default\">\n\t\t\t\t\t<div class=\"elementor-column elementor-col-100 elementor-top-column elementor-element elementor-element-e18b5ad\" data-id=\"e18b5ad\" data-element_type=\"column\" data-e-type=\"column\">\n\t\t\t<div class=\"elementor-widget-wrap elementor-element-populated\">\n\t\t\t\t\t\t<div class=\"elementor-element elementor-element-750fa81 elementor-widget elementor-widget-text-editor\" data-id=\"750fa81\" data-element_type=\"widget\" data-e-type=\"widget\" data-widget_type=\"text-editor.default\">\n\t\t\t\t<div class=\"elementor-widget-container\">\n\t\t\t\t\t\t\t\t\t<p><span style=\"font-weight: 400;\">En su primera edici\u00f3n, el Reto de Innovaci\u00f3n \u201cJuventud en Movimiento\u201d se encuentra abierto a propuestas que respondan a las siguientes prioridades, combinando el poder de la creatividad, la innovaci\u00f3n y el enfoque inclusivo de la movilidad humana, convirtiendo as\u00ed el emprendimiento como parte de las soluciones a largo plazo para abordar de forma directa y coordinada el fen\u00f3meno de la migraci\u00f3n en la regi\u00f3n.\u00a0<\/span><\/p><p><b>Prioridades:<\/b><\/p><ul><li style=\"font-weight: 400;\" aria-level=\"1\"><b>Inclusi\u00f3n y Equidad de G\u00e9nero:<\/b><span style=\"font-weight: 400;\"> Apoyando a trav\u00e9s de emprendimientos,\u00a0 la plena e igualitaria participaci\u00f3n y liderazgo de las mujeres migrantes, refugiadas y desplazadas venezolanas en las actividades econ\u00f3micas, sociales y culturales, que les permitan lograr su autonom\u00eda y m\u00e1ximo potencial.\u00a0<\/span><\/li><li style=\"font-weight: 400;\" aria-level=\"1\"><b>Integraci\u00f3n Socioecon\u00f3mica: <\/b><span style=\"font-weight: 400;\">Apoyando el desarrollo de emprendimientos que permitan a la poblaci\u00f3n migrante, refugiada y desplazada venezolana en situaci\u00f3n de vulnerabilidad, y con un enfoque de interseccionalidad, a que puedan integrarse libremente al desarrollo de actividades econ\u00f3micas, sociales y culturales sin ning\u00fan tipo de restricci\u00f3n o discriminacion.\u00a0<\/span><\/li><li style=\"font-weight: 400;\" aria-level=\"1\"><b>Reactivaci\u00f3n Econ\u00f3mica: <\/b><span style=\"font-weight: 400;\">A trav\u00e9s de la producci\u00f3n, promoci\u00f3n y comercializaci\u00f3n de bienes, servicios y\/o actividades productivas basadas en la generaci\u00f3n y transferencia del conocimiento, los negocios digitales, artesan\u00edas\/accesorios, gastronom\u00eda, el dise\u00f1o creativo, contenidos multimedia, el intercambio cultural, entre otras actividades econ\u00f3micas enmarcadas en las industrias culturales y creativas, y que promuevan la integraci\u00f3n socioecon\u00f3mica de personas migrantes, refugiadas y desplazadas venezolanas en sus comunidades de acogida y tr\u00e1nsito.<\/span><\/li><\/ul>\t\t\t\t\t\t\t\t<\/div>\n\t\t\t\t<\/div>\n\t\t\t\t\t<\/div>\n\t\t<\/div>\n\t\t\t\t\t<\/div>\n\t\t<\/section>\n\t\t\t\t<\/div>\n\t\t","protected":false},"excerpt":{"rendered":"<p>En su primera edici\u00f3n, el Reto de Innovaci\u00f3n \u201cJuventud en Movimiento\u201d se encuentra abierto a propuestas que respondan a las siguientes prioridades, combinando el poder de la creatividad, la innovaci\u00f3n y el enfoque inclusivo de la movilidad humana, convirtiendo as\u00ed el emprendimiento como parte de las soluciones a largo plazo para abordar de forma directa [&hellip;]<\/p>\n","protected":false},"author":1,"featured_media":0,"parent":84,"menu_order":0,"comment_status":"closed","ping_status":"closed","template":"","meta":{"footnotes":""},"class_list":["post-90","page","type-page","status-publish","hentry"],"_links":{"self":[{"href":"https:\/\/ticamericas.net\/migracion\/wp-json\/wp\/v2\/pages\/90","targetHints":{"allow":["GET"]}}],"collection":[{"href":"https:\/\/ticamericas.net\/migracion\/wp-json\/wp\/v2\/pages"}],"about":[{"href":"https:\/\/ticamericas.net\/migracion\/wp-json\/wp\/v2\/types\/page"}],"author":[{"embeddable":true,"href":"https:\/\/ticamericas.net\/migracion\/wp-json\/wp\/v2\/users\/1"}],"replies":[{"embeddable":true,"href":"https:\/\/ticamericas.net\/migracion\/wp-json\/wp\/v2\/comments?post=90"}],"version-history":[{"count":7,"href":"https:\/\/ticamericas.net\/migracion\/wp-json\/wp\/v2\/pages\/90\/revisions"}],"predecessor-version":[{"id":584,"href":"https:\/\/ticamericas.net\/migracion\/wp-json\/wp\/v2\/pages\/90\/revisions\/584"}],"up":[{"embeddable":true,"href":"https:\/\/ticamericas.net\/migracion\/wp-json\/wp\/v2\/pages\/84"}],"wp:attachment":[{"href":"https:\/\/ticamericas.net\/migracion\/wp-json\/wp\/v2\/media?parent=90"}],"curies":[{"name":"wp","href":"https:\/\/api.w.org\/{rel}","templated":true}]}}