{"id":88,"date":"2023-09-28T00:20:41","date_gmt":"2023-09-28T00:20:41","guid":{"rendered":"https:\/\/ticamericas.net\/innovacion\/?page_id=88"},"modified":"2023-11-09T19:13:12","modified_gmt":"2023-11-09T19:13:12","slug":"acerca","status":"publish","type":"page","link":"https:\/\/ticamericas.net\/migracion\/2023-24\/reglas\/acerca\/","title":{"rendered":"Sobre el Reto de Innovaci\u00f3n"},"content":{"rendered":"\t\t<div data-elementor-type=\"wp-page\" data-elementor-id=\"88\" class=\"elementor elementor-88\">\n\t\t\t\t\t\t<section class=\"elementor-section elementor-top-section elementor-element elementor-element-3fdace4 elementor-section-boxed elementor-section-height-default elementor-section-height-default\" data-id=\"3fdace4\" data-element_type=\"section\" data-e-type=\"section\">\n\t\t\t\t\t\t<div class=\"elementor-container elementor-column-gap-default\">\n\t\t\t\t\t<div class=\"elementor-column elementor-col-100 elementor-top-column elementor-element elementor-element-01d94c9\" data-id=\"01d94c9\" data-element_type=\"column\" data-e-type=\"column\">\n\t\t\t<div class=\"elementor-widget-wrap elementor-element-populated\">\n\t\t\t\t\t\t<div class=\"elementor-element elementor-element-f4e793f elementor-widget elementor-widget-text-editor\" data-id=\"f4e793f\" data-element_type=\"widget\" data-e-type=\"widget\" data-widget_type=\"text-editor.default\">\n\t\t\t\t<div class=\"elementor-widget-container\">\n\t\t\t\t\t\t\t\t\t<p><b>Las presentes Reglas son de propiedad intelectual del YABT. Se proh\u00edbe su reproducci\u00f3n total o parcial, sin previa autorizaci\u00f3n por escrito. Dudas, comun\u00edquese con nosotros v\u00eda\u00a0<\/b><a href=\"mailto:ticamericas@yabt.net\"><b>ticamericas@yabt.net<\/b><\/a><\/p><p><span style=\"font-weight: 400;\">El Reto de Innovaci\u00f3n \u201cJuventud en Movimiento\u201d, consiste en una competencia regional de innovaci\u00f3n que identificar\u00e1, apoyar\u00e1 y acelerar\u00e1 ideas innovadoras y nuevos modelos de negocios con un impacto directo y positivo en las comunidades de acogida de la poblaci\u00f3n migrante, refugiada y desplazada exclusivamente venezolana que residan en Ecuador, Per\u00fa y la Rep\u00fablica Dominicana; contribuyendo de esa manera con el crecimiento inclusivo, reducir las desigualdades y promover la prosperidad compartida en dichos pa\u00edses.<\/span><\/p><p><span style=\"font-weight: 400;\">Este Reto de Innovaci\u00f3n es una categor\u00eda especial del Programa Competencias Talento e Innovaci\u00f3n de las Am\u00e9ricas (TIC Americas), un programa hemisf\u00e9rico pionero que ha funcionado ininterrumpidamente desde su creaci\u00f3n en el 2007. TIC Americas se ha consolidado como una plataforma de apoyo y aceleradora para j\u00f3venes emprendedores(as) con ideas de negocios y startups con potencial crecimiento, incorporando las fases \u201cantes y despu\u00e9s\u201d, al apoyarles a trav\u00e9s de la validaci\u00f3n internacional, los recursos claves, la visibilidad y redes de apoyo en su camino hacia el crecimiento.\u00a0<\/span><\/p><p><span style=\"font-weight: 400;\">Los equipos que cumplan con los requisitos y entregables, ser\u00e1n evaluados por un selecto panel de expertos(as) internacionales que tendr\u00e1 a cargo la selecci\u00f3n de los mejores proyectos que competir\u00e1n en la Etapa de las Finales. Los equipos que pasen por el proceso de evaluaci\u00f3n se beneficiar\u00e1n al recibir el Informe de Retroalimentaci\u00f3n proporcionado por expertos(as).\u00a0<\/span><\/p><p><span style=\"font-weight: 400;\">El Reto de Innovaci\u00f3n \u201cJuventud en Movimiento\u201d es el resultado de un esfuerzo conjunto entre el<\/span><i><span style=\"font-weight: 400;\"> Young Americas Business Trust (YABT) y USA for IOM &#8211; <\/span><\/i><span style=\"font-weight: 400;\">Comit\u00e9 Nacional de la Organizaci\u00f3n Internacional para las Migraciones en los Estados Unidos.\u00a0<\/span><\/p><p><span style=\"font-weight: 400;\">El mismo responde a los esfuerzos y compromisos enmarcados en la <\/span><b><i>Declaraci\u00f3n sobre Migraci\u00f3n y Protecci\u00f3n de Los \u00c1ngeles<\/i><\/b><span style=\"font-weight: 400;\">, adoptada en el marco de la IX Cumbre de las Am\u00e9ricas, la cual hace un llamado a promover la inclusi\u00f3n social y econ\u00f3mica plena de todos los migrantes, refugiados y ap\u00e1tridas en las comunidades receptoras.<\/span><\/p><p><span style=\"font-weight: 400;\">El nombre del Reto de Innovaci\u00f3n tiene su origen en la iniciativa denominada \u201dJuventud en Movimiento: Iniciativas para estimular el desarrollo local y facilitar el acceso a mercados locales para j\u00f3venes que est\u00e1n en riesgo de emigrar\u201d, la cual form\u00f3 parte del Programa de Migraci\u00f3n y Desarrollo de la OEA, teniendo a YABT como organizaci\u00f3n co-ejecutora y contando con el apoyo de la Agencia Canadiense de Desarrollo Internacional (CIDA).\u00a0<\/span><\/p><p><span style=\"font-weight: 400;\">Este programa ayuda a j\u00f3venes a desarrollar habilidades empresariales, de negociaci\u00f3n y t\u00e9cnicas. Adem\u00e1s de ser el veh\u00edculo que los conecta con oportunidades de mercado a nivel nacional e internacional, dinamizando la productividad econ\u00f3mica y la creaci\u00f3n de empresas, as\u00ed como mejorando su potencial de inversi\u00f3n para empresas emergentes en crecimiento.<\/span><\/p><p><span style=\"font-weight: 400;\">Al participar en el programa, participantes podr\u00e1n acceder a una serie de beneficios que incluyen, entre otras cosas:\u00a0<\/span><\/p><ul><li style=\"font-weight: 400;\" aria-level=\"1\"><span style=\"font-weight: 400;\">Acceso al YABT BOOTCamp, un centro de recursos en l\u00ednea con contenido de desarrollo empresarial y sesiones de entrenamientos en vivo, sobre emprendimiento y habilidades blandas.<\/span><\/li><li style=\"font-weight: 400;\" aria-level=\"1\"><span style=\"font-weight: 400;\">Paquete de beneficios para los equipos Finalistas, que incluye campa\u00f1as de visibilidad, capacitaci\u00f3n personalizada con expertos y retroalimentaci\u00f3n espec\u00edfica sobre sus propuestas.<\/span><\/li><li style=\"font-weight: 400;\" aria-level=\"1\"><span style=\"font-weight: 400;\">Mentor\u00eda personalizada para equipos Finalistas.<\/span><\/li><li style=\"font-weight: 400;\" aria-level=\"1\"><span style=\"font-weight: 400;\">Acceso a oportunidades de inversi\u00f3n, presencia en eventos nacionales e internacionales, cobertura medi\u00e1tica y programas de aceleraci\u00f3n para sus proyectos.<\/span><\/li><li style=\"font-weight: 400;\" aria-level=\"1\"><span style=\"font-weight: 400;\">Oportunidad de participar en las Finales internacionales, donde se competir\u00e1 por un <\/span><span style=\"font-weight: 400;\">paquete de premiaci\u00f3n que incluye el capital semilla<\/span><span style=\"font-weight: 400;\">, mentor\u00eda y otras oportunidades de inversi\u00f3n.<\/span><\/li><\/ul>\t\t\t\t\t\t\t\t<\/div>\n\t\t\t\t<\/div>\n\t\t\t\t\t<\/div>\n\t\t<\/div>\n\t\t\t\t\t<\/div>\n\t\t<\/section>\n\t\t\t\t<\/div>\n\t\t","protected":false},"excerpt":{"rendered":"<p>Las presentes Reglas son de propiedad intelectual del YABT. Se proh\u00edbe su reproducci\u00f3n total o parcial, sin previa autorizaci\u00f3n por escrito. Dudas, comun\u00edquese con nosotros v\u00eda\u00a0ticamericas@yabt.net El Reto de Innovaci\u00f3n \u201cJuventud en Movimiento\u201d, consiste en una competencia regional de innovaci\u00f3n que identificar\u00e1, apoyar\u00e1 y acelerar\u00e1 ideas innovadoras y nuevos modelos de negocios con un impacto [&hellip;]<\/p>\n","protected":false},"author":1,"featured_media":0,"parent":84,"menu_order":0,"comment_status":"closed","ping_status":"closed","template":"","meta":{"footnotes":""},"class_list":["post-88","page","type-page","status-publish","hentry"],"_links":{"self":[{"href":"https:\/\/ticamericas.net\/migracion\/wp-json\/wp\/v2\/pages\/88","targetHints":{"allow":["GET"]}}],"collection":[{"href":"https:\/\/ticamericas.net\/migracion\/wp-json\/wp\/v2\/pages"}],"about":[{"href":"https:\/\/ticamericas.net\/migracion\/wp-json\/wp\/v2\/types\/page"}],"author":[{"embeddable":true,"href":"https:\/\/ticamericas.net\/migracion\/wp-json\/wp\/v2\/users\/1"}],"replies":[{"embeddable":true,"href":"https:\/\/ticamericas.net\/migracion\/wp-json\/wp\/v2\/comments?post=88"}],"version-history":[{"count":14,"href":"https:\/\/ticamericas.net\/migracion\/wp-json\/wp\/v2\/pages\/88\/revisions"}],"predecessor-version":[{"id":624,"href":"https:\/\/ticamericas.net\/migracion\/wp-json\/wp\/v2\/pages\/88\/revisions\/624"}],"up":[{"embeddable":true,"href":"https:\/\/ticamericas.net\/migracion\/wp-json\/wp\/v2\/pages\/84"}],"wp:attachment":[{"href":"https:\/\/ticamericas.net\/migracion\/wp-json\/wp\/v2\/media?parent=88"}],"curies":[{"name":"wp","href":"https:\/\/api.w.org\/{rel}","templated":true}]}}