{"id":49,"date":"2023-09-27T17:02:21","date_gmt":"2023-09-27T17:02:21","guid":{"rendered":"https:\/\/ticamericas.net\/innovacion\/?page_id=49"},"modified":"2024-03-20T15:07:32","modified_gmt":"2024-03-20T15:07:32","slug":"acerca","status":"publish","type":"page","link":"https:\/\/ticamericas.net\/migracion\/2023-24\/acerca\/","title":{"rendered":"Acerca"},"content":{"rendered":"\t\t<div data-elementor-type=\"wp-page\" data-elementor-id=\"49\" class=\"elementor elementor-49\">\n\t\t\t\t\t\t<section class=\"elementor-section elementor-top-section elementor-element elementor-element-f307124 elementor-section-boxed elementor-section-height-default elementor-section-height-default\" data-id=\"f307124\" data-element_type=\"section\" data-e-type=\"section\">\n\t\t\t\t\t\t\t<div class=\"elementor-background-overlay\"><\/div>\n\t\t\t\t\t\t\t<div class=\"elementor-container elementor-column-gap-default\">\n\t\t\t\t\t<div class=\"elementor-column elementor-col-100 elementor-top-column elementor-element elementor-element-0e173c4\" data-id=\"0e173c4\" data-element_type=\"column\" data-e-type=\"column\">\n\t\t\t<div class=\"elementor-widget-wrap elementor-element-populated\">\n\t\t\t\t\t\t<section class=\"elementor-section elementor-inner-section elementor-element elementor-element-874429b elementor-section-boxed elementor-section-height-default elementor-section-height-default\" data-id=\"874429b\" data-element_type=\"section\" data-e-type=\"section\">\n\t\t\t\t\t\t<div class=\"elementor-container elementor-column-gap-default\">\n\t\t\t\t\t<div class=\"elementor-column elementor-col-100 elementor-inner-column elementor-element elementor-element-e0f45db\" data-id=\"e0f45db\" data-element_type=\"column\" data-e-type=\"column\">\n\t\t\t<div class=\"elementor-widget-wrap elementor-element-populated\">\n\t\t\t\t\t\t<div class=\"elementor-element elementor-element-3f51bab elementor-widget__width-auto elementor-widget elementor-widget-image\" data-id=\"3f51bab\" data-element_type=\"widget\" data-e-type=\"widget\" data-widget_type=\"image.default\">\n\t\t\t\t<div class=\"elementor-widget-container\">\n\t\t\t\t\t\t\t\t\t\t\t\t\t\t\t<img decoding=\"async\" src=\"https:\/\/ticamericas.net\/migracion\/wp-content\/uploads\/sites\/11\/elementor\/thumbs\/about-qfd9a9sqf568a1pdouywexnrha282jv1hs8shpq6f4.png\" title=\"\" alt=\"\" loading=\"lazy\" \/>\t\t\t\t\t\t\t\t\t\t\t\t\t\t\t<\/div>\n\t\t\t\t<\/div>\n\t\t\t\t<div class=\"elementor-element elementor-element-0b1155a elementor-widget__width-auto elementor-widget elementor-widget-heading\" data-id=\"0b1155a\" data-element_type=\"widget\" data-e-type=\"widget\" data-widget_type=\"heading.default\">\n\t\t\t\t<div class=\"elementor-widget-container\">\n\t\t\t\t\t<h2 class=\"elementor-heading-title elementor-size-default\">Acerca<\/h2>\t\t\t\t<\/div>\n\t\t\t\t<\/div>\n\t\t\t\t\t<\/div>\n\t\t<\/div>\n\t\t\t\t\t<\/div>\n\t\t<\/section>\n\t\t\t\t<section class=\"elementor-section elementor-inner-section elementor-element elementor-element-e3054a2 elementor-section-boxed elementor-section-height-default elementor-section-height-default\" data-id=\"e3054a2\" data-element_type=\"section\" data-e-type=\"section\">\n\t\t\t\t\t\t<div class=\"elementor-container elementor-column-gap-default\">\n\t\t\t\t\t<div class=\"elementor-column elementor-col-100 elementor-inner-column elementor-element elementor-element-351a3ca\" data-id=\"351a3ca\" data-element_type=\"column\" data-e-type=\"column\" data-settings=\"{&quot;background_background&quot;:&quot;classic&quot;}\">\n\t\t\t<div class=\"elementor-widget-wrap elementor-element-populated\">\n\t\t\t\t\t\t<div class=\"elementor-element elementor-element-862d188 elementor-widget elementor-widget-toggle\" data-id=\"862d188\" data-element_type=\"widget\" data-e-type=\"widget\" data-widget_type=\"toggle.default\">\n\t\t\t\t<div class=\"elementor-widget-container\">\n\t\t\t\t\t\t\t<div class=\"elementor-toggle\">\n\t\t\t\t\t\t\t<div class=\"elementor-toggle-item\">\n\t\t\t\t\t<div id=\"elementor-tab-title-1401\" class=\"elementor-tab-title\" data-tab=\"1\" role=\"button\" aria-controls=\"elementor-tab-content-1401\" aria-expanded=\"false\">\n\t\t\t\t\t\t\t\t\t\t\t\t<span class=\"elementor-toggle-icon elementor-toggle-icon-left\" aria-hidden=\"true\">\n\t\t\t\t\t\t\t\t\t\t\t\t\t\t\t<span class=\"elementor-toggle-icon-closed\"><i class=\"fas fa-caret-right\"><\/i><\/span>\n\t\t\t\t\t\t\t\t<span class=\"elementor-toggle-icon-opened\"><i class=\"elementor-toggle-icon-opened fas fa-caret-up\"><\/i><\/span>\n\t\t\t\t\t\t\t\t\t\t\t\t\t<\/span>\n\t\t\t\t\t\t\t\t\t\t\t\t<a class=\"elementor-toggle-title\" tabindex=\"0\">\u00bfQu\u00e9 es el Reto de Innovaci\u00f3n: Juventud en Movimiento?<\/a>\n\t\t\t\t\t<\/div>\n\n\t\t\t\t\t<div id=\"elementor-tab-content-1401\" class=\"elementor-tab-content elementor-clearfix\" data-tab=\"1\" role=\"region\" aria-labelledby=\"elementor-tab-title-1401\"><p>Consiste en una competencia regional de innovaci\u00f3n dise\u00f1ada para identificar, apoyar y acelerar ideas innovadoras y nuevos modelos de negocio que promuevan y faciliten la integraci\u00f3n socioecon\u00f3mica de personas migrantes<span style=\"font-weight: 400;\">\u00a0<\/span><span style=\"font-weight: 400;\">venezolanas que residan <\/span><span style=\"font-weight: 400;\">en Ecuador, Per\u00fa y la Rep\u00fablica Dominicana, con un impacto social directo y positivo <\/span><span style=\"font-weight: 400;\">en sus comunidades de acogida<\/span><span style=\"font-weight: 400;\"> y en el resto de la regi\u00f3n. El Reto responde a los esfuerzos y compromisos enmarcados en la <\/span><b><i>Declaraci\u00f3n sobre Migraci\u00f3n y Protecci\u00f3n de Los \u00c1ngeles<\/i><\/b><span style=\"font-weight: 400;\">, adoptada en el marco de la IX Cumbre de las Am\u00e9ricas.<\/span><\/p><p><span style=\"font-weight: 400;\">Estamos buscando soluciones innovadoras que se traduzcan en acciones concretas para abordar los desaf\u00edos relacionados con la migraci\u00f3n y la integraci\u00f3n socioecon\u00f3mica <\/span><span style=\"font-weight: 400;\">de las personas migrantes, refugiadas y desplazadas venezolanas.<\/span><\/p><\/div>\n\t\t\t\t<\/div>\n\t\t\t\t\t\t\t<div class=\"elementor-toggle-item\">\n\t\t\t\t\t<div id=\"elementor-tab-title-1402\" class=\"elementor-tab-title\" data-tab=\"2\" role=\"button\" aria-controls=\"elementor-tab-content-1402\" aria-expanded=\"false\">\n\t\t\t\t\t\t\t\t\t\t\t\t<span class=\"elementor-toggle-icon elementor-toggle-icon-left\" aria-hidden=\"true\">\n\t\t\t\t\t\t\t\t\t\t\t\t\t\t\t<span class=\"elementor-toggle-icon-closed\"><i class=\"fas fa-caret-right\"><\/i><\/span>\n\t\t\t\t\t\t\t\t<span class=\"elementor-toggle-icon-opened\"><i class=\"elementor-toggle-icon-opened fas fa-caret-up\"><\/i><\/span>\n\t\t\t\t\t\t\t\t\t\t\t\t\t<\/span>\n\t\t\t\t\t\t\t\t\t\t\t\t<a class=\"elementor-toggle-title\" tabindex=\"0\">\u00bfC\u00f3mo puedo construir mi proyecto?<\/a>\n\t\t\t\t\t<\/div>\n\n\t\t\t\t\t<div id=\"elementor-tab-content-1402\" class=\"elementor-tab-content elementor-clearfix\" data-tab=\"2\" role=\"region\" aria-labelledby=\"elementor-tab-title-1402\"><p>A trav\u00e9s de nuestra plataforma de capacitaci\u00f3n virtual, el Business Opportunity Online Training Camp (BOOT Camp), coordinado por YABT, los j\u00f3venes emprendedores pueden conectarse con expertos de la industria para desarrollar estrategias que les permitan dise\u00f1ar e implementar soluciones empresariales efectivas.<\/p><p>De esta manera, el programa act\u00faa como una plataforma de apoyo al desarrollo empresarial que ofrece oportunidades para adquirir habilidades, mentor\u00eda y visibilidad. Esto ayuda a los j\u00f3venes emprendedores a establecer, operar y, posiblemente, hacer crecer micro y peque\u00f1as empresas.<\/p><\/div>\n\t\t\t\t<\/div>\n\t\t\t\t\t\t\t<div class=\"elementor-toggle-item\">\n\t\t\t\t\t<div id=\"elementor-tab-title-1403\" class=\"elementor-tab-title\" data-tab=\"3\" role=\"button\" aria-controls=\"elementor-tab-content-1403\" aria-expanded=\"false\">\n\t\t\t\t\t\t\t\t\t\t\t\t<span class=\"elementor-toggle-icon elementor-toggle-icon-left\" aria-hidden=\"true\">\n\t\t\t\t\t\t\t\t\t\t\t\t\t\t\t<span class=\"elementor-toggle-icon-closed\"><i class=\"fas fa-caret-right\"><\/i><\/span>\n\t\t\t\t\t\t\t\t<span class=\"elementor-toggle-icon-opened\"><i class=\"elementor-toggle-icon-opened fas fa-caret-up\"><\/i><\/span>\n\t\t\t\t\t\t\t\t\t\t\t\t\t<\/span>\n\t\t\t\t\t\t\t\t\t\t\t\t<a class=\"elementor-toggle-title\" tabindex=\"0\">Beneficios de participar<\/a>\n\t\t\t\t\t<\/div>\n\n\t\t\t\t\t<div id=\"elementor-tab-content-1403\" class=\"elementor-tab-content elementor-clearfix\" data-tab=\"3\" role=\"region\" aria-labelledby=\"elementor-tab-title-1403\"><p>Los frutos que cosechar\u00e1s al unirte al <span style=\"font-weight: 400;\">Reto <\/span>de Innovaci\u00f3n son diversos y depender\u00e1n de la categor\u00eda a la que te sumes:<\/p><ol><li><strong>Potencial financiero<\/strong>: \u00c1brete <span style=\"font-weight: 400;\">a las oportunidades<\/span> de obtener financiamiento para llevar a cabo tus proyectos o ideas empresariales.<\/li><li><strong>Crecimiento y Formaci\u00f3n<\/strong>: Accede a programas de capacitaci\u00f3n y desarrollo empresarial que impulsar\u00e1n tus habilidades y conocimientos.<\/li><li><strong>Contactos<\/strong>: Conectar\u00e1s con expertos de la industria, mentores y otros visionarios, forjando as\u00ed una red de contactos invaluable.<\/li><li><strong>Gu\u00eda\/orientaci\u00f3n<\/strong>: Contar\u00e1s con la direcci\u00f3n de mentores experimentados dispuestos a ayudarte a perfeccionar tus proyectos y superar obst\u00e1culos.<\/li><li><strong>Retroalimentaci\u00f3n<\/strong>: Recibir\u00e1s valoraciones y consejos de expertos de talla internacional, permiti\u00e9ndote mejorar tus proyectos y llevarlos a un nivel superior.<\/li><li><strong>Dimensiones globales<\/strong>: Algunos programas brindan la oportunidad de internacionalizar tus proyectos, acelerando su crecimiento y alcance.<\/li><li><strong>Impacto en la sociedad<\/strong>: En categor\u00edas como la inclusi\u00f3n social, tendr\u00e1s la ocasi\u00f3n de contribuir a la creaci\u00f3n de un mundo m\u00e1s equitativo y sostenible.<\/li><\/ol><\/div>\n\t\t\t\t<\/div>\n\t\t\t\t\t\t\t<div class=\"elementor-toggle-item\">\n\t\t\t\t\t<div id=\"elementor-tab-title-1404\" class=\"elementor-tab-title\" data-tab=\"4\" role=\"button\" aria-controls=\"elementor-tab-content-1404\" aria-expanded=\"false\">\n\t\t\t\t\t\t\t\t\t\t\t\t<span class=\"elementor-toggle-icon elementor-toggle-icon-left\" aria-hidden=\"true\">\n\t\t\t\t\t\t\t\t\t\t\t\t\t\t\t<span class=\"elementor-toggle-icon-closed\"><i class=\"fas fa-caret-right\"><\/i><\/span>\n\t\t\t\t\t\t\t\t<span class=\"elementor-toggle-icon-opened\"><i class=\"elementor-toggle-icon-opened fas fa-caret-up\"><\/i><\/span>\n\t\t\t\t\t\t\t\t\t\t\t\t\t<\/span>\n\t\t\t\t\t\t\t\t\t\t\t\t<a class=\"elementor-toggle-title\" tabindex=\"0\">\u00bfCu\u00e1les son las Prioridades?<\/a>\n\t\t\t\t\t<\/div>\n\n\t\t\t\t\t<div id=\"elementor-tab-content-1404\" class=\"elementor-tab-content elementor-clearfix\" data-tab=\"4\" role=\"region\" aria-labelledby=\"elementor-tab-title-1404\"><p><b>Prioridades:<\/b><\/p><ul><li style=\"font-weight: 400;\" aria-level=\"1\"><b>Inclusi\u00f3n y Equidad de G\u00e9nero:<\/b><span style=\"font-weight: 400;\"> Apoyando a trav\u00e9s de emprendimientos,\u00a0 la plena e igualitaria participaci\u00f3n y liderazgo de las mujeres migrantes, refugiadas y desplazadas venezolanas en las actividades econ\u00f3micas, sociales y culturales, que les permitan lograr su autonom\u00eda y m\u00e1ximo potencial.\u00a0<\/span><\/li><li style=\"font-weight: 400;\" aria-level=\"1\"><b>Integraci\u00f3n Socioecon\u00f3mica: <\/b><span style=\"font-weight: 400;\">Apoyando el desarrollo de emprendimientos que permitan a la poblaci\u00f3n migrante, refugiada y desplazada venezolana en situaci\u00f3n de vulnerabilidad, y con un enfoque de interseccionalidad, a que puedan integrarse libremente al desarrollo de actividades econ\u00f3micas, sociales y culturales sin ning\u00fan tipo de restricci\u00f3n o discriminacion.<\/span><\/li><li style=\"font-weight: 400;\" aria-level=\"1\"><b>Reactivaci\u00f3n Econ\u00f3mica: <\/b><span>A trav\u00e9s de la producci\u00f3n, promoci\u00f3n y comercializaci\u00f3n de bienes, servicios y\/o actividades productivas basadas en la generaci\u00f3n y transferencia del conocimiento, los negocios digitales, artesan\u00edas\/accesorios, gastronom\u00eda, el dise\u00f1o creativo, contenidos multimedia, el intercambio cultural, entre otras actividades econ\u00f3micas enmarcadas en las industrias culturales y creativas, y que promuevan la integraci\u00f3n socioecon\u00f3mica de personas migrantes, refugiadas y desplazadas venezolanas en sus comunidades de acogida y tr\u00e1nsito.<\/span><\/li><\/ul><\/div>\n\t\t\t\t<\/div>\n\t\t\t\t\t\t\t<div class=\"elementor-toggle-item\">\n\t\t\t\t\t<div id=\"elementor-tab-title-1405\" class=\"elementor-tab-title\" data-tab=\"5\" role=\"button\" aria-controls=\"elementor-tab-content-1405\" aria-expanded=\"false\">\n\t\t\t\t\t\t\t\t\t\t\t\t<span class=\"elementor-toggle-icon elementor-toggle-icon-left\" aria-hidden=\"true\">\n\t\t\t\t\t\t\t\t\t\t\t\t\t\t\t<span class=\"elementor-toggle-icon-closed\"><i class=\"fas fa-caret-right\"><\/i><\/span>\n\t\t\t\t\t\t\t\t<span class=\"elementor-toggle-icon-opened\"><i class=\"elementor-toggle-icon-opened fas fa-caret-up\"><\/i><\/span>\n\t\t\t\t\t\t\t\t\t\t\t\t\t<\/span>\n\t\t\t\t\t\t\t\t\t\t\t\t<a class=\"elementor-toggle-title\" tabindex=\"0\">\u00bfOportunidades de colaboraci\u00f3n desde una organizaci\u00f3n o instituci\u00f3n?<\/a>\n\t\t\t\t\t<\/div>\n\n\t\t\t\t\t<div id=\"elementor-tab-content-1405\" class=\"elementor-tab-content elementor-clearfix\" data-tab=\"5\" role=\"region\" aria-labelledby=\"elementor-tab-title-1405\"><p><span style=\"font-weight: 400;\">Si representas a una organizaci\u00f3n, empresa o instituci\u00f3n comprometida en apoyar a la <\/span><span style=\"font-weight: 400;\">poblaci\u00f3n migrante y refugiada venezolana que resida en<\/span><span style=\"font-weight: 400;\"> Ecuador, Per\u00fa y Rep\u00fablica Dominicana, hay varias formas de sumar esfuerzos con los co-organizadores para aportar valor a esta plataforma de apoyo y promoci\u00f3n del emprendimiento en movilidad<\/span>:<\/p><ul><li><strong>Mentor\u00eda<\/strong>: Contribuye con tu experiencia y conocimientos actuando como mentor(a) de equipos finalistas, gui\u00e1ndose por la ruta adecuada en su viaje por el mundo emprendedor.<\/li><li><strong>Recursos<\/strong>: Ofrece recursos y apoyo t\u00e9cnico para ayudar a desarrollar proyectos y acelerar su crecimiento. Conectando recursos y programas existentes, es una forma de complementar esfuerzos entre distintas organizaciones locales e internacionales.<\/li><li><strong>Jurado<\/strong>: Post\u00falate para ser parte del selecto panel de jurados a cargo de la evaluaci\u00f3n de los proyectos, reconociendo y apoyando el talento emprendedor juvenil.<\/li><li><strong>Inversi\u00f3n Social<\/strong>: Destina recursos financieros para respaldar y expandir el proceso del Reto de Innovaci\u00f3n, incluyendo el seguimiento a Finalistas, y reciba una serie de beneficios en calidad de socio\/patrocinador al asociarse con YABT\/OEA, una organizaci\u00f3n internacional pionera en el desarrollo emprendedor juvenil en las Am\u00e9ricas.<\/li><\/ul><\/div>\n\t\t\t\t<\/div>\n\t\t\t\t\t\t\t\t<\/div>\n\t\t\t\t\t\t<\/div>\n\t\t\t\t<\/div>\n\t\t\t\t\t<\/div>\n\t\t<\/div>\n\t\t\t\t\t<\/div>\n\t\t<\/section>\n\t\t\t\t<div class=\"elementor-element elementor-element-691c0f3 elementor-widget elementor-widget-spacer\" data-id=\"691c0f3\" data-element_type=\"widget\" data-e-type=\"widget\" data-widget_type=\"spacer.default\">\n\t\t\t\t<div class=\"elementor-widget-container\">\n\t\t\t\t\t\t\t<div class=\"elementor-spacer\">\n\t\t\t<div class=\"elementor-spacer-inner\"><\/div>\n\t\t<\/div>\n\t\t\t\t\t\t<\/div>\n\t\t\t\t<\/div>\n\t\t\t\t<div class=\"elementor-element elementor-element-81bbef3 elementor-widget elementor-widget-spacer\" data-id=\"81bbef3\" data-element_type=\"widget\" data-e-type=\"widget\" data-widget_type=\"spacer.default\">\n\t\t\t\t<div class=\"elementor-widget-container\">\n\t\t\t\t\t\t\t<div class=\"elementor-spacer\">\n\t\t\t<div class=\"elementor-spacer-inner\"><\/div>\n\t\t<\/div>\n\t\t\t\t\t\t<\/div>\n\t\t\t\t<\/div>\n\t\t\t\t\t<\/div>\n\t\t<\/div>\n\t\t\t\t\t<\/div>\n\t\t<\/section>\n\t\t\t\t<\/div>\n\t\t","protected":false},"excerpt":{"rendered":"<p>Acerca \u00bfQu\u00e9 es el Reto de Innovaci\u00f3n: Juventud en Movimiento? Consiste en una competencia regional de innovaci\u00f3n dise\u00f1ada para identificar, apoyar y acelerar ideas innovadoras y nuevos modelos de negocio que promuevan y faciliten la integraci\u00f3n socioecon\u00f3mica de personas migrantes\u00a0venezolanas que residan en Ecuador, Per\u00fa y la Rep\u00fablica Dominicana, con un impacto social directo y [&hellip;]<\/p>\n","protected":false},"author":1,"featured_media":0,"parent":7,"menu_order":0,"comment_status":"closed","ping_status":"closed","template":"","meta":{"footnotes":""},"class_list":["post-49","page","type-page","status-publish","hentry"],"_links":{"self":[{"href":"https:\/\/ticamericas.net\/migracion\/wp-json\/wp\/v2\/pages\/49","targetHints":{"allow":["GET"]}}],"collection":[{"href":"https:\/\/ticamericas.net\/migracion\/wp-json\/wp\/v2\/pages"}],"about":[{"href":"https:\/\/ticamericas.net\/migracion\/wp-json\/wp\/v2\/types\/page"}],"author":[{"embeddable":true,"href":"https:\/\/ticamericas.net\/migracion\/wp-json\/wp\/v2\/users\/1"}],"replies":[{"embeddable":true,"href":"https:\/\/ticamericas.net\/migracion\/wp-json\/wp\/v2\/comments?post=49"}],"version-history":[{"count":40,"href":"https:\/\/ticamericas.net\/migracion\/wp-json\/wp\/v2\/pages\/49\/revisions"}],"predecessor-version":[{"id":989,"href":"https:\/\/ticamericas.net\/migracion\/wp-json\/wp\/v2\/pages\/49\/revisions\/989"}],"up":[{"embeddable":true,"href":"https:\/\/ticamericas.net\/migracion\/wp-json\/wp\/v2\/pages\/7"}],"wp:attachment":[{"href":"https:\/\/ticamericas.net\/migracion\/wp-json\/wp\/v2\/media?parent=49"}],"curies":[{"name":"wp","href":"https:\/\/api.w.org\/{rel}","templated":true}]}}