{"id":130,"date":"2023-09-28T00:32:41","date_gmt":"2023-09-28T00:32:41","guid":{"rendered":"https:\/\/ticamericas.net\/innovacion\/?page_id=130"},"modified":"2023-11-09T08:04:57","modified_gmt":"2023-11-09T08:04:57","slug":"comite-de-evaluacion-2","status":"publish","type":"page","link":"https:\/\/ticamericas.net\/migracion\/2023-24\/reglas\/comite-de-evaluacion-2\/","title":{"rendered":"Comit\u00e9 de Evaluaci\u00f3n"},"content":{"rendered":"\t\t<div data-elementor-type=\"wp-page\" data-elementor-id=\"130\" class=\"elementor elementor-130\">\n\t\t\t\t\t\t<section class=\"elementor-section elementor-top-section elementor-element elementor-element-13196b9 elementor-section-boxed elementor-section-height-default elementor-section-height-default\" data-id=\"13196b9\" data-element_type=\"section\" data-e-type=\"section\">\n\t\t\t\t\t\t<div class=\"elementor-container elementor-column-gap-default\">\n\t\t\t\t\t<div class=\"elementor-column elementor-col-100 elementor-top-column elementor-element elementor-element-ead565e\" data-id=\"ead565e\" data-element_type=\"column\" data-e-type=\"column\">\n\t\t\t<div class=\"elementor-widget-wrap elementor-element-populated\">\n\t\t\t\t\t\t<div class=\"elementor-element elementor-element-d73f9c6 elementor-widget elementor-widget-text-editor\" data-id=\"d73f9c6\" data-element_type=\"widget\" data-e-type=\"widget\" data-widget_type=\"text-editor.default\">\n\t\t\t\t<div class=\"elementor-widget-container\">\n\t\t\t\t\t\t\t\t\t<p><span style=\"font-weight: 400;\">El Comit\u00e9 de Evaluaci\u00f3n estar\u00e1 compuesto por un selecto grupo de profesionales provenientes de la industria, el sector de desarrollo y de la academia, teniendo a cargo la evaluaci\u00f3n de los proyectos que hayan cumplido con los requisitos de las presentes Reglas.\u00a0<\/span><\/p><p><span style=\"font-weight: 400;\">El jurado calificador realizar\u00e1 la evaluaci\u00f3n y calificaciones de los equipos asignados siguiendo los criterios de evaluaci\u00f3n establecidos en las presentes Reglas, T\u00e9rminos y Condiciones, aceptando las pol\u00edticas de confidencialidad y cumpliendo con las fechas del periodo de evaluaci\u00f3n. A la hora de la confirmaci\u00f3n como jurado, la persona acepta regirse bajo las presentes Reglas, T\u00e9rminos y Condiciones.\u00a0<\/span><\/p><p><span style=\"font-weight: 400;\">Adem\u00e1s de la calificaci\u00f3n cuantitativa, cada jurado emitir\u00e1 su evaluaci\u00f3n cualitativa a modo de entregar recomendaciones, consejos y recursos de utilidad para el equipo evaluado. Las evaluaciones se entregar\u00e1n \u00fanicamente en el idioma espa\u00f1ol.\u00a0<\/span><\/p><p><span style=\"font-weight: 400;\">Cada jurado evaluar\u00e1 los proyectos de manera imparcial, sin ning\u00fan tipo de discriminaci\u00f3n por motivo de nacionalidad, grupo \u00e9tnico, edad, g\u00e9nero, religi\u00f3n, educaci\u00f3n, sector o cualquier otro factor.\u00a0<\/span><\/p><p><span style=\"font-weight: 400;\">Se proh\u00edbe que mentores(as) registrados como miembros de los equipos participantes sean a la vez jurado. Los mentores(as) y jurados no podr\u00e1n representar a la misma entidad.\u00a0<\/span><\/p><p><span style=\"font-weight: 400;\">La participaci\u00f3n como jurado es ad-honorem, por lo que no recibir\u00e1n remuneraci\u00f3n alguna desde los co-organizadores, patrocinadores y cualquier otra organizaci\u00f3n o fuente. Cada jurado cumplir\u00e1 sus funciones\u00a0<\/span><\/p>\t\t\t\t\t\t\t\t<\/div>\n\t\t\t\t<\/div>\n\t\t\t\t\t<\/div>\n\t\t<\/div>\n\t\t\t\t\t<\/div>\n\t\t<\/section>\n\t\t\t\t<\/div>\n\t\t","protected":false},"excerpt":{"rendered":"<p>El Comit\u00e9 de Evaluaci\u00f3n estar\u00e1 compuesto por un selecto grupo de profesionales provenientes de la industria, el sector de desarrollo y de la academia, teniendo a cargo la evaluaci\u00f3n de los proyectos que hayan cumplido con los requisitos de las presentes Reglas.\u00a0 El jurado calificador realizar\u00e1 la evaluaci\u00f3n y calificaciones de los equipos asignados siguiendo [&hellip;]<\/p>\n","protected":false},"author":1,"featured_media":0,"parent":84,"menu_order":0,"comment_status":"closed","ping_status":"closed","template":"","meta":{"footnotes":""},"class_list":["post-130","page","type-page","status-publish","hentry"],"_links":{"self":[{"href":"https:\/\/ticamericas.net\/migracion\/wp-json\/wp\/v2\/pages\/130","targetHints":{"allow":["GET"]}}],"collection":[{"href":"https:\/\/ticamericas.net\/migracion\/wp-json\/wp\/v2\/pages"}],"about":[{"href":"https:\/\/ticamericas.net\/migracion\/wp-json\/wp\/v2\/types\/page"}],"author":[{"embeddable":true,"href":"https:\/\/ticamericas.net\/migracion\/wp-json\/wp\/v2\/users\/1"}],"replies":[{"embeddable":true,"href":"https:\/\/ticamericas.net\/migracion\/wp-json\/wp\/v2\/comments?post=130"}],"version-history":[{"count":7,"href":"https:\/\/ticamericas.net\/migracion\/wp-json\/wp\/v2\/pages\/130\/revisions"}],"predecessor-version":[{"id":602,"href":"https:\/\/ticamericas.net\/migracion\/wp-json\/wp\/v2\/pages\/130\/revisions\/602"}],"up":[{"embeddable":true,"href":"https:\/\/ticamericas.net\/migracion\/wp-json\/wp\/v2\/pages\/84"}],"wp:attachment":[{"href":"https:\/\/ticamericas.net\/migracion\/wp-json\/wp\/v2\/media?parent=130"}],"curies":[{"name":"wp","href":"https:\/\/api.w.org\/{rel}","templated":true}]}}