{"id":119,"date":"2023-09-28T00:29:21","date_gmt":"2023-09-28T00:29:21","guid":{"rendered":"https:\/\/ticamericas.net\/innovacion\/?page_id=119"},"modified":"2024-08-11T03:22:52","modified_gmt":"2024-08-11T03:22:52","slug":"premios","status":"publish","type":"page","link":"https:\/\/ticamericas.net\/migracion\/2023-24\/reglas\/premios\/","title":{"rendered":"Premios"},"content":{"rendered":"\t\t<div data-elementor-type=\"wp-page\" data-elementor-id=\"119\" class=\"elementor elementor-119\">\n\t\t\t\t\t\t<section class=\"elementor-section elementor-top-section elementor-element elementor-element-10618e0 elementor-section-boxed elementor-section-height-default elementor-section-height-default\" data-id=\"10618e0\" data-element_type=\"section\" data-e-type=\"section\">\n\t\t\t\t\t\t<div class=\"elementor-container elementor-column-gap-default\">\n\t\t\t\t\t<div class=\"elementor-column elementor-col-100 elementor-top-column elementor-element elementor-element-c9b3a08\" data-id=\"c9b3a08\" data-element_type=\"column\" data-e-type=\"column\">\n\t\t\t<div class=\"elementor-widget-wrap elementor-element-populated\">\n\t\t\t\t\t\t<div class=\"elementor-element elementor-element-b32bca3 elementor-widget elementor-widget-text-editor\" data-id=\"b32bca3\" data-element_type=\"widget\" data-e-type=\"widget\" data-widget_type=\"text-editor.default\">\n\t\t\t\t<div class=\"elementor-widget-container\">\n\t\t\t\t\t\t\t\t\t<p><strong>Finalistas:<\/strong><\/p><p><span style=\"font-weight: 400;\">Un total de tres (3) equipos ser\u00e1n seleccionados como \u201cFinalistas\u201d, por parte del Jurado Calificador de las Semifinales.<\/span><\/p><p><span style=\"font-weight: 400;\">Los equipos Finalistas recibir\u00e1n un Paquete de Beneficios que incluir\u00e1 capacitaci\u00f3n a la medida, mentor\u00eda individual, presencia en la campa\u00f1a de promoci\u00f3n #ConoceALosFinalistas, perfil del equipo en la p\u00e1gina web de las Finales, acceso a redes de contactos, participaci\u00f3n en eventos destacados de los socios, entre otras oportunidades durante y despu\u00e9s de las Finales.<\/span><\/p><p><span style=\"font-weight: 400;\">Las Finales se llevar\u00e1n a cabo como un evento internacional en formato virtual, en el cual los participantes tendr\u00e1n m\u00e1s oportunidades de visibilidad, formaci\u00f3n y conexiones estrat\u00e9gicas.<br \/><\/span><\/p><p><strong>Ganador:<\/strong><\/p><p><span style=\"font-weight: 400;\">El mejor equipo recibir\u00e1 un premio de $2,500 d\u00f3lares estadounidenses en concepto de capital semilla, para impulsar su emprendimiento.<\/span><\/p>\t\t\t\t\t\t\t\t<\/div>\n\t\t\t\t<\/div>\n\t\t\t\t\t<\/div>\n\t\t<\/div>\n\t\t\t\t\t<\/div>\n\t\t<\/section>\n\t\t\t\t<\/div>\n\t\t","protected":false},"excerpt":{"rendered":"<p>Finalistas: Un total de tres (3) equipos ser\u00e1n seleccionados como \u201cFinalistas\u201d, por parte del Jurado Calificador de las Semifinales. Los equipos Finalistas recibir\u00e1n un Paquete de Beneficios que incluir\u00e1 capacitaci\u00f3n a la medida, mentor\u00eda individual, presencia en la campa\u00f1a de promoci\u00f3n #ConoceALosFinalistas, perfil del equipo en la p\u00e1gina web de las Finales, acceso a redes [&hellip;]<\/p>\n","protected":false},"author":1,"featured_media":0,"parent":84,"menu_order":0,"comment_status":"closed","ping_status":"closed","template":"","meta":{"footnotes":""},"class_list":["post-119","page","type-page","status-publish","hentry"],"_links":{"self":[{"href":"https:\/\/ticamericas.net\/migracion\/wp-json\/wp\/v2\/pages\/119","targetHints":{"allow":["GET"]}}],"collection":[{"href":"https:\/\/ticamericas.net\/migracion\/wp-json\/wp\/v2\/pages"}],"about":[{"href":"https:\/\/ticamericas.net\/migracion\/wp-json\/wp\/v2\/types\/page"}],"author":[{"embeddable":true,"href":"https:\/\/ticamericas.net\/migracion\/wp-json\/wp\/v2\/users\/1"}],"replies":[{"embeddable":true,"href":"https:\/\/ticamericas.net\/migracion\/wp-json\/wp\/v2\/comments?post=119"}],"version-history":[{"count":13,"href":"https:\/\/ticamericas.net\/migracion\/wp-json\/wp\/v2\/pages\/119\/revisions"}],"predecessor-version":[{"id":1104,"href":"https:\/\/ticamericas.net\/migracion\/wp-json\/wp\/v2\/pages\/119\/revisions\/1104"}],"up":[{"embeddable":true,"href":"https:\/\/ticamericas.net\/migracion\/wp-json\/wp\/v2\/pages\/84"}],"wp:attachment":[{"href":"https:\/\/ticamericas.net\/migracion\/wp-json\/wp\/v2\/media?parent=119"}],"curies":[{"name":"wp","href":"https:\/\/api.w.org\/{rel}","templated":true}]}}