{"id":117,"date":"2023-09-28T00:29:03","date_gmt":"2023-09-28T00:29:03","guid":{"rendered":"https:\/\/ticamericas.net\/innovacion\/?page_id=117"},"modified":"2024-07-05T07:42:00","modified_gmt":"2024-07-05T07:42:00","slug":"calendario-de-actividades","status":"publish","type":"page","link":"https:\/\/ticamericas.net\/migracion\/2023-24\/reglas\/calendario-de-actividades\/","title":{"rendered":"Calendario de Actividades"},"content":{"rendered":"\t\t<div data-elementor-type=\"wp-page\" data-elementor-id=\"117\" class=\"elementor elementor-117\">\n\t\t\t\t\t\t<section class=\"elementor-section elementor-top-section elementor-element elementor-element-681c0e5 elementor-section-boxed elementor-section-height-default elementor-section-height-default\" data-id=\"681c0e5\" data-element_type=\"section\" data-e-type=\"section\">\n\t\t\t\t\t\t<div class=\"elementor-container elementor-column-gap-default\">\n\t\t\t\t\t<div class=\"elementor-column elementor-col-100 elementor-top-column elementor-element elementor-element-865b6e0\" data-id=\"865b6e0\" data-element_type=\"column\" data-e-type=\"column\">\n\t\t\t<div class=\"elementor-widget-wrap elementor-element-populated\">\n\t\t\t\t\t\t<div class=\"elementor-element elementor-element-3105a47 elementor-widget elementor-widget-text-editor\" data-id=\"3105a47\" data-element_type=\"widget\" data-e-type=\"widget\" data-widget_type=\"text-editor.default\">\n\t\t\t\t<div class=\"elementor-widget-container\">\n\t\t\t\t\t\t\t\t\t<p><span style=\"font-weight: 400;\"><strong>Apertura de Registros<\/strong>:<\/span><span style=\"font-weight: 400;\"> 15 de noviembre, 2023<\/span><\/p><p><span style=\"font-weight: 400;\"><strong>Fecha l\u00edmite de Registros<\/strong>:<\/span><span style=\"font-weight: 400;\"> 15 de abril, 2024<\/span><\/p><p><span style=\"font-weight: 400;\">Los equipos procesar\u00e1n su registro a trav\u00e9s de la p\u00e1gina web del programa, creando la cuenta para acceder a la plataforma tecnol\u00f3gica desde la cual enviar\u00e1n el proyecto y resto de entregables.\u00a0\u00a0<\/span><\/p><p><span style=\"font-weight: 400;\">Los equipos registrados recibir\u00e1n capacitaciones a trav\u00e9s de BOOT Camp para mejorar sus modelos de negocios, estudio de viabilidad del mercado y financiero, entre otras capacitaciones para fortalecer sus capacidades empresariales.<\/span><\/p><p><strong>Evaluaci\u00f3n y selecci\u00f3n de Finalistas<\/strong><span style=\"font-weight: 400;\">: Mayo, 2024.<\/span><\/p><p><span style=\"font-weight: 400;\">Expertos(as) convocados por YABT llevar\u00e1n a cabo la evaluaci\u00f3n de los proyectos.\u00a0<\/span><\/p><p><span style=\"font-weight: 400;\"><strong>Anuncio de Finalistas<\/strong>: <\/span><span style=\"font-weight: 400;\">Junio, 2024.<\/span><\/p><p><span style=\"font-weight: 400;\">Los equipos Finalistas ser\u00e1n anunciados a trav\u00e9s de la p\u00e1gina web y redes sociales de YABT. Adem\u00e1s, recibir\u00e1n la notificaci\u00f3n oficial v\u00eda correo electr\u00f3nico.\u00a0<\/span><\/p><p><span style=\"font-weight: 400;\"><strong>Mentor\u00eda y entrenamiento a Finalistas<\/strong>:<\/span><span style=\"font-weight: 400;\">\u00a0 Junio\/Julio, 2024.<\/span><\/p><p><span style=\"font-weight: 400;\">Periodo de capacitaciones y tutor\u00edas a los Finalistas para mejorar el proyecto y resto de entregables, en preparaci\u00f3n a su participaci\u00f3n en las Finales.\u00a0<\/span><\/p><p><span style=\"font-weight: 400;\"><strong>Evaluaciones<\/strong>:<\/span><span style=\"font-weight: 400;\"> Julio, 2024<\/span><\/p><p><span style=\"font-weight: 400;\">Equipos Finalistas presentar\u00e1n su proyecto al Comit\u00e9 del Jurado Calificador en formato virtual.\u00a0<\/span><\/p><p><span style=\"font-weight: 400;\"><strong>Finales, Conferencias y Anuncio de Ganador<\/strong>:<\/span><span style=\"font-weight: 400;\"> Julio-Agosto, 2024.<\/span><\/p><p><span style=\"font-weight: 400;\">El evento en formato virtual reunir\u00e1 a Finalistas de TIC Americas 2024, representantes de la OEA, gobiernos, sector privado, organismos internacionales, y actores de los ecosistemas de emprendimiento, mediante un programa de contenidos, conversatorios y anuncio de ganadores de TIC Americas 2024.\u00a0<\/span><\/p>\t\t\t\t\t\t\t\t<\/div>\n\t\t\t\t<\/div>\n\t\t\t\t\t<\/div>\n\t\t<\/div>\n\t\t\t\t\t<\/div>\n\t\t<\/section>\n\t\t\t\t<\/div>\n\t\t","protected":false},"excerpt":{"rendered":"<p>Apertura de Registros: 15 de noviembre, 2023 Fecha l\u00edmite de Registros: 15 de abril, 2024 Los equipos procesar\u00e1n su registro a trav\u00e9s de la p\u00e1gina web del programa, creando la cuenta para acceder a la plataforma tecnol\u00f3gica desde la cual enviar\u00e1n el proyecto y resto de entregables.\u00a0\u00a0 Los equipos registrados recibir\u00e1n capacitaciones a trav\u00e9s de [&hellip;]<\/p>\n","protected":false},"author":1,"featured_media":0,"parent":84,"menu_order":0,"comment_status":"closed","ping_status":"closed","template":"","meta":{"footnotes":""},"class_list":["post-117","page","type-page","status-publish","hentry"],"_links":{"self":[{"href":"https:\/\/ticamericas.net\/migracion\/wp-json\/wp\/v2\/pages\/117","targetHints":{"allow":["GET"]}}],"collection":[{"href":"https:\/\/ticamericas.net\/migracion\/wp-json\/wp\/v2\/pages"}],"about":[{"href":"https:\/\/ticamericas.net\/migracion\/wp-json\/wp\/v2\/types\/page"}],"author":[{"embeddable":true,"href":"https:\/\/ticamericas.net\/migracion\/wp-json\/wp\/v2\/users\/1"}],"replies":[{"embeddable":true,"href":"https:\/\/ticamericas.net\/migracion\/wp-json\/wp\/v2\/comments?post=117"}],"version-history":[{"count":17,"href":"https:\/\/ticamericas.net\/migracion\/wp-json\/wp\/v2\/pages\/117\/revisions"}],"predecessor-version":[{"id":1091,"href":"https:\/\/ticamericas.net\/migracion\/wp-json\/wp\/v2\/pages\/117\/revisions\/1091"}],"up":[{"embeddable":true,"href":"https:\/\/ticamericas.net\/migracion\/wp-json\/wp\/v2\/pages\/84"}],"wp:attachment":[{"href":"https:\/\/ticamericas.net\/migracion\/wp-json\/wp\/v2\/media?parent=117"}],"curies":[{"name":"wp","href":"https:\/\/api.w.org\/{rel}","templated":true}]}}