{"id":115,"date":"2023-09-28T00:28:48","date_gmt":"2023-09-28T00:28:48","guid":{"rendered":"https:\/\/ticamericas.net\/innovacion\/?page_id=115"},"modified":"2024-08-03T06:07:30","modified_gmt":"2024-08-03T06:07:30","slug":"criterios-de-evaluacion","status":"publish","type":"page","link":"https:\/\/ticamericas.net\/migracion\/2023-24\/reglas\/criterios-de-evaluacion\/","title":{"rendered":"Criterios de Evaluaci\u00f3n"},"content":{"rendered":"\t\t<div data-elementor-type=\"wp-page\" data-elementor-id=\"115\" class=\"elementor elementor-115\">\n\t\t\t\t\t\t<section class=\"elementor-section elementor-top-section elementor-element elementor-element-40d1694 elementor-section-boxed elementor-section-height-default elementor-section-height-default\" data-id=\"40d1694\" data-element_type=\"section\" data-e-type=\"section\">\n\t\t\t\t\t\t<div class=\"elementor-container elementor-column-gap-default\">\n\t\t\t\t\t<div class=\"elementor-column elementor-col-100 elementor-top-column elementor-element elementor-element-83bf2b9\" data-id=\"83bf2b9\" data-element_type=\"column\" data-e-type=\"column\">\n\t\t\t<div class=\"elementor-widget-wrap elementor-element-populated\">\n\t\t\t\t\t\t<div class=\"elementor-element elementor-element-8617caf elementor-widget elementor-widget-text-editor\" data-id=\"8617caf\" data-element_type=\"widget\" data-e-type=\"widget\" data-widget_type=\"text-editor.default\">\n\t\t\t\t<div class=\"elementor-widget-container\">\n\t\t\t\t\t\t\t\t\t<p><span style=\"font-weight: 400;\">El Comit\u00e9 de Evaluaci\u00f3n de cada etapa del Reto de Innovaci\u00f3n emitir\u00e1 su calificaci\u00f3n en funci\u00f3n a los siguientes criterios de evaluaci\u00f3n:<\/span><\/p><p><b>Escala de Evaluaci\u00f3n:<\/b><\/p><p><span style=\"font-weight: 400;\">Los Planes de Negocios ser\u00e1n evaluados seg\u00fan la siguiente escala de evaluaci\u00f3n:<\/span><\/p><p><span style=\"font-weight: 400;\">0 = No cumple para nada con los criterios, ni lo intenta \u2013 <\/span><b>Inaceptable<br \/><\/b><span style=\"font-weight: 400;\">1 = Cumple con alg\u00fan criterio, de forma muy deficiente \u2013 <\/span><b>Malo<br \/><\/b><span style=\"font-weight: 400;\">2 = Cumple m\u00ednimamente con los criterios \u2013 <\/span><b>Deficiente<br \/><\/b><span style=\"font-weight: 400;\">3 = Cumple con los criterios, pero no los sobrepasa \u2013 <\/span><b>Regular<br \/><\/b><span style=\"font-weight: 400;\">4 = Cumple con los criterios y los excede sustancialmente \u2013 <\/span><b>Bueno<br \/><\/b><span style=\"font-weight: 400;\">5 = Cumple con los criterios y demuestra la m\u00e1s alta excelencia y superioridad \u2013<\/span><b> Excelente<\/b><\/p>\t\t\t\t\t\t\t\t<\/div>\n\t\t\t\t<\/div>\n\t\t\t\t<div class=\"elementor-element elementor-element-c5d557c elementor-widget elementor-widget-accordion\" data-id=\"c5d557c\" data-element_type=\"widget\" data-e-type=\"widget\" data-widget_type=\"accordion.default\">\n\t\t\t\t<div class=\"elementor-widget-container\">\n\t\t\t\t\t\t\t<div class=\"elementor-accordion\">\n\t\t\t\t\t\t\t<div class=\"elementor-accordion-item\">\n\t\t\t\t\t<div id=\"elementor-tab-title-2071\" class=\"elementor-tab-title\" data-tab=\"1\" role=\"button\" aria-controls=\"elementor-tab-content-2071\" aria-expanded=\"false\">\n\t\t\t\t\t\t\t\t\t\t\t\t\t<span class=\"elementor-accordion-icon elementor-accordion-icon-left\" aria-hidden=\"true\">\n\t\t\t\t\t\t\t\t\t\t\t\t\t\t\t<span class=\"elementor-accordion-icon-closed\"><i class=\"fas fa-plus\"><\/i><\/span>\n\t\t\t\t\t\t\t\t<span class=\"elementor-accordion-icon-opened\"><i class=\"fas fa-minus\"><\/i><\/span>\n\t\t\t\t\t\t\t\t\t\t\t\t\t\t<\/span>\n\t\t\t\t\t\t\t\t\t\t\t\t<a class=\"elementor-accordion-title\" tabindex=\"0\">Semifinales<\/a>\n\t\t\t\t\t<\/div>\n\t\t\t\t\t<div id=\"elementor-tab-content-2071\" class=\"elementor-tab-content elementor-clearfix\" data-tab=\"1\" role=\"region\" aria-labelledby=\"elementor-tab-title-2071\"><table><tbody><tr><td><b>Elemento<\/b><\/td><td>\u00a0<\/td><td><b>Ponderaci\u00f3n\u00a0<\/b><\/td><\/tr><tr><td><b>A. Plan de Negocio<\/b><\/td><td><b>Resumen T\u00e9cnico<\/b><\/td><td><b>75%<\/b><\/td><\/tr><tr><td><p style=\"padding-left: 40px;\"><span style=\"font-weight: 400;\">1. Innovaci\u00f3n<\/span><\/p><\/td><td><p><span style=\"font-weight: 400;\">M\u00e1ximo 5 puntos por elemento:<\/span><\/p><ul><li style=\"font-weight: 400;\" aria-level=\"1\"><span style=\"font-weight: 400;\">El producto\/servicio introduce algo nuevo\/diferente que responde a una o m\u00e1s de las Prioridades del Reto de Innovaci\u00f3n\u00a0<\/span><\/li><li style=\"font-weight: 400;\" aria-level=\"1\"><span style=\"font-weight: 400;\">Demuestra tener rentabilidad de costo\/precio\/beneficio\u00a0<\/span><\/li><li style=\"font-weight: 400;\" aria-level=\"1\"><span style=\"font-weight: 400;\">Capacidad de diferenciaci\u00f3n sobre la oferta existente en el mercado<\/span><\/li><li style=\"font-weight: 400;\" aria-level=\"1\"><span style=\"font-weight: 400;\">Propuesta de Valor entrega beneficios a la medida de las preferencias del cliente<\/span><\/li><\/ul><\/td><td><span style=\"font-weight: 400;\">20%<\/span><\/td><\/tr><tr><td><p style=\"padding-left: 40px;\"><span style=\"font-weight: 400;\">2. Factibilidad de Mercado<\/span><\/p><\/td><td><p><span style=\"font-weight: 400;\">M\u00e1ximo 5 puntos por elemento:<\/span><\/p><ul><li style=\"font-weight: 400;\" aria-level=\"1\"><span style=\"font-weight: 400;\">Capacidad de crear una nueva demanda en el mercado<\/span><\/li><li style=\"font-weight: 400;\" aria-level=\"1\"><span style=\"font-weight: 400;\">Define claramente la estrategia de producto\/servicio, precio, promoci\u00f3n, comercializaci\u00f3n y fidelizaci\u00f3n de la cartera de clientes o consumidores\u00a0<\/span><\/li><li style=\"font-weight: 400;\" aria-level=\"1\"><span style=\"font-weight: 400;\">Comprende su mercado y las caracter\u00edsticas\/comportamiento de sus clientes o consumidores, generando confianza hacia el negocio<\/span><\/li><\/ul><\/td><td><span style=\"font-weight: 400;\">15%<\/span><\/td><\/tr><tr><td><p style=\"padding-left: 40px;\"><span style=\"font-weight: 400;\">3. Factibilidad Administrativa<\/span><\/p><\/td><td><p><span style=\"font-weight: 400;\">M\u00e1ximo 5 puntos por elemento:<\/span><\/p><ul><li style=\"font-weight: 400;\" aria-level=\"1\"><span style=\"font-weight: 400;\">Re\u00fane un equipo multidisciplinario en funci\u00f3n al proyecto\/negocio<\/span><\/li><li style=\"font-weight: 400;\" aria-level=\"1\"><span style=\"font-weight: 400;\">Establece una filosof\u00eda de negocio\/cultura organizacional e incentiva el desarrollo del equipo<\/span><\/li><li style=\"font-weight: 400;\" aria-level=\"1\"><span style=\"font-weight: 400;\">Define claramente la estructura organizacional y los roles<\/span><\/li><\/ul><\/td><td><span style=\"font-weight: 400;\">15%<\/span><\/td><\/tr><tr><td><p style=\"padding-left: 40px;\"><span style=\"font-weight: 400;\">4. Rentabilidad Financiera<\/span><\/p><\/td><td><p><span style=\"font-weight: 400;\">M\u00e1ximo 5 puntos por elemento:<\/span><\/p><ul><li style=\"font-weight: 400;\" aria-level=\"1\"><span style=\"font-weight: 400;\">Establece los indicadores financieros<\/span><\/li><li style=\"font-weight: 400;\" aria-level=\"1\"><span style=\"font-weight: 400;\">Analiza su estructura de costos\/proyecci\u00f3n financiera y de inversi\u00f3n<\/span><\/li><li style=\"font-weight: 400;\" aria-level=\"1\"><span style=\"font-weight: 400;\">Plan financiero adaptado a la estrategia de mercado<\/span><\/li><\/ul><\/td><td><span style=\"font-weight: 400;\">15%<\/span><\/td><\/tr><tr><td><p style=\"padding-left: 40px;\"><span style=\"font-weight: 400;\">5. Presentaci\u00f3n y claridad general\u00a0<\/span><\/p><\/td><td><p><span style=\"font-weight: 400;\">M\u00e1ximo 5 puntos por elemento:<\/span><\/p><ul><li style=\"font-weight: 400;\" aria-level=\"1\"><span style=\"font-weight: 400;\">Presentaci\u00f3n t\u00e9cnica y estructurada<\/span><\/li><li style=\"font-weight: 400;\" aria-level=\"1\"><span style=\"font-weight: 400;\">Mantiene el formato establecido por el Reto de Innovaci\u00f3n\u00a0\u00a0<\/span><\/li><\/ul><\/td><td><span style=\"font-weight: 400;\">10%<\/span><\/td><\/tr><tr><td><b>B. Modelo de Negocio (Canvas)<\/b><\/td><td><p><span style=\"font-weight: 400;\">M\u00e1ximo 5 puntos por elemento:<\/span><\/p><ul><li style=\"font-weight: 400;\" aria-level=\"1\"><span style=\"font-weight: 400;\">Coherencia y f\u00e1cil comprensi\u00f3n\u00a0<\/span><\/li><li style=\"font-weight: 400;\" aria-level=\"1\"><span style=\"font-weight: 400;\">Conexi\u00f3n con la estrategia de negocio en general\u00a0<\/span><\/li><\/ul><\/td><td><b>10%<\/b><\/td><\/tr><tr><td><b>C. Presencia en L\u00ednea<\/b><\/td><td><p><span style=\"font-weight: 400;\">M\u00e1ximo 5 puntos por elemento:<\/span><\/p><ul><li style=\"font-weight: 400;\" aria-level=\"1\"><span style=\"font-weight: 400;\">Presenta de forma efectiva las caracter\u00edsticas del producto\/servicio<\/span><\/li><li style=\"font-weight: 400;\" aria-level=\"1\"><span style=\"font-weight: 400;\">Introduce adecuadamente la imagen corporativa del negocio<\/span><\/li><li style=\"font-weight: 400;\" aria-level=\"1\"><span style=\"font-weight: 400;\">Contiene canales de interacci\u00f3n con los usuarios\/visitantes\u00a0<\/span><\/li><\/ul><\/td><td><b>15%<\/b><\/td><\/tr><tr><td><b>Porcentaje total<\/b><\/td><td>\u00a0<\/td><td><b>100%<\/b><\/td><\/tr><\/tbody><\/table><\/div>\n\t\t\t\t<\/div>\n\t\t\t\t\t\t\t<div class=\"elementor-accordion-item\">\n\t\t\t\t\t<div id=\"elementor-tab-title-2072\" class=\"elementor-tab-title\" data-tab=\"2\" role=\"button\" aria-controls=\"elementor-tab-content-2072\" aria-expanded=\"false\">\n\t\t\t\t\t\t\t\t\t\t\t\t\t<span class=\"elementor-accordion-icon elementor-accordion-icon-left\" aria-hidden=\"true\">\n\t\t\t\t\t\t\t\t\t\t\t\t\t\t\t<span class=\"elementor-accordion-icon-closed\"><i class=\"fas fa-plus\"><\/i><\/span>\n\t\t\t\t\t\t\t\t<span class=\"elementor-accordion-icon-opened\"><i class=\"fas fa-minus\"><\/i><\/span>\n\t\t\t\t\t\t\t\t\t\t\t\t\t\t<\/span>\n\t\t\t\t\t\t\t\t\t\t\t\t<a class=\"elementor-accordion-title\" tabindex=\"0\">Finales<\/a>\n\t\t\t\t\t<\/div>\n\t\t\t\t\t<div id=\"elementor-tab-content-2072\" class=\"elementor-tab-content elementor-clearfix\" data-tab=\"2\" role=\"region\" aria-labelledby=\"elementor-tab-title-2072\"><table><tbody><tr><td><p><b>Elemento<\/b><\/p><\/td><td><p><b>Objetivo<\/b><\/p><\/td><td><p><b>Ponderaci\u00f3n\u00a0<\/b><\/p><\/td><\/tr><tr><td><p><b>Presentaci\u00f3n del Proyecto \/ Plan de Negocios<\/b><\/p><\/td><td><p><b>Resumen T\u00e9cnico<\/b><\/p><\/td><td><p style=\"text-align: center;\"><b>75%<\/b><\/p><\/td><\/tr><tr><td><p style=\"padding-left: 40px;\"><span style=\"font-weight: 400;\">1. Estrategia \/ Plan de Negocio<\/span><\/p><\/td><td><p><span style=\"font-weight: 400;\">M\u00e1ximo 5 puntos por elemento:<\/span><\/p><ul><li style=\"font-weight: 400;\" aria-level=\"1\"><span style=\"font-weight: 400;\">\u00bfQu\u00e9 tan factible es el proyecto\/negocio en condiciones reales de mercado?<\/span><\/li><li style=\"font-weight: 400;\" aria-level=\"1\"><span style=\"font-weight: 400;\">\u00bfQu\u00e9 tan bien el plan de negocio plantea su estrategia y modelo de negocio?<\/span><\/li><li style=\"font-weight: 400;\" aria-level=\"1\"><span style=\"font-weight: 400;\">\u00bfQu\u00e9 tan bien responde a uno o m\u00e1s de las Prioridades del Reto de Innovaci\u00f3n?<\/span><\/li><li style=\"font-weight: 400;\" aria-level=\"1\"><span style=\"font-weight: 400;\">\u00bfQu\u00e9 tan clara es la estrategia de expansi\u00f3n?<\/span><\/li><li style=\"font-weight: 400;\" aria-level=\"1\"><span style=\"font-weight: 400;\">\u00bfQu\u00e9 tan bien contemplan el manejo\/mitigaci\u00f3n de los riesgos?<\/span><\/li><\/ul><\/td><td><p style=\"text-align: center;\"><span style=\"font-weight: 400;\">25%<\/span><\/p><\/td><\/tr><tr><td><p style=\"padding-left: 40px;\"><span style=\"font-weight: 400;\">2. Presentaci\u00f3n del Proyecto<\/span><\/p><\/td><td><p><span style=\"font-weight: 400;\">M\u00e1ximo 5 puntos por elemento:<\/span><\/p><ul><li style=\"font-weight: 400;\" aria-level=\"1\"><span style=\"font-weight: 400;\">\u00bfQu\u00e9 tan completa y convincente se encuentra la informaci\u00f3n expuesta del proyecto\/negocio?<\/span><\/li><li style=\"font-weight: 400;\" aria-level=\"1\"><span style=\"font-weight: 400;\">\u00bfLa presentaci\u00f3n demuestra el trabajo en equipo y cooperaci\u00f3n?<\/span><\/li><li style=\"font-weight: 400;\" aria-level=\"1\"><span style=\"font-weight: 400;\">\u00bfQu\u00e9 tan bien estuvo la t\u00e9cnica de presentaci\u00f3n del equipo?<\/span><\/li><li style=\"font-weight: 400;\" aria-level=\"1\"><span style=\"font-weight: 400;\">\u00bfQu\u00e9 tan llamativa es la presentaci\u00f3n visual al mostrar elementos gr\u00e1ficos para exponer el proyecto\/negocio?<\/span><\/li><li style=\"font-weight: 400;\" aria-level=\"1\"><span style=\"font-weight: 400;\">\u00bfQu\u00e9 tan efectivas fueron las respuestas del equipo a las preguntas del jurado?<\/span><\/li><\/ul><\/td><td><p style=\"text-align: center;\"><span style=\"font-weight: 400;\">25%<\/span><\/p><\/td><\/tr><tr><td><p style=\"padding-left: 40px;\"><span style=\"font-weight: 400;\">3. Video Promocional<\/span><\/p><\/td><td><p><span style=\"font-weight: 400;\">M\u00e1ximo 5 puntos por elemento:<\/span><\/p><ul><li style=\"font-weight: 400;\" aria-level=\"1\"><span style=\"font-weight: 400;\">\u00bfEl video demuestra originalidad y creatividad para captar la atenci\u00f3n del p\u00fablico objetivo?<\/span><\/li><li style=\"font-weight: 400;\" aria-level=\"1\"><span style=\"font-weight: 400;\">\u00bfQu\u00e9 tan efectivo es el video al promocionar\/ vender el producto\/servicio?<\/span><\/li><\/ul><\/td><td><p style=\"text-align: center;\"><span style=\"font-weight: 400;\">10%<\/span><\/p><\/td><\/tr><tr><td><p style=\"padding-left: 40px;\"><span style=\"font-weight: 400;\">4. Discurso del Elevador<\/span><\/p><\/td><td><p><span style=\"font-weight: 400;\">M\u00e1ximo 5 puntos por elemento:<\/span><\/p><ul><li style=\"font-weight: 400;\" aria-level=\"1\"><span style=\"font-weight: 400;\">\u00bfEl Discurso del Elevador resume claramente el proyecto\/ negocio?<\/span><\/li><li style=\"font-weight: 400;\" aria-level=\"1\"><span style=\"font-weight: 400;\">\u00bfPresenta una estructura adecuada para comprender mejor el modelo de negocio?<\/span><\/li><\/ul><\/td><td><p style=\"text-align: center;\"><span style=\"font-weight: 400;\">10%<\/span><\/p><\/td><\/tr><tr><td><p style=\"padding-left: 40px;\"><span style=\"font-weight: 400;\">5. Estrategia de crecimiento<\/span><\/p><\/td><td><p><span style=\"font-weight: 400;\">M\u00e1ximo 15 puntos el siguiente elemento:<\/span><\/p><ul><li style=\"font-weight: 400;\" aria-level=\"1\"><span style=\"font-weight: 400;\">\u00bfEl proyecto incorpora una visi\u00f3n de negocio lo suficientemente atractiva para acelerar el crecimiento del proyecto\/negocio?<\/span><\/li><\/ul><\/td><td><p style=\"text-align: center;\"><span style=\"font-weight: 400;\">15%<\/span><\/p><\/td><\/tr><tr><td>\u00a0<\/td><td>\u00a0<\/td><td>\u00a0<\/td><\/tr><tr><td><p><b>Factibilidad de Inversi\u00f3n<\/b><\/p><\/td><td>\u00a0<\/td><td><p style=\"text-align: center;\"><b>25%<\/b><\/p><\/td><\/tr><tr><td><p style=\"padding-left: 40px;\"><span style=\"font-weight: 400;\">1. Proyecci\u00f3n financiera, estructura de costos, Indicadores<\/span><\/p><\/td><td><p><span style=\"font-weight: 400;\">M\u00e1ximo 5 puntos por elemento:<\/span><\/p><ul><li style=\"font-weight: 400;\" aria-level=\"1\"><span style=\"font-weight: 400;\">Demuestra eficiencia en su estructura financiera y pron\u00f3sticos\u00a0<\/span><\/li><li style=\"font-weight: 400;\" aria-level=\"1\"><span style=\"font-weight: 400;\">Explica claramente las oportunidades de retorno de la inversi\u00f3n\u00a0<\/span><\/li><li style=\"font-weight: 400;\" aria-level=\"1\"><span style=\"font-weight: 400;\">Presenta los indicadores financieros esenciales para el tipo de proyecto\/negocio<\/span><\/li><\/ul><\/td><td><p style=\"text-align: center;\"><span style=\"font-weight: 400;\">15%<\/span><\/p><\/td><\/tr><tr><td><p style=\"padding-left: 40px;\"><span style=\"font-weight: 400;\">2. Estrategia de Financiamiento<\/span><\/p><\/td><td><p><span style=\"font-weight: 400;\">M\u00e1ximo 5 puntos por elemento:<\/span><\/p><ul><li style=\"font-weight: 400;\" aria-level=\"1\"><span style=\"font-weight: 400;\">Demuestra una oportunidad de inversi\u00f3n para que la industria e inversores respalden el desarrollo y crecimiento del proyecto\/negocio<\/span><\/li><\/ul><ul><li style=\"font-weight: 400;\" aria-level=\"1\"><span style=\"font-weight: 400;\">Tiene una estrategia clara de capitalizaci\u00f3n<\/span><\/li><\/ul><\/td><td><p style=\"text-align: center;\"><span style=\"font-weight: 400;\">10%<\/span><\/p><\/td><\/tr><tr><td><p><b>Porcentaje total<\/b><\/p><\/td><td>\u00a0<\/td><td><p style=\"text-align: center;\"><b>100%<\/b><\/p><\/td><\/tr><\/tbody><\/table><\/div>\n\t\t\t\t<\/div>\n\t\t\t\t\t\t\t\t<\/div>\n\t\t\t\t\t\t<\/div>\n\t\t\t\t<\/div>\n\t\t\t\t<div class=\"elementor-element elementor-element-e09f11f elementor-widget elementor-widget-text-editor\" data-id=\"e09f11f\" data-element_type=\"widget\" data-e-type=\"widget\" data-widget_type=\"text-editor.default\">\n\t\t\t\t<div class=\"elementor-widget-container\">\n\t\t\t\t\t\t\t\t\t<p><b>Comentarios:<\/b><\/p><p><span style=\"font-weight: 400;\">El Comit\u00e9 del Jurado Calificador incluir\u00e1 una s\u00edntesis de sus observaciones, an\u00e1lisis y recomendaciones.\u00a0<\/span><\/p>\t\t\t\t\t\t\t\t<\/div>\n\t\t\t\t<\/div>\n\t\t\t\t\t<\/div>\n\t\t<\/div>\n\t\t\t\t\t<\/div>\n\t\t<\/section>\n\t\t\t\t<\/div>\n\t\t","protected":false},"excerpt":{"rendered":"<p>El Comit\u00e9 de Evaluaci\u00f3n de cada etapa del Reto de Innovaci\u00f3n emitir\u00e1 su calificaci\u00f3n en funci\u00f3n a los siguientes criterios de evaluaci\u00f3n: Escala de Evaluaci\u00f3n: Los Planes de Negocios ser\u00e1n evaluados seg\u00fan la siguiente escala de evaluaci\u00f3n: 0 = No cumple para nada con los criterios, ni lo intenta \u2013 Inaceptable1 = Cumple con alg\u00fan [&hellip;]<\/p>\n","protected":false},"author":1,"featured_media":0,"parent":84,"menu_order":0,"comment_status":"closed","ping_status":"closed","template":"","meta":{"footnotes":""},"class_list":["post-115","page","type-page","status-publish","hentry"],"_links":{"self":[{"href":"https:\/\/ticamericas.net\/migracion\/wp-json\/wp\/v2\/pages\/115","targetHints":{"allow":["GET"]}}],"collection":[{"href":"https:\/\/ticamericas.net\/migracion\/wp-json\/wp\/v2\/pages"}],"about":[{"href":"https:\/\/ticamericas.net\/migracion\/wp-json\/wp\/v2\/types\/page"}],"author":[{"embeddable":true,"href":"https:\/\/ticamericas.net\/migracion\/wp-json\/wp\/v2\/users\/1"}],"replies":[{"embeddable":true,"href":"https:\/\/ticamericas.net\/migracion\/wp-json\/wp\/v2\/comments?post=115"}],"version-history":[{"count":32,"href":"https:\/\/ticamericas.net\/migracion\/wp-json\/wp\/v2\/pages\/115\/revisions"}],"predecessor-version":[{"id":1100,"href":"https:\/\/ticamericas.net\/migracion\/wp-json\/wp\/v2\/pages\/115\/revisions\/1100"}],"up":[{"embeddable":true,"href":"https:\/\/ticamericas.net\/migracion\/wp-json\/wp\/v2\/pages\/84"}],"wp:attachment":[{"href":"https:\/\/ticamericas.net\/migracion\/wp-json\/wp\/v2\/media?parent=115"}],"curies":[{"name":"wp","href":"https:\/\/api.w.org\/{rel}","templated":true}]}}