{"id":111,"date":"2023-09-28T00:28:17","date_gmt":"2023-09-28T00:28:17","guid":{"rendered":"https:\/\/ticamericas.net\/innovacion\/?page_id=111"},"modified":"2023-11-09T08:03:53","modified_gmt":"2023-11-09T08:03:53","slug":"mentoresas","status":"publish","type":"page","link":"https:\/\/ticamericas.net\/migracion\/2023-24\/reglas\/mentoresas\/","title":{"rendered":"Mentores(as)"},"content":{"rendered":"\t\t<div data-elementor-type=\"wp-page\" data-elementor-id=\"111\" class=\"elementor elementor-111\">\n\t\t\t\t\t\t<section class=\"elementor-section elementor-top-section elementor-element elementor-element-92815f0 elementor-section-boxed elementor-section-height-default elementor-section-height-default\" data-id=\"92815f0\" data-element_type=\"section\" data-e-type=\"section\">\n\t\t\t\t\t\t<div class=\"elementor-container elementor-column-gap-default\">\n\t\t\t\t\t<div class=\"elementor-column elementor-col-100 elementor-top-column elementor-element elementor-element-fb6cf8f\" data-id=\"fb6cf8f\" data-element_type=\"column\" data-e-type=\"column\">\n\t\t\t<div class=\"elementor-widget-wrap elementor-element-populated\">\n\t\t\t\t\t\t<div class=\"elementor-element elementor-element-179528f elementor-widget elementor-widget-text-editor\" data-id=\"179528f\" data-element_type=\"widget\" data-e-type=\"widget\" data-widget_type=\"text-editor.default\">\n\t\t\t\t<div class=\"elementor-widget-container\">\n\t\t\t\t\t\t\t\t\t<p><span style=\"font-weight: 400;\">Los equipos podr\u00e1n registrar hasta dos mentores(as) como integrantes del equipo, sin restricciones de edad, nacionalidad, nivel de educaci\u00f3n y lugar de residencia. Se entiende como mentores(as) del equipo aquellas personas que brindan su apoyo t\u00e9cnico, consejos y gu\u00eda al equipo durante el proceso empresarial.\u00a0<\/span><\/p><p><span style=\"font-weight: 400;\">La participaci\u00f3n de mentores(as) es de forma ad-honorem y no recibir\u00e1n remuneraci\u00f3n econ\u00f3mica, en especie o incentivo alguno por parte del equipo, los organizadores u otra organizaci\u00f3n ajena al programa.\u00a0<\/span><\/p><p><span style=\"font-weight: 400;\">Mentores(s) no podr\u00e1n participar al mismo tiempo como jurados de las Semifinales y Finales.\u00a0<\/span><\/p><p><span style=\"font-weight: 400;\">Los organizadores solamente asignar\u00e1n mentores(as) a los equipos Finalistas, siguiendo los par\u00e1metros antes mencionados, y en preparaci\u00f3n del equipo camino a las Finales. Mentores(as) asignados por los organizadores no afectar\u00e1 la participaci\u00f3n y desempe\u00f1o de mentores(as) registrados como miembros del equipo\u00a0<\/span><\/p>\t\t\t\t\t\t\t\t<\/div>\n\t\t\t\t<\/div>\n\t\t\t\t\t<\/div>\n\t\t<\/div>\n\t\t\t\t\t<\/div>\n\t\t<\/section>\n\t\t\t\t<\/div>\n\t\t","protected":false},"excerpt":{"rendered":"<p>Los equipos podr\u00e1n registrar hasta dos mentores(as) como integrantes del equipo, sin restricciones de edad, nacionalidad, nivel de educaci\u00f3n y lugar de residencia. Se entiende como mentores(as) del equipo aquellas personas que brindan su apoyo t\u00e9cnico, consejos y gu\u00eda al equipo durante el proceso empresarial.\u00a0 La participaci\u00f3n de mentores(as) es de forma ad-honorem y no [&hellip;]<\/p>\n","protected":false},"author":1,"featured_media":0,"parent":84,"menu_order":0,"comment_status":"closed","ping_status":"closed","template":"","meta":{"footnotes":""},"class_list":["post-111","page","type-page","status-publish","hentry"],"_links":{"self":[{"href":"https:\/\/ticamericas.net\/migracion\/wp-json\/wp\/v2\/pages\/111","targetHints":{"allow":["GET"]}}],"collection":[{"href":"https:\/\/ticamericas.net\/migracion\/wp-json\/wp\/v2\/pages"}],"about":[{"href":"https:\/\/ticamericas.net\/migracion\/wp-json\/wp\/v2\/types\/page"}],"author":[{"embeddable":true,"href":"https:\/\/ticamericas.net\/migracion\/wp-json\/wp\/v2\/users\/1"}],"replies":[{"embeddable":true,"href":"https:\/\/ticamericas.net\/migracion\/wp-json\/wp\/v2\/comments?post=111"}],"version-history":[{"count":7,"href":"https:\/\/ticamericas.net\/migracion\/wp-json\/wp\/v2\/pages\/111\/revisions"}],"predecessor-version":[{"id":599,"href":"https:\/\/ticamericas.net\/migracion\/wp-json\/wp\/v2\/pages\/111\/revisions\/599"}],"up":[{"embeddable":true,"href":"https:\/\/ticamericas.net\/migracion\/wp-json\/wp\/v2\/pages\/84"}],"wp:attachment":[{"href":"https:\/\/ticamericas.net\/migracion\/wp-json\/wp\/v2\/media?parent=111"}],"curies":[{"name":"wp","href":"https:\/\/api.w.org\/{rel}","templated":true}]}}