{"id":284,"date":"2023-02-16T05:36:56","date_gmt":"2023-02-16T05:36:56","guid":{"rendered":"https:\/\/ticamericas.net\/innova\/?page_id=284"},"modified":"2023-09-20T06:24:39","modified_gmt":"2023-09-20T06:24:39","slug":"faqs","status":"publish","type":"page","link":"https:\/\/ticamericas.net\/innova\/2020-21\/faqs\/","title":{"rendered":"FAQs"},"content":{"rendered":"\t\t<div data-elementor-type=\"wp-page\" data-elementor-id=\"284\" class=\"elementor elementor-284\">\n\t\t\t\t\t\t<section class=\"elementor-section elementor-top-section elementor-element elementor-element-0b42b18 elementor-section-boxed elementor-section-height-default elementor-section-height-default\" data-id=\"0b42b18\" data-element_type=\"section\" data-e-type=\"section\">\n\t\t\t\t\t\t<div class=\"elementor-container elementor-column-gap-default\">\n\t\t\t\t\t<div class=\"elementor-column elementor-col-100 elementor-top-column elementor-element elementor-element-9d97c75\" data-id=\"9d97c75\" data-element_type=\"column\" data-e-type=\"column\">\n\t\t\t<div class=\"elementor-widget-wrap elementor-element-populated\">\n\t\t\t\t\t\t<div class=\"elementor-element elementor-element-a7c4a93 elementor-widget elementor-widget-heading\" data-id=\"a7c4a93\" data-element_type=\"widget\" data-e-type=\"widget\" data-widget_type=\"heading.default\">\n\t\t\t\t<div class=\"elementor-widget-container\">\n\t\t\t\t\t<h2 class=\"elementor-heading-title elementor-size-default\">Preguntas Frecuentes<\/h2>\t\t\t\t<\/div>\n\t\t\t\t<\/div>\n\t\t\t\t<div class=\"elementor-element elementor-element-d16ef6c elementor-widget elementor-widget-text-editor\" data-id=\"d16ef6c\" data-element_type=\"widget\" data-e-type=\"widget\" data-widget_type=\"text-editor.default\">\n\t\t\t\t<div class=\"elementor-widget-container\">\n\t\t\t\t\t\t\t\t\t<div class=\"accordionWrapper\"><div class=\"accordionItem close\"><h3 class=\"accordionItemHeading\">Acerca del Reto InnovAcci\u00f3n<\/h3><div class=\"accordionItemContent\"><h4>1. \u00bfQu\u00e9 es el Reto InnovAcci\u00f3n?<\/h4><p>El Reto InnovAcci\u00f3n es una competencia regional de innovaci\u00f3n y un programa de apoyo enfocado a empoderar a j\u00f3venes emprendedores sociales y econ\u00f3micos para que respondan a las nuevas necesidades de las comunidades de base de Am\u00e9rica Latina y el Caribe como consecuencia de la pandemia COVID-19. Conoce cada una de las categor\u00edas\u00a0<a href=\"https:\/\/ticamericas.net\/innova\/reglas\" target=\"_blank\" rel=\"noopener\">aqu\u00ed<\/a>.<\/p><hr \/><h4>2. \u00bfQui\u00e9n organiza el Reto InnovAcci\u00f3n?<\/h4><p>El Reto InnovAcci\u00f3n fue creado por el\u00a0<a href=\"http:\/\/yabt.net\/es\/\" target=\"_blank\" rel=\"noopener\">Young Americas Business Trust (YABT)<\/a>, en cooperaci\u00f3n con la\u00a0<a href=\"https:\/\/www.iaf.gov\/es\/\" target=\"_blank\" rel=\"noopener\">Fundaci\u00f3n Interamericana (IAF, por sus siglas en ingl\u00e9s)<\/a>\u00a0y\u00a0<a href=\"http:\/\/www.summit-americas.org\/defaults.htm\" target=\"_blank\" rel=\"noopener\">Secretar\u00eda de Cumbres de las Am\u00e9ricas (SCA)<\/a>\u00a0de la Organizaci\u00f3n de los Estados Americanos (OEA), con el objetivo de empoderar a los j\u00f3venes emprendedores, especialmente aquellos de comunidades marginadas para responder a las necesidades emergentes de las comunidades de base como resultado de la pandemia de COVID-19.<\/p><hr \/><h4>3. \u00bfCu\u00e1les son las etapas de la Competencia?<\/h4><p>La competencia se divide en 3 rondas: 1.-Ronda de Elegibilidad, 2.- Ronda de Semi-Finales y 3.- Ronda Final. Para consultar los detalles de cada etapa accede a\u00a0<a href=\"https:\/\/ticamericas.net\/innova\/reglas\" target=\"_blank\" rel=\"noopener\">este enlace<\/a>.<\/p><\/div><\/div><div class=\"accordionItem close\"><h3 class=\"accordionItemHeading\">Participaci\u00f3n en el Reto<\/h3><div class=\"accordionItemContent\"><h4>4. \u00bfQui\u00e9nes pueden participar en el Reto InnovAcci\u00f3n?<\/h4><p>El Reto InnovAcci\u00f3n tiene un enfoque en j\u00f3venes. Sin embargo, todas las personas que est\u00e9n interesadas en participar pueden registrarse, considerando la poblaci\u00f3n de enfoque.<\/p><hr \/><h4>5. \u00bfCu\u00e1les son los pa\u00edses elegibles?<\/h4><p>Los miembros de los equipos registrados deben ser ciudadanos o residentes legales de los pa\u00edses de Am\u00e9rica Latina y el Caribe, que sean Estados miembros activos con derecho a voto de la\u00a0<a href=\"https:\/\/www.oas.org\/es\/acerca\/estados_miembros.asp\" target=\"_blank\" rel=\"noopener\">OEA<\/a>, y deben estar legalmente autorizados para iniciar y operar un negocio en su pa\u00eds.<\/p><hr \/><h4>6. \u00bfDe cu\u00e1ntos integrantes se puede componer un equipo?<\/h4><p>Los equipos pueden estar compuestos por un m\u00ednimo de uno (1) y un m\u00e1ximo de diez (10) integrantes.\u00a0<a href=\"https:\/\/ticamericas.net\/innova\/reglas\" target=\"_blank\" rel=\"noopener\">M\u00e1s informaci\u00f3n aqu\u00ed<\/a>.<\/p><hr \/><h4>7. \u00bfCu\u00e1les son los materiales necesarios para participar en la Competencia?<\/h4><p>Ingresa a\u00a0<a href=\"https:\/\/ticamericas.net\/innova\/reglas\" target=\"_blank\" rel=\"noopener\">este enlace<\/a>\u00a0para conocer requisitos y lineamientos a seguir.<\/p><hr \/><h4>8. \u00bfC\u00f3mo me registro?<\/h4><p>Para registrarte debes\u00a0<a href=\"https:\/\/www.ticamericas.net\/innova\" target=\"_blank\" rel=\"noopener\">ingresar aqu\u00ed<\/a>, deslizar el cursor al formulario de \u201cCrear cuenta\u201d, llenar los campos requeridos, elegir el \u00e1rea de enfoque seg\u00fan tu proyecto, y hacer clic en el bot\u00f3n \u201cCrear cuenta\u201d. Recibir\u00e1s un mensaje en el correo electr\u00f3nico con un enlace para validar la creaci\u00f3n de cuenta, y las indicaciones para completar el registro.<\/p><hr \/><h4>9. \u00bfUna iniciativa\/proyecto puede inscribirse en dos categor\u00edas?<\/h4><p>No, el equipo debe elegir la categor\u00eda que considere que va de acuerdo con el objetivo y enfoque del proyecto, y registrarse en la misma. En caso de que el equipo de YABT se percate que el enfoque elegido por los participantes pertenece a una tem\u00e1tica diferente, un representante de la organizaci\u00f3n se contactar\u00e1 con el l\u00edder de dicho equipo registrado para informarle del cambio.<\/p><hr \/><h4>10. \u00bfCu\u00e1l es la fecha l\u00edmite de registro?<\/h4><p>La fecha l\u00edmite de registro es el 28 de febrero del 2021. Sin embargo, se recomienda registrarse lo m\u00e1s pronto posible para acceder a los beneficios del BOOTCamp.<\/p><hr \/><h4>11. \u00bfExisten formatos gu\u00edas para cargar Materiales de la Competencia?<\/h4><p>Si, puedes consultar el formato gu\u00eda de cada Material de la Competencia\u00a0<a href=\"https:\/\/ticamericas.net\/innova\/reglas\" target=\"_blank\" rel=\"noopener\">aqu\u00ed<\/a>.<\/p><hr \/><h4>12. \u00bfAl registrar mi iniciativa\/proyecto pierdo Derechos de Autor?<\/h4><p>No, los Derechos de Autor del proyecto o plan de proyecto presentado a la competencia, ser\u00e1n de propiedad exclusiva del equipo que los propone.\u00a0<a href=\"https:\/\/ticamericas.net\/innova\/reglas\" target=\"_blank\" rel=\"noopener\">M\u00e1s informaci\u00f3n aqu\u00ed<\/a>.<\/p><hr \/><h4>13. \u00bfC\u00f3mo se da la comunicaci\u00f3n entre el equipo participante y el YABT?<\/h4><p>Siempre se mantiene un canal de comunicaci\u00f3n fluido v\u00eda correo electr\u00f3nico, a trav\u00e9s de:\u00a0<a href=\"mailto:ticamericas@yabt.net\">ticamericas@yabt.net<\/a>. Toda la informaci\u00f3n relativa a su participaci\u00f3n ser\u00e1 enviada a la direcci\u00f3n de correo electr\u00f3nico proporcionada en el registro. Los equipos son responsables de asegurar que el correo electr\u00f3nico sea funcional y que el contenido sea le\u00eddo regularmente.<\/p><\/div><\/div><div class=\"accordionItem close\"><h3 class=\"accordionItemHeading\">Beneficios para todos los equipos<\/h3><div class=\"accordionItemContent\"><h4>14. \u00bfEs necesario tener conexi\u00f3n a internet durante el proceso de la competencia?<\/h4><p>Ya que gran parte del Reto InnovAcci\u00f3n se realiza en l\u00ednea, se recomienda un acceso constante a internet durante el proceso para asegurar la plena participaci\u00f3n.<\/p><hr \/><h4>15. \u00bfCu\u00e1les son los beneficios de participar en el Reto InnovAcci\u00f3n?<\/h4><p>Al ser parte del programa, tendr\u00e1s acceso a redes de emprendimiento, capacitaci\u00f3n y acompa\u00f1amiento por expertos internacionales en la plataforma del\u00a0<a href=\"http:\/\/www.yabt.net\/bootcamp\">BOOTCamp<\/a>, visibilidad global, apertura de mercados, oportunidades de inversi\u00f3n, capital semilla, entre otros.<\/p><hr \/><h4>16. \u00bfQu\u00e9 es el BOOTCamp?<\/h4><p>Es el centro de recursos gratuitos para j\u00f3venes emprendedores que ofrece herramientas para desarrollar planes de negocio, viabilidad financiera, estrategias de mercadotecnia, planificaci\u00f3n, administraci\u00f3n, finanzas y mucho m\u00e1s. Las sesiones son conducidas por expertos internacionales que abordar\u00e1n estos y otros temas para apoyarte en el desarrollo de habilidades y estrategias de tu proyecto. Accede al BOOTCamp en todo momento,\u00a0<a href=\"http:\/\/www.yabt.net\/bootcamp\">aqu\u00ed<\/a>.<\/p><hr \/><h4>17. \u00bfQu\u00e9 pasa si no puedo conectarme en vivo a una sesi\u00f3n del BOOTCamp?<\/h4><p>Podr\u00e1s consultar la sesi\u00f3n grabada. Sin embargo, se recomienda hacer todo lo posible para participar en vivo, ya que as\u00ed los participantes pueden interactuar directamente con los panelistas y hacer cualquier pregunta sobre la tem\u00e1tica de la sesi\u00f3n.<\/p><\/div><\/div><div class=\"accordionItem close\"><h3 class=\"accordionItemHeading\">Proceso de Evaluaci\u00f3n<\/h3><div class=\"accordionItemContent\"><h4>18. \u00bfQui\u00e9n se encuentra a cargo de la evaluaci\u00f3n de los proyectos?<\/h4><p>YABT, IAF y SCA convocar\u00e1n un grupo de expertos internacionales de distintos sectores y disciplinas, para conformar el Panel de Jueces para la Ronda de Semi-Finales y Ronda Final de la Competencia, quienes con base a los\u00a0<a href=\"https:\/\/ticamericas.net\/innova\/reglas\" target=\"_blank\" rel=\"noopener\">criterios y elementos de evaluaci\u00f3n establecidos<\/a>\u00a0calificar\u00e1n los proyectos.<\/p><hr \/><h4>19. \u00bfCu\u00e1les son los criterios de evaluaci\u00f3n al participar en el Reto?<\/h4><p>Consulta los criterios de evaluaci\u00f3n al participar en el Reto\u00a0<a href=\"https:\/\/ticamericas.net\/innova\/reglas\" target=\"_blank\" rel=\"noopener\">aqu\u00ed<\/a>.<\/p><hr \/><h4>20. \u00bfExiste alguna restricci\u00f3n para participar como mentor?<\/h4><p>No hay ninguna restricci\u00f3n en cuanto a la edad, nacionalidad, experiencia o educaci\u00f3n de los mentores. Los mentores no pueden participar o contribuir directamente al Reto.<\/p><hr \/><h4>21. \u00bfSe pueden registrar a los mentores?<\/h4><p>La inclusi\u00f3n de mentores en un equipo es opcional. Cada equipo puede identificar y trabajar directamente con uno o m\u00e1s mentores, sin restricciones de edad, nacionalidad, experiencia o educaci\u00f3n de estos. Se recomienda a los equipos mencionar\/incluir a sus mentores dentro de su plan de proyecto, en caso de tenerlos. M\u00e1s informaci\u00f3n\u00a0<a href=\"https:\/\/ticamericas.net\/innova\/reglas\" target=\"_blank\" rel=\"noopener\">aqu\u00ed<\/a>.<\/p><\/div><\/div><div class=\"accordionItem close\"><h3 class=\"accordionItemHeading\">Sobre las Finales<\/h3><div class=\"accordionItemContent\"><h4>22. \u00bfD\u00f3nde se llevar\u00e1n a cabo las Finales?<\/h4><p>Las Finales del Reto InnovAcci\u00f3n y resto de categor\u00edas de la Competencia Talento e Innovaci\u00f3n de las Am\u00e9ricas (TIC Americas), est\u00e1n planeadas para celebrarse en modalidad virtual, por lo que se solicita a los participantes que confirmen su inter\u00e9s y disponibilidad para asistir en el formato requerido.<\/p><hr \/><h4>23. \u00bfHabr\u00e1 alguna capacitaci\u00f3n para los equipos finalistas previa a las Finales?<\/h4><p>Si, habr\u00e1 una prueba de la plataforma en l\u00ednea con los equipos finalistas, para que todos los participantes se sientan c\u00f3modos y conozcan las herramientas utilizadas durante las Finales virtuales. Esta sesi\u00f3n proporcionar\u00e1 orientaci\u00f3n y preparaci\u00f3n adicional para la comprensi\u00f3n y el uso del entorno de la plataforma en l\u00ednea.<\/p><hr \/><h4>24. \u00bfQui\u00e9nes podr\u00e1n participar en las Finales?<\/h4><p>El evento se llevar\u00e1 a cabo con transmisiones en vivo, el mismo es abierto al p\u00fablico en general.<\/p><hr \/><h4>25. \u00bfCu\u00e1ntos equipos Finalistas tendremos en el Reto?<\/h4><p>Un total de 20 equipos ser\u00e1n seleccionados para participar en las Finales, 5 por cada categor\u00eda.<\/p><hr \/><h4>26. \u00bfCu\u00e1ntos integrantes del equipo finalista presentar\u00e1n el proyecto ante el Panel de Jueces?<\/h4><p>Dos miembros del equipo tendr\u00e1n a cargo la sustentaci\u00f3n del proyecto ante el Panel de Jueces de la Ronda Final. No obstante, todos los integrantes del equipo podr\u00e1n participar en el resto de las actividades de las Finales: Sesiones plenarias, conferencias, ceremonias, etc.<\/p><hr \/><h4>27. \u00bfCu\u00e1ntos integrantes del equipo pueden hacer la presentaci\u00f3n oral en el D\u00eda de Demostraci\u00f3n?<\/h4><p>Solamente un (1) integrante del equipo estar\u00e1 a cargo de la presentaci\u00f3n oral durante el D\u00eda de Demostraci\u00f3n de las Finales del TIC Americas 2021.<\/p><\/div><\/div><div class=\"accordionItem close\"><h3 class=\"accordionItemHeading\">Los Premios<\/h3><div class=\"accordionItemContent\"><h4>28. \u00bfQu\u00e9 incentivos se llevan los finalistas?<\/h4><p>Todos los equipos finalistas del Reto InnovAcci\u00f3n se har\u00e1n acreedores de un paquete de beneficios que incluye: Sesiones de entrenamientos con contenidos a la medida en preparaci\u00f3n a las finales, asignaci\u00f3n de un(a) mentor(a), la retroalimentaci\u00f3n del jurado de las Semifinales para mejorar su proyecto, un certificado internacional emitido por el YABT\/OEA, IAF y SCA, en el que se le acredita como equipo finalista y Alumni del programa TIC Americas.<\/p><hr \/><h4>29. \u00bfCu\u00e1l es el paquete de premio para los ganadores?<\/h4><p>Los ganadores son beneficiados por un paquete de premiaci\u00f3n valuado en 15 mil d\u00f3lares que incluye un premio en efectivo de 5 mil d\u00f3lares destinado a capital semilla, certificado como ganador, servicios empresariales de seguimiento y la retroalimentaci\u00f3n del jurado de las Finales.<\/p><hr \/><h4>30. \u00bfPara qu\u00e9 me sirve el capital semilla?<\/h4><p>El premio en efectivo de US $5,000 est\u00e1 destinado como capital semilla para el proyecto ganador. Es decir, se tiene que ocupar para el crecimiento y funcionamiento de su proyecto<\/p><\/div><\/div><\/div><p>Para cualquier consulta adicional sobre el proceso del programa, puedes contactarnos en:\u00a0<a href=\"mailto:ticamericas@yabt.net\">ticamericas@yabt.net<\/a><\/p><p>Para soporte t\u00e9cnico sobre la plataforma puedes contactar a:\u00a0<a href=\"https:\/\/web.archive.org\/web\/20220522084146\/mailto:sergio.camus@yabt.net\">sergio.camus@yabt.net<\/a><\/p>\t\t\t\t\t\t\t\t<\/div>\n\t\t\t\t<\/div>\n\t\t\t\t\t<\/div>\n\t\t<\/div>\n\t\t\t\t\t<\/div>\n\t\t<\/section>\n\t\t\t\t<\/div>\n\t\t","protected":false},"excerpt":{"rendered":"<p>Preguntas Frecuentes Acerca del Reto InnovAcci\u00f3n 1. \u00bfQu\u00e9 es el Reto InnovAcci\u00f3n? El Reto InnovAcci\u00f3n es una competencia regional de innovaci\u00f3n y un programa de apoyo enfocado a empoderar a j\u00f3venes emprendedores sociales y econ\u00f3micos para que respondan a las nuevas necesidades de las comunidades de base de Am\u00e9rica Latina y el Caribe como consecuencia [&hellip;]<\/p>\n","protected":false},"author":1,"featured_media":0,"parent":445,"menu_order":0,"comment_status":"closed","ping_status":"closed","template":"","meta":{"inline_featured_image":false,"footnotes":""},"class_list":["post-284","page","type-page","status-publish","hentry"],"_links":{"self":[{"href":"https:\/\/ticamericas.net\/innova\/wp-json\/wp\/v2\/pages\/284","targetHints":{"allow":["GET"]}}],"collection":[{"href":"https:\/\/ticamericas.net\/innova\/wp-json\/wp\/v2\/pages"}],"about":[{"href":"https:\/\/ticamericas.net\/innova\/wp-json\/wp\/v2\/types\/page"}],"author":[{"embeddable":true,"href":"https:\/\/ticamericas.net\/innova\/wp-json\/wp\/v2\/users\/1"}],"replies":[{"embeddable":true,"href":"https:\/\/ticamericas.net\/innova\/wp-json\/wp\/v2\/comments?post=284"}],"version-history":[{"count":4,"href":"https:\/\/ticamericas.net\/innova\/wp-json\/wp\/v2\/pages\/284\/revisions"}],"predecessor-version":[{"id":289,"href":"https:\/\/ticamericas.net\/innova\/wp-json\/wp\/v2\/pages\/284\/revisions\/289"}],"up":[{"embeddable":true,"href":"https:\/\/ticamericas.net\/innova\/wp-json\/wp\/v2\/pages\/445"}],"wp:attachment":[{"href":"https:\/\/ticamericas.net\/innova\/wp-json\/wp\/v2\/media?parent=284"}],"curies":[{"name":"wp","href":"https:\/\/api.w.org\/{rel}","templated":true}]}}