{"id":268,"date":"2023-02-16T05:29:04","date_gmt":"2023-02-16T05:29:04","guid":{"rendered":"https:\/\/ticamericas.net\/innova\/?page_id=268"},"modified":"2023-02-16T05:29:39","modified_gmt":"2023-02-16T05:29:39","slug":"calendario-de-actividades","status":"publish","type":"page","link":"https:\/\/ticamericas.net\/innova\/2020-21\/reglas\/calendario-de-actividades\/","title":{"rendered":"Calendario de Actividades"},"content":{"rendered":"\t\t<div data-elementor-type=\"wp-page\" data-elementor-id=\"268\" class=\"elementor elementor-268\">\n\t\t\t\t\t\t<section class=\"elementor-section elementor-top-section elementor-element elementor-element-42b365d elementor-section-boxed elementor-section-height-default elementor-section-height-default\" data-id=\"42b365d\" data-element_type=\"section\" data-e-type=\"section\">\n\t\t\t\t\t\t<div class=\"elementor-container elementor-column-gap-default\">\n\t\t\t\t\t<div class=\"elementor-column elementor-col-100 elementor-top-column elementor-element elementor-element-ec4f8fe\" data-id=\"ec4f8fe\" data-element_type=\"column\" data-e-type=\"column\">\n\t\t\t<div class=\"elementor-widget-wrap elementor-element-populated\">\n\t\t\t\t\t\t<div class=\"elementor-element elementor-element-0663cce elementor-widget elementor-widget-heading\" data-id=\"0663cce\" data-element_type=\"widget\" data-e-type=\"widget\" data-widget_type=\"heading.default\">\n\t\t\t\t<div class=\"elementor-widget-container\">\n\t\t\t\t\t<h2 class=\"elementor-heading-title elementor-size-default\">Calendario de Actividades<\/h2>\t\t\t\t<\/div>\n\t\t\t\t<\/div>\n\t\t\t\t<div class=\"elementor-element elementor-element-c64df2b elementor-widget elementor-widget-text-editor\" data-id=\"c64df2b\" data-element_type=\"widget\" data-e-type=\"widget\" data-widget_type=\"text-editor.default\">\n\t\t\t\t<div class=\"elementor-widget-container\">\n\t\t\t\t\t\t\t\t\t<ol><li><strong>Lanzamiento Oficial \u2013 Octubre 26, 2020.<br \/><br \/><\/strong><\/li><li><strong>Periodo de Registro y BOOT Camp \u2013 Hasta el\u00a028 de Febrero de 2021.<br \/><br \/><\/strong>Los Equipos crean su Perfil de Equipo en el sitio web y participan en las sesiones de entrenamiento en l\u00ednea a trav\u00e9s del Business Opportunity Online Training Camp (BOOT Camp). El Boot Camp ayuda a los participantes a transformar las ideas innovadoras en proyectos, planes de negocios y empresas sociales m\u00e1s s\u00f3lidas y estructuradas. El BOOT Camp es un centro de recursos para que los j\u00f3venes emprendedores accedan a contenidos de desarrollo empresarial, consejos, herramientas, formaci\u00f3n en l\u00ednea y otros materiales relevantes para el desarrollo de proyectos, Start-ups y negocios dirigidos por j\u00f3venes<strong><br \/><br \/><br \/><\/strong><\/li><li><strong>Fecha l\u00edmite para la presentaci\u00f3n de los Materiales de la Competencia \u201328 de Febrero, 2021.<br \/><br \/><\/strong>Los Equipos pueden presentar o hacer cambios en los Materiales de la Competencia y su Perfil de Equipo hasta la fecha l\u00edmite.\u00a0<br \/><strong><br \/><br \/><\/strong><\/li><li><strong>Anuncio de los Equipos Finalistas \u2013 3 de mayo, 2021.<br \/><br \/><\/strong>Debido al alto n\u00famero de participantes, YABT y sus socios anunciar\u00e1n los Equipos Finalistas a trav\u00e9s de la p\u00e1gina web. S\u00f3lo los Equipos Finalistas ser\u00e1n contactados directamente por correo electr\u00f3nico.<p>\u00a0<\/p><p>En preparaci\u00f3n para las Finales, los Finalistas reciben la siguiente asistencia t\u00e9cnica:<\/p><ul><li><strong><em>Informe de evaluaci\u00f3n\u00a0<\/em><\/strong>&#8211; YABT recopila la informaci\u00f3n y la puntuaci\u00f3n que los equipos recibieron de los jueces durante la fase de Semi-Finales. Este informe resultante ayuda a los equipos a comprender las \u00e1reas que necesitan ser trabajadas y mejoradas.<\/li><li><strong><em>Mentor\u00eda<\/em><\/strong>\u00a0&#8211; A cada equipo finalista se le asignar\u00e1n hasta dos mentores para mejorar la estrategia de negocios en la preparaci\u00f3n de las Finales, y en la etapa de seguimiento. Los mentores provienen de conocidas empresas multinacionales, universidades, incubadoras, etc. que asignan tiempo y recursos para apoyar a los Finalistas a mejorar sus proyectos.<\/li><li><strong><em>Seminarios en l\u00ednea<\/em><\/strong>\u00a0&#8211; se organizan una serie de seminarios en l\u00ednea, adaptados a los finalistas y centrados en los componentes de evaluaci\u00f3n de las Finales.<\/li><li><strong><em>Campa\u00f1a \u201cConozca a los Finalistas\u201d\u00a0<\/em><\/strong>&#8211; YABT lleva a cabo una campa\u00f1a hemisf\u00e9rica de medios sociales para proporcionar una amplia visibilidad y posibles asociaciones a los Finalistas, incluyendo entrevistas en vivo y en la web, presentaciones, etc.<\/li><\/ul><strong><br \/><br \/><br \/><\/strong><\/li><li><strong>Finales y Anuncio de los Ganadores\u2013 Junio, 2021<br \/><br \/><\/strong>YABT anunciar\u00e1 los ganadores durante el segundo d\u00eda del evento. Adem\u00e1s, el evento incluir\u00e1 sesiones en l\u00ednea a disposici\u00f3n del p\u00fablico y contenidos como:<br \/><br \/><strong>D\u00eda de demostraci\u00f3n y p\u00e1ginas web de los finalistas:\u00a0<\/strong>Los finalistas mostrar\u00e1n sus productos y servicios p\u00fablicamente durante las sesiones en l\u00ednea y a trav\u00e9s de una p\u00e1gina web en el sitio web.<br \/><br \/><strong>Sesiones sobre innovaci\u00f3n, inclusi\u00f3n y desarrollo dirigido por la comunidad:\u00a0<\/strong>Se invita a expertos internacionales y a oradores de alto nivel a participar en las Finales y a compartir el contenido en los siguientes formatos: Paneles y Conferencias.<\/li><\/ol>\t\t\t\t\t\t\t\t<\/div>\n\t\t\t\t<\/div>\n\t\t\t\t\t<\/div>\n\t\t<\/div>\n\t\t\t\t\t<\/div>\n\t\t<\/section>\n\t\t\t\t<\/div>\n\t\t","protected":false},"excerpt":{"rendered":"<p>Calendario de Actividades Lanzamiento Oficial \u2013 Octubre 26, 2020. Periodo de Registro y BOOT Camp \u2013 Hasta el\u00a028 de Febrero de 2021. Los Equipos crean su Perfil de Equipo en el sitio web y participan en las sesiones de entrenamiento en l\u00ednea a trav\u00e9s del Business Opportunity Online Training Camp (BOOT Camp). El Boot Camp [&hellip;]<\/p>\n","protected":false},"author":1,"featured_media":0,"parent":198,"menu_order":0,"comment_status":"closed","ping_status":"closed","template":"","meta":{"inline_featured_image":false,"footnotes":""},"class_list":["post-268","page","type-page","status-publish","hentry"],"_links":{"self":[{"href":"https:\/\/ticamericas.net\/innova\/wp-json\/wp\/v2\/pages\/268","targetHints":{"allow":["GET"]}}],"collection":[{"href":"https:\/\/ticamericas.net\/innova\/wp-json\/wp\/v2\/pages"}],"about":[{"href":"https:\/\/ticamericas.net\/innova\/wp-json\/wp\/v2\/types\/page"}],"author":[{"embeddable":true,"href":"https:\/\/ticamericas.net\/innova\/wp-json\/wp\/v2\/users\/1"}],"replies":[{"embeddable":true,"href":"https:\/\/ticamericas.net\/innova\/wp-json\/wp\/v2\/comments?post=268"}],"version-history":[{"count":4,"href":"https:\/\/ticamericas.net\/innova\/wp-json\/wp\/v2\/pages\/268\/revisions"}],"predecessor-version":[{"id":272,"href":"https:\/\/ticamericas.net\/innova\/wp-json\/wp\/v2\/pages\/268\/revisions\/272"}],"up":[{"embeddable":true,"href":"https:\/\/ticamericas.net\/innova\/wp-json\/wp\/v2\/pages\/198"}],"wp:attachment":[{"href":"https:\/\/ticamericas.net\/innova\/wp-json\/wp\/v2\/media?parent=268"}],"curies":[{"name":"wp","href":"https:\/\/api.w.org\/{rel}","templated":true}]}}