{"id":249,"date":"2023-02-16T05:20:56","date_gmt":"2023-02-16T05:20:56","guid":{"rendered":"https:\/\/ticamericas.net\/innova\/?page_id=249"},"modified":"2023-02-16T05:23:25","modified_gmt":"2023-02-16T05:23:25","slug":"rondas-de-la-competencia-seleccion-y-premiacion-de-ganadores","status":"publish","type":"page","link":"https:\/\/ticamericas.net\/innova\/2020-21\/reglas\/rondas-de-la-competencia-seleccion-y-premiacion-de-ganadores\/","title":{"rendered":"Rondas de la Competencia, Selecci\u00f3n y Premiaci\u00f3n de Ganadores"},"content":{"rendered":"\t\t<div data-elementor-type=\"wp-page\" data-elementor-id=\"249\" class=\"elementor elementor-249\">\n\t\t\t\t\t\t<section class=\"elementor-section elementor-top-section elementor-element elementor-element-bf7698d elementor-section-boxed elementor-section-height-default elementor-section-height-default\" data-id=\"bf7698d\" data-element_type=\"section\" data-e-type=\"section\">\n\t\t\t\t\t\t<div class=\"elementor-container elementor-column-gap-default\">\n\t\t\t\t\t<div class=\"elementor-column elementor-col-100 elementor-top-column elementor-element elementor-element-93ec65f\" data-id=\"93ec65f\" data-element_type=\"column\" data-e-type=\"column\">\n\t\t\t<div class=\"elementor-widget-wrap elementor-element-populated\">\n\t\t\t\t\t\t<div class=\"elementor-element elementor-element-ef71eb9 elementor-widget elementor-widget-heading\" data-id=\"ef71eb9\" data-element_type=\"widget\" data-e-type=\"widget\" data-widget_type=\"heading.default\">\n\t\t\t\t<div class=\"elementor-widget-container\">\n\t\t\t\t\t<h2 class=\"elementor-heading-title elementor-size-default\">Rondas de la Competencia, Selecci\u00f3n y Premiaci\u00f3n de Ganadores<\/h2>\t\t\t\t<\/div>\n\t\t\t\t<\/div>\n\t\t\t\t<div class=\"elementor-element elementor-element-9c7ae85 elementor-widget elementor-widget-text-editor\" data-id=\"9c7ae85\" data-element_type=\"widget\" data-e-type=\"widget\" data-widget_type=\"text-editor.default\">\n\t\t\t\t<div class=\"elementor-widget-container\">\n\t\t\t\t\t\t\t\t\t<p>InnovAcci\u00f3n se llevar\u00e1 a cabo a trav\u00e9s de tres rondas de competencia: la Ronda de Elegibilidad, las Semi-Finales y las Finales.<\/p><p><strong>Ronda de Elegibilidad<\/strong><\/p><p>Durante la Ronda de Elegibilidad, YABT revisar\u00e1 todos los Perfiles de los Equipos y los Materiales de la Competencia para el cumplimiento de los criterios de elegibilidad establecidos en las Reglas. Los Equipos que cumplan con todos los requisitos de elegibilidad ser\u00e1n asignados a los jueces y pasar\u00e1n a la Ronda de Semi-Finales. YABT, a su entera discreci\u00f3n, se reserva el derecho de eliminar una Categor\u00eda o Categor\u00edas si los Equipos y los Materiales de la Competencia en esa Categor\u00eda no alcanzan un nivel adecuado de calidad.\u00a0<\/p><p><strong>Ronda de Semi-Finales<\/strong><\/p><p>Durante la ronda de Semi-Finales, los Materiales de la Competencia de cada Equipo recibir\u00e1n una evaluaci\u00f3n y puntuaci\u00f3n de cinco jueces seg\u00fan los Criterios de Evaluaci\u00f3n (ver F. Criterios de Evaluaci\u00f3n). Todos los Equipos que participen en la Ronda de Semi-Finales recibir\u00e1n comentarios y recomendaciones por escrito de los jueces que evaluaron sus Materiales de la Competencia.<\/p><p>Cada Equipo recibir\u00e1 una puntuaci\u00f3n, obtenida de la suma de las puntuaciones individuales de los cinco jueces. YABT tambi\u00e9n tomar\u00e1 en consideraci\u00f3n la representaci\u00f3n geogr\u00e1fica, sectorial y de g\u00e9nero para asegurarse de que los Equipos con los puntajes m\u00e1s altos est\u00e9n igualmente representados. Los cinco Equipos de cada categor\u00eda con la puntuaci\u00f3n m\u00e1s alta se consideran finalistas (&#8220;Finalistas&#8221;) y pasan a la Ronda Final; Los Finalistas ser\u00e1n notificados a la direcci\u00f3n de correo electr\u00f3nico proporcionada en el momento del registro. La lista de Finalistas tambi\u00e9n se publicar\u00e1 en el sitio web.<\/p><p>Antes de la Ronda Final, los Finalistas podr\u00e1n revisar, actualizar y volver a presentar los Materiales de la Competencia.<\/p><p><strong>La Ronda Final<\/strong><\/p><p>La Ronda Final se llevar\u00e1 a cabo en l\u00ednea. YABT establecer\u00e1 un panel de cinco jueces (&#8220;Panel de Jueces&#8221;) para cada Categor\u00eda. Cada uno de los Finalistas har\u00e1 una presentaci\u00f3n oral ante el Panel de Jueces asignado a su Categor\u00eda, estructurada de la siguiente manera: \u00a0<\/p><p style=\"padding-left: 40px;\">&#8211; 5 Mins &#8211; Preparaci\u00f3n y ajustes de los Equipos<\/p><p style=\"padding-left: 40px;\">&#8211; 20 Mins &#8211; Presentaci\u00f3n oral de los Materiales de la Competencia, incluyendo presentaciones multimedia, material promocional, y\/o discurso de presentaci\u00f3n<\/p><p style=\"padding-left: 40px;\">&#8211; 25 Mins &#8211; Sesi\u00f3n de preguntas y respuestas con el Panel de Jueces.<\/p><p>Cada Panel de Jueces evaluar\u00e1 y puntuar\u00e1 independientemente a los finalistas en su Categor\u00eda asignada de acuerdo con los Criterios de Evaluaci\u00f3n (v\u00e9ase F. Criterios de Evaluaci\u00f3n). Todos los finalistas recibir\u00e1n comentarios y recomendaciones por escrito de los jueces que evaluaron los Materiales de la Competencia.<\/p><p>Las decisiones del Panel de Jueces ser\u00e1n definitivas e inapelables. YABT se reserva el derecho de resolver cualquier discrepancia en las Reglas, T\u00e9rminos y Condiciones a su entera discreci\u00f3n y transmitir la determinaci\u00f3n al Panel de Jueces para su aplicaci\u00f3n.<\/p><p><strong>Selecci\u00f3n y Premiaci\u00f3n de Ganadores<\/strong><\/p><p>El Finalista con la puntuaci\u00f3n m\u00e1s alta (basada en la suma de la puntuaci\u00f3n de cada uno de los jueces) de la categor\u00eda, ser\u00e1 nombrado ganador de la categor\u00eda (&#8220;Ganador&#8221;). Cada uno de los cuatro Ganadores recibir\u00e1 un paquete de premios (Premio) valorado en $ 15,000 USD, que incluye:<\/p><p style=\"padding-left: 40px;\">&#8211; $5,000 USD premio en efectivo como en capital semilla;<a href=\"https:\/\/web.archive.org\/web\/20220522082118\/http:\/\/www.ticamericas.net\/innova\/reglas.php?l=etapas#_ftn1\"><sup>[1]<\/sup><\/a><\/p><p style=\"padding-left: 40px;\">&#8211; Seis meses de apoyo a la capacitaci\u00f3n empresarial de seguimiento;<\/p><p style=\"padding-left: 40px;\">&#8211; Oportunidades promocionales en eventos de alto nivel, como las Asambleas Generales de la OEA, la Cumbres de las Am\u00e9ricas y otros espacios similares.<\/p><p>Para recibir el premio en efectivo, los Ganadores deben:<\/p><p style=\"padding-left: 40px;\">&#8211; Registrar formalmente su negocio en su pa\u00eds de operaci\u00f3n, si a\u00fan no lo han hecho;<\/p><p style=\"padding-left: 40px;\">&#8211; Presentar a YABT informaci\u00f3n financiera y una propuesta para la inversi\u00f3n de capital semilla.<\/p><p>YABT puede anunciar premios adicionales o reconocimientos especiales a su entera discreci\u00f3n.<\/p><p><a href=\"http:\/\/www.ticamericas.net\/innova\/reglas\"><sup>[1]<\/sup><\/a>Para los residentes argentinos, cualquier deducci\u00f3n, cargo o dep\u00f3sito obligatorio exigido por la Administraci\u00f3n Federal de Ingresos P\u00fablicos y\/o el Banco Central de la Rep\u00fablica Argentina en relaci\u00f3n con el premio estar\u00e1 a cargo de los respectivos ganadores. Los participantes tambi\u00e9n reconocen expresamente que existen restricciones que se aplican a los ingresos de divisas en Argentina, asumen todos los gastos conexos y se comprometen a someterse a cualquier organismo p\u00fablico o privado que requiera alguna documentaci\u00f3n para tales fines.<\/p>\t\t\t\t\t\t\t\t<\/div>\n\t\t\t\t<\/div>\n\t\t\t\t\t<\/div>\n\t\t<\/div>\n\t\t\t\t\t<\/div>\n\t\t<\/section>\n\t\t\t\t<\/div>\n\t\t","protected":false},"excerpt":{"rendered":"<p>Rondas de la Competencia, Selecci\u00f3n y Premiaci\u00f3n de Ganadores InnovAcci\u00f3n se llevar\u00e1 a cabo a trav\u00e9s de tres rondas de competencia: la Ronda de Elegibilidad, las Semi-Finales y las Finales. Ronda de Elegibilidad Durante la Ronda de Elegibilidad, YABT revisar\u00e1 todos los Perfiles de los Equipos y los Materiales de la Competencia para el cumplimiento [&hellip;]<\/p>\n","protected":false},"author":1,"featured_media":0,"parent":198,"menu_order":0,"comment_status":"closed","ping_status":"closed","template":"","meta":{"inline_featured_image":false,"footnotes":""},"class_list":["post-249","page","type-page","status-publish","hentry"],"_links":{"self":[{"href":"https:\/\/ticamericas.net\/innova\/wp-json\/wp\/v2\/pages\/249","targetHints":{"allow":["GET"]}}],"collection":[{"href":"https:\/\/ticamericas.net\/innova\/wp-json\/wp\/v2\/pages"}],"about":[{"href":"https:\/\/ticamericas.net\/innova\/wp-json\/wp\/v2\/types\/page"}],"author":[{"embeddable":true,"href":"https:\/\/ticamericas.net\/innova\/wp-json\/wp\/v2\/users\/1"}],"replies":[{"embeddable":true,"href":"https:\/\/ticamericas.net\/innova\/wp-json\/wp\/v2\/comments?post=249"}],"version-history":[{"count":4,"href":"https:\/\/ticamericas.net\/innova\/wp-json\/wp\/v2\/pages\/249\/revisions"}],"predecessor-version":[{"id":254,"href":"https:\/\/ticamericas.net\/innova\/wp-json\/wp\/v2\/pages\/249\/revisions\/254"}],"up":[{"embeddable":true,"href":"https:\/\/ticamericas.net\/innova\/wp-json\/wp\/v2\/pages\/198"}],"wp:attachment":[{"href":"https:\/\/ticamericas.net\/innova\/wp-json\/wp\/v2\/media?parent=249"}],"curies":[{"name":"wp","href":"https:\/\/api.w.org\/{rel}","templated":true}]}}