{"id":241,"date":"2023-02-16T05:18:03","date_gmt":"2023-02-16T05:18:03","guid":{"rendered":"https:\/\/ticamericas.net\/innova\/?page_id=241"},"modified":"2023-02-16T05:20:11","modified_gmt":"2023-02-16T05:20:11","slug":"jueces","status":"publish","type":"page","link":"https:\/\/ticamericas.net\/innova\/2020-21\/reglas\/jueces\/","title":{"rendered":"Jueces"},"content":{"rendered":"\t\t<div data-elementor-type=\"wp-page\" data-elementor-id=\"241\" class=\"elementor elementor-241\">\n\t\t\t\t\t\t<section class=\"elementor-section elementor-top-section elementor-element elementor-element-64ab5e3 elementor-section-boxed elementor-section-height-default elementor-section-height-default\" data-id=\"64ab5e3\" data-element_type=\"section\" data-e-type=\"section\">\n\t\t\t\t\t\t<div class=\"elementor-container elementor-column-gap-default\">\n\t\t\t\t\t<div class=\"elementor-column elementor-col-100 elementor-top-column elementor-element elementor-element-9ae1824\" data-id=\"9ae1824\" data-element_type=\"column\" data-e-type=\"column\">\n\t\t\t<div class=\"elementor-widget-wrap elementor-element-populated\">\n\t\t\t\t\t\t<div class=\"elementor-element elementor-element-6a792bb elementor-widget elementor-widget-heading\" data-id=\"6a792bb\" data-element_type=\"widget\" data-e-type=\"widget\" data-widget_type=\"heading.default\">\n\t\t\t\t<div class=\"elementor-widget-container\">\n\t\t\t\t\t<h2 class=\"elementor-heading-title elementor-size-default\">Jueces<\/h2>\t\t\t\t<\/div>\n\t\t\t\t<\/div>\n\t\t\t\t<div class=\"elementor-element elementor-element-2aeef3d elementor-widget elementor-widget-text-editor\" data-id=\"2aeef3d\" data-element_type=\"widget\" data-e-type=\"widget\" data-widget_type=\"text-editor.default\">\n\t\t\t\t<div class=\"elementor-widget-container\">\n\t\t\t\t\t\t\t\t\t<p>Los jueces eval\u00faan los Materiales de la Competencia, califican a los Equipos y seleccionan a los ganadores de InnovAcci\u00f3n. Las personas interesadas en evaluar a InnovAcci\u00f3n pueden solicitarlo a trav\u00e9s del sitio web de TIC Americas\u00a0<a href=\"http:\/\/www.ticamericas.net\/reg\/Juez.php\">www.ticamericas.net\/reg\/Juez.php<\/a>. Los jueces son seleccionados con base a los siguientes criterios:<\/p><ol><li>Experiencia profesional en sectores como el desarrollo de microempresas y\/o negocios, organizaciones de base, el mundo acad\u00e9mico, las c\u00e1maras de comercio y otras \u00e1reas t\u00e9cnicas;<\/li><li>Biling\u00fce o multiling\u00fce en Ingl\u00e9s, Espa\u00f1ol, Portugu\u00e9s y\/o Franc\u00e9s;<\/li><li>Experiencia previa evaluando una competencia de TIC Americas, cuando sea aplicable<\/li><\/ol><p>La lista de Jueces reflejar\u00e1 el equilibrio de g\u00e9nero y ser\u00e1 ampliamente representativa de los grupos minoritarios. Los siguientes individuos no son elegibles para participar como Jueces:<\/p><p style=\"padding-left: 40px;\">&#8211; Mentores del InnovAcci\u00f3n;<\/p><p style=\"padding-left: 40px;\">&#8211; Personal del YABT;<\/p><p style=\"padding-left: 40px;\">&#8211; Oficiales de YABT y miembros de su Junta Directiva;<\/p><p style=\"padding-left: 40px;\">&#8211; Personal de IAF, contratistas y miembros de su Junta Directiva y Consejo Consultivo;<\/p><p style=\"padding-left: 40px;\">&#8211; Personal de la Secretar\u00eda General de la Organizaci\u00f3n de los Estados Americanos; y<\/p><p style=\"padding-left: 40px;\">&#8211; Familiares directos o miembros de los hogares de las personas mencionadas anteriormente.\u00a0<\/p><p>Los jueces firmar\u00e1n un acuerdo de confidencialidad, revelar\u00e1n todos los posibles conflictos de intereses y se comprometer\u00e1n a respetar las Reglas, T\u00e9rminos y Condiciones de InnovAcci\u00f3n para poder participar. Los jueces acordar\u00e1n evaluar a los Equipos de forma completa e imparcial, bas\u00e1ndose en la calidad t\u00e9cnica y la presentaci\u00f3n de los Materiales de la Competencia y el rendimiento del Equipo durante InnovAcci\u00f3n, y sin tener en cuenta el g\u00e9nero, la nacionalidad, la edad, la educaci\u00f3n, la raza, la orientaci\u00f3n sexual u otros factores discriminatorios. Los jueces participan de forma voluntaria y no ser\u00e1n pagados por el Equipo, por YABT, IAF, los Patrocinadores, InnovAcci\u00f3n u otros socios.<\/p>\t\t\t\t\t\t\t\t<\/div>\n\t\t\t\t<\/div>\n\t\t\t\t\t<\/div>\n\t\t<\/div>\n\t\t\t\t\t<\/div>\n\t\t<\/section>\n\t\t\t\t<\/div>\n\t\t","protected":false},"excerpt":{"rendered":"<p>Jueces Los jueces eval\u00faan los Materiales de la Competencia, califican a los Equipos y seleccionan a los ganadores de InnovAcci\u00f3n. Las personas interesadas en evaluar a InnovAcci\u00f3n pueden solicitarlo a trav\u00e9s del sitio web de TIC Americas\u00a0www.ticamericas.net\/reg\/Juez.php. Los jueces son seleccionados con base a los siguientes criterios: Experiencia profesional en sectores como el desarrollo de [&hellip;]<\/p>\n","protected":false},"author":1,"featured_media":0,"parent":198,"menu_order":0,"comment_status":"closed","ping_status":"closed","template":"","meta":{"inline_featured_image":false,"footnotes":""},"class_list":["post-241","page","type-page","status-publish","hentry"],"_links":{"self":[{"href":"https:\/\/ticamericas.net\/innova\/wp-json\/wp\/v2\/pages\/241","targetHints":{"allow":["GET"]}}],"collection":[{"href":"https:\/\/ticamericas.net\/innova\/wp-json\/wp\/v2\/pages"}],"about":[{"href":"https:\/\/ticamericas.net\/innova\/wp-json\/wp\/v2\/types\/page"}],"author":[{"embeddable":true,"href":"https:\/\/ticamericas.net\/innova\/wp-json\/wp\/v2\/users\/1"}],"replies":[{"embeddable":true,"href":"https:\/\/ticamericas.net\/innova\/wp-json\/wp\/v2\/comments?post=241"}],"version-history":[{"count":7,"href":"https:\/\/ticamericas.net\/innova\/wp-json\/wp\/v2\/pages\/241\/revisions"}],"predecessor-version":[{"id":248,"href":"https:\/\/ticamericas.net\/innova\/wp-json\/wp\/v2\/pages\/241\/revisions\/248"}],"up":[{"embeddable":true,"href":"https:\/\/ticamericas.net\/innova\/wp-json\/wp\/v2\/pages\/198"}],"wp:attachment":[{"href":"https:\/\/ticamericas.net\/innova\/wp-json\/wp\/v2\/media?parent=241"}],"curies":[{"name":"wp","href":"https:\/\/api.w.org\/{rel}","templated":true}]}}