{"id":235,"date":"2023-02-16T05:14:07","date_gmt":"2023-02-16T05:14:07","guid":{"rendered":"https:\/\/ticamericas.net\/innova\/?page_id=235"},"modified":"2023-02-16T05:16:16","modified_gmt":"2023-02-16T05:16:16","slug":"mentores","status":"publish","type":"page","link":"https:\/\/ticamericas.net\/innova\/2020-21\/reglas\/mentores\/","title":{"rendered":"Mentores"},"content":{"rendered":"\t\t<div data-elementor-type=\"wp-page\" data-elementor-id=\"235\" class=\"elementor elementor-235\">\n\t\t\t\t\t\t<section class=\"elementor-section elementor-top-section elementor-element elementor-element-201fa63 elementor-section-boxed elementor-section-height-default elementor-section-height-default\" data-id=\"201fa63\" data-element_type=\"section\" data-e-type=\"section\">\n\t\t\t\t\t\t<div class=\"elementor-container elementor-column-gap-default\">\n\t\t\t\t\t<div class=\"elementor-column elementor-col-100 elementor-top-column elementor-element elementor-element-774f80c\" data-id=\"774f80c\" data-element_type=\"column\" data-e-type=\"column\">\n\t\t\t<div class=\"elementor-widget-wrap elementor-element-populated\">\n\t\t\t\t\t\t<div class=\"elementor-element elementor-element-6cc8589 elementor-widget elementor-widget-heading\" data-id=\"6cc8589\" data-element_type=\"widget\" data-e-type=\"widget\" data-widget_type=\"heading.default\">\n\t\t\t\t<div class=\"elementor-widget-container\">\n\t\t\t\t\t<h2 class=\"elementor-heading-title elementor-size-default\">Mentores<\/h2>\t\t\t\t<\/div>\n\t\t\t\t<\/div>\n\t\t\t\t<div class=\"elementor-element elementor-element-e06e22e elementor-widget elementor-widget-text-editor\" data-id=\"e06e22e\" data-element_type=\"widget\" data-e-type=\"widget\" data-widget_type=\"text-editor.default\">\n\t\t\t\t<div class=\"elementor-widget-container\">\n\t\t\t\t\t\t\t\t\t<p>Los Mentores proporcionan apoyo voluntario y orientaci\u00f3n<a href=\"http:\/\/www.ticamericas.net\/innova\/reglas\"><sup>[1]<\/sup><\/a>\u00a0a los Equipos durante el InnovAcci\u00f3n. Los Mentores son opcionales, y los Equipos no est\u00e1n obligados a incluir un mentor en el Perfil de su Equipo para poder competir en InnovAcci\u00f3n. Los equipos pueden seleccionar sus propios Mentores o pedir que YABT les asigne un Mentor. Los Mentores se registran en el momento de la inscripci\u00f3n del Equipo. Los mentores no pueden participar o estar presentes en las presentaciones del Equipo durante las Finales (ver E. Rondas de la Competencia, Selecci\u00f3n y Premiaci\u00f3n de Ganadores). No hay restricciones con respecto a la edad, nacionalidad, experiencia o educaci\u00f3n de los Mentores.<\/p><p>Las siguientes personas no son elegibles para participar como mentores:<\/p><p style=\"padding-left: 40px;\">&#8211; Jueces de la Competencia;<\/p><p style=\"padding-left: 40px;\">&#8211; Personal del YABT y miembros de los cap\u00edtulos nacionales;<\/p><p style=\"padding-left: 40px;\">&#8211; Oficiales de YABT y miembros de su Junta Directiva;<\/p><p style=\"padding-left: 40px;\">&#8211; Personal de IAF, contratistas y miembros de su Junta Directiva y Consejo Consultivo;<\/p><p style=\"padding-left: 40px;\">&#8211; Personal de la Secretar\u00eda General de la Organizaci\u00f3n de los Estados Americanos; y<\/p><p style=\"padding-left: 40px;\">&#8211; Familiares directos o miembros de los hogares de las personas mencionadas anteriormente. \u00a0<\/p><p>Los mentores participan de forma voluntaria y no ser\u00e1n pagados por el Equipo, por YABT, IAF, patrocinadores, InnovAcci\u00f3n u otros socios.<\/p><p><a href=\"http:\/\/www.ticamericas.net\/innova\/reglas\"><sup>[1]<\/sup><\/a>Algunos ejemplos de la asistencia que los Mentores proveen, incluyen responder preguntas, proveer consejos de la industria y t\u00e9cnicos, ayudar con estrategias organizacionales, editar Planes de Negocios, evaluar presentaciones de equipos y facilitar las redes necesarias para el \u00e9xito de la iniciativa a largo plazo.<\/p>\t\t\t\t\t\t\t\t<\/div>\n\t\t\t\t<\/div>\n\t\t\t\t\t<\/div>\n\t\t<\/div>\n\t\t\t\t\t<\/div>\n\t\t<\/section>\n\t\t\t\t<\/div>\n\t\t","protected":false},"excerpt":{"rendered":"<p>Mentores Los Mentores proporcionan apoyo voluntario y orientaci\u00f3n[1]\u00a0a los Equipos durante el InnovAcci\u00f3n. Los Mentores son opcionales, y los Equipos no est\u00e1n obligados a incluir un mentor en el Perfil de su Equipo para poder competir en InnovAcci\u00f3n. Los equipos pueden seleccionar sus propios Mentores o pedir que YABT les asigne un Mentor. Los Mentores [&hellip;]<\/p>\n","protected":false},"author":1,"featured_media":0,"parent":198,"menu_order":0,"comment_status":"closed","ping_status":"closed","template":"","meta":{"inline_featured_image":false,"footnotes":""},"class_list":["post-235","page","type-page","status-publish","hentry"],"_links":{"self":[{"href":"https:\/\/ticamericas.net\/innova\/wp-json\/wp\/v2\/pages\/235","targetHints":{"allow":["GET"]}}],"collection":[{"href":"https:\/\/ticamericas.net\/innova\/wp-json\/wp\/v2\/pages"}],"about":[{"href":"https:\/\/ticamericas.net\/innova\/wp-json\/wp\/v2\/types\/page"}],"author":[{"embeddable":true,"href":"https:\/\/ticamericas.net\/innova\/wp-json\/wp\/v2\/users\/1"}],"replies":[{"embeddable":true,"href":"https:\/\/ticamericas.net\/innova\/wp-json\/wp\/v2\/comments?post=235"}],"version-history":[{"count":4,"href":"https:\/\/ticamericas.net\/innova\/wp-json\/wp\/v2\/pages\/235\/revisions"}],"predecessor-version":[{"id":239,"href":"https:\/\/ticamericas.net\/innova\/wp-json\/wp\/v2\/pages\/235\/revisions\/239"}],"up":[{"embeddable":true,"href":"https:\/\/ticamericas.net\/innova\/wp-json\/wp\/v2\/pages\/198"}],"wp:attachment":[{"href":"https:\/\/ticamericas.net\/innova\/wp-json\/wp\/v2\/media?parent=235"}],"curies":[{"name":"wp","href":"https:\/\/api.w.org\/{rel}","templated":true}]}}