{"id":177,"date":"2023-02-16T04:46:44","date_gmt":"2023-02-16T04:46:44","guid":{"rendered":"https:\/\/ticamericas.net\/innova\/?page_id=177"},"modified":"2023-09-20T06:24:51","modified_gmt":"2023-09-20T06:24:51","slug":"acerca","status":"publish","type":"page","link":"https:\/\/ticamericas.net\/innova\/2020-21\/acerca\/","title":{"rendered":"Acerca"},"content":{"rendered":"\t\t<div data-elementor-type=\"wp-page\" data-elementor-id=\"177\" class=\"elementor elementor-177\">\n\t\t\t\t\t\t<section class=\"elementor-section elementor-top-section elementor-element elementor-element-0e7a41a elementor-section-boxed elementor-section-height-default elementor-section-height-default\" data-id=\"0e7a41a\" data-element_type=\"section\" data-e-type=\"section\">\n\t\t\t\t\t\t<div class=\"elementor-container elementor-column-gap-default\">\n\t\t\t\t\t<div class=\"elementor-column elementor-col-100 elementor-top-column elementor-element elementor-element-d42872e\" data-id=\"d42872e\" data-element_type=\"column\" data-e-type=\"column\">\n\t\t\t<div class=\"elementor-widget-wrap elementor-element-populated\">\n\t\t\t\t\t\t<div class=\"elementor-element elementor-element-3a83ada elementor-widget elementor-widget-heading\" data-id=\"3a83ada\" data-element_type=\"widget\" data-e-type=\"widget\" data-widget_type=\"heading.default\">\n\t\t\t\t<div class=\"elementor-widget-container\">\n\t\t\t\t\t<h2 class=\"elementor-heading-title elementor-size-default\">Acerca<\/h2>\t\t\t\t<\/div>\n\t\t\t\t<\/div>\n\t\t\t\t<div class=\"elementor-element elementor-element-680999b elementor-widget elementor-widget-text-editor\" data-id=\"680999b\" data-element_type=\"widget\" data-e-type=\"widget\" data-widget_type=\"text-editor.default\">\n\t\t\t\t<div class=\"elementor-widget-container\">\n\t\t\t\t\t\t\t\t\t<p><strong>El Reto de la Innovaci\u00f3n en Acci\u00f3n (InnovAcci\u00f3n) identificar\u00e1, apoyar\u00e1 y reconocer\u00e1 soluciones innovadoras y nuevos modelos de negocio que contribuyan a una recuperaci\u00f3n econ\u00f3mica inclusiva y equitativa del COVID-19 en Am\u00e9rica Latina y el Caribe.<\/strong><\/p><p>InnovAcci\u00f3n es una competencia regional de innovaci\u00f3n y un programa de apoyo enfocado \u00a0a empoderar a j\u00f3venes emprendedores sociales y econ\u00f3micos \u2013especialmente a Afrodescendientes, ind\u00edgenas, LGBTI, personas con discapacidad y otras comunidades marginadas- para que respondan a las nuevas necesidades de las comunidades de base de Am\u00e9rica Latina y el Caribe como consecuencia de la pandemia COVID-19. InnovAcci\u00f3n es organizado\u00a0por el Young Americas Business Trust (&#8220;YABT&#8221;) en coordinaci\u00f3n y con el patrocinio de la Fundaci\u00f3n Interamericana (&#8220;IAF&#8221;), y asistencia de asociados nacionales.<\/p><p>Am\u00e9rica Latina y el Caribe se enfrentan a una crisis econ\u00f3mica sin precedentes a causa de la pandemia COVID-19. Los expertos predicen que llevar\u00e1 meses, si no a\u00f1os, para una recuperaci\u00f3n econ\u00f3mica completa. Las Perspectivas Econ\u00f3micas para Am\u00e9rica Latina y el Caribe del Fondo Monetario Internacional (FMI) en los Tiempos de COVID (junio de 2020) proyectan ahora que la regi\u00f3n enfrentar\u00e1 la peor recesi\u00f3n de la historia, con una contracci\u00f3n econ\u00f3mica del 9,4% s\u00f3lo en este a\u00f1o. Esto repercute en la igualdad social, la equidad de g\u00e9nero, la educaci\u00f3n, el empleo y el desarrollo de las peque\u00f1as empresas. Y lo que es m\u00e1s importante, est\u00e1 retrasando el progreso de la regi\u00f3n hacia el cumplimiento de los Objetivos de Desarrollo Sostenible para 2030.<\/p><p>Los j\u00f3venes est\u00e1n particularmente en riesgo en esta crisis. Seg\u00fan el FMI, no s\u00f3lo se enfrentan t\u00edpicamente a tasas de desempleo m\u00e1s altas que las de los adultos, sino que tambi\u00e9n es menos probable que se les contrate para trabajar a distancia y tienden a ganar menos durante la pandemia, lo que sugiere que la crisis podr\u00eda exacerbar la desigualdad. Con miles de j\u00f3venes que comienzan sus carreras en mercados laborales deprimidos, los ingresos de las generaciones m\u00e1s j\u00f3venes podr\u00edan reducirse en las pr\u00f3ximas d\u00e9cadas.<\/p><p>Ante esta realidad, InnovAcci\u00f3n identificar\u00e1 y premiar\u00e1 las soluciones innovadoras y los nuevos modelos de negocio que contribuyan a una recuperaci\u00f3n equitativa de la pandemia COVID-19. Adem\u00e1s, a trav\u00e9s de la plataforma de formaci\u00f3n virtual, Business Opportunity Online Training Camp (BOOT Camp), coordinada por YABT, los j\u00f3venes emprendedores pueden conectarse con expertos de la industria para desarrollar estrategias de dise\u00f1o e implementaci\u00f3n de sus soluciones de negocio. De esta manera, el programa sirve como una plataforma de apoyo al desarrollo empresarial que ofrece oportunidades de capacitaci\u00f3n, tutor\u00eda y visibilidad, ayudando a los j\u00f3venes emprendedores a establecer, operar y potencialmente ampliar las micro y peque\u00f1as empresas. \u00a0<\/p><p>InnovAcci\u00f3n tambi\u00e9n conecta a los j\u00f3venes emprendedores y a los encargados de formular pol\u00edticas. La final de la Competencia Talento e Innovaci\u00f3n de las Am\u00e9ricas (&#8220;TIC Americas&#8221;) en la Asamblea General de la Organizaci\u00f3n de Estados Americanos (&#8220;OEA&#8221;) ha demostrado ser una gran oportunidad para mostrar las acciones de los j\u00f3venes emprendedores para atraer socios y recursos para sus negocios.Debido a la pandemia del Coronavirus (COVID-19), las Finales de InnovAcci\u00f3n se desarrollar\u00e1n en l\u00ednea este a\u00f1o. Representantes de los Estados Miembros de la OEA, el sector privado, otras organizaciones internacionales e instituciones asociadas son invitados a que asistan, a fin de que conviertan estrat\u00e9gicamente las lecciones aprendidas del programa en fuentes de nuevas tecnolog\u00edas y procesos para mejorar la prestaci\u00f3n y la eficacia de los servicios.<\/p><p>El t\u00e9rmino InnovAcci\u00f3n fue acu\u00f1ado en 2001 por el fundador del YABT, Roy Thomasson, y por el Dr. Jaime Amsel, un especialista en innovaci\u00f3n y desarrollo organizativo ampliamente reconocido en Israel. Se determin\u00f3 que, si bien exist\u00eda una amplia documentaci\u00f3n te\u00f3rica y material para la ense\u00f1anza de t\u00e9cnicas de innovaci\u00f3n, faltaban planes de estudio pr\u00e1cticos o material para asegurar que se produjera la innovaci\u00f3n. Desarrollaron un curr\u00edculo de entrenamiento pr\u00e1ctico que YABT ha utilizado por m\u00e1s de una d\u00e9cada en los Laboratorios Empresariales<a href=\"https:\/\/web.archive.org\/web\/20220522080234\/http:\/\/www.ticamericas.net\/innova\/reglas.php?l=acerca#_ftn1\"><sup>[1]<\/sup><\/a>.<\/p><p>InnovAcci\u00f3n se basa en la experiencia de YABT de una d\u00e9cada de organizar el programa de\u00a0<a href=\"http:\/\/www.ticamericas.net\/\">Competencia Talento e Innovaci\u00f3n de las Am\u00e9ricas (TIC Americas).<\/a>\u00a0TIC Americas es una plataforma aceleradora de negocios para fomentar las ideas de negocios y las nuevas empresas de los j\u00f3venes emprendedores, proporcionando orientaci\u00f3n, capacitaci\u00f3n, tutor\u00eda, capital semilla, inversi\u00f3n, visibilidad internacional y acceso a una amplia red internacional.<\/p><p>Patrocinio adicional para InnovAcci\u00f3n es proporcionado por La OEA y la Secretar\u00eda de las Cumbres de las Am\u00e9ricas (denominadas conjuntamente los &#8220;Patrocinadores&#8221;). InnovAcci\u00f3n se apoya de los mandatos de los Patrocinadores para crear programas y pol\u00edticas centrados en el desarrollo de la juventud y la participaci\u00f3n de los j\u00f3venes en la Agenda Interamericana. Adem\u00e1s, contribuye a los esfuerzos de los gobiernos y las organizaciones internacionales para garantizar que los planes de recuperaci\u00f3n tengan en cuenta las soluciones dirigidas por los j\u00f3venes.<\/p>\t\t\t\t\t\t\t\t<\/div>\n\t\t\t\t<\/div>\n\t\t\t\t<div class=\"elementor-element elementor-element-34372c2 elementor-widget elementor-widget-text-editor\" data-id=\"34372c2\" data-element_type=\"widget\" data-e-type=\"widget\" data-widget_type=\"text-editor.default\">\n\t\t\t\t<div class=\"elementor-widget-container\">\n\t\t\t\t\t\t\t\t\t<p><strong>Las presentes Reglas son de propiedad intelectual del YABT. Se proh\u00edbe su reproducci\u00f3n total o parcial, sin previa autorizaci\u00f3n por escrito. En caso de dudas, comun\u00edquese con nosotros v\u00eda\u00a0<\/strong><a href=\"mailto:ticamericas@yabt.net\"><strong>ticamericas@yabt.net<\/strong><\/a><\/p>\t\t\t\t\t\t\t\t<\/div>\n\t\t\t\t<\/div>\n\t\t\t\t\t<\/div>\n\t\t<\/div>\n\t\t\t\t\t<\/div>\n\t\t<\/section>\n\t\t\t\t<\/div>\n\t\t","protected":false},"excerpt":{"rendered":"<p>Acerca El Reto de la Innovaci\u00f3n en Acci\u00f3n (InnovAcci\u00f3n) identificar\u00e1, apoyar\u00e1 y reconocer\u00e1 soluciones innovadoras y nuevos modelos de negocio que contribuyan a una recuperaci\u00f3n econ\u00f3mica inclusiva y equitativa del COVID-19 en Am\u00e9rica Latina y el Caribe. InnovAcci\u00f3n es una competencia regional de innovaci\u00f3n y un programa de apoyo enfocado \u00a0a empoderar a j\u00f3venes emprendedores [&hellip;]<\/p>\n","protected":false},"author":1,"featured_media":0,"parent":445,"menu_order":0,"comment_status":"closed","ping_status":"closed","template":"","meta":{"inline_featured_image":false,"footnotes":""},"class_list":["post-177","page","type-page","status-publish","hentry"],"_links":{"self":[{"href":"https:\/\/ticamericas.net\/innova\/wp-json\/wp\/v2\/pages\/177","targetHints":{"allow":["GET"]}}],"collection":[{"href":"https:\/\/ticamericas.net\/innova\/wp-json\/wp\/v2\/pages"}],"about":[{"href":"https:\/\/ticamericas.net\/innova\/wp-json\/wp\/v2\/types\/page"}],"author":[{"embeddable":true,"href":"https:\/\/ticamericas.net\/innova\/wp-json\/wp\/v2\/users\/1"}],"replies":[{"embeddable":true,"href":"https:\/\/ticamericas.net\/innova\/wp-json\/wp\/v2\/comments?post=177"}],"version-history":[{"count":16,"href":"https:\/\/ticamericas.net\/innova\/wp-json\/wp\/v2\/pages\/177\/revisions"}],"predecessor-version":[{"id":194,"href":"https:\/\/ticamericas.net\/innova\/wp-json\/wp\/v2\/pages\/177\/revisions\/194"}],"up":[{"embeddable":true,"href":"https:\/\/ticamericas.net\/innova\/wp-json\/wp\/v2\/pages\/445"}],"wp:attachment":[{"href":"https:\/\/ticamericas.net\/innova\/wp-json\/wp\/v2\/media?parent=177"}],"curies":[{"name":"wp","href":"https:\/\/api.w.org\/{rel}","templated":true}]}}