{"id":582,"date":"2023-02-08T06:42:05","date_gmt":"2023-02-08T06:42:05","guid":{"rendered":"https:\/\/ticamericas.net\/finales\/?page_id=582"},"modified":"2023-07-18T15:12:14","modified_gmt":"2023-07-18T15:12:14","slug":"radial","status":"publish","type":"page","link":"https:\/\/ticamericas.net\/finales\/tic-jalisco\/radial\/","title":{"rendered":"Radial"},"content":{"rendered":"\t\t<div data-elementor-type=\"wp-page\" data-elementor-id=\"582\" class=\"elementor elementor-582\">\n\t\t\t\t\t\t<section class=\"elementor-section elementor-top-section elementor-element elementor-element-3668d79 elementor-section-boxed elementor-section-height-default elementor-section-height-default\" data-id=\"3668d79\" data-element_type=\"section\" data-e-type=\"section\">\n\t\t\t\t\t\t<div class=\"elementor-container elementor-column-gap-default\">\n\t\t\t\t\t<div class=\"elementor-column elementor-col-100 elementor-top-column elementor-element elementor-element-1b610ff\" data-id=\"1b610ff\" data-element_type=\"column\" data-e-type=\"column\">\n\t\t\t<div class=\"elementor-widget-wrap elementor-element-populated\">\n\t\t\t\t\t\t<div class=\"elementor-element elementor-element-b069c20 elementor-widget elementor-widget-heading\" data-id=\"b069c20\" data-element_type=\"widget\" data-e-type=\"widget\" data-widget_type=\"heading.default\">\n\t\t\t\t<div class=\"elementor-widget-container\">\n\t\t\t\t\t<h3 class=\"elementor-heading-title elementor-size-default\">Radial<\/h3>\t\t\t\t<\/div>\n\t\t\t\t<\/div>\n\t\t\t\t<div class=\"elementor-element elementor-element-e931366 elementor-widget elementor-widget-spacer\" data-id=\"e931366\" data-element_type=\"widget\" data-e-type=\"widget\" data-widget_type=\"spacer.default\">\n\t\t\t\t<div class=\"elementor-widget-container\">\n\t\t\t\t\t\t\t<div class=\"elementor-spacer\">\n\t\t\t<div class=\"elementor-spacer-inner\"><\/div>\n\t\t<\/div>\n\t\t\t\t\t\t<\/div>\n\t\t\t\t<\/div>\n\t\t\t\t\t<\/div>\n\t\t<\/div>\n\t\t\t\t\t<\/div>\n\t\t<\/section>\n\t\t\t\t<section class=\"elementor-section elementor-top-section elementor-element elementor-element-73fbed9 elementor-section-boxed elementor-section-height-default elementor-section-height-default\" data-id=\"73fbed9\" data-element_type=\"section\" data-e-type=\"section\">\n\t\t\t\t\t\t<div class=\"elementor-container elementor-column-gap-default\">\n\t\t\t\t\t<div class=\"elementor-column elementor-col-50 elementor-top-column elementor-element elementor-element-d3dc0e5\" data-id=\"d3dc0e5\" data-element_type=\"column\" data-e-type=\"column\">\n\t\t\t<div class=\"elementor-widget-wrap elementor-element-populated\">\n\t\t\t\t\t\t<div class=\"elementor-element elementor-element-12a8d87 elementor-widget elementor-widget-image\" data-id=\"12a8d87\" data-element_type=\"widget\" data-e-type=\"widget\" data-widget_type=\"image.default\">\n\t\t\t\t<div class=\"elementor-widget-container\">\n\t\t\t\t\t\t\t\t\t\t\t\t\t\t\t<img fetchpriority=\"high\" decoding=\"async\" width=\"424\" height=\"123\" src=\"https:\/\/ticamericas.net\/finales\/wp-content\/uploads\/sites\/2\/2023\/02\/RADIAL_logo_web.png\" class=\"attachment-full size-full wp-image-587\" alt=\"\" srcset=\"https:\/\/ticamericas.net\/finales\/wp-content\/uploads\/sites\/2\/2023\/02\/RADIAL_logo_web.png 424w, https:\/\/ticamericas.net\/finales\/wp-content\/uploads\/sites\/2\/2023\/02\/RADIAL_logo_web-300x87.png 300w, https:\/\/ticamericas.net\/finales\/wp-content\/uploads\/sites\/2\/2023\/02\/RADIAL_logo_web-400x116.png 400w, https:\/\/ticamericas.net\/finales\/wp-content\/uploads\/sites\/2\/2023\/02\/RADIAL_logo_web-270x78.png 270w\" sizes=\"(max-width: 424px) 100vw, 424px\" \/>\t\t\t\t\t\t\t\t\t\t\t\t\t\t\t<\/div>\n\t\t\t\t<\/div>\n\t\t\t\t<div class=\"elementor-element elementor-element-6c522ab elementor-widget elementor-widget-video\" data-id=\"6c522ab\" data-element_type=\"widget\" data-e-type=\"widget\" data-settings=\"{&quot;youtube_url&quot;:&quot;https:\\\/\\\/www.youtube.com\\\/embed\\\/hQFbuW6Ec6E&quot;,&quot;video_type&quot;:&quot;youtube&quot;,&quot;controls&quot;:&quot;yes&quot;}\" data-widget_type=\"video.default\">\n\t\t\t\t<div class=\"elementor-widget-container\">\n\t\t\t\t\t\t\t<div class=\"elementor-wrapper elementor-open-inline\">\n\t\t\t<div class=\"elementor-video\"><\/div>\t\t<\/div>\n\t\t\t\t\t\t<\/div>\n\t\t\t\t<\/div>\n\t\t\t\t\t<\/div>\n\t\t<\/div>\n\t\t\t\t<div class=\"elementor-column elementor-col-50 elementor-top-column elementor-element elementor-element-084759a\" data-id=\"084759a\" data-element_type=\"column\" data-e-type=\"column\">\n\t\t\t<div class=\"elementor-widget-wrap elementor-element-populated\">\n\t\t\t\t\t\t<div class=\"elementor-element elementor-element-f55ed95 elementor-widget elementor-widget-text-editor\" data-id=\"f55ed95\" data-element_type=\"widget\" data-e-type=\"widget\" data-widget_type=\"text-editor.default\">\n\t\t\t\t<div class=\"elementor-widget-container\">\n\t\t\t\t\t\t\t\t\t<div class=\"elementor-element elementor-element-db591f2 elementor-widget elementor-widget-text-editor\" data-id=\"db591f2\" data-element_type=\"widget\" data-widget_type=\"text-editor.default\"><div class=\"elementor-widget-container\"><div class=\"elementor-text-editor elementor-clearfix\"><p><strong>ADIAL<\/strong>\u00a0es una startup dedicada al desarrollo de materiales libres de huella de carbono a partir de procesos de bio fabricaci\u00f3n. Esto refiere a utilizar el metabolismo de organismos vivos como una plataforma de manufactura capaz de transformar residuos vegetales de las industrias agr\u00edcolas en biomateriales capaces de sustituir muchos de los materiales convencionales altamente contaminantes.\u00a0<\/p><p>A partir de procesos de biotecnolog\u00eda con hongos es posible transformar los residuos agr\u00edcolas en un material moldeable capaz de obtener distintas caracter\u00edsticas de desempe\u00f1o como absorci\u00f3n de impactos, baja densidad, aislante ac\u00fastico, el\u00e9ctrico y t\u00e9rmico, flexibilidad, e incluso control de flama, pero con la diferencia de que al fin de su vida \u00fatil y entrando en condiciones de erosi\u00f3n son 100% compostables.<\/p><p><strong>Contacto:<\/strong>\u00a0info@radialbio.com<\/p><p><b>Integrantes del equipo:<\/b><\/p><ul><li>Amador Duarte Gonz\u00e1lez<\/li><li>Ricardo Muttio Limas<\/li><li>Rodrigo Martin Barrientos<\/li><li>Daniel Herrerias<\/li><\/ul><\/div><\/div><\/div>\t\t\t\t\t\t\t\t<\/div>\n\t\t\t\t<\/div>\n\t\t\t\t<div class=\"elementor-element elementor-element-3ec35b1 elementor-shape-rounded elementor-grid-0 e-grid-align-center elementor-widget elementor-widget-social-icons\" data-id=\"3ec35b1\" data-element_type=\"widget\" data-e-type=\"widget\" data-widget_type=\"social-icons.default\">\n\t\t\t\t<div class=\"elementor-widget-container\">\n\t\t\t\t\t\t\t<div class=\"elementor-social-icons-wrapper elementor-grid\">\n\t\t\t\t\t\t\t<span class=\"elementor-grid-item\">\n\t\t\t\t\t<a class=\"elementor-icon elementor-social-icon elementor-social-icon-link elementor-repeater-item-3fad905\" href=\"https:\/\/www.radialbio.com\/\" target=\"_blank\">\n\t\t\t\t\t\t<span class=\"elementor-screen-only\">Link<\/span>\n\t\t\t\t\t\t<i aria-hidden=\"true\" class=\"fas fa-link\"><\/i>\t\t\t\t\t<\/a>\n\t\t\t\t<\/span>\n\t\t\t\t\t<\/div>\n\t\t\t\t\t\t<\/div>\n\t\t\t\t<\/div>\n\t\t\t\t\t<\/div>\n\t\t<\/div>\n\t\t\t\t\t<\/div>\n\t\t<\/section>\n\t\t\t\t<\/div>\n\t\t","protected":false},"excerpt":{"rendered":"<p>Radial M\u00e9xico https:\/\/www.youtube.com\/embed\/hQFbuW6Ec6E ADIAL\u00a0es una startup dedicada al desarrollo de materiales libres de huella de carbono a partir de procesos de bio fabricaci\u00f3n. Esto refiere a utilizar el metabolismo de organismos vivos como una plataforma de manufactura capaz de transformar residuos vegetales de las industrias agr\u00edcolas en biomateriales capaces de sustituir muchos de los materiales &hellip; <span class=\"more-link-wrap\"><a href=\"https:\/\/ticamericas.net\/finales\/tic-jalisco\/radial\/\" class=\"more-link\">Read More<span class=\"screen-reader-text\"> &#8220;Radial&#8221;<\/span><\/a><\/span><\/p>\n","protected":false},"author":1,"featured_media":0,"parent":506,"menu_order":0,"comment_status":"closed","ping_status":"closed","template":"","meta":{"inline_featured_image":false,"footnotes":""},"class_list":["post-582","page","type-page","status-publish","hentry"],"_links":{"self":[{"href":"https:\/\/ticamericas.net\/finales\/wp-json\/wp\/v2\/pages\/582","targetHints":{"allow":["GET"]}}],"collection":[{"href":"https:\/\/ticamericas.net\/finales\/wp-json\/wp\/v2\/pages"}],"about":[{"href":"https:\/\/ticamericas.net\/finales\/wp-json\/wp\/v2\/types\/page"}],"author":[{"embeddable":true,"href":"https:\/\/ticamericas.net\/finales\/wp-json\/wp\/v2\/users\/1"}],"replies":[{"embeddable":true,"href":"https:\/\/ticamericas.net\/finales\/wp-json\/wp\/v2\/comments?post=582"}],"version-history":[{"count":13,"href":"https:\/\/ticamericas.net\/finales\/wp-json\/wp\/v2\/pages\/582\/revisions"}],"predecessor-version":[{"id":2636,"href":"https:\/\/ticamericas.net\/finales\/wp-json\/wp\/v2\/pages\/582\/revisions\/2636"}],"up":[{"embeddable":true,"href":"https:\/\/ticamericas.net\/finales\/wp-json\/wp\/v2\/pages\/506"}],"wp:attachment":[{"href":"https:\/\/ticamericas.net\/finales\/wp-json\/wp\/v2\/media?parent=582"}],"curies":[{"name":"wp","href":"https:\/\/api.w.org\/{rel}","templated":true}]}}