{"id":506,"date":"2023-02-08T06:03:08","date_gmt":"2023-02-08T06:03:08","guid":{"rendered":"https:\/\/ticamericas.net\/finales\/?page_id=506"},"modified":"2023-02-08T18:41:50","modified_gmt":"2023-02-08T18:41:50","slug":"tic-jalisco","status":"publish","type":"page","link":"https:\/\/ticamericas.net\/finales\/tic-jalisco\/","title":{"rendered":"TIC Jalisco"},"content":{"rendered":"\t\t<div data-elementor-type=\"wp-page\" data-elementor-id=\"506\" class=\"elementor elementor-506\">\n\t\t\t\t\t\t<section class=\"elementor-section elementor-top-section elementor-element elementor-element-090ba1d elementor-section-boxed elementor-section-height-default elementor-section-height-default\" data-id=\"090ba1d\" data-element_type=\"section\" data-e-type=\"section\">\n\t\t\t\t\t\t<div class=\"elementor-container elementor-column-gap-default\">\n\t\t\t\t\t<div class=\"elementor-column elementor-col-100 elementor-top-column elementor-element elementor-element-0c28e6b\" data-id=\"0c28e6b\" data-element_type=\"column\" data-e-type=\"column\">\n\t\t\t<div class=\"elementor-widget-wrap elementor-element-populated\">\n\t\t\t\t\t\t<div class=\"elementor-element elementor-element-c2d88ad elementor-widget elementor-widget-heading\" data-id=\"c2d88ad\" data-element_type=\"widget\" data-e-type=\"widget\" data-widget_type=\"heading.default\">\n\t\t\t\t<div class=\"elementor-widget-container\">\n\t\t\t\t\t<h3 class=\"elementor-heading-title elementor-size-default\">Finalistas y Ganadores<\/h3>\t\t\t\t<\/div>\n\t\t\t\t<\/div>\n\t\t\t\t<div class=\"elementor-element elementor-element-d7eb66a elementor-widget elementor-widget-spacer\" data-id=\"d7eb66a\" data-element_type=\"widget\" data-e-type=\"widget\" data-widget_type=\"spacer.default\">\n\t\t\t\t<div class=\"elementor-widget-container\">\n\t\t\t\t\t\t\t<div class=\"elementor-spacer\">\n\t\t\t<div class=\"elementor-spacer-inner\"><\/div>\n\t\t<\/div>\n\t\t\t\t\t\t<\/div>\n\t\t\t\t<\/div>\n\t\t\t\t\t<\/div>\n\t\t<\/div>\n\t\t\t\t\t<\/div>\n\t\t<\/section>\n\t\t\t\t<section class=\"elementor-section elementor-top-section elementor-element elementor-element-9e4dab1 elementor-section-content-middle elementor-section-boxed elementor-section-height-default elementor-section-height-default\" data-id=\"9e4dab1\" data-element_type=\"section\" data-e-type=\"section\">\n\t\t\t\t\t\t<div class=\"elementor-container elementor-column-gap-default\">\n\t\t\t\t\t<div class=\"elementor-column elementor-col-50 elementor-top-column elementor-element elementor-element-37ac3e2\" data-id=\"37ac3e2\" data-element_type=\"column\" data-e-type=\"column\">\n\t\t\t<div class=\"elementor-widget-wrap elementor-element-populated\">\n\t\t\t\t\t\t<div class=\"elementor-element elementor-element-9b74fa7 elementor-widget elementor-widget-image\" data-id=\"9b74fa7\" data-element_type=\"widget\" data-e-type=\"widget\" data-widget_type=\"image.default\">\n\t\t\t\t<div class=\"elementor-widget-container\">\n\t\t\t\t\t\t\t\t\t\t\t\t\t\t\t\t<a href=\"https:\/\/ticamericas.net\/\">\n\t\t\t\t\t\t\t<img decoding=\"async\" src=\"https:\/\/ticamericas.net\/finales\/wp-content\/uploads\/sites\/2\/elementor\/thumbs\/TICANY_LOGO_ES-q1ugn5od329jhk17qaf4qc4nmr9yoxk9ce9tnifabk.png\" title=\"\" alt=\"\" loading=\"lazy\" \/>\t\t\t\t\t\t\t\t<\/a>\n\t\t\t\t\t\t\t\t\t\t\t\t\t\t\t<\/div>\n\t\t\t\t<\/div>\n\t\t\t\t\t<\/div>\n\t\t<\/div>\n\t\t\t\t<div class=\"elementor-column elementor-col-50 elementor-top-column elementor-element elementor-element-d494a45\" data-id=\"d494a45\" data-element_type=\"column\" data-e-type=\"column\">\n\t\t\t<div class=\"elementor-widget-wrap elementor-element-populated\">\n\t\t\t\t\t\t<div class=\"elementor-element elementor-element-683658f elementor-widget elementor-widget-image\" data-id=\"683658f\" data-element_type=\"widget\" data-e-type=\"widget\" data-widget_type=\"image.default\">\n\t\t\t\t<div class=\"elementor-widget-container\">\n\t\t\t\t\t\t\t\t\t\t\t\t\t\t\t\t<a href=\"https:\/\/ticamericas.net\/tic-jalisco\/\">\n\t\t\t\t\t\t\t<img decoding=\"async\" src=\"https:\/\/ticamericas.net\/finales\/wp-content\/uploads\/sites\/2\/elementor\/thumbs\/tic-jalisco-logo-1024x273-1-q0vopj025lce2hdz0il58msce3a3svukyhhq7rklc0.png\" title=\"\" alt=\"\" loading=\"lazy\" \/>\t\t\t\t\t\t\t\t<\/a>\n\t\t\t\t\t\t\t\t\t\t\t\t\t\t\t<\/div>\n\t\t\t\t<\/div>\n\t\t\t\t\t<\/div>\n\t\t<\/div>\n\t\t\t\t\t<\/div>\n\t\t<\/section>\n\t\t\t\t<section class=\"elementor-section elementor-top-section elementor-element elementor-element-820f794 elementor-section-boxed elementor-section-height-default elementor-section-height-default\" data-id=\"820f794\" data-element_type=\"section\" data-e-type=\"section\">\n\t\t\t\t\t\t<div class=\"elementor-container elementor-column-gap-default\">\n\t\t\t\t\t<div class=\"elementor-column elementor-col-100 elementor-top-column elementor-element elementor-element-809d518\" data-id=\"809d518\" data-element_type=\"column\" data-e-type=\"column\">\n\t\t\t<div class=\"elementor-widget-wrap elementor-element-populated\">\n\t\t\t\t\t\t<div class=\"elementor-element elementor-element-3d39716 elementor-widget-divider--view-line elementor-widget elementor-widget-divider\" data-id=\"3d39716\" data-element_type=\"widget\" data-e-type=\"widget\" data-widget_type=\"divider.default\">\n\t\t\t\t<div class=\"elementor-widget-container\">\n\t\t\t\t\t\t\t<div class=\"elementor-divider\">\n\t\t\t<span class=\"elementor-divider-separator\">\n\t\t\t\t\t\t<\/span>\n\t\t<\/div>\n\t\t\t\t\t\t<\/div>\n\t\t\t\t<\/div>\n\t\t\t\t<div class=\"elementor-element elementor-element-7f9bc5e elementor-widget elementor-widget-spacer\" data-id=\"7f9bc5e\" data-element_type=\"widget\" data-e-type=\"widget\" data-widget_type=\"spacer.default\">\n\t\t\t\t<div class=\"elementor-widget-container\">\n\t\t\t\t\t\t\t<div class=\"elementor-spacer\">\n\t\t\t<div class=\"elementor-spacer-inner\"><\/div>\n\t\t<\/div>\n\t\t\t\t\t\t<\/div>\n\t\t\t\t<\/div>\n\t\t\t\t\t<\/div>\n\t\t<\/div>\n\t\t\t\t\t<\/div>\n\t\t<\/section>\n\t\t\t\t<section class=\"elementor-section elementor-top-section elementor-element elementor-element-3050f0b elementor-section-boxed elementor-section-height-default elementor-section-height-default\" data-id=\"3050f0b\" data-element_type=\"section\" data-e-type=\"section\">\n\t\t\t\t\t\t<div class=\"elementor-container elementor-column-gap-default\">\n\t\t\t\t\t<div class=\"elementor-column elementor-col-33 elementor-top-column elementor-element elementor-element-caad536\" data-id=\"caad536\" data-element_type=\"column\" data-e-type=\"column\">\n\t\t\t<div class=\"elementor-widget-wrap elementor-element-populated\">\n\t\t\t\t\t\t<div class=\"elementor-element elementor-element-9b9a81c elementor-position-top elementor-widget elementor-widget-image-box\" data-id=\"9b9a81c\" data-element_type=\"widget\" data-e-type=\"widget\" data-widget_type=\"image-box.default\">\n\t\t\t\t<div class=\"elementor-widget-container\">\n\t\t\t\t\t<div class=\"elementor-image-box-wrapper\"><figure class=\"elementor-image-box-img\"><a href=\"https:\/\/ticamericas.net\/finales\/tic-jalisco\/atellier-organic\/\" tabindex=\"-1\"><img decoding=\"async\" src=\"https:\/\/ticamericas.net\/finales\/wp-content\/uploads\/sites\/2\/elementor\/thumbs\/atellier-organic-q1uh0bf0rka8604d6ssu75bz53y7u5ebxkpw4uvcow.jpg\" title=\"\" alt=\"\" loading=\"lazy\" \/><\/a><\/figure><div class=\"elementor-image-box-content\"><h5 class=\"elementor-image-box-title\"><a href=\"https:\/\/ticamericas.net\/finales\/tic-jalisco\/atellier-organic\/\">Atellier Organic<\/a><\/h5><p class=\"elementor-image-box-description\">Industrias Creativas<\/p><\/div><\/div>\t\t\t\t<\/div>\n\t\t\t\t<\/div>\n\t\t\t\t\t<\/div>\n\t\t<\/div>\n\t\t\t\t<div class=\"elementor-column elementor-col-33 elementor-top-column elementor-element elementor-element-509742f\" data-id=\"509742f\" data-element_type=\"column\" data-e-type=\"column\">\n\t\t\t<div class=\"elementor-widget-wrap elementor-element-populated\">\n\t\t\t\t\t\t<div class=\"elementor-element elementor-element-7dc4980 elementor-position-top elementor-widget elementor-widget-image-box\" data-id=\"7dc4980\" data-element_type=\"widget\" data-e-type=\"widget\" data-widget_type=\"image-box.default\">\n\t\t\t\t<div class=\"elementor-widget-container\">\n\t\t\t\t\t<div class=\"elementor-image-box-wrapper\"><figure class=\"elementor-image-box-img\"><a href=\"https:\/\/ticamericas.net\/finales\/tic-jalisco\/green-concreta\/\" tabindex=\"-1\"><img decoding=\"async\" src=\"https:\/\/ticamericas.net\/finales\/wp-content\/uploads\/sites\/2\/elementor\/thumbs\/green-concreta-q1uhamp9r4ehjz51yrah21n1sb47alcb0meop5kuf4.jpg\" title=\"\" alt=\"\" loading=\"lazy\" \/><\/a><\/figure><div class=\"elementor-image-box-content\"><h5 class=\"elementor-image-box-title\"><a href=\"https:\/\/ticamericas.net\/finales\/tic-jalisco\/green-concreta\/\">Green Concreta<\/a><\/h5><p class=\"elementor-image-box-description\">Energ\u00edas Renovables<\/p><\/div><\/div>\t\t\t\t<\/div>\n\t\t\t\t<\/div>\n\t\t\t\t\t<\/div>\n\t\t<\/div>\n\t\t\t\t<div class=\"elementor-column elementor-col-33 elementor-top-column elementor-element elementor-element-8e3ba32\" data-id=\"8e3ba32\" data-element_type=\"column\" data-e-type=\"column\">\n\t\t\t<div class=\"elementor-widget-wrap elementor-element-populated\">\n\t\t\t\t\t\t<div class=\"elementor-element elementor-element-3f10848 elementor-position-top elementor-widget elementor-widget-image-box\" data-id=\"3f10848\" data-element_type=\"widget\" data-e-type=\"widget\" data-widget_type=\"image-box.default\">\n\t\t\t\t<div class=\"elementor-widget-container\">\n\t\t\t\t\t<div class=\"elementor-image-box-wrapper\"><figure class=\"elementor-image-box-img\"><a href=\"https:\/\/ticamericas.net\/finales\/tic-jalisco\/ipese\/\" tabindex=\"-1\"><img decoding=\"async\" src=\"https:\/\/ticamericas.net\/finales\/wp-content\/uploads\/sites\/2\/elementor\/thumbs\/ipese-q1uhijid9x8d9tncroefjjrps24f2vqz3s2t3zuk1s.png\" title=\"\" alt=\"\" loading=\"lazy\" \/><\/a><\/figure><div class=\"elementor-image-box-content\"><h5 class=\"elementor-image-box-title\"><a href=\"https:\/\/ticamericas.net\/finales\/tic-jalisco\/ipese\/\">Instituto de Programas de Educaci\u00f3n Socio Emocional<\/a><\/h5><p class=\"elementor-image-box-description\">Innovaci\u00f3n Educativa<\/p><\/div><\/div>\t\t\t\t<\/div>\n\t\t\t\t<\/div>\n\t\t\t\t\t<\/div>\n\t\t<\/div>\n\t\t\t\t\t<\/div>\n\t\t<\/section>\n\t\t\t\t<section class=\"elementor-section elementor-top-section elementor-element elementor-element-ec55b56 elementor-section-boxed elementor-section-height-default elementor-section-height-default\" data-id=\"ec55b56\" data-element_type=\"section\" data-e-type=\"section\">\n\t\t\t\t\t\t<div class=\"elementor-container elementor-column-gap-default\">\n\t\t\t\t\t<div class=\"elementor-column elementor-col-100 elementor-top-column elementor-element elementor-element-ae7e870\" data-id=\"ae7e870\" data-element_type=\"column\" data-e-type=\"column\">\n\t\t\t<div class=\"elementor-widget-wrap elementor-element-populated\">\n\t\t\t\t\t\t<div class=\"elementor-element elementor-element-92eb29f elementor-widget elementor-widget-spacer\" data-id=\"92eb29f\" data-element_type=\"widget\" data-e-type=\"widget\" data-widget_type=\"spacer.default\">\n\t\t\t\t<div class=\"elementor-widget-container\">\n\t\t\t\t\t\t\t<div class=\"elementor-spacer\">\n\t\t\t<div class=\"elementor-spacer-inner\"><\/div>\n\t\t<\/div>\n\t\t\t\t\t\t<\/div>\n\t\t\t\t<\/div>\n\t\t\t\t\t<\/div>\n\t\t<\/div>\n\t\t\t\t\t<\/div>\n\t\t<\/section>\n\t\t\t\t<section class=\"elementor-section elementor-top-section elementor-element elementor-element-79de659 elementor-section-boxed elementor-section-height-default elementor-section-height-default\" data-id=\"79de659\" data-element_type=\"section\" data-e-type=\"section\">\n\t\t\t\t\t\t<div class=\"elementor-container elementor-column-gap-default\">\n\t\t\t\t\t<div class=\"elementor-column elementor-col-33 elementor-top-column elementor-element elementor-element-7b77662\" data-id=\"7b77662\" data-element_type=\"column\" data-e-type=\"column\">\n\t\t\t<div class=\"elementor-widget-wrap elementor-element-populated\">\n\t\t\t\t\t\t<div class=\"elementor-element elementor-element-d48b63a elementor-position-top elementor-widget elementor-widget-image-box\" data-id=\"d48b63a\" data-element_type=\"widget\" data-e-type=\"widget\" data-widget_type=\"image-box.default\">\n\t\t\t\t<div class=\"elementor-widget-container\">\n\t\t\t\t\t<div class=\"elementor-image-box-wrapper\"><figure class=\"elementor-image-box-img\"><a href=\"https:\/\/ticamericas.net\/finales\/tic-jalisco\/neuspot\/\" tabindex=\"-1\"><img decoding=\"async\" src=\"https:\/\/ticamericas.net\/finales\/wp-content\/uploads\/sites\/2\/elementor\/thumbs\/neuspot-icon-q1uiijpt2gis03cjiqoyjyocyenkxhotpzpdwkgnpc.webp\" title=\"\" alt=\"\" loading=\"lazy\" \/><\/a><\/figure><div class=\"elementor-image-box-content\"><h5 class=\"elementor-image-box-title\"><a href=\"https:\/\/ticamericas.net\/finales\/tic-jalisco\/neuspot\/\">Neuspot<\/a><\/h5><p class=\"elementor-image-box-description\">Tecnolog\u00edas de Informaci\u00f3n y Exponenciales<\/p><\/div><\/div>\t\t\t\t<\/div>\n\t\t\t\t<\/div>\n\t\t\t\t\t<\/div>\n\t\t<\/div>\n\t\t\t\t<div class=\"elementor-column elementor-col-33 elementor-top-column elementor-element elementor-element-1168e17\" data-id=\"1168e17\" data-element_type=\"column\" data-e-type=\"column\">\n\t\t\t<div class=\"elementor-widget-wrap elementor-element-populated\">\n\t\t\t\t\t\t<div class=\"elementor-element elementor-element-685b675 elementor-position-top elementor-widget elementor-widget-image-box\" data-id=\"685b675\" data-element_type=\"widget\" data-e-type=\"widget\" data-widget_type=\"image-box.default\">\n\t\t\t\t<div class=\"elementor-widget-container\">\n\t\t\t\t\t<div class=\"elementor-image-box-wrapper\"><figure class=\"elementor-image-box-img\"><a href=\"https:\/\/ticamericas.net\/finales\/tic-jalisco\/radial\/\" tabindex=\"-1\"><img decoding=\"async\" src=\"https:\/\/ticamericas.net\/finales\/wp-content\/uploads\/sites\/2\/elementor\/thumbs\/RADIAL_logo_web-1-q1ui7mt9ppkx737990uwlptoncg5k0d0vz0fawn7y8.png\" title=\"\" alt=\"\" loading=\"lazy\" \/><\/a><\/figure><div class=\"elementor-image-box-content\"><h5 class=\"elementor-image-box-title\"><a href=\"https:\/\/ticamericas.net\/finales\/tic-jalisco\/radial\/\">Radial<\/a><\/h5><p class=\"elementor-image-box-description\">Biotecnolog\u00eda Agroindustrial<\/p><\/div><\/div>\t\t\t\t<\/div>\n\t\t\t\t<\/div>\n\t\t\t\t\t<\/div>\n\t\t<\/div>\n\t\t\t\t<div class=\"elementor-column elementor-col-33 elementor-top-column elementor-element elementor-element-cc710b6\" data-id=\"cc710b6\" data-element_type=\"column\" data-e-type=\"column\">\n\t\t\t<div class=\"elementor-widget-wrap elementor-element-populated\">\n\t\t\t\t\t\t<div class=\"elementor-element elementor-element-bfcd6c3 elementor-position-top elementor-widget elementor-widget-image-box\" data-id=\"bfcd6c3\" data-element_type=\"widget\" data-e-type=\"widget\" data-widget_type=\"image-box.default\">\n\t\t\t\t<div class=\"elementor-widget-container\">\n\t\t\t\t\t<div class=\"elementor-image-box-wrapper\"><figure class=\"elementor-image-box-img\"><a href=\"https:\/\/ticamericas.net\/finales\/tic-jalisco\/wellogi\/\" tabindex=\"-1\"><img decoding=\"async\" src=\"https:\/\/ticamericas.net\/finales\/wp-content\/uploads\/sites\/2\/elementor\/thumbs\/wellogi-q1ui1yuaintp7pfjc2ov2nanqqdi5ov9rxg25v1ngg.png\" title=\"wellogi\" alt=\"wellogi\" loading=\"lazy\" \/><\/a><\/figure><div class=\"elementor-image-box-content\"><h5 class=\"elementor-image-box-title\"><a href=\"https:\/\/ticamericas.net\/finales\/tic-jalisco\/wellogi\/\">Wellogi<\/a><\/h5><p class=\"elementor-image-box-description\">Biomedicina y Salud<\/p><\/div><\/div>\t\t\t\t<\/div>\n\t\t\t\t<\/div>\n\t\t\t\t\t<\/div>\n\t\t<\/div>\n\t\t\t\t\t<\/div>\n\t\t<\/section>\n\t\t\t\t<\/div>\n\t\t","protected":false},"excerpt":{"rendered":"<p>Finalistas y Ganadores Atellier Organic Industrias Creativas \u00a1Ganadores! Green Concreta Energ\u00edas Renovables Instituto de Programas de Educaci\u00f3n Socio Emocional Innovaci\u00f3n Educativa Neuspot Tecnolog\u00edas de Informaci\u00f3n y Exponenciales Radial Biotecnolog\u00eda Agroindustrial Wellogi Biomedicina y Salud<\/p>\n","protected":false},"author":1,"featured_media":0,"parent":0,"menu_order":0,"comment_status":"closed","ping_status":"closed","template":"","meta":{"inline_featured_image":false,"footnotes":""},"class_list":["post-506","page","type-page","status-publish","hentry"],"_links":{"self":[{"href":"https:\/\/ticamericas.net\/finales\/wp-json\/wp\/v2\/pages\/506","targetHints":{"allow":["GET"]}}],"collection":[{"href":"https:\/\/ticamericas.net\/finales\/wp-json\/wp\/v2\/pages"}],"about":[{"href":"https:\/\/ticamericas.net\/finales\/wp-json\/wp\/v2\/types\/page"}],"author":[{"embeddable":true,"href":"https:\/\/ticamericas.net\/finales\/wp-json\/wp\/v2\/users\/1"}],"replies":[{"embeddable":true,"href":"https:\/\/ticamericas.net\/finales\/wp-json\/wp\/v2\/comments?post=506"}],"version-history":[{"count":55,"href":"https:\/\/ticamericas.net\/finales\/wp-json\/wp\/v2\/pages\/506\/revisions"}],"predecessor-version":[{"id":802,"href":"https:\/\/ticamericas.net\/finales\/wp-json\/wp\/v2\/pages\/506\/revisions\/802"}],"wp:attachment":[{"href":"https:\/\/ticamericas.net\/finales\/wp-json\/wp\/v2\/media?parent=506"}],"curies":[{"name":"wp","href":"https:\/\/api.w.org\/{rel}","templated":true}]}}