{"id":351,"date":"2023-02-08T03:37:58","date_gmt":"2023-02-08T03:37:58","guid":{"rendered":"https:\/\/ticamericas.net\/finales\/?page_id=351"},"modified":"2023-07-10T17:48:15","modified_gmt":"2023-07-10T17:48:15","slug":"finalistas-2022","status":"publish","type":"page","link":"https:\/\/ticamericas.net\/finales\/finalistas-2022\/","title":{"rendered":"Finalistas 2022"},"content":{"rendered":"\t\t<div data-elementor-type=\"wp-page\" data-elementor-id=\"351\" class=\"elementor elementor-351\">\n\t\t\t\t\t\t<section class=\"elementor-section elementor-top-section elementor-element elementor-element-babdbaf elementor-section-boxed elementor-section-height-default elementor-section-height-default\" data-id=\"babdbaf\" data-element_type=\"section\" data-e-type=\"section\">\n\t\t\t\t\t\t<div class=\"elementor-container elementor-column-gap-default\">\n\t\t\t\t\t<div class=\"elementor-column elementor-col-100 elementor-top-column elementor-element elementor-element-42b75c5\" data-id=\"42b75c5\" data-element_type=\"column\" data-e-type=\"column\">\n\t\t\t<div class=\"elementor-widget-wrap elementor-element-populated\">\n\t\t\t\t\t\t<div class=\"elementor-element elementor-element-a88a94b elementor-widget elementor-widget-heading\" data-id=\"a88a94b\" data-element_type=\"widget\" data-e-type=\"widget\" data-widget_type=\"heading.default\">\n\t\t\t\t<div class=\"elementor-widget-container\">\n\t\t\t\t\t<h3 class=\"elementor-heading-title elementor-size-default\">Equipos Finalistas<\/h3>\t\t\t\t<\/div>\n\t\t\t\t<\/div>\n\t\t\t\t<div class=\"elementor-element elementor-element-a2ce53d elementor-widget elementor-widget-spacer\" data-id=\"a2ce53d\" data-element_type=\"widget\" data-e-type=\"widget\" data-widget_type=\"spacer.default\">\n\t\t\t\t<div class=\"elementor-widget-container\">\n\t\t\t\t\t\t\t<div class=\"elementor-spacer\">\n\t\t\t<div class=\"elementor-spacer-inner\"><\/div>\n\t\t<\/div>\n\t\t\t\t\t\t<\/div>\n\t\t\t\t<\/div>\n\t\t\t\t<div class=\"elementor-element elementor-element-29771fc elementor-widget elementor-widget-text-editor\" data-id=\"29771fc\" data-element_type=\"widget\" data-e-type=\"widget\" data-widget_type=\"text-editor.default\">\n\t\t\t\t<div class=\"elementor-widget-container\">\n\t\t\t\t\t\t\t\t\t<div class=\"elementor-element elementor-element-45bf8d6 elementor-widget elementor-widget-text-editor\" data-id=\"45bf8d6\" data-element_type=\"widget\" data-widget_type=\"text-editor.default\"><div class=\"elementor-widget-container\"><div class=\"elementor-text-editor elementor-clearfix\"><p><strong>\u00a1El Young Americas Business Trust (YABT), la Organizaci\u00f3n de los Estados Americanos (OEA) y PepsiCo Bebidas Latinoam\u00e9rica se complacen en anunciar a los 8 equipos Finalistas del Eco-Reto 2022!<\/strong><\/p><\/div><\/div><\/div><div class=\"elementor-element elementor-element-8e45c2f elementor-widget elementor-widget-text-editor\" data-id=\"8e45c2f\" data-element_type=\"widget\" data-widget_type=\"text-editor.default\"><div class=\"elementor-widget-container\"><div class=\"elementor-text-editor elementor-clearfix\"><p>Estos equipos atravesaron un riguroso proceso de evaluaci\u00f3n llevado a cabo por cientos de Expertos(as) en todo el mundo, y ahora, son acreedores de m\u00faltiples beneficios entre los que incluyen sesiones de mentor\u00eda personalizada, seminarios exclusivos de desarrollo de capacidades empresariales, promoci\u00f3n y presencia medi\u00e1tica internacional, entre muchos otros.<\/p><p>Conoce a los m\u00e1s innovadores equipos del continente, quienes est\u00e1n desarrollando iniciativas y negocios en pro de la sostenibilidad y la sustituci\u00f3n al uso tradicional del pl\u00e1stico:<\/p><\/div><\/div><\/div>\t\t\t\t\t\t\t\t<\/div>\n\t\t\t\t<\/div>\n\t\t\t\t<section class=\"elementor-section elementor-inner-section elementor-element elementor-element-1136b55 elementor-section-content-middle elementor-section-boxed elementor-section-height-default elementor-section-height-default\" data-id=\"1136b55\" data-element_type=\"section\" data-e-type=\"section\">\n\t\t\t\t\t\t<div class=\"elementor-container elementor-column-gap-default\">\n\t\t\t\t\t<div class=\"elementor-column elementor-col-50 elementor-inner-column elementor-element elementor-element-6523916\" data-id=\"6523916\" data-element_type=\"column\" data-e-type=\"column\">\n\t\t\t<div class=\"elementor-widget-wrap elementor-element-populated\">\n\t\t\t\t\t\t<div class=\"elementor-element elementor-element-f6fbec4 elementor-widget elementor-widget-image\" data-id=\"f6fbec4\" data-element_type=\"widget\" data-e-type=\"widget\" data-widget_type=\"image.default\">\n\t\t\t\t<div class=\"elementor-widget-container\">\n\t\t\t\t\t\t\t\t\t\t\t\t\t\t\t<img decoding=\"async\" src=\"https:\/\/ticamericas.net\/finales\/wp-content\/uploads\/sites\/2\/elementor\/thumbs\/LOGOFONDOOSCUROesp-e1618188633578-768x340-1-q0vopjxwcfduj2jw5ulid9at3moqecjo2nskaxhon4.png\" title=\"\" alt=\"\" loading=\"lazy\" \/>\t\t\t\t\t\t\t\t\t\t\t\t\t\t\t<\/div>\n\t\t\t\t<\/div>\n\t\t\t\t\t<\/div>\n\t\t<\/div>\n\t\t\t\t<div class=\"elementor-column elementor-col-50 elementor-inner-column elementor-element elementor-element-143da35\" data-id=\"143da35\" data-element_type=\"column\" data-e-type=\"column\">\n\t\t\t<div class=\"elementor-widget-wrap elementor-element-populated\">\n\t\t\t\t\t\t<div class=\"elementor-element elementor-element-d4e292c elementor-widget elementor-widget-image\" data-id=\"d4e292c\" data-element_type=\"widget\" data-e-type=\"widget\" data-widget_type=\"image.default\">\n\t\t\t\t<div class=\"elementor-widget-container\">\n\t\t\t\t\t\t\t\t\t\t\t\t\t\t\t<img decoding=\"async\" src=\"https:\/\/ticamericas.net\/finales\/wp-content\/uploads\/sites\/2\/elementor\/thumbs\/pepsico20-e1618188867342-q0vopdd10l4u9stg89r4dsykxxl5wgtjpr85xzrfuo.png\" title=\"pepsico20-e1618188867342\" alt=\"pepsico20-e1618188867342\" loading=\"lazy\" \/>\t\t\t\t\t\t\t\t\t\t\t\t\t\t\t<\/div>\n\t\t\t\t<\/div>\n\t\t\t\t\t<\/div>\n\t\t<\/div>\n\t\t\t\t\t<\/div>\n\t\t<\/section>\n\t\t\t\t<div class=\"elementor-element elementor-element-d77800c elementor-widget elementor-widget-spacer\" data-id=\"d77800c\" data-element_type=\"widget\" data-e-type=\"widget\" data-widget_type=\"spacer.default\">\n\t\t\t\t<div class=\"elementor-widget-container\">\n\t\t\t\t\t\t\t<div class=\"elementor-spacer\">\n\t\t\t<div class=\"elementor-spacer-inner\"><\/div>\n\t\t<\/div>\n\t\t\t\t\t\t<\/div>\n\t\t\t\t<\/div>\n\t\t\t\t<div class=\"elementor-element elementor-element-2ab6088 elementor-widget elementor-widget-video\" data-id=\"2ab6088\" data-element_type=\"widget\" data-e-type=\"widget\" data-settings=\"{&quot;youtube_url&quot;:&quot;https:\\\/\\\/www.youtube.com\\\/embed\\\/m9mT5tw-Ux0&quot;,&quot;video_type&quot;:&quot;youtube&quot;,&quot;controls&quot;:&quot;yes&quot;}\" data-widget_type=\"video.default\">\n\t\t\t\t<div class=\"elementor-widget-container\">\n\t\t\t\t\t\t\t<div class=\"elementor-wrapper elementor-open-inline\">\n\t\t\t<div class=\"elementor-video\"><\/div>\t\t<\/div>\n\t\t\t\t\t\t<\/div>\n\t\t\t\t<\/div>\n\t\t\t\t<div class=\"elementor-element elementor-element-0fbb900 elementor-widget elementor-widget-spacer\" data-id=\"0fbb900\" data-element_type=\"widget\" data-e-type=\"widget\" data-widget_type=\"spacer.default\">\n\t\t\t\t<div class=\"elementor-widget-container\">\n\t\t\t\t\t\t\t<div class=\"elementor-spacer\">\n\t\t\t<div class=\"elementor-spacer-inner\"><\/div>\n\t\t<\/div>\n\t\t\t\t\t\t<\/div>\n\t\t\t\t<\/div>\n\t\t\t\t\t<\/div>\n\t\t<\/div>\n\t\t\t\t\t<\/div>\n\t\t<\/section>\n\t\t\t\t<section class=\"elementor-section elementor-top-section elementor-element elementor-element-c3a41e5 elementor-section-boxed elementor-section-height-default elementor-section-height-default\" data-id=\"c3a41e5\" data-element_type=\"section\" data-e-type=\"section\">\n\t\t\t\t\t\t<div class=\"elementor-container elementor-column-gap-default\">\n\t\t\t\t\t<div class=\"elementor-column elementor-col-100 elementor-top-column elementor-element elementor-element-e2bdb5b\" data-id=\"e2bdb5b\" data-element_type=\"column\" data-e-type=\"column\">\n\t\t\t<div class=\"elementor-widget-wrap elementor-element-populated\">\n\t\t\t\t\t\t<section class=\"elementor-section elementor-inner-section elementor-element elementor-element-0de12be elementor-section-boxed elementor-section-height-default elementor-section-height-default\" data-id=\"0de12be\" data-element_type=\"section\" data-e-type=\"section\">\n\t\t\t\t\t\t<div class=\"elementor-container elementor-column-gap-default\">\n\t\t\t\t\t<div class=\"elementor-column elementor-col-25 elementor-inner-column elementor-element elementor-element-2ff9332\" data-id=\"2ff9332\" data-element_type=\"column\" data-e-type=\"column\">\n\t\t\t<div class=\"elementor-widget-wrap elementor-element-populated\">\n\t\t\t\t\t\t<div class=\"elementor-element elementor-element-ecf912d elementor-position-top elementor-widget elementor-widget-image-box\" data-id=\"ecf912d\" data-element_type=\"widget\" data-e-type=\"widget\" data-widget_type=\"image-box.default\">\n\t\t\t\t<div class=\"elementor-widget-container\">\n\t\t\t\t\t<div class=\"elementor-image-box-wrapper\"><figure class=\"elementor-image-box-img\"><a href=\"https:\/\/ticamericas.net\/finales\/botellas-de-amor-fundacion\/\" tabindex=\"-1\"><img decoding=\"async\" src=\"https:\/\/ticamericas.net\/finales\/wp-content\/uploads\/sites\/2\/elementor\/thumbs\/logo-botellas-de-amor-q1uas4wqs1eb61r88wa2ipwaqswq0xez3zexn39kow.png\" title=\"\" alt=\"\" loading=\"lazy\" \/><\/a><\/figure><div class=\"elementor-image-box-content\"><h6 class=\"elementor-image-box-title\"><a href=\"https:\/\/ticamericas.net\/finales\/botellas-de-amor-fundacion\/\">Botellas de Amor Fundaci\u00f3n<\/a><\/h6><p class=\"elementor-image-box-description\">Colombia<\/p><\/div><\/div>\t\t\t\t<\/div>\n\t\t\t\t<\/div>\n\t\t\t\t\t<\/div>\n\t\t<\/div>\n\t\t\t\t<div class=\"elementor-column elementor-col-25 elementor-inner-column elementor-element elementor-element-6da4a47\" data-id=\"6da4a47\" data-element_type=\"column\" data-e-type=\"column\">\n\t\t\t<div class=\"elementor-widget-wrap elementor-element-populated\">\n\t\t\t\t\t\t<div class=\"elementor-element elementor-element-e440da7 elementor-position-top elementor-widget elementor-widget-image-box\" data-id=\"e440da7\" data-element_type=\"widget\" data-e-type=\"widget\" data-widget_type=\"image-box.default\">\n\t\t\t\t<div class=\"elementor-widget-container\">\n\t\t\t\t\t<div class=\"elementor-image-box-wrapper\"><figure class=\"elementor-image-box-img\"><a href=\"https:\/\/ticamericas.net\/finales\/finalistas\/bottleyes\/\" tabindex=\"-1\"><img decoding=\"async\" src=\"https:\/\/ticamericas.net\/finales\/wp-content\/uploads\/sites\/2\/elementor\/thumbs\/Logo-PNG-1-q1ub6qciwfdlg2k00peiqjayt6ywjqcxg83cwrmi2o.png\" title=\"\" alt=\"\" loading=\"lazy\" \/><\/a><\/figure><div class=\"elementor-image-box-content\"><h6 class=\"elementor-image-box-title\"><a href=\"https:\/\/ticamericas.net\/finales\/finalistas\/bottleyes\/\">Bottleyes<\/a><\/h6><p class=\"elementor-image-box-description\">Ecuador<\/p><\/div><\/div>\t\t\t\t<\/div>\n\t\t\t\t<\/div>\n\t\t\t\t\t<\/div>\n\t\t<\/div>\n\t\t\t\t<div class=\"elementor-column elementor-col-25 elementor-inner-column elementor-element elementor-element-381a2e8\" data-id=\"381a2e8\" data-element_type=\"column\" data-e-type=\"column\">\n\t\t\t<div class=\"elementor-widget-wrap elementor-element-populated\">\n\t\t\t\t\t\t<div class=\"elementor-element elementor-element-2af8751 elementor-position-top elementor-widget elementor-widget-image-box\" data-id=\"2af8751\" data-element_type=\"widget\" data-e-type=\"widget\" data-widget_type=\"image-box.default\">\n\t\t\t\t<div class=\"elementor-widget-container\">\n\t\t\t\t\t<div class=\"elementor-image-box-wrapper\"><figure class=\"elementor-image-box-img\"><a href=\"https:\/\/ticamericas.net\/finales\/finalistas\/durmientes-sinteticos\/\" tabindex=\"-1\"><img decoding=\"async\" src=\"https:\/\/ticamericas.net\/finales\/wp-content\/uploads\/sites\/2\/elementor\/thumbs\/logorfg-q1ubofn3m3m03ouancvkp2hhkfpriimxvuekaddkw0.png\" title=\"\" alt=\"\" loading=\"lazy\" \/><\/a><\/figure><div class=\"elementor-image-box-content\"><h6 class=\"elementor-image-box-title\"><a href=\"https:\/\/ticamericas.net\/finales\/finalistas\/durmientes-sinteticos\/\">Durmientes Sint\u00e9ticos<\/a><\/h6><p class=\"elementor-image-box-description\">Argentina<\/p><\/div><\/div>\t\t\t\t<\/div>\n\t\t\t\t<\/div>\n\t\t\t\t\t<\/div>\n\t\t<\/div>\n\t\t\t\t<div class=\"elementor-column elementor-col-25 elementor-inner-column elementor-element elementor-element-70beb86\" data-id=\"70beb86\" data-element_type=\"column\" data-e-type=\"column\">\n\t\t\t<div class=\"elementor-widget-wrap elementor-element-populated\">\n\t\t\t\t\t\t<div class=\"elementor-element elementor-element-ae39fc0 elementor-position-top elementor-widget elementor-widget-image-box\" data-id=\"ae39fc0\" data-element_type=\"widget\" data-e-type=\"widget\" data-widget_type=\"image-box.default\">\n\t\t\t\t<div class=\"elementor-widget-container\">\n\t\t\t\t\t<div class=\"elementor-image-box-wrapper\"><figure class=\"elementor-image-box-img\"><a href=\"https:\/\/ticamericas.net\/finales\/finalistas\/imprimiendo-consciencia-x-re-accionar\/\" tabindex=\"-1\"><img decoding=\"async\" src=\"https:\/\/ticamericas.net\/finales\/wp-content\/uploads\/sites\/2\/elementor\/thumbs\/logore-q1ubyigsw5eol679sppkfixev61g1onbxq7zj6fm68.jpg\" title=\"\" alt=\"\" loading=\"lazy\" \/><\/a><\/figure><div class=\"elementor-image-box-content\"><h6 class=\"elementor-image-box-title\"><a href=\"https:\/\/ticamericas.net\/finales\/finalistas\/imprimiendo-consciencia-x-re-accionar\/\">Imprimiendo consciencia x Re Accionar<\/a><\/h6><p class=\"elementor-image-box-description\">Argentina<\/p><\/div><\/div>\t\t\t\t<\/div>\n\t\t\t\t<\/div>\n\t\t\t\t\t<\/div>\n\t\t<\/div>\n\t\t\t\t\t<\/div>\n\t\t<\/section>\n\t\t\t\t<section class=\"elementor-section elementor-inner-section elementor-element elementor-element-b32acec elementor-section-boxed elementor-section-height-default elementor-section-height-default\" data-id=\"b32acec\" data-element_type=\"section\" data-e-type=\"section\">\n\t\t\t\t\t\t<div class=\"elementor-container elementor-column-gap-default\">\n\t\t\t\t\t<div class=\"elementor-column elementor-col-25 elementor-inner-column elementor-element elementor-element-ba8c80e\" data-id=\"ba8c80e\" data-element_type=\"column\" data-e-type=\"column\">\n\t\t\t<div class=\"elementor-widget-wrap elementor-element-populated\">\n\t\t\t\t\t\t<div class=\"elementor-element elementor-element-df2d1da elementor-position-top elementor-widget elementor-widget-image-box\" data-id=\"df2d1da\" data-element_type=\"widget\" data-e-type=\"widget\" data-widget_type=\"image-box.default\">\n\t\t\t\t<div class=\"elementor-widget-container\">\n\t\t\t\t\t<div class=\"elementor-image-box-wrapper\"><figure class=\"elementor-image-box-img\"><a href=\"https:\/\/ticamericas.net\/finales\/finalistas\/reciclapp\/\" tabindex=\"-1\"><img decoding=\"async\" src=\"https:\/\/ticamericas.net\/finales\/wp-content\/uploads\/sites\/2\/elementor\/thumbs\/reci-q1ucd9jm5jlosurunl9s2awuhvbtuo7oaqtboik6io.png\" title=\"\" alt=\"\" loading=\"lazy\" \/><\/a><\/figure><div class=\"elementor-image-box-content\"><h6 class=\"elementor-image-box-title\"><a href=\"https:\/\/ticamericas.net\/finales\/finalistas\/reciclapp\/\">ReciclApp<\/a><\/h6><p class=\"elementor-image-box-description\">M\u00e9xico<\/p><\/div><\/div>\t\t\t\t<\/div>\n\t\t\t\t<\/div>\n\t\t\t\t\t<\/div>\n\t\t<\/div>\n\t\t\t\t<div class=\"elementor-column elementor-col-25 elementor-inner-column elementor-element elementor-element-67d0c00\" data-id=\"67d0c00\" data-element_type=\"column\" data-e-type=\"column\">\n\t\t\t<div class=\"elementor-widget-wrap elementor-element-populated\">\n\t\t\t\t\t\t<div class=\"elementor-element elementor-element-28c5c74 elementor-position-top elementor-widget elementor-widget-image-box\" data-id=\"28c5c74\" data-element_type=\"widget\" data-e-type=\"widget\" data-widget_type=\"image-box.default\">\n\t\t\t\t<div class=\"elementor-widget-container\">\n\t\t\t\t\t<div class=\"elementor-image-box-wrapper\"><figure class=\"elementor-image-box-img\"><a href=\"https:\/\/ticamericas.net\/finales\/finalistas\/start-solidarium\/\" tabindex=\"-1\"><img decoding=\"async\" src=\"https:\/\/ticamericas.net\/finales\/wp-content\/uploads\/sites\/2\/elementor\/thumbs\/startsolidarium-q1uftitjm3p9l4a62svb6g3hikvme8i9prh2kcblz4.jpg\" title=\"\" alt=\"\" loading=\"lazy\" \/><\/a><\/figure><div class=\"elementor-image-box-content\"><h6 class=\"elementor-image-box-title\"><a href=\"https:\/\/ticamericas.net\/finales\/finalistas\/start-solidarium\/\">Start Solidarium<\/a><\/h6><p class=\"elementor-image-box-description\">Brasil<\/p><\/div><\/div>\t\t\t\t<\/div>\n\t\t\t\t<\/div>\n\t\t\t\t\t<\/div>\n\t\t<\/div>\n\t\t\t\t<div class=\"elementor-column elementor-col-25 elementor-inner-column elementor-element elementor-element-a3fdecc\" data-id=\"a3fdecc\" data-element_type=\"column\" data-e-type=\"column\">\n\t\t\t<div class=\"elementor-widget-wrap elementor-element-populated\">\n\t\t\t\t\t\t<div class=\"elementor-element elementor-element-401d6d2 elementor-position-top elementor-widget elementor-widget-image-box\" data-id=\"401d6d2\" data-element_type=\"widget\" data-e-type=\"widget\" data-widget_type=\"image-box.default\">\n\t\t\t\t<div class=\"elementor-widget-container\">\n\t\t\t\t\t<div class=\"elementor-image-box-wrapper\"><figure class=\"elementor-image-box-img\"><a href=\"https:\/\/ticamericas.net\/finales\/finalistas\/techni-recicla\/\" tabindex=\"-1\"><img decoding=\"async\" src=\"https:\/\/ticamericas.net\/finales\/wp-content\/uploads\/sites\/2\/elementor\/thumbs\/777dd72460ae459ea04cc7c8b8d00e6a-q1ufxzjy2rtaqfsp08ciitjb3gvdyh8dbv13mnpaf4.png\" title=\"\" alt=\"\" loading=\"lazy\" \/><\/a><\/figure><div class=\"elementor-image-box-content\"><h6 class=\"elementor-image-box-title\"><a href=\"https:\/\/ticamericas.net\/finales\/finalistas\/techni-recicla\/\">Techni-Recicla<\/a><\/h6><p class=\"elementor-image-box-description\">Costa Rica<\/p><\/div><\/div>\t\t\t\t<\/div>\n\t\t\t\t<\/div>\n\t\t\t\t\t<\/div>\n\t\t<\/div>\n\t\t\t\t<div class=\"elementor-column elementor-col-25 elementor-inner-column elementor-element elementor-element-fee2539\" data-id=\"fee2539\" data-element_type=\"column\" data-e-type=\"column\">\n\t\t\t<div class=\"elementor-widget-wrap elementor-element-populated\">\n\t\t\t\t\t\t<div class=\"elementor-element elementor-element-a899c27 elementor-position-top elementor-widget elementor-widget-image-box\" data-id=\"a899c27\" data-element_type=\"widget\" data-e-type=\"widget\" data-widget_type=\"image-box.default\">\n\t\t\t\t<div class=\"elementor-widget-container\">\n\t\t\t\t\t<div class=\"elementor-image-box-wrapper\"><figure class=\"elementor-image-box-img\"><a href=\"https:\/\/ticamericas.net\/finales\/finalistas\/verde-innova\" tabindex=\"-1\"><img decoding=\"async\" src=\"https:\/\/ticamericas.net\/finales\/wp-content\/uploads\/sites\/2\/elementor\/thumbs\/verde-innova-q1ug2x7fygkhoqmn6v5042pfdajrd9tn0abvbydvr4.jpg\" title=\"\" alt=\"\" loading=\"lazy\" \/><\/a><\/figure><div class=\"elementor-image-box-content\"><h6 class=\"elementor-image-box-title\"><a href=\"https:\/\/ticamericas.net\/finales\/finalistas\/verde-innova\">Verde Innova<\/a><\/h6><p class=\"elementor-image-box-description\">Colombia<\/p><\/div><\/div>\t\t\t\t<\/div>\n\t\t\t\t<\/div>\n\t\t\t\t\t<\/div>\n\t\t<\/div>\n\t\t\t\t\t<\/div>\n\t\t<\/section>\n\t\t\t\t\t<\/div>\n\t\t<\/div>\n\t\t\t\t\t<\/div>\n\t\t<\/section>\n\t\t\t\t<\/div>\n\t\t","protected":false},"excerpt":{"rendered":"<p>Equipos Finalistas \u00a1El Young Americas Business Trust (YABT), la Organizaci\u00f3n de los Estados Americanos (OEA) y PepsiCo Bebidas Latinoam\u00e9rica se complacen en anunciar a los 8 equipos Finalistas del Eco-Reto 2022! Estos equipos atravesaron un riguroso proceso de evaluaci\u00f3n llevado a cabo por cientos de Expertos(as) en todo el mundo, y ahora, son acreedores de &hellip; <span class=\"more-link-wrap\"><a href=\"https:\/\/ticamericas.net\/finales\/finalistas-2022\/\" class=\"more-link\">Read More<span class=\"screen-reader-text\"> &#8220;Finalistas 2022&#8221;<\/span><\/a><\/span><\/p>\n","protected":false},"author":1,"featured_media":0,"parent":0,"menu_order":0,"comment_status":"closed","ping_status":"closed","template":"","meta":{"inline_featured_image":false,"footnotes":""},"class_list":["post-351","page","type-page","status-publish","hentry"],"_links":{"self":[{"href":"https:\/\/ticamericas.net\/finales\/wp-json\/wp\/v2\/pages\/351","targetHints":{"allow":["GET"]}}],"collection":[{"href":"https:\/\/ticamericas.net\/finales\/wp-json\/wp\/v2\/pages"}],"about":[{"href":"https:\/\/ticamericas.net\/finales\/wp-json\/wp\/v2\/types\/page"}],"author":[{"embeddable":true,"href":"https:\/\/ticamericas.net\/finales\/wp-json\/wp\/v2\/users\/1"}],"replies":[{"embeddable":true,"href":"https:\/\/ticamericas.net\/finales\/wp-json\/wp\/v2\/comments?post=351"}],"version-history":[{"count":64,"href":"https:\/\/ticamericas.net\/finales\/wp-json\/wp\/v2\/pages\/351\/revisions"}],"predecessor-version":[{"id":2098,"href":"https:\/\/ticamericas.net\/finales\/wp-json\/wp\/v2\/pages\/351\/revisions\/2098"}],"wp:attachment":[{"href":"https:\/\/ticamericas.net\/finales\/wp-json\/wp\/v2\/media?parent=351"}],"curies":[{"name":"wp","href":"https:\/\/api.w.org\/{rel}","templated":true}]}}