{"id":2070,"date":"2023-07-10T17:15:56","date_gmt":"2023-07-10T17:15:56","guid":{"rendered":"https:\/\/ticamericas.net\/finales\/?page_id=2070"},"modified":"2023-08-03T06:26:19","modified_gmt":"2023-08-03T06:26:19","slug":"bosco-verde","status":"publish","type":"page","link":"https:\/\/ticamericas.net\/finales\/finalistas\/bosco-verde\/","title":{"rendered":"Bosco Verde"},"content":{"rendered":"\t\t<div data-elementor-type=\"wp-page\" data-elementor-id=\"2070\" class=\"elementor elementor-2070\">\n\t\t\t\t\t\t<section class=\"elementor-section elementor-top-section elementor-element elementor-element-965de02 elementor-section-full_width elementor-section-height-default elementor-section-height-default\" data-id=\"965de02\" data-element_type=\"section\" data-e-type=\"section\" data-settings=\"{&quot;background_background&quot;:&quot;classic&quot;}\">\n\t\t\t\t\t\t<div class=\"elementor-container elementor-column-gap-default\">\n\t\t\t\t\t<div class=\"elementor-column elementor-col-100 elementor-top-column elementor-element elementor-element-deea3dd\" data-id=\"deea3dd\" data-element_type=\"column\" data-e-type=\"column\">\n\t\t\t<div class=\"elementor-widget-wrap elementor-element-populated\">\n\t\t\t\t\t\t<section class=\"elementor-section elementor-inner-section elementor-element elementor-element-d3d4673 elementor-section-full_width elementor-section-height-default elementor-section-height-default\" data-id=\"d3d4673\" data-element_type=\"section\" data-e-type=\"section\">\n\t\t\t\t\t\t<div class=\"elementor-container elementor-column-gap-default\">\n\t\t\t\t\t<div class=\"elementor-column elementor-col-66 elementor-inner-column elementor-element elementor-element-b4245b7\" data-id=\"b4245b7\" data-element_type=\"column\" data-e-type=\"column\">\n\t\t\t<div class=\"elementor-widget-wrap\">\n\t\t\t\t\t\t\t<\/div>\n\t\t<\/div>\n\t\t\t\t<div class=\"elementor-column elementor-col-33 elementor-inner-column elementor-element elementor-element-552ca21\" data-id=\"552ca21\" data-element_type=\"column\" data-e-type=\"column\">\n\t\t\t<div class=\"elementor-widget-wrap elementor-element-populated\">\n\t\t\t\t\t\t<div class=\"elementor-element elementor-element-389d4b0 elementor-shape-circle elementor-grid-0 e-grid-align-center elementor-widget elementor-widget-social-icons\" data-id=\"389d4b0\" data-element_type=\"widget\" data-e-type=\"widget\" data-widget_type=\"social-icons.default\">\n\t\t\t\t<div class=\"elementor-widget-container\">\n\t\t\t\t\t\t\t<div class=\"elementor-social-icons-wrapper elementor-grid\" role=\"list\">\n\t\t\t\t\t\t\t<span class=\"elementor-grid-item\" role=\"listitem\">\n\t\t\t\t\t<a class=\"elementor-icon elementor-social-icon elementor-social-icon-facebook elementor-repeater-item-2375335\" href=\"https:\/\/www.facebook.com\/YABTDC\/\" target=\"_blank\">\n\t\t\t\t\t\t<span class=\"elementor-screen-only\">Facebook<\/span>\n\t\t\t\t\t\t<i aria-hidden=\"true\" class=\"fab fa-facebook\"><\/i>\t\t\t\t\t<\/a>\n\t\t\t\t<\/span>\n\t\t\t\t\t\t\t<span class=\"elementor-grid-item\" role=\"listitem\">\n\t\t\t\t\t<a class=\"elementor-icon elementor-social-icon elementor-social-icon-twitter elementor-repeater-item-773d54f\" href=\"https:\/\/twitter.com\/YABTs\" target=\"_blank\">\n\t\t\t\t\t\t<span class=\"elementor-screen-only\">Twitter<\/span>\n\t\t\t\t\t\t<i aria-hidden=\"true\" class=\"fab fa-twitter\"><\/i>\t\t\t\t\t<\/a>\n\t\t\t\t<\/span>\n\t\t\t\t\t\t\t<span class=\"elementor-grid-item\" role=\"listitem\">\n\t\t\t\t\t<a class=\"elementor-icon elementor-social-icon elementor-social-icon-youtube elementor-repeater-item-edb8497\" href=\"https:\/\/www.youtube.com\/c\/YabtNetwork\/videos\" target=\"_blank\">\n\t\t\t\t\t\t<span class=\"elementor-screen-only\">Youtube<\/span>\n\t\t\t\t\t\t<i aria-hidden=\"true\" class=\"fab fa-youtube\"><\/i>\t\t\t\t\t<\/a>\n\t\t\t\t<\/span>\n\t\t\t\t\t\t\t<span class=\"elementor-grid-item\" role=\"listitem\">\n\t\t\t\t\t<a class=\"elementor-icon elementor-social-icon elementor-social-icon-instagram elementor-repeater-item-50ea4b7\" href=\"https:\/\/www.instagram.com\/yabtdc\/\" target=\"_blank\">\n\t\t\t\t\t\t<span class=\"elementor-screen-only\">Instagram<\/span>\n\t\t\t\t\t\t<i aria-hidden=\"true\" class=\"fab fa-instagram\"><\/i>\t\t\t\t\t<\/a>\n\t\t\t\t<\/span>\n\t\t\t\t\t<\/div>\n\t\t\t\t\t\t<\/div>\n\t\t\t\t<\/div>\n\t\t\t\t\t<\/div>\n\t\t<\/div>\n\t\t\t\t\t<\/div>\n\t\t<\/section>\n\t\t\t\t<section class=\"elementor-section elementor-inner-section elementor-element elementor-element-a5b5659 elementor-section-boxed elementor-section-height-default elementor-section-height-default\" data-id=\"a5b5659\" data-element_type=\"section\" data-e-type=\"section\">\n\t\t\t\t\t\t<div class=\"elementor-container elementor-column-gap-default\">\n\t\t\t\t\t<div class=\"elementor-column elementor-col-33 elementor-inner-column elementor-element elementor-element-7cd331c\" data-id=\"7cd331c\" data-element_type=\"column\" data-e-type=\"column\">\n\t\t\t<div class=\"elementor-widget-wrap elementor-element-populated\">\n\t\t\t\t\t\t<div class=\"elementor-element elementor-element-9c6a4a8 elementor-widget elementor-widget-image\" data-id=\"9c6a4a8\" data-element_type=\"widget\" data-e-type=\"widget\" data-widget_type=\"image.default\">\n\t\t\t\t<div class=\"elementor-widget-container\">\n\t\t\t\t\t\t\t\t\t\t\t\t\t\t\t\t<a href=\"http:\/\/www.yabt.net\/es\" target=\"_blank\">\n\t\t\t\t\t\t\t<img decoding=\"async\" src=\"https:\/\/ticamericas.net\/finales\/wp-content\/uploads\/sites\/2\/elementor\/thumbs\/yabt_white-q0vm8wrttw15gadj1lq4ba8w6y7wzkuh6irz7cba4g.png\" title=\"\" alt=\"\" loading=\"lazy\" \/>\t\t\t\t\t\t\t\t<\/a>\n\t\t\t\t\t\t\t\t\t\t\t\t\t\t\t<\/div>\n\t\t\t\t<\/div>\n\t\t\t\t\t<\/div>\n\t\t<\/div>\n\t\t\t\t<div class=\"elementor-column elementor-col-33 elementor-inner-column elementor-element elementor-element-5603ed6\" data-id=\"5603ed6\" data-element_type=\"column\" data-e-type=\"column\">\n\t\t\t<div class=\"elementor-widget-wrap elementor-element-populated\">\n\t\t\t\t\t\t<div class=\"elementor-element elementor-element-ab4b5ac elementor-widget elementor-widget-image\" data-id=\"ab4b5ac\" data-element_type=\"widget\" data-e-type=\"widget\" data-widget_type=\"image.default\">\n\t\t\t\t<div class=\"elementor-widget-container\">\n\t\t\t\t\t\t\t\t\t\t\t\t\t\t\t\t<a href=\"http:\/\/www.oas.org\/es\" target=\"_blank\">\n\t\t\t\t\t\t\t<img decoding=\"async\" src=\"https:\/\/ticamericas.net\/finales\/wp-content\/uploads\/sites\/2\/elementor\/thumbs\/oea_white-q0uovatb3d45iib9qhhyml2pyn41rv554enrxmnaps.png\" title=\"\" alt=\"\" loading=\"lazy\" \/>\t\t\t\t\t\t\t\t<\/a>\n\t\t\t\t\t\t\t\t\t\t\t\t\t\t\t<\/div>\n\t\t\t\t<\/div>\n\t\t\t\t\t<\/div>\n\t\t<\/div>\n\t\t\t\t<div class=\"elementor-column elementor-col-33 elementor-inner-column elementor-element elementor-element-dcde144\" data-id=\"dcde144\" data-element_type=\"column\" data-e-type=\"column\">\n\t\t\t<div class=\"elementor-widget-wrap elementor-element-populated\">\n\t\t\t\t\t\t<div class=\"elementor-element elementor-element-a2122da elementor-widget elementor-widget-image\" data-id=\"a2122da\" data-element_type=\"widget\" data-e-type=\"widget\" data-widget_type=\"image.default\">\n\t\t\t\t<div class=\"elementor-widget-container\">\n\t\t\t\t\t\t\t\t\t\t\t\t\t\t\t\t<a href=\"https:\/\/www.pepsico.com\/\" target=\"_blank\">\n\t\t\t\t\t\t\t<img decoding=\"async\" src=\"https:\/\/ticamericas.net\/finales\/wp-content\/uploads\/sites\/2\/elementor\/thumbs\/pepsico2022-q6zsaig5c7p4zbl6uunyju1p9fhxqwcj4iyu7pemtc.png\" title=\"\" alt=\"\" loading=\"lazy\" \/>\t\t\t\t\t\t\t\t<\/a>\n\t\t\t\t\t\t\t\t\t\t\t\t\t\t\t<\/div>\n\t\t\t\t<\/div>\n\t\t\t\t\t<\/div>\n\t\t<\/div>\n\t\t\t\t\t<\/div>\n\t\t<\/section>\n\t\t\t\t<section class=\"elementor-section elementor-inner-section elementor-element elementor-element-a675206 elementor-section-boxed elementor-section-height-default elementor-section-height-default\" data-id=\"a675206\" data-element_type=\"section\" data-e-type=\"section\" data-settings=\"{&quot;background_background&quot;:&quot;classic&quot;}\">\n\t\t\t\t\t\t<div class=\"elementor-container elementor-column-gap-default\">\n\t\t\t\t\t<div class=\"elementor-column elementor-col-100 elementor-inner-column elementor-element elementor-element-08b3029\" data-id=\"08b3029\" data-element_type=\"column\" data-e-type=\"column\">\n\t\t\t<div class=\"elementor-widget-wrap elementor-element-populated\">\n\t\t\t\t\t\t<div class=\"elementor-element elementor-element-b81c953 elementor-widget elementor-widget-spacer\" data-id=\"b81c953\" data-element_type=\"widget\" data-e-type=\"widget\" data-widget_type=\"spacer.default\">\n\t\t\t\t<div class=\"elementor-widget-container\">\n\t\t\t\t\t\t\t<div class=\"elementor-spacer\">\n\t\t\t<div class=\"elementor-spacer-inner\"><\/div>\n\t\t<\/div>\n\t\t\t\t\t\t<\/div>\n\t\t\t\t<\/div>\n\t\t\t\t<div class=\"elementor-element elementor-element-c10dace elementor-widget__width-auto elementor-widget elementor-widget-image\" data-id=\"c10dace\" data-element_type=\"widget\" data-e-type=\"widget\" data-widget_type=\"image.default\">\n\t\t\t\t<div class=\"elementor-widget-container\">\n\t\t\t\t\t\t\t\t\t\t\t\t\t\t\t<img decoding=\"async\" src=\"https:\/\/ticamericas.net\/finales\/wp-content\/uploads\/sites\/2\/elementor\/thumbs\/Bosco-Verde-logo-Kevin-Josue-Aguilar-Guadron-q97v3ujct8iw2f546igdhopykwck3m96nsn6yufrpc.jpg\" title=\"\" alt=\"\" loading=\"lazy\" \/>\t\t\t\t\t\t\t\t\t\t\t\t\t\t\t<\/div>\n\t\t\t\t<\/div>\n\t\t\t\t<div class=\"elementor-element elementor-element-c411917 elementor-widget__width-auto elementor-widget elementor-widget-heading\" data-id=\"c411917\" data-element_type=\"widget\" data-e-type=\"widget\" data-widget_type=\"heading.default\">\n\t\t\t\t<div class=\"elementor-widget-container\">\n\t\t\t\t\t<h3 class=\"elementor-heading-title elementor-size-default\">Bosco Verde\n<\/h3>\t\t\t\t<\/div>\n\t\t\t\t<\/div>\n\t\t\t\t<div class=\"elementor-element elementor-element-93b9531 elementor-widget elementor-widget-text-editor\" data-id=\"93b9531\" data-element_type=\"widget\" data-e-type=\"widget\" data-widget_type=\"text-editor.default\">\n\t\t\t\t<div class=\"elementor-widget-container\">\n\t\t\t\t\t\t\t\t\t<img decoding=\"async\" role=\"img\" draggable=\"false\" src=\"https:\/\/s.w.org\/images\/core\/emoji\/14.0.0\/svg\/1f1f8-1f1fb.svg\" alt=\"\ud83c\uddf8\ud83c\uddfb\" width=\"40\" style=\"vertical-align: middle;\" \/>\u00a0El Salvador\t\t\t\t\t\t\t\t<\/div>\n\t\t\t\t<\/div>\n\t\t\t\t<div class=\"elementor-element elementor-element-aaa45dc elementor-widget elementor-widget-heading\" data-id=\"aaa45dc\" data-element_type=\"widget\" data-e-type=\"widget\" data-widget_type=\"heading.default\">\n\t\t\t\t<div class=\"elementor-widget-container\">\n\t\t\t\t\t<h5 class=\"elementor-heading-title elementor-size-default\">Prioridad: Educaci\u00f3n<\/h5>\t\t\t\t<\/div>\n\t\t\t\t<\/div>\n\t\t\t\t<section class=\"elementor-section elementor-inner-section elementor-element elementor-element-490160e elementor-section-boxed elementor-section-height-default elementor-section-height-default\" data-id=\"490160e\" data-element_type=\"section\" data-e-type=\"section\">\n\t\t\t\t\t\t<div class=\"elementor-container elementor-column-gap-default\">\n\t\t\t\t\t<div class=\"elementor-column elementor-col-50 elementor-inner-column elementor-element elementor-element-c37df24\" data-id=\"c37df24\" data-element_type=\"column\" data-e-type=\"column\">\n\t\t\t<div class=\"elementor-widget-wrap elementor-element-populated\">\n\t\t\t\t\t\t<div class=\"elementor-element elementor-element-c9596d4 elementor-widget elementor-widget-image\" data-id=\"c9596d4\" data-element_type=\"widget\" data-e-type=\"widget\" data-widget_type=\"image.default\">\n\t\t\t\t<div class=\"elementor-widget-container\">\n\t\t\t\t\t\t\t\t\t\t\t\t\t\t\t<img fetchpriority=\"high\" decoding=\"async\" width=\"600\" height=\"400\" src=\"https:\/\/ticamericas.net\/finales\/wp-content\/uploads\/sites\/2\/2023\/07\/Bosco-Verde-equipo-Kevin-Josue-Aguilar-Guadron-1024x683.jpg\" class=\"attachment-large size-large wp-image-2073\" alt=\"\" srcset=\"https:\/\/ticamericas.net\/finales\/wp-content\/uploads\/sites\/2\/2023\/07\/Bosco-Verde-equipo-Kevin-Josue-Aguilar-Guadron-1024x683.jpg 1024w, https:\/\/ticamericas.net\/finales\/wp-content\/uploads\/sites\/2\/2023\/07\/Bosco-Verde-equipo-Kevin-Josue-Aguilar-Guadron-300x200.jpg 300w, https:\/\/ticamericas.net\/finales\/wp-content\/uploads\/sites\/2\/2023\/07\/Bosco-Verde-equipo-Kevin-Josue-Aguilar-Guadron-768x512.jpg 768w, https:\/\/ticamericas.net\/finales\/wp-content\/uploads\/sites\/2\/2023\/07\/Bosco-Verde-equipo-Kevin-Josue-Aguilar-Guadron-1536x1024.jpg 1536w, https:\/\/ticamericas.net\/finales\/wp-content\/uploads\/sites\/2\/2023\/07\/Bosco-Verde-equipo-Kevin-Josue-Aguilar-Guadron-2048x1365.jpg 2048w, https:\/\/ticamericas.net\/finales\/wp-content\/uploads\/sites\/2\/2023\/07\/Bosco-Verde-equipo-Kevin-Josue-Aguilar-Guadron-400x267.jpg 400w, https:\/\/ticamericas.net\/finales\/wp-content\/uploads\/sites\/2\/2023\/07\/Bosco-Verde-equipo-Kevin-Josue-Aguilar-Guadron-270x180.jpg 270w\" sizes=\"(max-width: 600px) 100vw, 600px\" \/>\t\t\t\t\t\t\t\t\t\t\t\t\t\t\t<\/div>\n\t\t\t\t<\/div>\n\t\t\t\t\t<\/div>\n\t\t<\/div>\n\t\t\t\t<div class=\"elementor-column elementor-col-50 elementor-inner-column elementor-element elementor-element-656c47a\" data-id=\"656c47a\" data-element_type=\"column\" data-e-type=\"column\">\n\t\t\t<div class=\"elementor-widget-wrap elementor-element-populated\">\n\t\t\t\t\t\t<div class=\"elementor-element elementor-element-79fb1c5 elementor-widget elementor-widget-text-editor\" data-id=\"79fb1c5\" data-element_type=\"widget\" data-e-type=\"widget\" data-widget_type=\"text-editor.default\">\n\t\t\t\t<div class=\"elementor-widget-container\">\n\t\t\t\t\t\t\t\t\t<p><span style=\"font-weight: 400;\">Bosco Verde es un proyecto juvenil respaldado por FUSALMO que forma y empodera adolescentes y j\u00f3venes en liderazgo ambiental, teniendo como ejes, el desarrollo humano y la innovaci\u00f3n cient\u00edfica para lograr sostenibilidad.\u00a0<\/span><\/p><p><span style=\"font-weight: 400;\">Bosco Verde tiene el objetivo de que la juventud al finalizar su proceso formativo, sea capaz de organizar, ejecutar y liderar proyectos de \u00edndole ambiental, generando una sostenibilidad con el mismo ecosistema y asimismo econ\u00f3mica.\u00a0<\/span><\/p><p><span style=\"font-weight: 400;\">Bosco Verde cree en el desarrollo integral de la juventud en El Salvador para crear y liderar iniciativas que generan sostenibilidad financiera y ambiental en la medida en solventan problem\u00e1ticas de contaminaci\u00f3n y escasez de alimento.<\/span><\/p>\t\t\t\t\t\t\t\t<\/div>\n\t\t\t\t<\/div>\n\t\t\t\t\t<\/div>\n\t\t<\/div>\n\t\t\t\t\t<\/div>\n\t\t<\/section>\n\t\t\t\t<section class=\"elementor-section elementor-inner-section elementor-element elementor-element-0b935d8 elementor-section-boxed elementor-section-height-default elementor-section-height-default\" data-id=\"0b935d8\" data-element_type=\"section\" data-e-type=\"section\">\n\t\t\t\t\t\t<div class=\"elementor-container elementor-column-gap-default\">\n\t\t\t\t\t<div class=\"elementor-column elementor-col-50 elementor-inner-column elementor-element elementor-element-eccb72e\" data-id=\"eccb72e\" data-element_type=\"column\" data-e-type=\"column\">\n\t\t\t<div class=\"elementor-widget-wrap elementor-element-populated\">\n\t\t\t\t\t\t<div class=\"elementor-element elementor-element-66c30b1 elementor-widget elementor-widget-text-editor\" data-id=\"66c30b1\" data-element_type=\"widget\" data-e-type=\"widget\" data-widget_type=\"text-editor.default\">\n\t\t\t\t<div class=\"elementor-widget-container\">\n\t\t\t\t\t\t\t\t\t<p><strong>Contacto<\/strong>:<\/p><ul><li><span data-sheets-value=\"{&quot;1&quot;:2,&quot;2&quot;:&quot;redjufu@fusalmo.org&quot;}\" data-sheets-userformat=\"{&quot;2&quot;:769,&quot;3&quot;:{&quot;1&quot;:0},&quot;11&quot;:3,&quot;12&quot;:0}\">redjufu@fusalmo.org<\/span><\/li><\/ul><p><strong>Integrantes<\/strong>:<\/p><ul><li>Kevin Josu\u00e9 Aguilar Guadr\u00f3n<\/li><li>Alicia Berenice Portillo Galeas<\/li><li>Reinaldo Jos\u00e9 Viana Ortiz<\/li><\/ul>\t\t\t\t\t\t\t\t<\/div>\n\t\t\t\t<\/div>\n\t\t\t\t\t<\/div>\n\t\t<\/div>\n\t\t\t\t<div class=\"elementor-column elementor-col-50 elementor-inner-column elementor-element elementor-element-32407ca\" data-id=\"32407ca\" data-element_type=\"column\" data-e-type=\"column\">\n\t\t\t<div class=\"elementor-widget-wrap elementor-element-populated\">\n\t\t\t\t\t\t<div class=\"elementor-element elementor-element-b452069 elementor-shape-rounded elementor-grid-0 e-grid-align-center elementor-widget elementor-widget-social-icons\" data-id=\"b452069\" data-element_type=\"widget\" data-e-type=\"widget\" data-widget_type=\"social-icons.default\">\n\t\t\t\t<div class=\"elementor-widget-container\">\n\t\t\t\t\t\t\t<div class=\"elementor-social-icons-wrapper elementor-grid\" role=\"list\">\n\t\t\t\t\t\t\t<span class=\"elementor-grid-item\" role=\"listitem\">\n\t\t\t\t\t<a class=\"elementor-icon elementor-social-icon elementor-social-icon-facebook elementor-repeater-item-8e33609\" href=\"https:\/\/www.facebook.com\/Bosco-Verde-115091544971916\" target=\"_blank\">\n\t\t\t\t\t\t<span class=\"elementor-screen-only\">Facebook<\/span>\n\t\t\t\t\t\t<i aria-hidden=\"true\" class=\"fab fa-facebook\"><\/i>\t\t\t\t\t<\/a>\n\t\t\t\t<\/span>\n\t\t\t\t\t\t\t<span class=\"elementor-grid-item\" role=\"listitem\">\n\t\t\t\t\t<a class=\"elementor-icon elementor-social-icon elementor-social-icon-youtube elementor-repeater-item-670d067\" href=\"https:\/\/www.youtube.com\/watch?v=sdeXxHCkL0w\" target=\"_blank\">\n\t\t\t\t\t\t<span class=\"elementor-screen-only\">Youtube<\/span>\n\t\t\t\t\t\t<i aria-hidden=\"true\" class=\"fab fa-youtube\"><\/i>\t\t\t\t\t<\/a>\n\t\t\t\t<\/span>\n\t\t\t\t\t<\/div>\n\t\t\t\t\t\t<\/div>\n\t\t\t\t<\/div>\n\t\t\t\t<div class=\"elementor-element elementor-element-76acf74 elementor-widget elementor-widget-spacer\" data-id=\"76acf74\" data-element_type=\"widget\" data-e-type=\"widget\" data-widget_type=\"spacer.default\">\n\t\t\t\t<div class=\"elementor-widget-container\">\n\t\t\t\t\t\t\t<div class=\"elementor-spacer\">\n\t\t\t<div class=\"elementor-spacer-inner\"><\/div>\n\t\t<\/div>\n\t\t\t\t\t\t<\/div>\n\t\t\t\t<\/div>\n\t\t\t\t\t<\/div>\n\t\t<\/div>\n\t\t\t\t\t<\/div>\n\t\t<\/section>\n\t\t\t\t\t<\/div>\n\t\t<\/div>\n\t\t\t\t\t<\/div>\n\t\t<\/section>\n\t\t\t\t<div class=\"elementor-element elementor-element-f97a459 elementor-widget elementor-widget-spacer\" data-id=\"f97a459\" data-element_type=\"widget\" data-e-type=\"widget\" data-widget_type=\"spacer.default\">\n\t\t\t\t<div class=\"elementor-widget-container\">\n\t\t\t\t\t\t\t<div class=\"elementor-spacer\">\n\t\t\t<div class=\"elementor-spacer-inner\"><\/div>\n\t\t<\/div>\n\t\t\t\t\t\t<\/div>\n\t\t\t\t<\/div>\n\t\t\t\t<section class=\"elementor-section elementor-inner-section elementor-element elementor-element-b1530c9 elementor-section-boxed elementor-section-height-default elementor-section-height-default\" data-id=\"b1530c9\" data-element_type=\"section\" data-e-type=\"section\">\n\t\t\t\t\t\t<div class=\"elementor-container elementor-column-gap-default\">\n\t\t\t\t\t<div class=\"elementor-column elementor-col-66 elementor-inner-column elementor-element elementor-element-e0aa0b5\" data-id=\"e0aa0b5\" data-element_type=\"column\" data-e-type=\"column\">\n\t\t\t<div class=\"elementor-widget-wrap elementor-element-populated\">\n\t\t\t\t\t\t<div class=\"elementor-element elementor-element-859013a elementor-widget elementor-widget-image\" data-id=\"859013a\" data-element_type=\"widget\" data-e-type=\"widget\" data-widget_type=\"image.default\">\n\t\t\t\t<div class=\"elementor-widget-container\">\n\t\t\t\t\t\t\t\t\t\t\t\t\t\t\t\t<a href=\"https:\/\/ticamericas.net\/\" target=\"_blank\">\n\t\t\t\t\t\t\t<img decoding=\"async\" src=\"https:\/\/ticamericas.net\/finales\/wp-content\/uploads\/sites\/2\/elementor\/thumbs\/ticamericas_es_v2_white-q9k3m56w8xc3xg2yvcjedwfmystrcyl9n2mm1x6n7k.png\" title=\"\" alt=\"\" loading=\"lazy\" \/>\t\t\t\t\t\t\t\t<\/a>\n\t\t\t\t\t\t\t\t\t\t\t\t\t\t\t<\/div>\n\t\t\t\t<\/div>\n\t\t\t\t<div class=\"elementor-element elementor-element-a8a3a39 elementor-shape-circle elementor-grid-0 e-grid-align-center elementor-widget elementor-widget-social-icons\" data-id=\"a8a3a39\" data-element_type=\"widget\" data-e-type=\"widget\" data-widget_type=\"social-icons.default\">\n\t\t\t\t<div class=\"elementor-widget-container\">\n\t\t\t\t\t\t\t<div class=\"elementor-social-icons-wrapper elementor-grid\" role=\"list\">\n\t\t\t\t\t\t\t<span class=\"elementor-grid-item\" role=\"listitem\">\n\t\t\t\t\t<a class=\"elementor-icon elementor-social-icon elementor-social-icon-facebook elementor-repeater-item-2375335\" href=\"https:\/\/www.facebook.com\/YABTDC\/\" target=\"_blank\">\n\t\t\t\t\t\t<span class=\"elementor-screen-only\">Facebook<\/span>\n\t\t\t\t\t\t<i aria-hidden=\"true\" class=\"fab fa-facebook\"><\/i>\t\t\t\t\t<\/a>\n\t\t\t\t<\/span>\n\t\t\t\t\t\t\t<span class=\"elementor-grid-item\" role=\"listitem\">\n\t\t\t\t\t<a class=\"elementor-icon elementor-social-icon elementor-social-icon-twitter elementor-repeater-item-773d54f\" href=\"https:\/\/twitter.com\/YABTs\" target=\"_blank\">\n\t\t\t\t\t\t<span class=\"elementor-screen-only\">Twitter<\/span>\n\t\t\t\t\t\t<i aria-hidden=\"true\" class=\"fab fa-twitter\"><\/i>\t\t\t\t\t<\/a>\n\t\t\t\t<\/span>\n\t\t\t\t\t\t\t<span class=\"elementor-grid-item\" role=\"listitem\">\n\t\t\t\t\t<a class=\"elementor-icon elementor-social-icon elementor-social-icon-youtube elementor-repeater-item-edb8497\" href=\"https:\/\/www.youtube.com\/c\/YabtNetwork\/videos\" target=\"_blank\">\n\t\t\t\t\t\t<span class=\"elementor-screen-only\">Youtube<\/span>\n\t\t\t\t\t\t<i aria-hidden=\"true\" class=\"fab fa-youtube\"><\/i>\t\t\t\t\t<\/a>\n\t\t\t\t<\/span>\n\t\t\t\t\t\t\t<span class=\"elementor-grid-item\" role=\"listitem\">\n\t\t\t\t\t<a class=\"elementor-icon elementor-social-icon elementor-social-icon-instagram elementor-repeater-item-50ea4b7\" href=\"https:\/\/www.instagram.com\/yabtdc\/\" target=\"_blank\">\n\t\t\t\t\t\t<span class=\"elementor-screen-only\">Instagram<\/span>\n\t\t\t\t\t\t<i aria-hidden=\"true\" class=\"fab fa-instagram\"><\/i>\t\t\t\t\t<\/a>\n\t\t\t\t<\/span>\n\t\t\t\t\t<\/div>\n\t\t\t\t\t\t<\/div>\n\t\t\t\t<\/div>\n\t\t\t\t<div class=\"elementor-element elementor-element-ef02c78 elementor-widget elementor-widget-text-editor\" data-id=\"ef02c78\" data-element_type=\"widget\" data-e-type=\"widget\" data-widget_type=\"text-editor.default\">\n\t\t\t\t<div class=\"elementor-widget-container\">\n\t\t\t\t\t\t\t\t\t<p style=\"text-align: center;\">YABT es una organizaci\u00f3n internacional sin fines de lucro con un acuerdo de cooperaci\u00f3n con la Secretar\u00eda General de la Organizaci\u00f3n de los Estados Americanos.<br \/>\u00a9 2023 Young Americas Business Trust. Todos los derechos reservados<\/p>\t\t\t\t\t\t\t\t<\/div>\n\t\t\t\t<\/div>\n\t\t\t\t\t<\/div>\n\t\t<\/div>\n\t\t\t\t<div class=\"elementor-column elementor-col-33 elementor-inner-column elementor-element elementor-element-2eda0ad\" data-id=\"2eda0ad\" data-element_type=\"column\" data-e-type=\"column\">\n\t\t\t<div class=\"elementor-widget-wrap elementor-element-populated\">\n\t\t\t\t\t\t<div class=\"elementor-element elementor-element-8b93ac9 elementor-widget elementor-widget-text-editor\" data-id=\"8b93ac9\" data-element_type=\"widget\" data-e-type=\"widget\" data-widget_type=\"text-editor.default\">\n\t\t\t\t<div class=\"elementor-widget-container\">\n\t\t\t\t\t\t\t\t\t<table class=\"tablefinales\"><tbody><tr><td><span style=\"color: #ffffff;\"><a style=\"color: #ffffff;\" href=\"https:\/\/ticamericas.net\/finales\/\">Finales 2023<\/a><\/span><\/td><td><span style=\"color: #ffffff;\"><a style=\"color: #ffffff;\" href=\"https:\/\/ticamericas.net\/finales\/finalistas-del-eco-reto-2023\/\">Finalistas 2023<\/a><\/span><\/td><\/tr><tr><td><span style=\"color: #ffffff;\"><a style=\"color: #ffffff;\" href=\"https:\/\/ticamericas.net\/finales\/finales-2022\">Finales 2022<\/a><\/span><\/td><td><span style=\"color: #ffffff;\"><a style=\"color: #ffffff;\" href=\"https:\/\/ticamericas.net\/finales\/finalistas-2022\/\">Finalistas 2022<\/a><\/span><\/td><\/tr><tr><td><span style=\"color: #ffffff;\"><a style=\"color: #ffffff;\" href=\"https:\/\/ticamericas.net\/finales\/finales-2021\/inicio\/\">Finales 2021<\/a><\/span><\/td><td><span style=\"color: #ffffff;\"><a style=\"color: #ffffff;\" href=\"https:\/\/ticamericas.net\/finales\/finalistas\/finalistas-2021\/\">Finalistas 2021<\/a><\/span><\/td><\/tr><\/tbody><\/table>\t\t\t\t\t\t\t\t<\/div>\n\t\t\t\t<\/div>\n\t\t\t\t\t<\/div>\n\t\t<\/div>\n\t\t\t\t\t<\/div>\n\t\t<\/section>\n\t\t\t\t\t<\/div>\n\t\t<\/div>\n\t\t\t\t\t<\/div>\n\t\t<\/section>\n\t\t\t\t<\/div>\n\t\t","protected":false},"excerpt":{"rendered":"<p>Facebook Twitter Youtube Instagram Bosco Verde \u00a0El Salvador Prioridad: Educaci\u00f3n Bosco Verde es un proyecto juvenil respaldado por FUSALMO que forma y empodera adolescentes y j\u00f3venes en liderazgo ambiental, teniendo como ejes, el desarrollo humano y la innovaci\u00f3n cient\u00edfica para lograr sostenibilidad.\u00a0 Bosco Verde tiene el objetivo de que la juventud al finalizar su proceso &hellip; <span class=\"more-link-wrap\"><a href=\"https:\/\/ticamericas.net\/finales\/finalistas\/bosco-verde\/\" class=\"more-link\">Read More<span class=\"screen-reader-text\"> &#8220;Bosco Verde&#8221;<\/span><\/a><\/span><\/p>\n","protected":false},"author":1,"featured_media":0,"parent":2099,"menu_order":0,"comment_status":"closed","ping_status":"closed","template":"elementor_canvas","meta":{"inline_featured_image":false,"footnotes":""},"class_list":["post-2070","page","type-page","status-publish","hentry"],"_links":{"self":[{"href":"https:\/\/ticamericas.net\/finales\/wp-json\/wp\/v2\/pages\/2070","targetHints":{"allow":["GET"]}}],"collection":[{"href":"https:\/\/ticamericas.net\/finales\/wp-json\/wp\/v2\/pages"}],"about":[{"href":"https:\/\/ticamericas.net\/finales\/wp-json\/wp\/v2\/types\/page"}],"author":[{"embeddable":true,"href":"https:\/\/ticamericas.net\/finales\/wp-json\/wp\/v2\/users\/1"}],"replies":[{"embeddable":true,"href":"https:\/\/ticamericas.net\/finales\/wp-json\/wp\/v2\/comments?post=2070"}],"version-history":[{"count":91,"href":"https:\/\/ticamericas.net\/finales\/wp-json\/wp\/v2\/pages\/2070\/revisions"}],"predecessor-version":[{"id":3637,"href":"https:\/\/ticamericas.net\/finales\/wp-json\/wp\/v2\/pages\/2070\/revisions\/3637"}],"up":[{"embeddable":true,"href":"https:\/\/ticamericas.net\/finales\/wp-json\/wp\/v2\/pages\/2099"}],"wp:attachment":[{"href":"https:\/\/ticamericas.net\/finales\/wp-json\/wp\/v2\/media?parent=2070"}],"curies":[{"name":"wp","href":"https:\/\/api.w.org\/{rel}","templated":true}]}}