{"id":148,"date":"2023-01-31T05:15:24","date_gmt":"2023-01-31T05:15:24","guid":{"rendered":"https:\/\/ticamericas.net\/finales\/?page_id=148"},"modified":"2023-02-08T07:13:22","modified_gmt":"2023-02-08T07:13:22","slug":"expo-virtual","status":"publish","type":"page","link":"https:\/\/ticamericas.net\/finales\/finales-2021\/expo-virtual\/","title":{"rendered":"Expo Virtual"},"content":{"rendered":"\t\t<div data-elementor-type=\"wp-page\" data-elementor-id=\"148\" class=\"elementor elementor-148\">\n\t\t\t\t\t\t<section class=\"elementor-section elementor-top-section elementor-element elementor-element-9c4ba72 elementor-section-boxed elementor-section-height-default elementor-section-height-default\" data-id=\"9c4ba72\" data-element_type=\"section\" data-e-type=\"section\">\n\t\t\t\t\t\t<div class=\"elementor-container elementor-column-gap-default\">\n\t\t\t\t\t<div class=\"elementor-column elementor-col-100 elementor-top-column elementor-element elementor-element-da6e195\" data-id=\"da6e195\" data-element_type=\"column\" data-e-type=\"column\">\n\t\t\t<div class=\"elementor-widget-wrap elementor-element-populated\">\n\t\t\t\t\t\t<div class=\"elementor-element elementor-element-bd11125 elementor-widget elementor-widget-spacer\" data-id=\"bd11125\" data-element_type=\"widget\" data-e-type=\"widget\" data-widget_type=\"spacer.default\">\n\t\t\t\t<div class=\"elementor-widget-container\">\n\t\t\t\t\t\t\t<div class=\"elementor-spacer\">\n\t\t\t<div class=\"elementor-spacer-inner\"><\/div>\n\t\t<\/div>\n\t\t\t\t\t\t<\/div>\n\t\t\t\t<\/div>\n\t\t\t\t<div class=\"elementor-element elementor-element-97d7d0c elementor-widget elementor-widget-heading\" data-id=\"97d7d0c\" data-element_type=\"widget\" data-e-type=\"widget\" data-widget_type=\"heading.default\">\n\t\t\t\t<div class=\"elementor-widget-container\">\n\t\t\t\t\t<h3 class=\"elementor-heading-title elementor-size-default\">Expo virtual<\/h3>\t\t\t\t<\/div>\n\t\t\t\t<\/div>\n\t\t\t\t\t<\/div>\n\t\t<\/div>\n\t\t\t\t\t<\/div>\n\t\t<\/section>\n\t\t\t\t<section class=\"elementor-section elementor-top-section elementor-element elementor-element-d70b86a elementor-section-boxed elementor-section-height-default elementor-section-height-default\" data-id=\"d70b86a\" data-element_type=\"section\" data-e-type=\"section\">\n\t\t\t\t\t\t<div class=\"elementor-container elementor-column-gap-default\">\n\t\t\t\t\t<div class=\"elementor-column elementor-col-100 elementor-top-column elementor-element elementor-element-3b10f9e\" data-id=\"3b10f9e\" data-element_type=\"column\" data-e-type=\"column\">\n\t\t\t<div class=\"elementor-widget-wrap elementor-element-populated\">\n\t\t\t\t\t\t<div class=\"elementor-element elementor-element-fb9c891 elementor-widget elementor-widget-text-editor\" data-id=\"fb9c891\" data-element_type=\"widget\" data-e-type=\"widget\" data-widget_type=\"text-editor.default\">\n\t\t\t\t<div class=\"elementor-widget-container\">\n\t\t\t\t\t\t\t\t\t<p>Los equipos participantes de TIC Americas 2021 se beneficiaron de capacitaciones, sesiones de mentor\u00eda y valiosa retroalimentaci\u00f3n de un selecto grupo de especialistas internacionales, quienes examinaron cada proyecto bajo un riguroso proceso de evaluaci\u00f3n.<br \/>Conoce a los emprendedores que consiguieron llegar a las finales de la Competencia Talento e Innovaci\u00f3n de las Am\u00e9ricas.<\/p>\t\t\t\t\t\t\t\t<\/div>\n\t\t\t\t<\/div>\n\t\t\t\t\t<\/div>\n\t\t<\/div>\n\t\t\t\t\t<\/div>\n\t\t<\/section>\n\t\t\t\t<section class=\"elementor-section elementor-top-section elementor-element elementor-element-fa61034 elementor-section-boxed elementor-section-height-default elementor-section-height-default\" data-id=\"fa61034\" data-element_type=\"section\" data-e-type=\"section\">\n\t\t\t\t\t\t<div class=\"elementor-container elementor-column-gap-default\">\n\t\t\t\t\t<div class=\"elementor-column elementor-col-33 elementor-top-column elementor-element elementor-element-7977997\" data-id=\"7977997\" data-element_type=\"column\" data-e-type=\"column\" data-settings=\"{&quot;background_background&quot;:&quot;classic&quot;}\">\n\t\t\t<div class=\"elementor-widget-wrap elementor-element-populated\">\n\t\t\t\t\t\t<div class=\"elementor-element elementor-element-b35eb06 elementor-widget elementor-widget-image\" data-id=\"b35eb06\" data-element_type=\"widget\" data-e-type=\"widget\" data-widget_type=\"image.default\">\n\t\t\t\t<div class=\"elementor-widget-container\">\n\t\t\t\t\t\t\t\t\t\t\t\t\t\t\t<img decoding=\"async\" src=\"https:\/\/ticamericas.net\/finales\/wp-content\/uploads\/sites\/2\/elementor\/thumbs\/Innovactionlogo-02-e1618187934208-1024x363-1-q0vopkvqj9eyppb8pjeedmb9kv0u8a21mqsp6bhszk.png\" title=\"Innovactionlogo-02-e1618187934208-1024&#215;363\" alt=\"Innovactionlogo-02-e1618187934208-1024x363\" loading=\"lazy\" \/>\t\t\t\t\t\t\t\t\t\t\t\t\t\t\t<\/div>\n\t\t\t\t<\/div>\n\t\t\t\t<div class=\"elementor-element elementor-element-0f62f58 elementor-widget elementor-widget-text-editor\" data-id=\"0f62f58\" data-element_type=\"widget\" data-e-type=\"widget\" data-widget_type=\"text-editor.default\">\n\t\t\t\t<div class=\"elementor-widget-container\">\n\t\t\t\t\t\t\t\t\t<p style=\"text-align: center;\">El Reto InnovAcci\u00f3n es un programa de apoyo destinado a empoderar a los j\u00f3venes emprendedores sociales y econ\u00f3micos para responder a la pandemia de COVID-19.<\/p>\t\t\t\t\t\t\t\t<\/div>\n\t\t\t\t<\/div>\n\t\t\t\t\t<\/div>\n\t\t<\/div>\n\t\t\t\t<div class=\"elementor-column elementor-col-33 elementor-top-column elementor-element elementor-element-d37aead\" data-id=\"d37aead\" data-element_type=\"column\" data-e-type=\"column\" data-settings=\"{&quot;background_background&quot;:&quot;classic&quot;}\">\n\t\t\t<div class=\"elementor-widget-wrap elementor-element-populated\">\n\t\t\t\t\t\t<div class=\"elementor-element elementor-element-1c8bbf8 elementor-widget elementor-widget-image\" data-id=\"1c8bbf8\" data-element_type=\"widget\" data-e-type=\"widget\" data-widget_type=\"image.default\">\n\t\t\t\t<div class=\"elementor-widget-container\">\n\t\t\t\t\t\t\t\t\t\t\t\t\t\t\t<img decoding=\"async\" src=\"https:\/\/ticamericas.net\/finales\/wp-content\/uploads\/sites\/2\/elementor\/thumbs\/LOGOFONDOOSCUROesp-e1618188633578-768x340-1-q0vopjxwcfdoe3clv0zrt4jszh5h0kybam57p1j75s.png\" title=\"\" alt=\"\" loading=\"lazy\" \/>\t\t\t\t\t\t\t\t\t\t\t\t\t\t\t<\/div>\n\t\t\t\t<\/div>\n\t\t\t\t<div class=\"elementor-element elementor-element-8791929 elementor-widget elementor-widget-text-editor\" data-id=\"8791929\" data-element_type=\"widget\" data-e-type=\"widget\" data-widget_type=\"text-editor.default\">\n\t\t\t\t<div class=\"elementor-widget-container\">\n\t\t\t\t\t\t\t\t\t<p style=\"text-align: center;\">Eco-Reto 12.0 promueve una nueva visi\u00f3n del pl\u00e1stico y contribuye a un futuro sostenible en Am\u00e9rica Latina y el Caribe.<\/p>\t\t\t\t\t\t\t\t<\/div>\n\t\t\t\t<\/div>\n\t\t\t\t\t<\/div>\n\t\t<\/div>\n\t\t\t\t<div class=\"elementor-column elementor-col-33 elementor-top-column elementor-element elementor-element-2456137\" data-id=\"2456137\" data-element_type=\"column\" data-e-type=\"column\" data-settings=\"{&quot;background_background&quot;:&quot;classic&quot;}\">\n\t\t\t<div class=\"elementor-widget-wrap elementor-element-populated\">\n\t\t\t\t\t\t<div class=\"elementor-element elementor-element-fb4500b elementor-widget elementor-widget-image\" data-id=\"fb4500b\" data-element_type=\"widget\" data-e-type=\"widget\" data-widget_type=\"image.default\">\n\t\t\t\t<div class=\"elementor-widget-container\">\n\t\t\t\t\t\t\t\t\t\t\t\t\t\t\t<img decoding=\"async\" width=\"300\" height=\"80\" src=\"https:\/\/ticamericas.net\/finales\/wp-content\/uploads\/sites\/2\/2023\/01\/tic-jalisco-logo-1024x273-1-300x80.png\" class=\"attachment-medium size-medium wp-image-69\" alt=\"\" srcset=\"https:\/\/ticamericas.net\/finales\/wp-content\/uploads\/sites\/2\/2023\/01\/tic-jalisco-logo-1024x273-1-300x80.png 300w, https:\/\/ticamericas.net\/finales\/wp-content\/uploads\/sites\/2\/2023\/01\/tic-jalisco-logo-1024x273-1-768x205.png 768w, https:\/\/ticamericas.net\/finales\/wp-content\/uploads\/sites\/2\/2023\/01\/tic-jalisco-logo-1024x273-1-400x107.png 400w, https:\/\/ticamericas.net\/finales\/wp-content\/uploads\/sites\/2\/2023\/01\/tic-jalisco-logo-1024x273-1-270x72.png 270w, https:\/\/ticamericas.net\/finales\/wp-content\/uploads\/sites\/2\/2023\/01\/tic-jalisco-logo-1024x273-1.png 1024w\" sizes=\"(max-width: 300px) 100vw, 300px\" \/>\t\t\t\t\t\t\t\t\t\t\t\t\t\t\t<\/div>\n\t\t\t\t<\/div>\n\t\t\t\t<div class=\"elementor-element elementor-element-4d38a12 elementor-widget elementor-widget-text-editor\" data-id=\"4d38a12\" data-element_type=\"widget\" data-e-type=\"widget\" data-widget_type=\"text-editor.default\">\n\t\t\t\t<div class=\"elementor-widget-container\">\n\t\t\t\t\t\t\t\t\t<p style=\"text-align: center;\">TIC Jalisco busca identificar y potenciar soluciones innovadoras y sostenibles lideradas por jo\u0301venes emprendedores(as), de Jalisco.<\/p>\t\t\t\t\t\t\t\t<\/div>\n\t\t\t\t<\/div>\n\t\t\t\t\t<\/div>\n\t\t<\/div>\n\t\t\t\t\t<\/div>\n\t\t<\/section>\n\t\t\t\t<section class=\"elementor-section elementor-top-section elementor-element elementor-element-c3a5313 elementor-section-boxed elementor-section-height-default elementor-section-height-default\" data-id=\"c3a5313\" data-element_type=\"section\" data-e-type=\"section\">\n\t\t\t\t\t\t<div class=\"elementor-container elementor-column-gap-default\">\n\t\t\t\t\t<div class=\"elementor-column elementor-col-33 elementor-top-column elementor-element elementor-element-19378f9\" data-id=\"19378f9\" data-element_type=\"column\" data-e-type=\"column\" data-settings=\"{&quot;background_background&quot;:&quot;classic&quot;}\">\n\t\t\t<div class=\"elementor-widget-wrap elementor-element-populated\">\n\t\t\t\t\t\t<section class=\"elementor-section elementor-inner-section elementor-element elementor-element-d25a321 elementor-section-boxed elementor-section-height-default elementor-section-height-default\" data-id=\"d25a321\" data-element_type=\"section\" data-e-type=\"section\">\n\t\t\t\t\t\t<div class=\"elementor-container elementor-column-gap-default\">\n\t\t\t\t\t<div class=\"elementor-column elementor-col-50 elementor-inner-column elementor-element elementor-element-c8ca640\" data-id=\"c8ca640\" data-element_type=\"column\" data-e-type=\"column\">\n\t\t\t<div class=\"elementor-widget-wrap elementor-element-populated\">\n\t\t\t\t\t\t<div class=\"elementor-element elementor-element-8fc4512 elementor-widget elementor-widget-image\" data-id=\"8fc4512\" data-element_type=\"widget\" data-e-type=\"widget\" data-widget_type=\"image.default\">\n\t\t\t\t<div class=\"elementor-widget-container\">\n\t\t\t\t\t\t\t\t\t\t\t\t\t\t\t\t<a href=\"http:\/\/www.summit-americas.org\/defaults.htm\">\n\t\t\t\t\t\t\t<img decoding=\"async\" src=\"https:\/\/ticamericas.net\/finales\/wp-content\/uploads\/sites\/2\/elementor\/thumbs\/SECRETARIAVIEJO-q0voph4drx9tf9gpbhrw3n9f7bjddhn4a86r97ndog.png\" title=\"\" alt=\"\" loading=\"lazy\" \/>\t\t\t\t\t\t\t\t<\/a>\n\t\t\t\t\t\t\t\t\t\t\t\t\t\t\t<\/div>\n\t\t\t\t<\/div>\n\t\t\t\t\t<\/div>\n\t\t<\/div>\n\t\t\t\t<div class=\"elementor-column elementor-col-50 elementor-inner-column elementor-element elementor-element-119e48a\" data-id=\"119e48a\" data-element_type=\"column\" data-e-type=\"column\">\n\t\t\t<div class=\"elementor-widget-wrap elementor-element-populated\">\n\t\t\t\t\t\t<div class=\"elementor-element elementor-element-aa4de06 elementor-widget elementor-widget-image\" data-id=\"aa4de06\" data-element_type=\"widget\" data-e-type=\"widget\" data-widget_type=\"image.default\">\n\t\t\t\t<div class=\"elementor-widget-container\">\n\t\t\t\t\t\t\t\t\t\t\t\t\t\t\t\t<a href=\"https:\/\/www.iaf.gov\/\">\n\t\t\t\t\t\t\t<img decoding=\"async\" src=\"https:\/\/ticamericas.net\/finales\/wp-content\/uploads\/sites\/2\/elementor\/thumbs\/article-e1618187797793-q0vopf8pe978s1jfmgymynqi0jsmy3fnlyvsanq60w.jpeg\" title=\"\" alt=\"\" loading=\"lazy\" \/>\t\t\t\t\t\t\t\t<\/a>\n\t\t\t\t\t\t\t\t\t\t\t\t\t\t\t<\/div>\n\t\t\t\t<\/div>\n\t\t\t\t\t<\/div>\n\t\t<\/div>\n\t\t\t\t\t<\/div>\n\t\t<\/section>\n\t\t\t\t\t<\/div>\n\t\t<\/div>\n\t\t\t\t<div class=\"elementor-column elementor-col-33 elementor-top-column elementor-element elementor-element-83cc207\" data-id=\"83cc207\" data-element_type=\"column\" data-e-type=\"column\" data-settings=\"{&quot;background_background&quot;:&quot;classic&quot;}\">\n\t\t\t<div class=\"elementor-widget-wrap elementor-element-populated\">\n\t\t\t\t\t\t<section class=\"elementor-section elementor-inner-section elementor-element elementor-element-8be9cd4 elementor-section-boxed elementor-section-height-default elementor-section-height-default\" data-id=\"8be9cd4\" data-element_type=\"section\" data-e-type=\"section\">\n\t\t\t\t\t\t<div class=\"elementor-container elementor-column-gap-default\">\n\t\t\t\t\t<div class=\"elementor-column elementor-col-100 elementor-inner-column elementor-element elementor-element-a7755d5\" data-id=\"a7755d5\" data-element_type=\"column\" data-e-type=\"column\">\n\t\t\t<div class=\"elementor-widget-wrap elementor-element-populated\">\n\t\t\t\t\t\t<div class=\"elementor-element elementor-element-892b9f4 elementor-widget elementor-widget-image\" data-id=\"892b9f4\" data-element_type=\"widget\" data-e-type=\"widget\" data-widget_type=\"image.default\">\n\t\t\t\t<div class=\"elementor-widget-container\">\n\t\t\t\t\t\t\t\t\t\t\t\t\t\t\t\t<a href=\"https:\/\/www.pepsico.com\/\">\n\t\t\t\t\t\t\t<img decoding=\"async\" src=\"https:\/\/ticamericas.net\/finales\/wp-content\/uploads\/sites\/2\/elementor\/thumbs\/pepsico20-e1618188867342-q0vopdd10l4o4tm5xg5dto7kts1wip86xpktc3sydc.png\" title=\"pepsico20-e1618188867342\" alt=\"pepsico20-e1618188867342\" loading=\"lazy\" \/>\t\t\t\t\t\t\t\t<\/a>\n\t\t\t\t\t\t\t\t\t\t\t\t\t\t\t<\/div>\n\t\t\t\t<\/div>\n\t\t\t\t\t<\/div>\n\t\t<\/div>\n\t\t\t\t\t<\/div>\n\t\t<\/section>\n\t\t\t\t\t<\/div>\n\t\t<\/div>\n\t\t\t\t<div class=\"elementor-column elementor-col-33 elementor-top-column elementor-element elementor-element-fd190da\" data-id=\"fd190da\" data-element_type=\"column\" data-e-type=\"column\" data-settings=\"{&quot;background_background&quot;:&quot;classic&quot;}\">\n\t\t\t<div class=\"elementor-widget-wrap elementor-element-populated\">\n\t\t\t\t\t\t<section class=\"elementor-section elementor-inner-section elementor-element elementor-element-71a7fa0 elementor-section-boxed elementor-section-height-default elementor-section-height-default\" data-id=\"71a7fa0\" data-element_type=\"section\" data-e-type=\"section\">\n\t\t\t\t\t\t<div class=\"elementor-container elementor-column-gap-default\">\n\t\t\t\t\t<div class=\"elementor-column elementor-col-100 elementor-inner-column elementor-element elementor-element-36997f7\" data-id=\"36997f7\" data-element_type=\"column\" data-e-type=\"column\">\n\t\t\t<div class=\"elementor-widget-wrap elementor-element-populated\">\n\t\t\t\t\t\t<div class=\"elementor-element elementor-element-401c51d elementor-align-center elementor-widget elementor-widget-button\" data-id=\"401c51d\" data-element_type=\"widget\" data-e-type=\"widget\" data-widget_type=\"button.default\">\n\t\t\t\t<div class=\"elementor-widget-container\">\n\t\t\t\t\t\t\t\t\t<div class=\"elementor-button-wrapper\">\n\t\t\t\t\t<a class=\"elementor-button elementor-button-link elementor-size-sm\" href=\"https:\/\/ticamericas.net\/finales\/tic-jalisco\/\">\n\t\t\t\t\t\t<span class=\"elementor-button-content-wrapper\">\n\t\t\t\t\t\t\t\t\t<span class=\"elementor-button-text\">Descubrir<\/span>\n\t\t\t\t\t<\/span>\n\t\t\t\t\t<\/a>\n\t\t\t\t<\/div>\n\t\t\t\t\t\t\t\t<\/div>\n\t\t\t\t<\/div>\n\t\t\t\t<div class=\"elementor-element elementor-element-59b12e3 elementor-widget elementor-widget-image\" data-id=\"59b12e3\" data-element_type=\"widget\" data-e-type=\"widget\" data-widget_type=\"image.default\">\n\t\t\t\t<div class=\"elementor-widget-container\">\n\t\t\t\t\t\t\t\t\t\t\t\t\t\t\t\t<a href=\"https:\/\/sicyt.jalisco.gob.mx\/\">\n\t\t\t\t\t\t\t<img fetchpriority=\"high\" decoding=\"async\" width=\"600\" height=\"163\" src=\"https:\/\/ticamericas.net\/finales\/wp-content\/uploads\/sites\/2\/2023\/01\/sicytjaliscoheadplatform-e1618189662858-768x209-1.png\" class=\"attachment-large size-large wp-image-76\" alt=\"\" srcset=\"https:\/\/ticamericas.net\/finales\/wp-content\/uploads\/sites\/2\/2023\/01\/sicytjaliscoheadplatform-e1618189662858-768x209-1.png 768w, https:\/\/ticamericas.net\/finales\/wp-content\/uploads\/sites\/2\/2023\/01\/sicytjaliscoheadplatform-e1618189662858-768x209-1-300x82.png 300w, https:\/\/ticamericas.net\/finales\/wp-content\/uploads\/sites\/2\/2023\/01\/sicytjaliscoheadplatform-e1618189662858-768x209-1-400x109.png 400w, https:\/\/ticamericas.net\/finales\/wp-content\/uploads\/sites\/2\/2023\/01\/sicytjaliscoheadplatform-e1618189662858-768x209-1-270x73.png 270w\" sizes=\"(max-width: 600px) 100vw, 600px\" \/>\t\t\t\t\t\t\t\t<\/a>\n\t\t\t\t\t\t\t\t\t\t\t\t\t\t\t<\/div>\n\t\t\t\t<\/div>\n\t\t\t\t\t<\/div>\n\t\t<\/div>\n\t\t\t\t\t<\/div>\n\t\t<\/section>\n\t\t\t\t\t<\/div>\n\t\t<\/div>\n\t\t\t\t\t<\/div>\n\t\t<\/section>\n\t\t\t\t<\/div>\n\t\t","protected":false},"excerpt":{"rendered":"<p>Expo virtual Los equipos participantes de TIC Americas 2021 se beneficiaron de capacitaciones, sesiones de mentor\u00eda y valiosa retroalimentaci\u00f3n de un selecto grupo de especialistas internacionales, quienes examinaron cada proyecto bajo un riguroso proceso de evaluaci\u00f3n.Conoce a los emprendedores que consiguieron llegar a las finales de la Competencia Talento e Innovaci\u00f3n de las Am\u00e9ricas. El &hellip; <span class=\"more-link-wrap\"><a href=\"https:\/\/ticamericas.net\/finales\/finales-2021\/expo-virtual\/\" class=\"more-link\">Read More<span class=\"screen-reader-text\"> &#8220;Expo Virtual&#8221;<\/span><\/a><\/span><\/p>\n","protected":false},"author":1,"featured_media":0,"parent":142,"menu_order":0,"comment_status":"closed","ping_status":"closed","template":"page-elementor.php","meta":{"inline_featured_image":false,"footnotes":""},"class_list":["post-148","page","type-page","status-publish","hentry"],"_links":{"self":[{"href":"https:\/\/ticamericas.net\/finales\/wp-json\/wp\/v2\/pages\/148","targetHints":{"allow":["GET"]}}],"collection":[{"href":"https:\/\/ticamericas.net\/finales\/wp-json\/wp\/v2\/pages"}],"about":[{"href":"https:\/\/ticamericas.net\/finales\/wp-json\/wp\/v2\/types\/page"}],"author":[{"embeddable":true,"href":"https:\/\/ticamericas.net\/finales\/wp-json\/wp\/v2\/users\/1"}],"replies":[{"embeddable":true,"href":"https:\/\/ticamericas.net\/finales\/wp-json\/wp\/v2\/comments?post=148"}],"version-history":[{"count":5,"href":"https:\/\/ticamericas.net\/finales\/wp-json\/wp\/v2\/pages\/148\/revisions"}],"predecessor-version":[{"id":648,"href":"https:\/\/ticamericas.net\/finales\/wp-json\/wp\/v2\/pages\/148\/revisions\/648"}],"up":[{"embeddable":true,"href":"https:\/\/ticamericas.net\/finales\/wp-json\/wp\/v2\/pages\/142"}],"wp:attachment":[{"href":"https:\/\/ticamericas.net\/finales\/wp-json\/wp\/v2\/media?parent=148"}],"curies":[{"name":"wp","href":"https:\/\/api.w.org\/{rel}","templated":true}]}}