{"id":534,"date":"2025-06-01T06:25:46","date_gmt":"2025-06-01T06:25:46","guid":{"rendered":"https:\/\/ticamericas.net\/bioplastics\/?page_id=534"},"modified":"2025-10-22T16:05:56","modified_gmt":"2025-10-22T16:05:56","slug":"terminos-y-condiciones-generales","status":"publish","type":"page","link":"https:\/\/ticamericas.net\/bioplastics\/es\/reglas\/terminos-y-condiciones-generales\/","title":{"rendered":"T\u00e9rminos y Condiciones Generales"},"content":{"rendered":"\t\t<div data-elementor-type=\"wp-page\" data-elementor-id=\"534\" class=\"elementor elementor-534\">\n\t\t\t\t\t\t<section class=\"elementor-section elementor-top-section elementor-element elementor-element-4daca1b elementor-section-boxed elementor-section-height-default elementor-section-height-default\" data-id=\"4daca1b\" data-element_type=\"section\" data-e-type=\"section\">\n\t\t\t\t\t\t<div class=\"elementor-container elementor-column-gap-default\">\n\t\t\t\t\t<div class=\"elementor-column elementor-col-100 elementor-top-column elementor-element elementor-element-a2a91c4\" data-id=\"a2a91c4\" data-element_type=\"column\" data-e-type=\"column\">\n\t\t\t<div class=\"elementor-widget-wrap elementor-element-populated\">\n\t\t\t\t\t\t<div class=\"elementor-element elementor-element-3737336 elementor-widget elementor-widget-text-editor\" data-id=\"3737336\" data-element_type=\"widget\" data-e-type=\"widget\" data-widget_type=\"text-editor.default\">\n\t\t\t\t<div class=\"elementor-widget-container\">\n\t\t\t\t\t\t\t\t\t<p><b> Organizador<\/b><\/p><p><span style=\"font-weight: 400;\">Organizador de Bio Plastics Challenge: Young Americas Business Trust, 1889 F Street NW, Washington, DC, 20006, Estados Unidos..<\/span><\/p><p><b> Ley Aplicable<\/b><\/p><p><span style=\"font-weight: 400;\">Estos t\u00e9rminos se regir\u00e1n y se interpretar\u00e1n de acuerdo con las leyes de los Estados Unidos de Am\u00e9rica.<\/span><\/p><p><b> Confidencialidad<\/b><\/p><p><span style=\"font-weight: 400;\">Principio de Confidencialidad<\/span><\/p><p><span style=\"font-weight: 400;\">El Organizador, Young Americas Business Trust (YABT), los jueces y cualquier otra persona involucrada en TIC Americas y Bio Plastics Challenge mantendr\u00e1n el fiel cumplimiento del Principio de Confidencialidad de los proyectos presentados por los equipos para TIC Americas (incluidas las Competencias Talento e Innovaci\u00f3n de las Am\u00e9ricas) de acuerdo con las Reglas, T\u00e9rminos y Condiciones.<\/span><\/p><p><span style=\"font-weight: 400;\">Toda la informaci\u00f3n presentada por los Equipos durante las Semifinales en l\u00ednea es considerada confidencial por YABT. Se pedir\u00e1 a los equipos que proporcionen un resumen del proyecto que estar\u00e1 disponible para el p\u00fablico a trav\u00e9s de los sitios web de YABT, TIC Americas y Bio Plastics Challenge, boletines informativos y revistas. Los sitios web mencionados por los Equipos en el Perfil del Equipo y las cuentas de redes sociales se considerar\u00e1n informaci\u00f3n p\u00fablica. Durante las Semifinales en L\u00ednea y las Finales Virtuales, los Planes del Proyecto ser\u00e1n revisados por los jueces, quienes previamente han acordado mantener la confidencialidad de los Planes de Negocios\/Proyectos.\u00a0<\/span><\/p><p><span style=\"font-weight: 400;\">Es responsabilidad de los Equipos decidir qu\u00e9 y cu\u00e1nta informaci\u00f3n debe divulgarse en cualquier momento durante su participaci\u00f3n en TIC Americas y Bio Plastics Challenge. YABT no es responsable de ning\u00fan tipo de quejas o demandas de terceros que aleguen que un proyecto o trabajo enviado y presentado a TIC Americas y Bio Plastics Challenge contiene trabajo de su propiedad que consideren como propio.<\/span><\/p><p><span style=\"font-weight: 400;\">YABT se compromete a proteger la privacidad y confidencialidad de los Equipos.<\/span><\/p><p><b>Entregables<\/b><\/p><p><span style=\"font-weight: 400;\">Debido a la naturaleza de Bio Plastics Challenge, el Organizador, los Jueces, Mentores, Patrocinadores y otros socios tendr\u00e1n acceso a Informaci\u00f3n Empresarial Confidencial. &#8220;Informaci\u00f3n Empresarial Confidencial&#8221; se refiere a cualquier informaci\u00f3n divulgada a trav\u00e9s de los Materiales de la Competencia u otro material enviado por los Equipos sobre sus tecnolog\u00edas, planes de negocios, documentos estrat\u00e9gicos o financieros, proyecciones, datos de investigaci\u00f3n de mercado sobre productos y servicios, secretos comerciales y planes de producci\u00f3n, etc. que formen parte de su negocio y no son de conocimiento p\u00fablico.\u00a0<\/span><\/p><p><span style=\"font-weight: 400;\">La Informaci\u00f3n Empresarial Confidencial no incluye ninguna informaci\u00f3n que (i) est\u00e9 ahora en el dominio p\u00fablico o ingrese m\u00e1s tarde en el dominio p\u00fablico sin ning\u00fan acto indebido de un tercero, (ii) estuviera en posesi\u00f3n de YABT, un Juez, Mentor, Patrocinadores u otro socio antes de que el Equipo entregara la informaci\u00f3n, (iii) sea o haya sido desarrollada de manera independiente por un tercero, (iv) se haya difundido con la autorizaci\u00f3n de un miembro del Equipo para divulgar la informaci\u00f3n a un tercero o (v) deba divulgarse de acuerdo con los requisitos de la ley o un proceso legal, siempre que se notifique al equipo con anticipaci\u00f3n sobre la necesidad de dicha divulgaci\u00f3n. Los sitios web, cuentas de redes sociales y otras presencias en l\u00ednea enumerados por los Equipos durante el registro se considerar\u00e1n de conocimiento p\u00fablico.<\/span><\/p><p><span style=\"font-weight: 400;\">Al enviar los Materiales de la Competencia, los Equipos aceptan que los Materiales de la Competencia y su correspondiente Informaci\u00f3n Empresarial Confidencial se recopilar\u00e1n y guardar\u00e1n en la base de datos de Bio Plastics Challenge. El Organizador, Jueces, Mentores, Patrocinadores y otros socios que obtengan acceso a Informaci\u00f3n Empresarial Confidencial no difundir\u00e1n ni utilizar\u00e1n dichos materiales o informaci\u00f3n con ning\u00fan otro prop\u00f3sito que no sea juzgar o brindar apoyo a los Equipos, a menos que lo exija la ley o una orden judicial.<\/span><\/p><p><b>Perfiles de Equipo<\/b><\/p><p><span style=\"font-weight: 400;\">Los Perfiles de Equipos, incluyendo, entre otros, el resumen del plan de negocios y las fotograf\u00edas de los Miembros del Equipo, se consideran p\u00fablicos y pueden ser compartidos en parte o en su totalidad por el Organizador y el Co-organizador a trav\u00e9s de sus sitios web, boletines informativos y revistas. Se autoriza a YABT los derechos de uso, reproducci\u00f3n y difusi\u00f3n gratuitos del Perfil y las Im\u00e1genes del Equipo para los fines de TIC Americas y Bio Plastics Challenge.<\/span><\/p><p><span style=\"font-weight: 400;\">La informaci\u00f3n de identificaci\u00f3n personal (\u00abIIP\u00bb) contenida en el Perfil del Equipo permanecer\u00e1 confidencial y ser\u00e1 retenida por YABT, quien cumplir\u00e1 con las leyes de privacidad aplicables de los pa\u00edses participantes para proteger adecuadamente la informaci\u00f3n personal y empresarial de los solicitantes.<\/span><\/p><p><span style=\"font-weight: 400;\">YABT recopilar\u00e1 y almacenar\u00e1 el Perfil del Equipo, incluyendo, entre otros, informaci\u00f3n personal como correo electr\u00f3nico, tel\u00e9fono, g\u00e9nero, direcci\u00f3n, edad y nivel de educaci\u00f3n, en parte para dirigir comunicaciones sobre nuevos programas, competencias, eventos, promociones y nuevos productos al Equipo. Si en alg\u00fan momento el Equipo desea dejar de recibir comunicaciones y\/o eliminar sus datos, el Equipo puede enviar la solicitud por correo electr\u00f3nico directamente a YABT.<\/span><\/p><p><span style=\"font-weight: 400;\">Se entiende y se acuerda que esta condici\u00f3n de uso del Perfil, informaci\u00f3n personal y fotograf\u00edas de los Equipos no viola el Principio de Confidencialidad descrito anteriormente ni genera en ning\u00fan momento una obligaci\u00f3n de pago u otra remuneraci\u00f3n como actividad lucrativa a favor del Equipo por dicho uso.<\/span><\/p><p><b> Propiedad Intelectual<\/b><\/p><p><span style=\"font-weight: 400;\">Los Equipos conservan los Derechos de Propiedad Intelectual sobre todos los materiales presentados, incluyendo, entre otros, sus Materiales de la Competencia individuales y Perfiles de Equipos.<\/span><\/p><p><span style=\"font-weight: 400;\">Es responsabilidad de los Equipos decidir qu\u00e9 y cu\u00e1nta informaci\u00f3n se divulgar\u00e1 en cualquier momento durante su participaci\u00f3n en TIC Americas y Bio Plastics Challenge. YABT y los Patrocinadores no son responsables de ning\u00fan tipo de quejas o demandas de un tercero que afirme que un proyecto o trabajo presentado en TIC Americas contiene trabajo patentado o que consideran un trabajo suyo.\u00a0<\/span><\/p><p><b>Materiales de la Competencia<\/b><\/p><p><span style=\"font-weight: 400;\">Los Equipos conservar\u00e1n los Derechos de Autor de los Materiales de la Competencia. Todos los Equipos que se registren ser\u00e1n considerados autores de los Materiales de Competencia que presenten. El Organizador y el Co-organizador no retienen ning\u00fan inter\u00e9s en los Derechos de Autor. Si los Equipos tienen derechos de propiedad intelectual, derechos de autor o marcas registradas sobre el contenido presentado como parte de los Materiales de la Competencia, los Miembros del Equipo conservar\u00e1n una licencia no exclusiva, irrevocable, transferible, sublicenciable, libre de regal\u00edas, mundial y perpetua de sus materiales.\u00a0<\/span><\/p><p><span style=\"font-weight: 400;\">Al enviar Materiales de la Competencia, usted acepta que no existen derechos de propiedad intelectual, derechos de autor, marcas registradas u otras restricciones impuestas por usted u otras partes que impidan que se comparta cualquier contenido de los Materiales de la Competencia. El Organizador y el Co-organizador no son responsables de ning\u00fan tipo de quejas o demandas de terceros que afirmen que los Materiales de la Competencia u otros materiales enviados y presentados a Bio Plastics Challenge contienen trabajos patentados que consideran propios.\u00a0<\/span><\/p><p><b>Perfiles de Equipo<\/b><\/p><p><span style=\"font-weight: 400;\">Al enviar un Perfil de Equipo, los Equipos otorgan de manera irrevocable al Organizador y al Co-organizador y a sus agentes una licencia perpetua, incondicional, no exclusiva, transferible, sublicenciable, libre de regal\u00edas, a nivel mundial para el uso, publicaci\u00f3n, adaptaci\u00f3n, edici\u00f3n y\/o modificaci\u00f3n de dichas fotograf\u00edas e informaci\u00f3n, incluyendo el resumen del plan de negocios, pero excluyendo la informaci\u00f3n de datos personales, ya sea solo o acompa\u00f1ado de otros materiales, en su totalidad o en parte, en un formato editado, modificado o alterado, de cualquier manera y en cualquier medio, con cualquier prop\u00f3sito, en cualquier momento en adelante, sin limitaci\u00f3n, a discreci\u00f3n exclusiva del Organizador y el Co-organizador y sin examen previo, aprobaci\u00f3n o consideraci\u00f3n a Equipos y miembros del Equipo. El Organizador y el Co-organizador incluir\u00e1n cr\u00e9ditos por escrito al Equipo en cualquier material publicado que utilice datos proporcionados en el Perfil del Equipo.<\/span><\/p><p><span style=\"font-weight: 400;\">Los Equipos no tienen derecho a compensaci\u00f3n en relaci\u00f3n con los derechos otorgados anteriormente y liberan y eximen al Organizador y al Co-organizador de cualquier reclamo y responsabilidad relacionados con dichas fotograf\u00edas o informaci\u00f3n, incluyendo, entre otros, cualquier reclamo basado en difamaci\u00f3n, derecho a la publicidad, derecho a la privacidad o apropiaci\u00f3n comercial o uso de nombre o imagen.\u00a0<\/span><\/p><p><span style=\"font-weight: 400;\">Todos los Equipos acuerdan adem\u00e1s liberar e indemnizar y eximir de responsabilidad al Organizador, Co-organizador, Patrocinadores, Jueces u otros socios y empleados, incluyendo honorarios de abogados y p\u00e9rdidas por reclamos de infracci\u00f3n, de cualquier y todos los reclamos de que cualquier material comercial, publicitario, de presentaci\u00f3n, contenido web o cualquier otro material posteriormente producido, presentado y\/o preparado por o en nombre del Organizador y el Co-organizador infringe los derechos de la obra de los Equipos contenidos en cualquier Material de la Competencia.\u00a0<\/span><\/p><p><b> Descalificaci\u00f3n<\/b><\/p><p><span style=\"font-weight: 400;\">YABT puede descalificar a cualquier Equipo si:<\/span><\/p><ul><li><span style=\"font-weight: 400;\"> \u00a0 \u00a0 <\/span><span style=\"font-weight: 400;\">Existe una conducta ilegal, alegada o publicitada de cualquier Miembro del Equipo o Mentor registrado, ya sea identificada por el Equipo o por YABT;<\/span><\/li><li><span style=\"font-weight: 400;\"> \u00a0 \u00a0 <\/span><span style=\"font-weight: 400;\">El comportamiento de cualquier Miembro del Equipo registrado se considera ofensivo o viola los est\u00e1ndares de comportamiento generalmente aceptados en la comunidad, incluyendo, entre otros, el uso de drogas il\u00edcitas o intoxicaci\u00f3n p\u00fablica; acoso o intimidaci\u00f3n de otros Equipos; otro comportamiento obsceno; violaci\u00f3n de derechos de propiedad intelectual, derechos de autor o marcas registradas; o cualquier acci\u00f3n que demuestre una falta extrema de colegialidad y esp\u00edritu deportivo.<\/span><\/li><\/ul><p><span style=\"font-weight: 400;\">Los Equipos descalificados y cada Miembro del Equipo ya no ser\u00e1n elegibles para competir en futuras ediciones del Programa TIC Americas.<\/span><\/p><p><b> Consideraciones Fiscales y Legales<\/b><\/p><p><span style=\"font-weight: 400;\">El premio en efectivo puede tener implicaciones legales o fiscales para el Estado tributario nacional del Equipo en su pa\u00eds de origen y el pago de cualquier impuesto ser\u00e1 responsabilidad exclusiva del Equipo o Equipos ganadores. El Organizador y el Co-organizador no tienen ninguna responsabilidad fiscal ni obligaciones legales relacionadas con los Equipos, ni ning\u00fan Equipo representa ni se responsabiliza por representar al Organizador y al Co-organizador.\u00a0\u00a0<\/span><\/p><p><span style=\"font-weight: 400;\">La participaci\u00f3n en cualquiera o todas las actividades relacionadas con el Bio Plastics Challenge es voluntaria.<\/span><\/p><p><span style=\"font-weight: 400;\">Los Equipos, Jueces o Mentores no recibir\u00e1n compensaci\u00f3n a cambio de su participaci\u00f3n m\u00e1s all\u00e1 de las oportunidades de capacitaci\u00f3n y los premios establecidos en las Reglas.<\/span><\/p><p><b> Aceptaci\u00f3n de los T\u00e9rminos y Condiciones<\/b><\/p><p><span style=\"font-weight: 400;\">El registro en Bio Plastics Challenge constituye la aceptaci\u00f3n, en nombre de todas las personas que se registran como parte del Equipo, de todas las Reglas, T\u00e9rminos y Condiciones, incluidos en este documento. Adem\u00e1s, al registrarse, todos los Equipos y Miembros del Equipo acuerdan que:\u00a0<\/span><\/p><ol><li style=\"font-weight: 400;\" aria-level=\"1\"><span style=\"font-weight: 400;\">Cualquier disputa, reclamo y causa de acci\u00f3n que surja de su participaci\u00f3n se resolver\u00e1 de manera individual, sin recurrir a ninguna forma de acci\u00f3n colectiva;\u00a0<\/span><\/li><li style=\"font-weight: 400;\" aria-level=\"1\"><span style=\"font-weight: 400;\">Cualquier y todos los reclamos, fallos y premios se limitar\u00e1n a los costos reales de terceros, excluyendo cualquier costo de bolsillo, pero en ning\u00fan caso se otorgar\u00e1n ni ser\u00e1n recuperables los honorarios de abogados del Organizador y el Co-organizador;\u00a0<\/span><\/li><li style=\"font-weight: 400;\" aria-level=\"1\"><span style=\"font-weight: 400;\">El Equipo renuncia consciente y expresamente a todos los derechos para buscar da\u00f1os punitivos, da\u00f1os incidentales, consecuentes o especiales, lucro cesante y\/o cualquier otro da\u00f1o;\u00a0<\/span><\/li><li style=\"font-weight: 400;\" aria-level=\"1\"><span style=\"font-weight: 400;\">Renuncian irrevocablemente a cualquier derecho a buscar medidas cautelares o equitativas.<\/span><\/li><\/ol><p><b> Limitaciones de Responsabilidad y Liberaci\u00f3n<\/b><\/p><p><span style=\"font-weight: 400;\">El Organizador, Co-organizador, Jueces o Patrocinadores no asumen responsabilidad ni obligaci\u00f3n alguna derivada de la participaci\u00f3n de los usuarios en Bio Plastics Challenge ni de su intento de participaci\u00f3n, ni de su capacidad o incapacidad para cargar o descargar informaci\u00f3n en relaci\u00f3n con la participaci\u00f3n en Bio Plastics Challenge. El Organizador, Co-organizador, Jueces o Patrocinadores no asumen ninguna responsabilidad ni obligaci\u00f3n alguna por problemas t\u00e9cnicos o mal funcionamiento que surjan en relaci\u00f3n con cualquiera de las siguientes circunstancias u otras circunstancias que puedan afectar el funcionamiento del Bio Plastics Challenge: errores de hardware o software; fallas de computadoras, tel\u00e9fonos, cables, sat\u00e9lites, redes, comunicaciones electr\u00f3nicas, inal\u00e1mbricas o en l\u00ednea u otros problemas de comunicaci\u00f3n en l\u00ednea; errores o limitaciones de los proveedores de servicios de Internet, servidores, anfitriones o proveedores; transmisiones de datos defectuosas, confusas o defectuosas; fallos en el env\u00edo o recepci\u00f3n de transmisiones de correo electr\u00f3nico; fallos en el env\u00edo o la recepci\u00f3n de transmisiones de correo electr\u00f3nico perdidas, tard\u00edas, demoradas o interceptadas; falta de acceso al Sitio web, en su totalidad o en parte, por cualquier motivo; congesti\u00f3n de tr\u00e1fico en Internet o en el Sitio web; intervenci\u00f3n no autorizada de seres humanos o no humanos en la operaci\u00f3n de Bio Plastics Challenge, incluyendo, sin limitaci\u00f3n, manipulaci\u00f3n no autorizada, pirater\u00eda, robo, virus, errores, gusanos inform\u00e1ticos; o destrucci\u00f3n de cualquier aspecto de Bio Plastics Challenge, o p\u00e9rdida, recuento incorrecto, desviaci\u00f3n, falta de acceso o no disponibilidad de una cuenta de correo electr\u00f3nico utilizada en relaci\u00f3n con Bio Plastics Challenge.<\/span><\/p><p><span style=\"font-weight: 400;\">El Organizador, el Co-organizador, los Jueces y los Patrocinadores no son responsables de lesiones personales, da\u00f1os materiales o p\u00e9rdidas de cualquier tipo que puedan sufrir el equipo o cualquier otra persona en su equipo debido a su participaci\u00f3n en Bio Plastics Challenge, al uso del Sitio web o a la descarga de cualquier informaci\u00f3n del Sitio web. Al participar en el Bio Plastics Challenge, el Equipo libera al Organizador, Co-organizador, a los Jueces o\u00a0 a los Patrocinadores de cualquier reclamaci\u00f3n, da\u00f1o o responsabilidad\u00a0 derivados de la participaci\u00f3n del equipo en el Bio Plastics Challenge o relacionados con ella. Al aceptar un Premio en Bio Plastics Challenge, cada Equipo acuerda que el Organizador, Co-organizador, los Jueces o los Patrocinadores no ser\u00e1n responsables de ninguna p\u00e9rdida o lesi\u00f3n derivada de su participaci\u00f3n, aceptaci\u00f3n o uso de cualquier premio, o de cualquier viaje relacionado con el mismo. El Organizador, el Co-organizador, los Jueces o los Patrocinadores no ser\u00e1n responsables en caso de que alguna parte de Bio Plastics Challenge, el evento o la transmisi\u00f3n del evento sea cancelada debido a condiciones clim\u00e1ticas, incendios, huelgas, actos de guerra o terrorismo, o cualquier otra condici\u00f3n que est\u00e9 fuera de su control (un &#8220;Evento de Fuerza Mayor&#8221;).\u00a0<\/span><\/p><p><span style=\"font-weight: 400;\">Los Equipos aceptan que el Organizador y el Co-organizador tienen el derecho exclusivo de decidir sobre todos los asuntos y disputas que surjan en Bio Plastics Challenge y que todas las decisiones del Organizador y el Co-organizador son definitivas y vinculantes. Al aceptar un premio, los Equipos acuerdan liberar, indemnizar y eximir de responsabilidad al Organizador, al Co-organizador, a los Jueces o a los Patrocinadores, as\u00ed como a cada una de sus respectivas empresas matrices y organizaciones afiliadas, y a cada uno de sus empleados, representantes, contratistas, anunciantes, de cualquier responsabilidad, p\u00e9rdida, da\u00f1o, costo o reclamo relacionado con cualquier alegaci\u00f3n relacionada con la aceptaci\u00f3n o el uso de su premio, incluyendo, pero no limitado a, la emisi\u00f3n del plan de negocios comercial.\u00a0<\/span><\/p><p><b> Modificaci\u00f3n de las Reglas, T\u00e9rminos y Condiciones<\/b><\/p><p><span style=\"font-weight: 400;\">El Organizador y el Co-organizador pueden modificar las Reglas, los T\u00e9rminos y las Condiciones, incluyendo aumentar, disminuir o eliminar Premios. El Organizador y Co-organizador tambi\u00e9n podr\u00e1n modificar las fechas del Bio Plastics Challenge o suspender temporal o definitivamente la ejecuci\u00f3n del Bio Plastics Challenge, seg\u00fan lo consideren oportuno.<\/span><\/p><p><span style=\"font-weight: 400;\">Todas las modificaciones a los T\u00e9rminos y Condiciones actuales se publicar\u00e1n en el Sitio Web del programa. La versi\u00f3n actual publicada en el Sitio Web se considera la versi\u00f3n aplicable y final. <\/span><\/p>\t\t\t\t\t\t\t\t<\/div>\n\t\t\t\t<\/div>\n\t\t\t\t\t<\/div>\n\t\t<\/div>\n\t\t\t\t\t<\/div>\n\t\t<\/section>\n\t\t\t\t<\/div>\n\t\t","protected":false},"excerpt":{"rendered":"<p>Organizador Organizador de Bio Plastics Challenge: Young Americas Business Trust, 1889 F Street NW, Washington, DC, 20006, Estados Unidos.. Ley Aplicable Estos t\u00e9rminos se regir\u00e1n y se interpretar\u00e1n de acuerdo con las leyes de los Estados Unidos de Am\u00e9rica. Confidencialidad Principio de Confidencialidad El Organizador, Young Americas Business Trust (YABT), los jueces y cualquier otra [&hellip;]<\/p>\n","protected":false},"author":1,"featured_media":0,"parent":466,"menu_order":0,"comment_status":"closed","ping_status":"closed","template":"","meta":{"footnotes":""},"class_list":["post-534","page","type-page","status-publish","hentry"],"_links":{"self":[{"href":"https:\/\/ticamericas.net\/bioplastics\/wp-json\/wp\/v2\/pages\/534","targetHints":{"allow":["GET"]}}],"collection":[{"href":"https:\/\/ticamericas.net\/bioplastics\/wp-json\/wp\/v2\/pages"}],"about":[{"href":"https:\/\/ticamericas.net\/bioplastics\/wp-json\/wp\/v2\/types\/page"}],"author":[{"embeddable":true,"href":"https:\/\/ticamericas.net\/bioplastics\/wp-json\/wp\/v2\/users\/1"}],"replies":[{"embeddable":true,"href":"https:\/\/ticamericas.net\/bioplastics\/wp-json\/wp\/v2\/comments?post=534"}],"version-history":[{"count":7,"href":"https:\/\/ticamericas.net\/bioplastics\/wp-json\/wp\/v2\/pages\/534\/revisions"}],"predecessor-version":[{"id":699,"href":"https:\/\/ticamericas.net\/bioplastics\/wp-json\/wp\/v2\/pages\/534\/revisions\/699"}],"up":[{"embeddable":true,"href":"https:\/\/ticamericas.net\/bioplastics\/wp-json\/wp\/v2\/pages\/466"}],"wp:attachment":[{"href":"https:\/\/ticamericas.net\/bioplastics\/wp-json\/wp\/v2\/media?parent=534"}],"curies":[{"name":"wp","href":"https:\/\/api.w.org\/{rel}","templated":true}]}}