{"id":530,"date":"2025-06-01T06:24:58","date_gmt":"2025-06-01T06:24:58","guid":{"rendered":"https:\/\/ticamericas.net\/bioplastics\/?page_id=530"},"modified":"2025-10-22T16:02:31","modified_gmt":"2025-10-22T16:02:31","slug":"cronograma","status":"publish","type":"page","link":"https:\/\/ticamericas.net\/bioplastics\/es\/reglas\/cronograma\/","title":{"rendered":"Cronograma"},"content":{"rendered":"\t\t<div data-elementor-type=\"wp-page\" data-elementor-id=\"530\" class=\"elementor elementor-530\">\n\t\t\t\t\t\t<section class=\"elementor-section elementor-top-section elementor-element elementor-element-0745efe elementor-section-boxed elementor-section-height-default elementor-section-height-default\" data-id=\"0745efe\" data-element_type=\"section\" data-e-type=\"section\">\n\t\t\t\t\t\t<div class=\"elementor-container elementor-column-gap-default\">\n\t\t\t\t\t<div class=\"elementor-column elementor-col-100 elementor-top-column elementor-element elementor-element-4c152b4\" data-id=\"4c152b4\" data-element_type=\"column\" data-e-type=\"column\">\n\t\t\t<div class=\"elementor-widget-wrap elementor-element-populated\">\n\t\t\t\t\t\t<div class=\"elementor-element elementor-element-a78c6ec elementor-widget elementor-widget-text-editor\" data-id=\"a78c6ec\" data-element_type=\"widget\" data-e-type=\"widget\" data-widget_type=\"text-editor.default\">\n\t\t\t\t<div class=\"elementor-widget-container\">\n\t\t\t\t\t\t\t\t\t<ul><li aria-level=\"1\"><b>Anuncio Oficial: Por anunciarse<\/b><\/li><\/ul><ul><li aria-level=\"1\"><b>Per\u00edodo de inscripci\u00f3n: Por anunciarse<\/b><b><br \/><\/b><span style=\"font-weight: 400;\">Los Equipos crean un perfil de equipo en la plataforma de la competencia y participan en sesiones de formaci\u00f3n en l\u00ednea.<\/span><\/li><\/ul><ul><li aria-level=\"1\"><b>Fecha l\u00edmite de presentaci\u00f3n de materiales para los equipos registrados: Por anunciarse<\/b><b><br \/><\/b><span style=\"font-weight: 400;\">Los equipos registrados pueden presentar o realizar cambios en los Materiales de la Competencia y su Perfil de Equipo hasta la fecha l\u00edmite.<\/span><\/li><\/ul><ul><li aria-level=\"1\"><b>Entrenamiento y Formaci\u00f3n en L\u00ednea (BOOTCamp): Por anunciarse<\/b><b><br \/><\/b><span style=\"font-weight: 400;\">El BOOTCamp ayuda a los participantes a transformar ideas innovadoras en proyectos, planes de negocio y empresas sociales m\u00e1s s\u00f3lidos y estructurados. El BOOTCamp es un centro de recursos integral para que los j\u00f3venes emprendedores accedan a contenidos de desarrollo empresarial, consejos, herramientas, formaci\u00f3n en l\u00ednea y otros materiales relevantes para desarrollar proyectos, startups y empresas dirigidas por j\u00f3venes.<\/span><\/li><\/ul><ul><li aria-level=\"1\"><b>Evaluaciones: Por anunciarse<\/b><b><br \/><\/b><span style=\"font-weight: 400;\">Los Jueces llevar\u00e1n a cabo las evaluaciones siguiendo los criterios definidos en estas Reglas, T\u00e9rminos y Condiciones (Secci\u00f3n D). El proceso de evaluaci\u00f3n es realizado \u00fanicamente por los jueces y coordinado por los organizadores. En este periodo, no se permite ning\u00fan contacto entre los jueces y los miembros del equipo, incluidos los mentores.<\/span><\/li><\/ul><ul><li aria-level=\"1\"><b>Anuncio de Finalistas: Por anunciarse<\/b><b><br \/><\/b><span style=\"font-weight: 400;\">Debido al alto n\u00famero esperado de participantes, YABT y sus socios anunciar\u00e1n los Equipos Finalistas a trav\u00e9s de un evento virtual transmitido v\u00eda webcast. Solo los Equipos Finalistas ser\u00e1n contactados directamente por correo electr\u00f3nico.<\/span><\/li><\/ul><p>En preparaci\u00f3n para las Finales, los Equipos Finalistas recibir\u00e1n la siguiente asistencia t\u00e9cnica:<b><\/b><\/p><ul><li style=\"font-weight: 400;\" aria-level=\"1\"><b>Informe de Evaluaci\u00f3n<\/b><span style=\"font-weight: 400;\"> \u2013 YABT compila la retroalimentaci\u00f3n y la puntuaci\u00f3n que los equipos recibieron de los Jueces durante la fase de Semifinales. Este informe resultante ayuda a los equipos a comprender las \u00e1reas que necesitan trabajo y mejora.\u00a0<\/span><\/li><li style=\"font-weight: 400;\" aria-level=\"1\"><b>Mentor\u00edas Grupales<\/b><span style=\"font-weight: 400;\"> \u2013 Los equipos finalistas recibir\u00e1n mentor\u00edas grupales para mejorar la estrategia empresarial en preparaci\u00f3n para las Finales. Los mentores ser\u00e1n identificados por YABT y provendr\u00e1n de reconocidas empresas multinacionales, universidades, incubadoras de empresas, etc., quienes asignan tiempo y recursos para apoyar a los finalistas en la mejora de sus proyectos para la presentaci\u00f3n en vivo ante los jueces durante las finales.\u00a0<\/span><\/li><li style=\"font-weight: 400;\" aria-level=\"1\"><b>Campa\u00f1a Conoce a los Finalistas<\/b><span style=\"font-weight: 400;\"> \u2013 YABT lleva a cabo una campa\u00f1a medi\u00e1tica de alcance hemisf\u00e9rico en las redes sociales para brindar amplia visibilidad y posibles asociaciones a los Finalistas, incluidas entrevistas en vivo, presentaciones, etc.<br \/><br \/><\/span><\/li><li aria-level=\"1\"><b>Finales y Ceremonia de Premiaci\u00f3n: Por anunciarse<\/b><\/li><\/ul><p><span style=\"font-weight: 400;\">Las Finales, un evento virtual en vivo que se transmitir\u00e1 v\u00eda webcast, (excepto cuando se indique a continuaci\u00f3n), consisten en lo siguiente:<\/span><\/p><ul><li style=\"font-weight: 400;\" aria-level=\"1\"><b>Presentaci\u00f3n ante los Jueces: <\/b><span style=\"font-weight: 400;\">Los finalistas se presentar\u00e1n ante un panel de jueces en tiempo real, a trav\u00e9s de reuniones virtuales utilizando plataformas de comunicaciones tecnol\u00f3gicas (Zoom, Meet o similares). Las presentaciones de los equipos no se transmiten p\u00fablicamente y pueden organizarse a lo largo de una semana.\u00a0<\/span><\/li><li style=\"font-weight: 400;\" aria-level=\"1\"><b>Expo Virtual: <\/b><span style=\"font-weight: 400;\">Una Expo virtual estar\u00e1 disponible y abierta al p\u00fablico en general para conocer, conectarse y apoyar a los finalistas; los finalistas visualizar\u00e1n y promocionar\u00e1n sus iniciativas durante este per\u00edodo.\u00a0<\/span><\/li><li style=\"font-weight: 400;\" aria-level=\"1\"><b>Ceremonia de Premiaci\u00f3n:<\/b><span style=\"font-weight: 400;\"> YABT anunciar\u00e1n a los ganadores durante la ceremonia de clausura y premiaci\u00f3n, con presencia de autoridades e invitados especiales del programa.\u00a0<\/span><\/li><li style=\"font-weight: 400;\" aria-level=\"1\"><b>Sesiones Plenarias:<\/b><span style=\"font-weight: 400;\"> Compuestas por paneles, conferencias magistrales y conversatorios sobre Innovaci\u00f3n, Desarrollo y Nuevas Tecnolog\u00edas, entre otros temas de inter\u00e9s para el ecosistema, a cargo de expertos internacionales, incluidos los Finalistas y oradores de alto nivel.<\/span><\/li><li aria-level=\"1\"><b>Seguimiento y Fortalecimiento de Capacidades de Ganadores: Por anunciarse<\/b><\/li><\/ul><p>Proceso de implementaci\u00f3n de Paquetes de Premios: YABT trabajar\u00e1 con los Ganadores en el desarrollo y presentaci\u00f3n de un plan de inversi\u00f3n, as\u00ed como de toda la documentaci\u00f3n y formatos requeridos para el desembolso de fondos. Como ganadores, los equipos tambi\u00e9n recibir\u00e1n mentor\u00eda adicional, oportunidades de visibilidad, incluidas invitaciones para dar charlas en eventos de YABT y\/o de socios, di\u00e1logos o foros juveniles y otros espacios similares que destaquen su impacto y generen nuevas oportunidades de asociaci\u00f3n.<\/p>\t\t\t\t\t\t\t\t<\/div>\n\t\t\t\t<\/div>\n\t\t\t\t\t<\/div>\n\t\t<\/div>\n\t\t\t\t\t<\/div>\n\t\t<\/section>\n\t\t\t\t<\/div>\n\t\t","protected":false},"excerpt":{"rendered":"<p>Anuncio Oficial: Por anunciarse Per\u00edodo de inscripci\u00f3n: Por anunciarseLos Equipos crean un perfil de equipo en la plataforma de la competencia y participan en sesiones de formaci\u00f3n en l\u00ednea. Fecha l\u00edmite de presentaci\u00f3n de materiales para los equipos registrados: Por anunciarseLos equipos registrados pueden presentar o realizar cambios en los Materiales de la Competencia y [&hellip;]<\/p>\n","protected":false},"author":1,"featured_media":0,"parent":466,"menu_order":0,"comment_status":"closed","ping_status":"closed","template":"","meta":{"footnotes":""},"class_list":["post-530","page","type-page","status-publish","hentry"],"_links":{"self":[{"href":"https:\/\/ticamericas.net\/bioplastics\/wp-json\/wp\/v2\/pages\/530","targetHints":{"allow":["GET"]}}],"collection":[{"href":"https:\/\/ticamericas.net\/bioplastics\/wp-json\/wp\/v2\/pages"}],"about":[{"href":"https:\/\/ticamericas.net\/bioplastics\/wp-json\/wp\/v2\/types\/page"}],"author":[{"embeddable":true,"href":"https:\/\/ticamericas.net\/bioplastics\/wp-json\/wp\/v2\/users\/1"}],"replies":[{"embeddable":true,"href":"https:\/\/ticamericas.net\/bioplastics\/wp-json\/wp\/v2\/comments?post=530"}],"version-history":[{"count":16,"href":"https:\/\/ticamericas.net\/bioplastics\/wp-json\/wp\/v2\/pages\/530\/revisions"}],"predecessor-version":[{"id":696,"href":"https:\/\/ticamericas.net\/bioplastics\/wp-json\/wp\/v2\/pages\/530\/revisions\/696"}],"up":[{"embeddable":true,"href":"https:\/\/ticamericas.net\/bioplastics\/wp-json\/wp\/v2\/pages\/466"}],"wp:attachment":[{"href":"https:\/\/ticamericas.net\/bioplastics\/wp-json\/wp\/v2\/media?parent=530"}],"curies":[{"name":"wp","href":"https:\/\/api.w.org\/{rel}","templated":true}]}}