{"id":526,"date":"2025-06-01T06:24:14","date_gmt":"2025-06-01T06:24:14","guid":{"rendered":"https:\/\/ticamericas.net\/bioplastics\/?page_id=526"},"modified":"2025-10-22T15:57:21","modified_gmt":"2025-10-22T15:57:21","slug":"jueces","status":"publish","type":"page","link":"https:\/\/ticamericas.net\/bioplastics\/es\/reglas\/jueces\/","title":{"rendered":"Jueces"},"content":{"rendered":"\t\t<div data-elementor-type=\"wp-page\" data-elementor-id=\"526\" class=\"elementor elementor-526\">\n\t\t\t\t\t\t<section class=\"elementor-section elementor-top-section elementor-element elementor-element-ce5ef48 elementor-section-boxed elementor-section-height-default elementor-section-height-default\" data-id=\"ce5ef48\" data-element_type=\"section\" data-e-type=\"section\">\n\t\t\t\t\t\t<div class=\"elementor-container elementor-column-gap-default\">\n\t\t\t\t\t<div class=\"elementor-column elementor-col-100 elementor-top-column elementor-element elementor-element-3128833\" data-id=\"3128833\" data-element_type=\"column\" data-e-type=\"column\">\n\t\t\t<div class=\"elementor-widget-wrap elementor-element-populated\">\n\t\t\t\t\t\t<div class=\"elementor-element elementor-element-f7601c2 elementor-widget elementor-widget-text-editor\" data-id=\"f7601c2\" data-element_type=\"widget\" data-e-type=\"widget\" data-widget_type=\"text-editor.default\">\n\t\t\t\t<div class=\"elementor-widget-container\">\n\t\t\t\t\t\t\t\t\t<p><span style=\"font-weight: 400;\">Los jueces eval\u00faan los Materiales de la Competencia, califican a los Equipos y seleccionan a los ganadores de Bio Plastics Challenge. Los jueces son seleccionados en funci\u00f3n de los siguientes criterios:<\/span><\/p><ul><li style=\"font-weight: 400;\" aria-level=\"1\"><span style=\"font-weight: 400;\">Experiencia profesional en sectores como desarrollo de microempresas y\/o negocios, biopl\u00e1sticos, sostenibilidad ambiental, innovaci\u00f3n tecnol\u00f3gica, organizaci\u00f3n comunitaria, academia, c\u00e1maras de comercio y \u00e1reas t\u00e9cnicas relacionadas con el desarrollo sostenible.<\/span><\/li><li style=\"font-weight: 400;\" aria-level=\"1\"><span style=\"font-weight: 400;\">Ser biling\u00fce o multiling\u00fce en ingl\u00e9s y\/o espa\u00f1ol.<\/span><\/li><li style=\"font-weight: 400;\" aria-level=\"1\"><span style=\"font-weight: 400;\">Experiencia previa como jueces en competencias de TIC Americas, cuando sea aplicable.<\/span><\/li><\/ul><p><span style=\"font-weight: 400;\">Las siguientes personas no son elegibles para participar como Jueces:\u00a0<\/span><\/p><ul><li style=\"font-weight: 400;\" aria-level=\"1\"><span style=\"font-weight: 400;\">\u00a0<\/span><span style=\"font-weight: 400;\">Personal de YABT, miembros de su Junta Directiva y cap\u00edtulos nacionales.<\/span><\/li><li style=\"font-weight: 400;\" aria-level=\"1\"><span style=\"font-weight: 400;\">\u00a0<\/span><span style=\"font-weight: 400;\">Mentores del Programa TIC Americas.<\/span><\/li><li style=\"font-weight: 400;\" aria-level=\"1\"><span style=\"font-weight: 400;\">Personal de la Secretar\u00eda General de la Organizaci\u00f3n de los Estados Americanos.<\/span><\/li><li style=\"font-weight: 400;\" aria-level=\"1\"><span style=\"font-weight: 400;\">Familiares directos o miembros del hogar de cualquiera de las personas mencionadas anteriormente.<\/span><\/li><\/ul><p><span style=\"font-weight: 400;\">Los jueces firmar\u00e1n un acuerdo de confidencialidad, manifestando no tener conflictos de inter\u00e9s y que cumplen con las Reglas, T\u00e9rminos y Condiciones de Bio Plastics Challenge para poder participar. Los jueces acordar\u00e1n calificar a los equipos de manera completa e imparcial en funci\u00f3n de la calidad t\u00e9cnica y la presentaci\u00f3n de los Materiales\/Entregables de la Competencia y del desempe\u00f1o del equipo durante Bio Plastics Challenge, sin tener en cuenta el g\u00e9nero, la nacionalidad, la edad, la educaci\u00f3n, la raza, la orientaci\u00f3n sexual u otros factores discriminatorios. Los jueces participan de manera voluntaria y no ser\u00e1n remunerados por el Equipo, por YABT, Patrocinadores, TIC Americas, the Bio Plastics Challenge u otros socios.<\/span><\/p><p><span style=\"font-weight: 400;\">YABT proporcionar\u00e1 capacitaci\u00f3n y seguimiento a los Jueces para garantizar la aplicaci\u00f3n coherente y apropiada de los Criterios de Evaluaci\u00f3n (ver &#8220;Criterios de Evaluaci\u00f3n&#8221;) y el proceso de selecci\u00f3n.<\/span><\/p>\t\t\t\t\t\t\t\t<\/div>\n\t\t\t\t<\/div>\n\t\t\t\t\t<\/div>\n\t\t<\/div>\n\t\t\t\t\t<\/div>\n\t\t<\/section>\n\t\t\t\t<\/div>\n\t\t","protected":false},"excerpt":{"rendered":"<p>Los jueces eval\u00faan los Materiales de la Competencia, califican a los Equipos y seleccionan a los ganadores de Bio Plastics Challenge. Los jueces son seleccionados en funci\u00f3n de los siguientes criterios: Experiencia profesional en sectores como desarrollo de microempresas y\/o negocios, biopl\u00e1sticos, sostenibilidad ambiental, innovaci\u00f3n tecnol\u00f3gica, organizaci\u00f3n comunitaria, academia, c\u00e1maras de comercio y \u00e1reas t\u00e9cnicas [&hellip;]<\/p>\n","protected":false},"author":1,"featured_media":0,"parent":466,"menu_order":0,"comment_status":"closed","ping_status":"closed","template":"","meta":{"footnotes":""},"class_list":["post-526","page","type-page","status-publish","hentry"],"_links":{"self":[{"href":"https:\/\/ticamericas.net\/bioplastics\/wp-json\/wp\/v2\/pages\/526","targetHints":{"allow":["GET"]}}],"collection":[{"href":"https:\/\/ticamericas.net\/bioplastics\/wp-json\/wp\/v2\/pages"}],"about":[{"href":"https:\/\/ticamericas.net\/bioplastics\/wp-json\/wp\/v2\/types\/page"}],"author":[{"embeddable":true,"href":"https:\/\/ticamericas.net\/bioplastics\/wp-json\/wp\/v2\/users\/1"}],"replies":[{"embeddable":true,"href":"https:\/\/ticamericas.net\/bioplastics\/wp-json\/wp\/v2\/comments?post=526"}],"version-history":[{"count":7,"href":"https:\/\/ticamericas.net\/bioplastics\/wp-json\/wp\/v2\/pages\/526\/revisions"}],"predecessor-version":[{"id":687,"href":"https:\/\/ticamericas.net\/bioplastics\/wp-json\/wp\/v2\/pages\/526\/revisions\/687"}],"up":[{"embeddable":true,"href":"https:\/\/ticamericas.net\/bioplastics\/wp-json\/wp\/v2\/pages\/466"}],"wp:attachment":[{"href":"https:\/\/ticamericas.net\/bioplastics\/wp-json\/wp\/v2\/media?parent=526"}],"curies":[{"name":"wp","href":"https:\/\/api.w.org\/{rel}","templated":true}]}}