{"id":524,"date":"2025-06-01T06:23:55","date_gmt":"2025-06-01T06:23:55","guid":{"rendered":"https:\/\/ticamericas.net\/bioplastics\/?page_id=524"},"modified":"2025-06-01T07:07:15","modified_gmt":"2025-06-01T07:07:15","slug":"mentores","status":"publish","type":"page","link":"https:\/\/ticamericas.net\/bioplastics\/es\/reglas\/mentores\/","title":{"rendered":"Mentores"},"content":{"rendered":"\t\t<div data-elementor-type=\"wp-page\" data-elementor-id=\"524\" class=\"elementor elementor-524\">\n\t\t\t\t\t\t<section class=\"elementor-section elementor-top-section elementor-element elementor-element-31d933a elementor-section-boxed elementor-section-height-default elementor-section-height-default\" data-id=\"31d933a\" data-element_type=\"section\" data-e-type=\"section\">\n\t\t\t\t\t\t<div class=\"elementor-container elementor-column-gap-default\">\n\t\t\t\t\t<div class=\"elementor-column elementor-col-100 elementor-top-column elementor-element elementor-element-9465184\" data-id=\"9465184\" data-element_type=\"column\" data-e-type=\"column\">\n\t\t\t<div class=\"elementor-widget-wrap elementor-element-populated\">\n\t\t\t\t\t\t<div class=\"elementor-element elementor-element-3ee7e94 elementor-widget elementor-widget-text-editor\" data-id=\"3ee7e94\" data-element_type=\"widget\" data-e-type=\"widget\" data-widget_type=\"text-editor.default\">\n\t\t\t\t<div class=\"elementor-widget-container\">\n\t\t\t\t\t\t\t\t\t<p><span style=\"font-weight: 400;\">Los Mentores brindan apoyo y orientaci\u00f3n voluntaria a los Equipos durante el Bio Plastics Challenge. Los Mentores son opcionales, y no se requiere que los Equipos incluyan a un Mentor en su Perfil de Equipo para competir en el Bio Plastics Challenge. Los equipos pueden seleccionar a sus propios Mentores. Los mentores se registran en el momento del registro del equipo. Los mentores no pueden participar, ni estar presentes, en las presentaciones de los Equipos durante las Finales (ver &#8220;E. Rondas de Competencia, Selecci\u00f3n y Premiaci\u00f3n de los Ganadores&#8221;). No hay restricci\u00f3n con respecto a la edad, nacionalidad, experiencia o nivel de educaci\u00f3n de los Mentores.\u00a0<\/span><\/p><p><span style=\"font-weight: 400;\">Las siguientes personas no son elegibles para participar como Mentores:\u00a0<\/span><\/p><ul><li style=\"font-weight: 400;\" aria-level=\"1\"><span style=\"font-weight: 400;\">Personal de YABT, miembros de su Junta Directiva y cap\u00edtulos nacionales.<\/span><\/li><li style=\"font-weight: 400;\" aria-level=\"1\"><span style=\"font-weight: 400;\">Jueces del Programa TIC Americas.<\/span><\/li><li style=\"font-weight: 400;\" aria-level=\"1\"><span style=\"font-weight: 400;\">Personal de la Secretar\u00eda General de la Organizaci\u00f3n de los Estados Americanos.<\/span><\/li><li style=\"font-weight: 400;\" aria-level=\"1\"><span style=\"font-weight: 400;\">Familiares directos o miembros del hogar de cualquiera de las personas mencionadas anteriormente.<\/span><\/li><\/ul><p><span style=\"font-weight: 400;\">Los mentores participan de manera voluntaria y no ser\u00e1n remunerados por el equipo, YABT, OEA, Patrocinadores, Bio Plastics Challenge u otros socios.<\/span><\/p>\t\t\t\t\t\t\t\t<\/div>\n\t\t\t\t<\/div>\n\t\t\t\t\t<\/div>\n\t\t<\/div>\n\t\t\t\t\t<\/div>\n\t\t<\/section>\n\t\t\t\t<\/div>\n\t\t","protected":false},"excerpt":{"rendered":"<p>Los Mentores brindan apoyo y orientaci\u00f3n voluntaria a los Equipos durante el Bio Plastics Challenge. Los Mentores son opcionales, y no se requiere que los Equipos incluyan a un Mentor en su Perfil de Equipo para competir en el Bio Plastics Challenge. Los equipos pueden seleccionar a sus propios Mentores. Los mentores se registran en [&hellip;]<\/p>\n","protected":false},"author":1,"featured_media":0,"parent":466,"menu_order":0,"comment_status":"closed","ping_status":"closed","template":"","meta":{"footnotes":""},"class_list":["post-524","page","type-page","status-publish","hentry"],"_links":{"self":[{"href":"https:\/\/ticamericas.net\/bioplastics\/wp-json\/wp\/v2\/pages\/524","targetHints":{"allow":["GET"]}}],"collection":[{"href":"https:\/\/ticamericas.net\/bioplastics\/wp-json\/wp\/v2\/pages"}],"about":[{"href":"https:\/\/ticamericas.net\/bioplastics\/wp-json\/wp\/v2\/types\/page"}],"author":[{"embeddable":true,"href":"https:\/\/ticamericas.net\/bioplastics\/wp-json\/wp\/v2\/users\/1"}],"replies":[{"embeddable":true,"href":"https:\/\/ticamericas.net\/bioplastics\/wp-json\/wp\/v2\/comments?post=524"}],"version-history":[{"count":4,"href":"https:\/\/ticamericas.net\/bioplastics\/wp-json\/wp\/v2\/pages\/524\/revisions"}],"predecessor-version":[{"id":570,"href":"https:\/\/ticamericas.net\/bioplastics\/wp-json\/wp\/v2\/pages\/524\/revisions\/570"}],"up":[{"embeddable":true,"href":"https:\/\/ticamericas.net\/bioplastics\/wp-json\/wp\/v2\/pages\/466"}],"wp:attachment":[{"href":"https:\/\/ticamericas.net\/bioplastics\/wp-json\/wp\/v2\/media?parent=524"}],"curies":[{"name":"wp","href":"https:\/\/api.w.org\/{rel}","templated":true}]}}